{"id":2115,"date":"2023-06-21T14:16:50","date_gmt":"2023-06-21T14:16:50","guid":{"rendered":"https:\/\/www.appyweb.es\/diccionario\/?page_id=2115"},"modified":"2024-04-11T10:24:31","modified_gmt":"2024-04-11T10:24:31","slug":"hubspot","status":"publish","type":"page","link":"https:\/\/www.appyweb.es\/diccionario\/hubspot\/","title":{"rendered":"HubSpot"},"content":{"rendered":"<figure id=\"attachment_14566\" aria-describedby=\"caption-attachment-14566\" style=\"width: 1000px\" class=\"wp-caption alignnone\"><img loading=\"lazy\" decoding=\"async\" class=\"size-full wp-image-14566\" src=\"https:\/\/www.appyweb.es\/diccionario\/wp-content\/uploads\/2024\/04\/HubSpot.jpg\" alt=\"HubSpot\" width=\"1000\" height=\"600\" srcset=\"https:\/\/www.appyweb.es\/diccionario\/wp-content\/uploads\/2024\/04\/HubSpot.jpg 1000w, https:\/\/www.appyweb.es\/diccionario\/wp-content\/uploads\/2024\/04\/HubSpot-300x180.jpg 300w, https:\/\/www.appyweb.es\/diccionario\/wp-content\/uploads\/2024\/04\/HubSpot-768x461.jpg 768w\" sizes=\"auto, (max-width: 1000px) 100vw, 1000px\" \/><figcaption id=\"caption-attachment-14566\" class=\"wp-caption-text\">Chica con un portatil y unas ruedas de engranaje.<\/figcaption><\/figure>\n<p>Se trata de una empresa que ofrece una suite completa de marketing digital para empresas de cualquier tipo. <strong>Hubspot naci\u00f3 como una empresa de productos de software<\/strong> en Cambridge, Massachusetts, actualmente es una de las empresas m\u00e1s importantes en cuanto a ventas, servicio al cliente y CRM.<\/p>\n<h2>\u00bfQu\u00e9 es HubSpot?<\/h2>\n<p>Es una empresa de software y aplicaciones con la finalidad de proporcionar <strong>software y servicios para el desarrollo del marketing digital<\/strong>. La misma tambi\u00e9n es responsable de la creaci\u00f3n de la <a href=\"https:\/\/www.appyweb.es\/embudo-ventas-e-commerce\/\">metodolog\u00eda del embudo de ventas<\/a>, tambi\u00e9n conocido como Inbound Marketing. De hecho, se especializan en la relaci\u00f3n con el cliente, ofreciendo distintas herramientas y soluciones para cada etapa de su viaje.<\/p>\n<p>HubSpot tambi\u00e9n ha obtenido un reconocimiento global gracias a su servicio de consultor\u00eda y a su academia, donde ofrecen t\u00e1cticas para mejorar estrategias de marketing digital en todos los niveles.<\/p>\n<h2>Origen<\/h2>\n<p>Fue creada en el 2006 por Brian Halligan y Dharmesh Shah, despu\u00e9s de completar sus estudios en unos de los institutos tecnol\u00f3gicos m\u00e1s importantes de los Estados Unidos (MIT). Solo cuatro a\u00f1os despu\u00e9s, <strong>hab\u00edan logrado crecer 15,6 millones de d\u00f3lares en ingresos<\/strong>, tambi\u00e9n estuvo respaldada por capitalistas de riesgo como Salesforce y Google Ventures.<\/p>\n<p>Forbes public\u00f3 una vez que el \u00e9xito de su crecimiento se debe a que se enfocaron en empresas peque\u00f1as desde el principio, sin embargo, nunca descartaban la idea de prestar servicios a empresas m\u00e1s grandes con m\u00e1s de 100 empleados. Finalmente, en 2017 la empresa dio uno de los pasos de crecimiento m\u00e1s importantes en el desarrollo de software, adquiriendo Kemvi, una herramienta <strong>capaz de utilizar la inteligencia artificial y aprendizaje autom\u00e1tico<\/strong> para aumentar la efectividad de los equipos de ventas.<\/p>\n<h2>\u00bfPara qu\u00e9 sirve HubSpot?<\/h2>\n<p>Esta plataforma cuenta con m\u00faltiples funcionalidades, como se mencion\u00f3 arriba, cuenta con soluciones para casi todas las tareas del marketing digital. En este sentido, se dedica a optimizar <a href=\"https:\/\/www.appyweb.es\/social-media-manager\/\">estrategias en el \u00e1rea del social media marketing<\/a>, anal\u00edtica web, optimizaci\u00f3n para buscadores (SEO), marketing de contenidos y m\u00e1s.<\/p>\n<p>Asimismo, <strong>es la suite m\u00e1s completa en lo que respecta a la metodolog\u00eda del inbound marketing<\/strong>, incluso ofrecen una certificaci\u00f3n para los que realicen el curso sobre esta estrategia. Pero, tambi\u00e9n ofrece una gran repertorio de herramientas gratuitas como Marketing Grader, para medir todas las KPI\\&#8217;s de las t\u00e9cnicas en Internet.<\/p>\n<h2>\u00bfC\u00f3mo funciona el CRM HubSpot?<\/h2>\n<p>Como se mencion\u00f3 antes, esta empresa ha desarrollado un sinf\u00edn de mejoras para sus soluciones a favor de la relaci\u00f3n con el cliente. Una de las integraciones m\u00e1s importantes es HubSpot CRM Free, un producto que se dio a conocer en el 2014 y funciona con <strong>rastreadores que permiten medir y gestionar las interacciones con los clientes<\/strong>.<\/p>\n<p>Con esta herramienta se pueden pronosticar ingresos, gastos, medir la productividad, entre otros. Para incrementar la efectividad de este instrumento, se integr\u00f3 con plataformas como Gmail, Microsoft Office, G Suite, Windows y m\u00e1s.<\/p>\n<p><script type=\"application\/ld+json\">{\"@context\":\"https:\/\/schema.org\",\"@type\":\"FAQPage\",\"mainEntity\":[ \n{\"@type\":\"Question\",\"name\":\"\u00bfQu\u00e9 es HubSpot?\",\"acceptedAnswer\":{\"@type\":\"Answer\",\"text\":\"<\/p>\n<p>Es una empresa de software y aplicaciones con la finalidad de proporcionar <strong>software y servicios para el desarrollo del marketing digital<\/strong>. La misma tambi\u00e9n es responsable de la creaci\u00f3n de la <a href='https:\/\/www.appyweb.es\/embudo-ventas-e-commerce\/'>metodolog\u00eda del embudo de ventas<\/a>, tambi\u00e9n conocido como Inbound Marketing. De hecho, se especializan en la relaci\u00f3n con el cliente, ofreciendo distintas herramientas y soluciones para cada etapa de su viaje.<\/p>\n<p>HubSpot tambi\u00e9n ha obtenido un reconocimiento global gracias a su servicio de consultor\u00eda y a su academia, donde ofrecen t\u00e1cticas para mejorar estrategias de marketing digital en todos los niveles.<\/p>\n<p>\"}},\n{\"@type\":\"Question\",\"name\":\"Origen\",\"acceptedAnswer\":{\"@type\":\"Answer\",\"text\":\"<\/p>\n<p>Fue creada en el 2006 por Brian Halligan y Dharmesh Shah, despu\u00e9s de completar sus estudios en unos de los institutos tecnol\u00f3gicos m\u00e1s importantes de los Estados Unidos (MIT). Solo cuatro a\u00f1os despu\u00e9s, <strong>hab\u00edan logrado crecer 15,6 millones de d\u00f3lares en ingresos<\/strong>, tambi\u00e9n estuvo respaldada por capitalistas de riesgo como Salesforce y Google Ventures.<\/p>\n<p>Forbes public\u00f3 una vez que el \u00e9xito de su crecimiento se debe a que se enfocaron en empresas peque\u00f1as desde el principio, sin embargo, nunca descartaban la idea de prestar servicios a empresas m\u00e1s grandes con m\u00e1s de 100 empleados. Finalmente, en 2017 la empresa dio uno de los pasos de crecimiento m\u00e1s importantes en el desarrollo de software, adquiriendo Kemvi, una herramienta <strong>capaz de utilizar la inteligencia artificial y aprendizaje autom\u00e1tico<\/strong> para aumentar la efectividad de los equipos de ventas.<\/p>\n<p>\"}},\n{\"@type\":\"Question\",\"name\":\"\u00bfPara qu\u00e9 sirve HubSpot?\",\"acceptedAnswer\":{\"@type\":\"Answer\",\"text\":\"<\/p>\n<p>Esta plataforma cuenta con m\u00faltiples funcionalidades, como se mencion\u00f3 arriba, cuenta con soluciones para casi todas las tareas del marketing digital. En este sentido, se dedica a optimizar <a href='https:\/\/www.appyweb.es\/social-media-manager\/'>estrategias en el \u00e1rea del social media marketing<\/a>, anal\u00edtica web, optimizaci\u00f3n para buscadores (SEO), marketing de contenidos y m\u00e1s.<\/p>\n<p>Asimismo, <strong>es la suite m\u00e1s completa en lo que respecta a la metodolog\u00eda del inbound marketing<\/strong>, incluso ofrecen una certificaci\u00f3n para los que realicen el curso sobre esta estrategia. Pero, tambi\u00e9n ofrece una gran repertorio de herramientas gratuitas como Marketing Grader, para medir todas las KPI\\'s de las t\u00e9cnicas en Internet.<\/p>\n<p>\"}},\n{\"@type\":\"Question\",\"name\":\"\u00bfC\u00f3mo funciona el CRM HubSpot?\",\"acceptedAnswer\":{\"@type\":\"Answer\",\"text\":\"<\/p>\n<p>Como se mencion\u00f3 antes, esta empresa ha desarrollado un sinf\u00edn de mejoras para sus soluciones a favor de la relaci\u00f3n con el cliente. Una de las integraciones m\u00e1s importantes es HubSpot CRM Free, un producto que se dio a conocer en el 2014 y funciona con <strong>rastreadores que permiten medir y gestionar las interacciones con los clientes<\/strong>.<\/p>\n<p>Con esta herramienta se pueden pronosticar ingresos, gastos, medir la productividad, entre otros. Para incrementar la efectividad de este instrumento, se integr\u00f3 con plataformas como Gmail, Microsoft Office, G Suite, Windows y m\u00e1s.<\/p>\n<p>\"}}\n]}<\/script><\/p>\n<h2>M\u00e1s informaci\u00f3n sobre HubSpot<\/h2>\n<p>Actualmente, es imposible no pensar en inbound marketing cuando se trata de incrementar ventas y no hay nada mejor que HubSpot para gestionarlo, aqu\u00ed tienes algunos enlaces para m\u00e1s informaci\u00f3n.<\/p>\n<ul>\n<li><a href=\"https:\/\/www.appyweb.es\/diccionario\/agencia-inbound-marketing\/\">\u00bfQu\u00e9 es la Agencia de Inbound Marketing y para qu\u00e9 sirve?<\/a><\/li>\n<li><a href=\"https:\/\/www.inboundcycle.com\/hubspot-que-es-como-funciona\" rel=\"nofollow noopener\" target=\"_blank\">HubSpot: qu\u00e9 es, c\u00f3mo funciona y precios<\/a><\/li>\n<\/ul>\n<p>&nbsp;<\/p>\n","protected":false},"excerpt":{"rendered":"<p>Se trata de una empresa que ofrece una suite completa de marketing digital para empresas de cualquier tipo. Hubspot naci\u00f3 como una empresa de productos de software en Cambridge, Massachusetts, actualmente es una de las empresas m\u00e1s importantes en cuanto a ventas, servicio al cliente y CRM. \u00bfQu\u00e9 es HubSpot? Es una empresa de software [&hellip;]<\/p>\n","protected":false},"author":1,"featured_media":14566,"parent":0,"menu_order":0,"comment_status":"closed","ping_status":"closed","template":"","meta":{"inline_featured_image":false,"footnotes":""},"class_list":["post-2115","page","type-page","status-publish","has-post-thumbnail","hentry"],"_links":{"self":[{"href":"https:\/\/www.appyweb.es\/diccionario\/wp-json\/wp\/v2\/pages\/2115","targetHints":{"allow":["GET"]}}],"collection":[{"href":"https:\/\/www.appyweb.es\/diccionario\/wp-json\/wp\/v2\/pages"}],"about":[{"href":"https:\/\/www.appyweb.es\/diccionario\/wp-json\/wp\/v2\/types\/page"}],"author":[{"embeddable":true,"href":"https:\/\/www.appyweb.es\/diccionario\/wp-json\/wp\/v2\/users\/1"}],"replies":[{"embeddable":true,"href":"https:\/\/www.appyweb.es\/diccionario\/wp-json\/wp\/v2\/comments?post=2115"}],"version-history":[{"count":5,"href":"https:\/\/www.appyweb.es\/diccionario\/wp-json\/wp\/v2\/pages\/2115\/revisions"}],"predecessor-version":[{"id":14570,"href":"https:\/\/www.appyweb.es\/diccionario\/wp-json\/wp\/v2\/pages\/2115\/revisions\/14570"}],"wp:featuredmedia":[{"embeddable":true,"href":"https:\/\/www.appyweb.es\/diccionario\/wp-json\/wp\/v2\/media\/14566"}],"wp:attachment":[{"href":"https:\/\/www.appyweb.es\/diccionario\/wp-json\/wp\/v2\/media?parent=2115"}],"curies":[{"name":"wp","href":"https:\/\/api.w.org\/{rel}","templated":true}]}}