{"id":2137,"date":"2023-06-21T14:27:22","date_gmt":"2023-06-21T14:27:22","guid":{"rendered":"https:\/\/www.appyweb.es\/diccionario\/?page_id=2137"},"modified":"2024-04-11T14:30:42","modified_gmt":"2024-04-11T14:30:42","slug":"idento","status":"publish","type":"page","link":"https:\/\/www.appyweb.es\/diccionario\/idento\/","title":{"rendered":"Idento"},"content":{"rendered":"<figure id=\"attachment_14638\" aria-describedby=\"caption-attachment-14638\" style=\"width: 1000px\" class=\"wp-caption alignnone\"><img loading=\"lazy\" decoding=\"async\" class=\"size-full wp-image-14638\" src=\"https:\/\/www.appyweb.es\/diccionario\/wp-content\/uploads\/2024\/04\/Idento.jpg\" alt=\"Idento\" width=\"1000\" height=\"600\" srcset=\"https:\/\/www.appyweb.es\/diccionario\/wp-content\/uploads\/2024\/04\/Idento.jpg 1000w, https:\/\/www.appyweb.es\/diccionario\/wp-content\/uploads\/2024\/04\/Idento-300x180.jpg 300w, https:\/\/www.appyweb.es\/diccionario\/wp-content\/uploads\/2024\/04\/Idento-768x461.jpg 768w\" sizes=\"auto, (max-width: 1000px) 100vw, 1000px\" \/><figcaption id=\"caption-attachment-14638\" class=\"wp-caption-text\">Dos personas montando una pagina web.<\/figcaption><\/figure>\n<p>Es una de las empresas de marketing digital con mayor experiencia en el sector, cuentan con 15 a\u00f1os de servicio de campa\u00f1as online y dise\u00f1o web. <strong>Idento es una de las mejores opciones para contratar una agencia de marketing<\/strong> online en Madrid y M\u00e1laga.<\/p>\n<h2>\u00bfQu\u00e9 es Idento?<\/h2>\n<p>Se trata de una agencia de marketing digital que ofrece servicios integrales y personalizados para empresas en cuanto a <a href=\"https:\/\/www.appyweb.es\/diseno-web\/\">publicidad y dise\u00f1o web<\/a>. Tambi\u00e9n es una de las mejores opciones para contratar en Madrid o M\u00e1laga por que cuenta con reconocimientos de Marketing4Ecommerce y Google Ads.<\/p>\n<p>Aparte, tambi\u00e9n cuentan con un servicio de formaci\u00f3n, all\u00ed ayudan a sus clientes, estudiantes e interesados en general a <strong>obtener los conocimientos que necesitan para sus campa\u00f1as<\/strong> a trav\u00e9s de cursos de formaci\u00f3n.<\/p>\n<h2>\u00bfOrigen?<\/h2>\n<p>Idento se fund\u00f3 hace 15 a\u00f1os y actualmente cuenta con m\u00e1s de 100 clientes en l\u00ednea en todo el mundo, tambi\u00e9n tiene una facturaci\u00f3n que supera los 4 millones de euros. Actualmente, cuentan con el privilegio de ser <strong>una de las 5 primeras agencias en Espa\u00f1a certificadas por Google<\/strong>, formando parte de su programa <em>Partners<\/em>, lo que significa que cuentan con las habilidades y programas eficientes para llevar a cabo campa\u00f1as SEM en cualquiera de sus servicios.<\/p>\n<p>Tambi\u00e9n es importante mencionar que hasta la fecha han desarrollado m\u00e1s de 500 p\u00e1ginas web o aplicaciones para sus clientes y con m\u00e1s de 120 campa\u00f1as activas. Para llevar a cabo todo esto incluye un personal de 30 profesionales especializados en diferentes \u00e1reas.<\/p>\n<h2>\u00bfPara qu\u00e9 sirve?<\/h2>\n<p>Uno de sus objetivos principales es ayudar a sus clientes a encauzar presupuestos para publicidad, en funci\u00f3n de resultados m\u00e1s eficientes. Para esto, hacen uso de su capacidad de adaptaci\u00f3n, lo que es una gran ventaja competitiva. La capacidad de ajustarse a cada cliente y a cada presupuesto hace que cada vez sean m\u00e1s las empresas quieran contratar sus servicios de marketing digital y desarrollo del proyecto.<\/p>\n<p>La misma empresa ha mencionado anteriormente que uno de sus principales objetivos es hacer que sus clientes puedan <strong>contar con una mayor rentabilidad de su negocio en Internet,<\/strong> para esto ofrecen un servicio personalizado que incluye una gesti\u00f3n que permite aumentar las acciones de marketing en Internet, ajustados a un presupuesto espec\u00edfico.<\/p>\n<h2>Servicios de Idento<\/h2>\n<ul>\n<li><strong>Dise\u00f1o web<\/strong>: Se especializan en la creaci\u00f3n de sitios web f\u00e1ciles de navegar y adaptado a los objetivos de la empresa.<\/li>\n<li><strong>Publicidad SEM<\/strong>: Concentran sus esfuerzos en promocionar campa\u00f1as dirigidas especialmente a los buscadores.<\/li>\n<li><strong>Posicionamiento SEO<\/strong>: Complementan el servicio de publicidad en buscadores con el posicionamiento org\u00e1nico, especialmente para Google.<\/li>\n<li><strong>Social media marketing<\/strong>: Tambi\u00e9n incluyen un servicio de publicidad en redes sociales, donde definen una estrategia para dar a conocer la marca y gestionar una comunidad.<\/li>\n<li><strong>Publicidad display<\/strong>: Consiste en <strong>aumentar la rentabilidad de las campa\u00f1as a trav\u00e9s de una publicidad gr\u00e1fica <\/strong>disponible para cualquier dispositivo.<\/li>\n<li><strong>Formaci\u00f3n<\/strong>: Trata de un cat\u00e1logo de diferentes cursos para la formaci\u00f3n de cliente en temas de negocios online.<\/li>\n<\/ul>\n<h2>Servicios espec\u00edficos para dise\u00f1o web<\/h2>\n<p>Sin dudas, Idento es una de las empresas m\u00e1s destacables en el sector del dise\u00f1o web, actualmente cuentan con una serie de servicios adicionales que mejoran esta contrataci\u00f3n. Por ejemplo, cuentan con un sistema de desarrollo web local Click&amp;Collect especialmente para comercios. Pero tambi\u00e9n incluyen un servicio de web publicitaria y corporativa autogestionable.<\/p>\n<p>Sin embargo, sus especialidades son la creaci\u00f3n de tiendas online con usabilidad para la experiencia del usuario, optimizaci\u00f3n para la conversi\u00f3n y captaci\u00f3n de clientes, as\u00ed como la implementaci\u00f3n del dise\u00f1o AMP, especialmente para el posicionamiento en Google.<\/p>\n<p><script type=\"application\/ld+json\">{\"@context\":\"https:\/\/schema.org\",\"@type\":\"FAQPage\",\"mainEntity\":[ \n{\"@type\":\"Question\",\"name\":\"\u00bfQu\u00e9 es Idento?\",\"acceptedAnswer\":{\"@type\":\"Answer\",\"text\":\"<\/p>\n<p>Se trata de una agencia de marketing digital que ofrece servicios integrales y personalizados para empresas en cuanto a <a href='https:\/\/www.appyweb.es\/diseno-web\/'>publicidad y dise\u00f1o web<\/a>. Tambi\u00e9n es una de las mejores opciones para contratar en Madrid o M\u00e1laga por que cuenta con reconocimientos de Marketing4Ecommerce y Google Ads.<\/p>\n<p>Aparte, tambi\u00e9n cuentan con un servicio de formaci\u00f3n, all\u00ed ayudan a sus clientes, estudiantes e interesados en general a <strong>obtener los conocimientos que necesitan para sus campa\u00f1as<\/strong> a trav\u00e9s de cursos de formaci\u00f3n.<\/p>\n<p>\"}},\n{\"@type\":\"Question\",\"name\":\"\u00bfOrigen?\",\"acceptedAnswer\":{\"@type\":\"Answer\",\"text\":\"<\/p>\n<p>Idento se fund\u00f3 hace 15 a\u00f1os y actualmente cuenta con m\u00e1s de 100 clientes en l\u00ednea en todo el mundo, tambi\u00e9n tiene una facturaci\u00f3n que supera los 4 millones de euros. Actualmente, cuentan con el privilegio de ser <strong>una de las 5 primeras agencias en Espa\u00f1a certificadas por Google<\/strong>, formando parte de su programa <em>Partners<\/em>, lo que significa que cuentan con las habilidades y programas eficientes para llevar a cabo campa\u00f1as SEM en cualquiera de sus servicios.<\/p>\n<p>Tambi\u00e9n es importante mencionar que hasta la fecha han desarrollado m\u00e1s de 500 p\u00e1ginas web o aplicaciones para sus clientes y con m\u00e1s de 120 campa\u00f1as activas. Para llevar a cabo todo esto incluye un personal de 30 profesionales especializados en diferentes \u00e1reas.<\/p>\n<p>\"}},\n{\"@type\":\"Question\",\"name\":\"\u00bfPara qu\u00e9 sirve?\",\"acceptedAnswer\":{\"@type\":\"Answer\",\"text\":\"<\/p>\n<p>Uno de sus objetivos principales es ayudar a sus clientes a encauzar presupuestos para publicidad, en funci\u00f3n de resultados m\u00e1s eficientes. Para esto, hacen uso de su capacidad de adaptaci\u00f3n, lo que es una gran ventaja competitiva. La capacidad de ajustarse a cada cliente y a cada presupuesto hace que cada vez sean m\u00e1s las empresas quieran contratar sus servicios de marketing digital y desarrollo del proyecto.<\/p>\n<p>La misma empresa ha mencionado anteriormente que uno de sus principales objetivos es hacer que sus clientes puedan <strong>contar con una mayor rentabilidad de su negocio en Internet,<\/strong> para esto ofrecen un servicio personalizado que incluye una gesti\u00f3n que permite aumentar las acciones de marketing en Internet, ajustados a un presupuesto espec\u00edfico.<\/p>\n<p>\"}},\n{\"@type\":\"Question\",\"name\":\"Servicios de Idento\",\"acceptedAnswer\":{\"@type\":\"Answer\",\"text\":\"<\/p>\n<\/p>\n<\/p>\n<ul>\n<\/p>\n<\/p>\n<li><strong>Dise\u00f1o web<\/strong>: Se especializan en la creaci\u00f3n de sitios web f\u00e1ciles de navegar y adaptado a los objetivos de la empresa.<\/li>\n<\/p>\n<\/p>\n<\/p>\n<li><strong>Publicidad SEM<\/strong>: Concentran sus esfuerzos en promocionar campa\u00f1as dirigidas especialmente a los buscadores.<\/li>\n<\/p>\n<\/p>\n<\/p>\n<li><strong>Posicionamiento SEO<\/strong>: Complementan el servicio de publicidad en buscadores con el posicionamiento org\u00e1nico, especialmente para Google.<\/li>\n<\/p>\n<\/p>\n<\/p>\n<li><strong>Social media marketing<\/strong>: Tambi\u00e9n incluyen un servicio de publicidad en redes sociales, donde definen una estrategia para dar a conocer la marca y gestionar una comunidad.<\/li>\n<\/p>\n<\/p>\n<\/p>\n<li><strong>Publicidad display<\/strong>: Consiste en <strong>aumentar la rentabilidad de las campa\u00f1as a trav\u00e9s de una publicidad gr\u00e1fica <\/strong>disponible para cualquier dispositivo.<\/li>\n<\/p>\n<\/p>\n<\/p>\n<li><strong>Formaci\u00f3n<\/strong>: Trata de un cat\u00e1logo de diferentes cursos para la formaci\u00f3n de cliente en temas de negocios online.<\/li>\n<\/p>\n<\/ul>\n<\/p>\n<p>\"}},\n{\"@type\":\"Question\",\"name\":\"Servicios espec\u00edficos para dise\u00f1o web\",\"acceptedAnswer\":{\"@type\":\"Answer\",\"text\":\"Sin dudas, Idento es una de las empresas m\u00e1s destacables en el sector del dise\u00f1o web, actualmente cuentan con una serie de servicios adicionales que mejoran esta contrataci\u00f3n. Por ejemplo, cuentan con un sistema de desarrollo web local Click&Collect especialmente para comercios. Pero tambi\u00e9n incluyen un servicio de web publicitaria y corporativa autogestionable.<\/p>\n<p>Sin embargo, sus especialidades son la creaci\u00f3n de tiendas online con usabilidad para la experiencia del usuario, optimizaci\u00f3n para la conversi\u00f3n y captaci\u00f3n de clientes, as\u00ed como la implementaci\u00f3n del dise\u00f1o AMP, especialmente para el posicionamiento en Google.\"}}\n]}<\/script><\/p>\n<h2>M\u00e1s\u00a0informaci\u00f3n sobre Idento<\/h2>\n<p>Es una empresa con una gran trayectoria, de hecho, ha trabajado en varios proyectos reconocidos. Si quieres tener un poco m\u00e1s de informaci\u00f3n al respecto aqu\u00ed tienes un enlace hacia su portafolio. Tambi\u00e9n podr\u00e1s ver otro link para que veas por qu\u00e9 contratar a estos expertos.<\/p>\n<ul>\n<li><a href=\"https:\/\/www.idento.es\/portafolio\/\" rel=\"nofollow noopener\" target=\"_blank\">Portafolio de Idento y trabajos realizados<\/a><\/li>\n<li><a href=\"https:\/\/www.appyweb.es\/beneficios-agencia-de-marketing-online\/\">Beneficios al contratar un experto en marketing online<\/a><\/li>\n<\/ul>\n<p>&nbsp;<\/p>\n","protected":false},"excerpt":{"rendered":"<p>Es una de las empresas de marketing digital con mayor experiencia en el sector, cuentan con 15 a\u00f1os de servicio de campa\u00f1as online y dise\u00f1o web. Idento es una de las mejores opciones para contratar una agencia de marketing online en Madrid y M\u00e1laga. \u00bfQu\u00e9 es Idento? Se trata de una agencia de marketing digital [&hellip;]<\/p>\n","protected":false},"author":1,"featured_media":14638,"parent":0,"menu_order":0,"comment_status":"closed","ping_status":"closed","template":"","meta":{"inline_featured_image":false,"footnotes":""},"class_list":["post-2137","page","type-page","status-publish","has-post-thumbnail","hentry"],"_links":{"self":[{"href":"https:\/\/www.appyweb.es\/diccionario\/wp-json\/wp\/v2\/pages\/2137","targetHints":{"allow":["GET"]}}],"collection":[{"href":"https:\/\/www.appyweb.es\/diccionario\/wp-json\/wp\/v2\/pages"}],"about":[{"href":"https:\/\/www.appyweb.es\/diccionario\/wp-json\/wp\/v2\/types\/page"}],"author":[{"embeddable":true,"href":"https:\/\/www.appyweb.es\/diccionario\/wp-json\/wp\/v2\/users\/1"}],"replies":[{"embeddable":true,"href":"https:\/\/www.appyweb.es\/diccionario\/wp-json\/wp\/v2\/comments?post=2137"}],"version-history":[{"count":6,"href":"https:\/\/www.appyweb.es\/diccionario\/wp-json\/wp\/v2\/pages\/2137\/revisions"}],"predecessor-version":[{"id":14642,"href":"https:\/\/www.appyweb.es\/diccionario\/wp-json\/wp\/v2\/pages\/2137\/revisions\/14642"}],"wp:featuredmedia":[{"embeddable":true,"href":"https:\/\/www.appyweb.es\/diccionario\/wp-json\/wp\/v2\/media\/14638"}],"wp:attachment":[{"href":"https:\/\/www.appyweb.es\/diccionario\/wp-json\/wp\/v2\/media?parent=2137"}],"curies":[{"name":"wp","href":"https:\/\/api.w.org\/{rel}","templated":true}]}}