{"id":2169,"date":"2023-06-21T14:42:50","date_gmt":"2023-06-21T14:42:50","guid":{"rendered":"https:\/\/www.appyweb.es\/diccionario\/?page_id=2169"},"modified":"2024-04-11T15:43:30","modified_gmt":"2024-04-11T15:43:30","slug":"imagotipo","status":"publish","type":"page","link":"https:\/\/www.appyweb.es\/diccionario\/imagotipo\/","title":{"rendered":"Imagotipo"},"content":{"rendered":"<figure id=\"attachment_14670\" aria-describedby=\"caption-attachment-14670\" style=\"width: 1000px\" class=\"wp-caption alignnone\"><img loading=\"lazy\" decoding=\"async\" class=\"size-full wp-image-14670\" src=\"https:\/\/www.appyweb.es\/diccionario\/wp-content\/uploads\/2024\/04\/Imagotipo.jpg\" alt=\"Imagotipo\" width=\"1000\" height=\"600\" srcset=\"https:\/\/www.appyweb.es\/diccionario\/wp-content\/uploads\/2024\/04\/Imagotipo.jpg 1000w, https:\/\/www.appyweb.es\/diccionario\/wp-content\/uploads\/2024\/04\/Imagotipo-300x180.jpg 300w, https:\/\/www.appyweb.es\/diccionario\/wp-content\/uploads\/2024\/04\/Imagotipo-768x461.jpg 768w\" sizes=\"auto, (max-width: 1000px) 100vw, 1000px\" \/><figcaption id=\"caption-attachment-14670\" class=\"wp-caption-text\">Logo con color del texto en degradado y fondo negro.<\/figcaption><\/figure>\n<p>Se trata de un s\u00edmbolo gr\u00e1fico que representa una imagen, normalmente <strong>el imagotipo es un elemento de empresas f\u00e1cil de reconocer<\/strong>. Identifica visualmente a una organizaci\u00f3n, un evento, un producto, una campa\u00f1a o propaganda.<\/p>\n<h2>\u00bfQu\u00e9 es el imagotipo?<\/h2>\n<p>Tambi\u00e9n se le conoce como isotipo, es <strong>un s\u00edmbolo que est\u00e1 compuesto de una imagen generalmente<\/strong>. Aunque, algunas veces es denominado como una combinaci\u00f3n entre im\u00e1genes y palabras, sin embargo, esta definici\u00f3n suele ser err\u00f3nea, ya que existe una falsa creencia en que la palabra <em>imagotipo<\/em> proviene de \u201ctipograf\u00eda\u201d.<\/p>\n<p>Sin embargo, la composici\u00f3n de la palabra proviene del lat\u00edn \u201cimago\u201d, que significa <em>imagen<\/em> y <em>tipo<\/em> que proviene del griego \u201ctypos\u201d, que significa marca o forma. As\u00ed, se puede hacer una comparaci\u00f3n con la palabra <em>logotipo<\/em>, cuya composici\u00f3n etimol\u00f3gica significar\u00eda \u201cpalabra-marca\u201d, mientras imagotipo significa \u201cimagen-marca\u201d.<\/p>\n<p>Es una definici\u00f3n que <a href=\"https:\/\/www.appyweb.es\/diseno-grafico\/\">se utiliza con frecuencia en el dise\u00f1o gr\u00e1fico<\/a>, aunque puede dar la impresi\u00f3n de hacer referencia a un logo, tambi\u00e9n puede hacer referencia a otros elementos como la animaci\u00f3n, los colores, entre otros.<\/p>\n<h2>\u00bfPara qu\u00e9 sirve?<\/h2>\n<p>Les sirve a las empresas para identificar a una compa\u00f1\u00eda, de forma que sus clientes puedan recordarla y relacionarla con ellas con facilidad. Asimismo, <strong>el imagotipo tiene el prop\u00f3sito de facilitar el reconocimiento de una empresa<\/strong> en el mercado y frente a los clientes.<\/p>\n<p>Usualmente, estos elementos contienen una representaci\u00f3n de los valores y los objetivos de la empresa, por lo que tambi\u00e9n se utiliza para crear un sentido de pertenencia dentro de la misma. Asimismo, tambi\u00e9n se utiliza en diferentes escenarios, no solo los productos o las campa\u00f1as, sino <a href=\"https:\/\/www.appyweb.es\/diseno-web\/\">tambi\u00e9n en el dise\u00f1o web<\/a>, as\u00ed como en la implementaci\u00f3n del desarrollo de aplicaciones.<\/p>\n<h2>Caracter\u00edsticas del imagotipo<\/h2>\n<ul>\n<li>Debe ser representativo e incluir las caracter\u00edsticas m\u00e1s esenciales de la empresa.<\/li>\n<li>Asimismo, debe trabajar muy bien de forma individual, es decir, no importa si est\u00e1 acompa\u00f1ada o no del nombre de la empresa o del eslogan.<\/li>\n<li><strong>Su simplicidad tambi\u00e9n juega un papel importante<\/strong>, ya que as\u00ed ser\u00e1 m\u00e1s f\u00e1cil de recordar.<\/li>\n<li>Aunque debe trabajar bien de forma individual, igualmente, debe contar con equilibrio cuando est\u00e9 acompa\u00f1ado de otros elementos de la imagen de empresa.<\/li>\n<li>Debe ser una pieza gr\u00e1fica de alta calidad, que se diferencia de la competencia y llame la atenci\u00f3n de los consumidores.<\/li>\n<\/ul>\n<h2>M\u00e1s informaci\u00f3n sobre imagotipo<\/h2>\n<p>Este concepto suele ser confundido constantemente con las palabras logotipo o isologo, obt\u00e9n m\u00e1s informaci\u00f3n al respecto en los siguientes enlaces para diferenciarlos correctamente.<\/p>\n<ul>\n<li><a href=\"https:\/\/www.appyweb.es\/como-crear-identidad-corporativa-empresa\/\">C\u00f3mo crear la identidad corporativa de una empresa<\/a><\/li>\n<li><a href=\"https:\/\/www.somoswaka.com\/blog\/2015\/03\/diferencias-entre-logotipo-imagotipo-isotipo-e-isologo\/\" rel=\"nofollow noopener\" target=\"_blank\">Diferencias entre logotipo, imagotipo, isotipo e isologo<\/a><\/li>\n<\/ul>\n<p>&nbsp;<\/p>\n","protected":false},"excerpt":{"rendered":"<p>Se trata de un s\u00edmbolo gr\u00e1fico que representa una imagen, normalmente el imagotipo es un elemento de empresas f\u00e1cil de reconocer. Identifica visualmente a una organizaci\u00f3n, un evento, un producto, una campa\u00f1a o propaganda. \u00bfQu\u00e9 es el imagotipo? Tambi\u00e9n se le conoce como isotipo, es un s\u00edmbolo que est\u00e1 compuesto de una imagen generalmente. Aunque, [&hellip;]<\/p>\n","protected":false},"author":1,"featured_media":14670,"parent":0,"menu_order":0,"comment_status":"closed","ping_status":"closed","template":"","meta":{"inline_featured_image":false,"footnotes":""},"class_list":["post-2169","page","type-page","status-publish","has-post-thumbnail","hentry"],"_links":{"self":[{"href":"https:\/\/www.appyweb.es\/diccionario\/wp-json\/wp\/v2\/pages\/2169","targetHints":{"allow":["GET"]}}],"collection":[{"href":"https:\/\/www.appyweb.es\/diccionario\/wp-json\/wp\/v2\/pages"}],"about":[{"href":"https:\/\/www.appyweb.es\/diccionario\/wp-json\/wp\/v2\/types\/page"}],"author":[{"embeddable":true,"href":"https:\/\/www.appyweb.es\/diccionario\/wp-json\/wp\/v2\/users\/1"}],"replies":[{"embeddable":true,"href":"https:\/\/www.appyweb.es\/diccionario\/wp-json\/wp\/v2\/comments?post=2169"}],"version-history":[{"count":7,"href":"https:\/\/www.appyweb.es\/diccionario\/wp-json\/wp\/v2\/pages\/2169\/revisions"}],"predecessor-version":[{"id":14671,"href":"https:\/\/www.appyweb.es\/diccionario\/wp-json\/wp\/v2\/pages\/2169\/revisions\/14671"}],"wp:featuredmedia":[{"embeddable":true,"href":"https:\/\/www.appyweb.es\/diccionario\/wp-json\/wp\/v2\/media\/14670"}],"wp:attachment":[{"href":"https:\/\/www.appyweb.es\/diccionario\/wp-json\/wp\/v2\/media?parent=2169"}],"curies":[{"name":"wp","href":"https:\/\/api.w.org\/{rel}","templated":true}]}}