{"id":22,"date":"2023-06-19T11:31:58","date_gmt":"2023-06-19T11:31:58","guid":{"rendered":"https:\/\/www.appyweb.es\/diccionario\/?page_id=22"},"modified":"2024-03-20T09:39:16","modified_gmt":"2024-03-20T09:39:16","slug":"adobe-illustrator","status":"publish","type":"page","link":"https:\/\/www.appyweb.es\/diccionario\/adobe-illustrator\/","title":{"rendered":"Adobe Illustrator"},"content":{"rendered":"<p>&nbsp;<\/p>\n<p><img loading=\"lazy\" decoding=\"async\" class=\"alignnone wp-image-11488\" src=\"https:\/\/www.appyweb.es\/diccionario\/wp-content\/uploads\/2024\/03\/ai-1-300x180.jpg\" alt=\"\" width=\"997\" height=\"598\" srcset=\"https:\/\/www.appyweb.es\/diccionario\/wp-content\/uploads\/2024\/03\/ai-1-300x180.jpg 300w, https:\/\/www.appyweb.es\/diccionario\/wp-content\/uploads\/2024\/03\/ai-1-768x461.jpg 768w, https:\/\/www.appyweb.es\/diccionario\/wp-content\/uploads\/2024\/03\/ai-1.jpg 1000w\" sizes=\"auto, (max-width: 997px) 100vw, 997px\" \/><\/p>\n<p>Seguramente has escuchado mucho sobre esta herramienta, Illustrator cuenta con una popularidad de 25 a\u00f1os en el mercado. Se trata de un software muy avanzado que te permite crear dibujos vectoriales,\u00a0es una herramienta indispensable para los dise\u00f1adores gr\u00e1ficos o web, ya que con esto pueden perfeccionar a\u00fan m\u00e1s sus resultados, obteniendo trabajos muy profesionales.<\/p>\n<h2>\u00bfQu\u00e9 es y para qu\u00e9 sirve Adobe Illustrator?<\/h2>\n<p>Es un producto de dise\u00f1o y dibujo comercializado por Adobe, en conjunto se suele vender tambi\u00e9n el popular Photoshop.<br \/>\nT\u00e9cnicamente, el software utiliza un algoritmo matem\u00e1tico para crear formas a partir de ecuaciones, esto es algo que puedes personalizar como usuario.<\/p>\n<p>Tienes la opci\u00f3n de crear un c\u00edrculo vectorial con sus herramientas intuitivas o introducir datos num\u00e9ricos para dibujarlo. Los dise\u00f1adores lo utilizan para crear un boceto, con trazos o puntos, que luego ser\u00e1n rellenados para tener una imagen completa y de alta calidad visual. Es por esto que este programa es muy utilizado para crear storyboards de guiones de cine, as\u00ed como en dibujo profesional, dise\u00f1o editorial o interfaces de sitios web.<\/p>\n<p>Es una de las herramientas ideales para crear ilustraciones, maquetaciones de apps web o logotipos.<br \/>\nTambi\u00e9n es necesario que sepas que aunque se trata de un programa profesional, la verdad es que con los a\u00f1os, los fabricantes se han preocupado por hacerlo m\u00e1s intuitivo y amigable para todo tipo de usuario.<br \/>\nAs\u00ed que no importa si no tienes nada de experiencia, no ser\u00e1 dif\u00edcil aprender a utilizarlo.<\/p>\n<h2>Funciones principales de Adobe Illustrator<\/h2>\n<p>Igualmente, los fabricantes tambi\u00e9n han tenido cierto inter\u00e9s en hacer que la herramienta se adapte a las necesidades del <a href=\"https:\/\/www.appyweb.es\/diseno-web\/\">dise\u00f1o web<\/a> con respecto a la actualidad. Es por eso que constantemente distribuyen actualizaciones con mejores funciones principales y secundarias. Mira en esta lista todas esas caracter\u00edsticas m\u00e1s importantes en el programa.<\/p>\n<ul>\n<li>Te permite elegir entre dos tipos de archivos, gr\u00e1ficos vectoriales (puntos unidos con l\u00edneas) y mapas de bits (p\u00edxeles separados)<\/li>\n<li>Contiene botones para crear l\u00edneas y formas sencillas.<\/li>\n<li>Puedes rotar o reflejar objetos.<\/li>\n<li>Combina formas para que su edici\u00f3n posterior sea m\u00e1s sencilla.<\/li>\n<li>Puedes desplazar o duplicar objetos para tener mayor simetr\u00eda.<\/li>\n<li>Contiene un bot\u00f3n para crear dise\u00f1os en degradado.<\/li>\n<li>Tiene la capacidad de guardar archivos en diferentes formatos, tanto para imprenta como para dise\u00f1o web.<\/li>\n<\/ul>\n<h2>\u00bfCu\u00e1nto cuesta Adobe Illustrator?<\/h2>\n<p>No es un programa gratuito, para utilizarlo debes descargar el producto desde el sitio web de Adobe. Incluso comercializan paquetes con diferentes programas para que tengas a la mano todo un abanico de herramientas profesionales.<\/p>\n<p>Pero no te preocupes, no tendr\u00e1s que pagar demasiado, aparte, al descargar por primera vez suelen ofrecer una prueba gratis de 30 d\u00edas para que te familiarices son el sistema primero.<br \/>\nAsimismo, tambi\u00e9n incluye funciones gratuitas que podr\u00e1s seguir utilizando incluso si no pagas por la licencia.<\/p>\n<p>Pero, si piensas tener un futuro m\u00e1s profesional como dise\u00f1ador, o quieres garantizar las mejores funcionalidades para el dise\u00f1o de tu tienda online, entonces puedes optar por la versi\u00f3n Premium. Normalmente, suele tener un precio que var\u00eda entre 24,19 \u20ac a 290,17 \u20ac, depende de las funciones que quieres a\u00f1adir.<\/p>\n<table style=\"width: 493px; height: 219px;\" border=\"1\">\n<tbody>\n<tr style=\"height: 90px;\">\n<td style=\"width: 166.181px; height: 90px;\">Mensual<\/td>\n<td style=\"width: 158.247px; height: 90px;\">Anual, pago mensual<\/td>\n<td style=\"width: 149.288px; height: 90px;\">Anual, prepago<\/td>\n<\/tr>\n<tr style=\"height: 116px;\">\n<td style=\"width: 166.181px; height: 116px;\">36,29 \u20ac\/mes <em>IVA Incluido<\/em><\/td>\n<td style=\"width: 158.247px; height: 116px;\">24,19 \u20ac\/mes <em>IVA Incluido<\/em><\/td>\n<td style=\"width: 149.288px; height: 116px;\">290,17 \u20ac <em>IVA Incluido<\/em><\/td>\n<\/tr>\n<\/tbody>\n<\/table>\n<p>&nbsp;<\/p>\n<h2>\u00bfC\u00f3mo descargar e instalar Adobe Illustrator?<\/h2>\n<p>Para comprar, descargar e instalar puedes acceder a diferentes opciones. La primera y la m\u00e1s recomendada es a partir de la <a href=\"https:\/\/www.adobe.com\/es\/creativecloud\/plans.html?gclid=CjwKCAiAlJKuBhAdEiwAnZb7leCW3_FbbIzTzsAAXkHuj95VXDhzrCRBU1IDRU68wi4RZead6sYJRRoCB2gQAvD_BwE&amp;mv=search&amp;mv=search&amp;mv2=paidsearch&amp;sdid=D8F91K7Y&amp;ef_id=CjwKCAiAlJKuBhAdEiwAnZb7leCW3_FbbIzTzsAAXkHuj95VXDhzrCRBU1IDRU68wi4RZead6sYJRRoCB2gQAvD_BwE:G:s&amp;s_kwcid=AL!3085!3!596239386842!e!!g!!adobe%20store!1445901804!58941281960&amp;gad_source=1\" rel=\"nofollow noopener\" target=\"_blank\">tienda online oficial de Adobe<\/a>, la segunda es a trav\u00e9s de otros distribuidores como Amazon o tiendas de venta de software f\u00edsicas. Una vez en cualquier de estos sitios puedes iniciar sesi\u00f3n en tu cuenta y buscar el paquete o el mejor distribuidor, con el mejor precio.<\/p>\n<p>Despu\u00e9s de pagar debes esperar el paquete con el CD de instalaci\u00f3n y todos los documentos de la licencia. Tambi\u00e9n hay una opci\u00f3n de instalaci\u00f3n online, los vendedores te enviar\u00e1n a trav\u00e9s de tu cuenta un enlace de descarga (nunca aceptes un enlaces v\u00eda email). Solo tienes que hacer clic en Aceptar o Descargar para proceder.<\/p>\n<p>Una vez que est\u00e9 descargado el archivo, procede a instalar, debes utilizar <strong>e<\/strong>l asistente que te indicar\u00e1 todos los procesos que tienes que hacer. Es posible que tengas que introducir la clave de tu licencia para continuar, aunque tambi\u00e9n puedes escoger el periodo gratuito. Al final del procedimiento el programa se iniciar\u00e1 autom\u00e1ticamente y ya lo puedes utilizar.<br \/>\n<script type=\"application\/ld+json\">{\"@context\":\"https:\/\/schema.org\",\"@type\":\"FAQPage\",\"mainEntity\":[ \n{\"@type\":\"Question\",\"name\":\"\u00bfQu\u00e9 es y para qu\u00e9 sirve Adobe Illustrator?\",\"acceptedAnswer\":{\"@type\":\"Answer\",\"text\":\"Es un producto de dise\u00f1o y dibujo comercializado por Adobe, en conjunto se suele vender tambi\u00e9n el popular Photoshop. T\u00e9cnicamente, el software utiliza un algoritmo matem\u00e1tico para crear formas a partir de ecuaciones, esto es algo que puedes personalizar como usuario. Tienes la opci\u00f3n de crear un c\u00edrculo vectorial con sus herramientas intuitivas o introducir datos num\u00e9ricos para dibujarlo. Los dise\u00f1adores lo utilizan para crear un boceto, con trazos o puntos, que luego ser\u00e1n rellenados para tener una imagen completa y de alta calidad visual. Es por esto que este programa es muy utilizado para crear storyboards de guiones de cine, as\u00ed como en dibujo profesional, dise\u00f1o editorial o interfaces de sitios web. Es una de las herramientas ideales para crear ilustraciones, maquetaciones de apps web o logotipos. Tambi\u00e9n es necesario que sepas que aunque se trata de un programa profesional, la verdad es que con los a\u00f1os, los fabricantes se han preocupado por hacerlo m\u00e1s intuitivo y amigable para todo tipo de usuario. As\u00ed que no importa si no tienes nada de experiencia, no ser\u00e1 dif\u00edcil aprender a utilizarlo.\"}},\n{\"@type\":\"Question\",\"name\":\"Funciones principales de Adobe Illustrator\",\"acceptedAnswer\":{\"@type\":\"Answer\",\"text\":\"Igualmente, los fabricantes tambi\u00e9n han tenido cierto inter\u00e9s en hacer que la herramienta se adapte a las necesidades del dise\u00f1o web con respecto a la actualidad. Es por eso que constantemente distribuyen actualizaciones con mejores funciones principales y secundarias. Mira en esta lista todas esas caracter\u00edsticas m\u00e1s importantes en el programa.<\/p>\n<p>Te permite elegir entre dos tipos de archivos, gr\u00e1ficos vectoriales (puntos unidos con l\u00edneas) y mapas de bits (p\u00edxeles separados)\nContiene botones para crear l\u00edneas y formas sencillas.\nPuedes rotar o reflejar objetos.\nCombina formas para que su edici\u00f3n posterior sea m\u00e1s sencilla.\nPuedes desplazar o duplicar objetos para tener mayor simetr\u00eda.\nContiene un bot\u00f3n para crear dise\u00f1os en degradado.\nTiene la capacidad de guardar archivos en diferentes formatos, tanto para imprenta como para dise\u00f1o web.\"}},\n{\"@type\":\"Question\",\"name\":\"\u00bfCu\u00e1nto cuesta Adobe Illustrator?\",\"acceptedAnswer\":{\"@type\":\"Answer\",\"text\":\"No es un programa gratuito, para utilizarlo debes descargar el producto desde el sitio web de Adobe. Incluso comercializan paquetes con diferentes programas para que tengas a la mano todo un abanico de herramientas profesionales. Pero no te preocupes, no tendr\u00e1s que pagar demasiado, aparte, al descargar por primera vez suelen ofrecer una prueba gratis de 30 d\u00edas para que te familiarices son el sistema primero. Asimismo, tambi\u00e9n incluye funciones gratuitas que podr\u00e1s seguir utilizando incluso si no pagas por la licencia. Pero, si piensas tener un futuro m\u00e1s profesional como dise\u00f1ador, o quieres garantizar las mejores funcionalidades para el dise\u00f1o de tu tienda online, entonces puedes optar por la versi\u00f3n Premium. Normalmente, suele tener un precio que var\u00eda entre 9,99 $ y 49,99 $, depende de las funciones que quieres a\u00f1adir, as\u00ed como del pago mensual o anual.\"}},\n{\"@type\":\"Question\",\"name\":\"\u00bfC\u00f3mo descargar e instalar Adobe Illustrator?\",\"acceptedAnswer\":{\"@type\":\"Answer\",\"text\":\"Para comprar, descargar e instalar puedes acceder a diferentes opciones. La primera y la m\u00e1s recomendada es a partir de la tienda online oficial de Adobe, la segunda es a trav\u00e9s de otros distribuidores como Amazon o tiendas de venta de software f\u00edsicas. Una vez en cualquier de estos sitios puedes iniciar sesi\u00f3n en tu cuenta y buscar el paquete o el mejor distribuidor, con el mejor precio. Despu\u00e9s de pagar debes esperar el paquete con el CD de instalaci\u00f3n y todos los documentos de la licencia. Tambi\u00e9n hay una opci\u00f3n de instalaci\u00f3n online, los vendedores te enviar\u00e1n a trav\u00e9s de tu cuenta un enlace de descarga (nunca aceptes un enlaces v\u00eda email). Solo tienes que hacer clic en Aceptar o Descargar para proceder. Una vez que est\u00e9 descargado el archivo, procede a instalar, debes utilizar el asistente que te indicar\u00e1 todos los procesos que tienes que hacer. Es posible que tengas que introducir la clave de tu licencia para continuar, aunque tambi\u00e9n puedes escoger el periodo gratuito. Al final del procedimiento el programa se iniciar\u00e1 autom\u00e1ticamente y ya lo puedes utilizar.\"}}\n]}<\/script><\/p>\n<h2><span id=\"%F0%9F%93%8CMas_sobre_Adobe_Illustrator\" class=\"ez-toc-section\"><\/span>M\u00e1s sobre Adobe Illustrator<\/h2>\n<ul>\n<li><a href=\"https:\/\/www.appyweb.es\/tips-herramientas-teletrabajar\/\">13 mejores tips y herramientas para teletrabajar.<\/a><\/li>\n<li><a href=\"https:\/\/helpx.adobe.com\/es\/illustrator\/user-guide.html\" rel=\"nofollow noopener\" target=\"_blank\">Gu\u00eda del usuario de Illustrator<\/a>.<\/li>\n<\/ul>\n","protected":false},"excerpt":{"rendered":"<p>&nbsp; Seguramente has escuchado mucho sobre esta herramienta, Illustrator cuenta con una popularidad de 25 a\u00f1os en el mercado. Se trata de un software muy avanzado que te permite crear dibujos vectoriales,\u00a0es una herramienta indispensable para los dise\u00f1adores gr\u00e1ficos o web, ya que con esto pueden perfeccionar a\u00fan m\u00e1s sus resultados, obteniendo trabajos muy profesionales. [&hellip;]<\/p>\n","protected":false},"author":1,"featured_media":11488,"parent":0,"menu_order":0,"comment_status":"closed","ping_status":"closed","template":"","meta":{"inline_featured_image":false,"footnotes":""},"class_list":["post-22","page","type-page","status-publish","has-post-thumbnail","hentry"],"_links":{"self":[{"href":"https:\/\/www.appyweb.es\/diccionario\/wp-json\/wp\/v2\/pages\/22","targetHints":{"allow":["GET"]}}],"collection":[{"href":"https:\/\/www.appyweb.es\/diccionario\/wp-json\/wp\/v2\/pages"}],"about":[{"href":"https:\/\/www.appyweb.es\/diccionario\/wp-json\/wp\/v2\/types\/page"}],"author":[{"embeddable":true,"href":"https:\/\/www.appyweb.es\/diccionario\/wp-json\/wp\/v2\/users\/1"}],"replies":[{"embeddable":true,"href":"https:\/\/www.appyweb.es\/diccionario\/wp-json\/wp\/v2\/comments?post=22"}],"version-history":[{"count":24,"href":"https:\/\/www.appyweb.es\/diccionario\/wp-json\/wp\/v2\/pages\/22\/revisions"}],"predecessor-version":[{"id":11489,"href":"https:\/\/www.appyweb.es\/diccionario\/wp-json\/wp\/v2\/pages\/22\/revisions\/11489"}],"wp:featuredmedia":[{"embeddable":true,"href":"https:\/\/www.appyweb.es\/diccionario\/wp-json\/wp\/v2\/media\/11488"}],"wp:attachment":[{"href":"https:\/\/www.appyweb.es\/diccionario\/wp-json\/wp\/v2\/media?parent=22"}],"curies":[{"name":"wp","href":"https:\/\/api.w.org\/{rel}","templated":true}]}}