{"id":2225,"date":"2023-06-21T15:11:28","date_gmt":"2023-06-21T15:11:28","guid":{"rendered":"https:\/\/www.appyweb.es\/diccionario\/?page_id=2225"},"modified":"2024-04-15T08:03:57","modified_gmt":"2024-04-15T08:03:57","slug":"innovadeluxe","status":"publish","type":"page","link":"https:\/\/www.appyweb.es\/diccionario\/innovadeluxe\/","title":{"rendered":"InnovaDeluxe"},"content":{"rendered":"<figure id=\"attachment_14834\" aria-describedby=\"caption-attachment-14834\" style=\"width: 1000px\" class=\"wp-caption alignnone\"><img loading=\"lazy\" decoding=\"async\" class=\"size-full wp-image-14834\" src=\"https:\/\/www.appyweb.es\/diccionario\/wp-content\/uploads\/2024\/04\/InnovaDeluxe.jpg\" alt=\"InnovaDeluxe\" width=\"1000\" height=\"600\" srcset=\"https:\/\/www.appyweb.es\/diccionario\/wp-content\/uploads\/2024\/04\/InnovaDeluxe.jpg 1000w, https:\/\/www.appyweb.es\/diccionario\/wp-content\/uploads\/2024\/04\/InnovaDeluxe-300x180.jpg 300w, https:\/\/www.appyweb.es\/diccionario\/wp-content\/uploads\/2024\/04\/InnovaDeluxe-768x461.jpg 768w\" sizes=\"auto, (max-width: 1000px) 100vw, 1000px\" \/><figcaption id=\"caption-attachment-14834\" class=\"wp-caption-text\">Tienda online con un raton escogiendo que comprar online.<\/figcaption><\/figure>\n<p>Se trata de una agencia de ecommerce, <strong>el principal servicio de InnovaDeluxe es la construcci\u00f3n de sitios web en Prestashop<\/strong>. Cuentan con especialistas en el desarrollo de tiendas online dentro de esta plataforma, as\u00ed como de m\u00f3dulos especiales para distintos tipos de clientes.<\/p>\n<h2>\u00bfQu\u00e9 es InnovaDeluxe?<\/h2>\n<p>Es una empresa creada con <a href=\"https:\/\/www.appyweb.es\/diseno-web\/\">la finalidad de dise\u00f1ar una tienda digital<\/a> desde sus cimientos, exclusivamente a trav\u00e9s de la plataforma de Prestashop, se trata de una herramienta que <strong>permite dise\u00f1ar tiendas online con todo lo que necesitan<\/strong>, cat\u00e1logos, secci\u00f3n de compras y m\u00e1s.<\/p>\n<p>Pero tambi\u00e9n cuentan con varios servicios adicionales como es el soporte t\u00e9cnico, el posicionamiento SEO especialmente para Prestashop y la contrataci\u00f3n de servidores o Hosting.<\/p>\n<h2>Origen<\/h2>\n<p>Fue creada en el 2007 con la intenci\u00f3n de ofrecer servicios enfocados solo a empresas que buscaban <a href=\"https:\/\/www.appyweb.es\/diseno-tienda-online\/\">dise\u00f1ar su tienda online<\/a> a trav\u00e9s de Prestashop. Para entonces, no exist\u00eda ning\u00fan otro tipo de servicio similar, por lo que se posicion\u00f3 r\u00e1pidamente. Al mismo tiempo, fue impulsado en el mercado gracias a su certificaci\u00f3n de Partner Platinum de la herramienta de Prestashop.<\/p>\n<p>Actualmente, es una de las <strong>agencias de ecommerce m\u00e1s importantes y con m\u00e1s experiencia<\/strong> en el sector, en su plantilla incluyen m\u00e1s de 3000 clientes satisfechos y un 95% de valoraci\u00f3n de sus proyectos.<\/p>\n<h2>\u00bfPara qu\u00e9 sirve?<\/h2>\n<p>Es fundamental a la hora de empezar una tienda digital, esta empresa facilita el proceso de creaci\u00f3n, al mismo tiempo que se destacan por su velocidad y cumplimiento de los lapsos de entrega acordados. Sin embargo, estos no son los \u00fanicos servicios que ofrece IDX, tambi\u00e9n se destacan los siguientes.<\/p>\n<ul>\n<li><strong>Soporte<\/strong>: Dirigido a sus clientes y usuarios en general, <strong>se enfoca en la creaci\u00f3n de multi-tiendas<\/strong>, en la actualizaci\u00f3n de la tienda o la optimizaci\u00f3n de su rendimiento.<\/li>\n<li><strong>M\u00f3dulos<\/strong>: Incluye servicios como productos relacionados, sugeridos, recargo de equivalencia y un m\u00f3dulo especial para el cumplimiento de la GDPR.<\/li>\n<li><strong>Hosting<\/strong>: Incluye servicio de almacenamiento que puede ser personalizado seg\u00fan las necesidades del sitio web o el proyecto final.<\/li>\n<li><strong>Dise\u00f1o<\/strong>: Incluye plantillas, <strong>creaci\u00f3n de banners publicitarios y la incorporaci\u00f3n de una imagen de marca corporativa<\/strong>.<\/li>\n<li><strong>Marketing<\/strong>: Cuentan con soluciones en posicionamiento web, consultor\u00eda, auditor\u00eda, marketing de contenidos, campa\u00f1as de social media y creaci\u00f3n de blogs.<\/li>\n<\/ul>\n<h2>Servicios adicionales de InnovaDeluxe<\/h2>\n<p>Aparte de todas las <strong>soluciones para construir una tienda online 100% efectiva<\/strong>, tambi\u00e9n cuenta con otras tareas que pueden complementar el rendimiento de la misma, son los siguientes.<\/p>\n<ul>\n<li>Formaci\u00f3n.<\/li>\n<li>Migraci\u00f3n de magento y Prestashop.<\/li>\n<li>Migraci\u00f3n de tiendas online en el general.<\/li>\n<li>Migraci\u00f3n a partir de otros ecommerce.<\/li>\n<li>Integraci\u00f3n con proveedores dropshipping.<\/li>\n<li>Importaci\u00f3n desde CSV o XML.<\/li>\n<\/ul>\n<p><script type=\"application\/ld+json\">{\"@context\":\"https:\/\/schema.org\",\"@type\":\"FAQPage\",\"mainEntity\":[ \n{\"@type\":\"Question\",\"name\":\"\u00bfQu\u00e9 es InnovaDeluxe?\",\"acceptedAnswer\":{\"@type\":\"Answer\",\"text\":\"<\/p>\n<p>Es una empresa creada con <a href='https:\/\/www.appyweb.es\/diseno-web\/'>la finalidad de dise\u00f1ar una tienda digital<\/a> desde sus cimientos, exclusivamente a trav\u00e9s de la plataforma de Prestashop, se trata de una herramienta que <strong>permite dise\u00f1ar tiendas online con todo lo que necesitan<\/strong>, cat\u00e1logos, secci\u00f3n de compras y m\u00e1s. <\/p>\n<p>Pero tambi\u00e9n cuentan con varios servicios adicionales como es el soporte t\u00e9cnico, el posicionamiento SEO especialmente para Prestashop y la contrataci\u00f3n de servidores o Hosting.<\/p>\n<p>\"}},\n{\"@type\":\"Question\",\"name\":\"Origen\",\"acceptedAnswer\":{\"@type\":\"Answer\",\"text\":\"<\/p>\n<p>Fue creada en el 2007 con la intenci\u00f3n de ofrecer servicios enfocados solo a empresas que buscaban <a href='https:\/\/www.appyweb.es\/diseno-tienda-online\/'>dise\u00f1ar su tienda online<\/a> a trav\u00e9s de Prestashop. Para entonces, no exist\u00eda ning\u00fan otro tipo de servicio similar, por lo que se posicion\u00f3 r\u00e1pidamente. Al mismo tiempo, fue impulsado en el mercado gracias a su certificaci\u00f3n de Partner Platinum de la herramienta de Prestashop.<\/p>\n<p>Actualmente, es una de las <strong>agencias de ecommerce m\u00e1s importantes y con m\u00e1s experiencia<\/strong> en el sector, en su plantilla incluyen m\u00e1s de 3000 clientes satisfechos y un 95% de valoraci\u00f3n de sus proyectos.<\/p>\n<p>\"}},\n{\"@type\":\"Question\",\"name\":\"\u00bfPara qu\u00e9 sirve?\",\"acceptedAnswer\":{\"@type\":\"Answer\",\"text\":\"<\/p>\n<p>Es fundamental a la hora de empezar una tienda digital, esta empresa facilita el proceso de creaci\u00f3n, al mismo tiempo que se destacan por su velocidad y cumplimiento de los lapsos de entrega acordados. Sin embargo, estos no son los \u00fanicos servicios que ofrece IDX, tambi\u00e9n se destacan los siguientes.<\/p>\n<\/p>\n<\/p>\n<ul>\n<\/p>\n<\/p>\n<li><strong>Soporte<\/strong>: Dirigido a sus clientes y usuarios en general, <strong>se enfoca en la creaci\u00f3n de multi-tiendas<\/strong>, en la actualizaci\u00f3n de la tienda o la optimizaci\u00f3n de su rendimiento.<\/li>\n<\/p>\n<\/p>\n<\/p>\n<li><strong>M\u00f3dulos<\/strong>: Incluye servicios como productos relacionados, sugeridos, recargo de equivalencia y un m\u00f3dulo especial para el cumplimiento de la GDPR.<\/li>\n<\/p>\n<\/p>\n<\/p>\n<li><strong>Hosting<\/strong>: Incluye servicio de almacenamiento que puede ser personalizado seg\u00fan las necesidades del sitio web o el proyecto final.<\/li>\n<\/p>\n<\/p>\n<\/p>\n<li><strong>Dise\u00f1o<\/strong>: Incluye plantillas, <strong>creaci\u00f3n de banners publicitarios y la incorporaci\u00f3n de una imagen de marca corporativa<\/strong>.<\/li>\n<\/p>\n<\/p>\n<\/p>\n<li><strong>Marketing<\/strong>: Cuentan con soluciones en posicionamiento web, consultor\u00eda, auditor\u00eda, marketing de contenidos, campa\u00f1as de social media y creaci\u00f3n de blogs.<\/li>\n<\/p>\n<\/ul>\n<\/p>\n<p>\"}},\n{\"@type\":\"Question\",\"name\":\"Servicios adicionales de InnovaDeluxe\",\"acceptedAnswer\":{\"@type\":\"Answer\",\"text\":\"<\/p>\n<p>Aparte de todas las <strong>soluciones para construir una tienda online 100% efectiva<\/strong>, tambi\u00e9n cuenta con otras tareas que pueden complementar el rendimiento de la misma, son los siguientes.<\/p>\n<\/p>\n<\/p>\n<ul>\n<\/p>\n<\/p>\n<li>Formaci\u00f3n.<\/li>\n<\/p>\n<\/p>\n<\/p>\n<li>Migraci\u00f3n de magento y Prestashop.<\/li>\n<\/p>\n<\/p>\n<\/p>\n<li>Migraci\u00f3n de tiendas online en el general.<\/li>\n<\/p>\n<\/p>\n<\/p>\n<li>Migraci\u00f3n a partir de otros ecommerce.<\/li>\n<\/p>\n<\/p>\n<\/p>\n<li>Integraci\u00f3n con proveedores dropshipping.<\/li>\n<\/p>\n<\/p>\n<\/p>\n<li>Importaci\u00f3n desde CSV o XML.<\/li>\n<\/p>\n<\/ul>\n<\/p>\n<p>\"}}\n]}<\/script><\/p>\n<h2>M\u00e1s informaci\u00f3n sobre InnovaDeluxe<\/h2>\n<p>Si quieres optimizar su tienda online, sin duda debes echarle un vistazo a lo que est\u00e1 agencia tiene para ofrecerte, mira en los siguientes enlaces m\u00e1s informaci\u00f3n para complementar.<\/p>\n<ul>\n<li><a href=\"https:\/\/www.innovadeluxe.com\/blog\/\" rel=\"nofollow noopener\" target=\"_blank\">Blog de InnovaDeluxe<\/a><\/li>\n<li><a href=\"https:\/\/www.appyweb.es\/7-consejos-para-mejorar-en-tu-estrategia-ecommerce\/\">7 consejos para mejorar tu estrategia eCommerce<\/a><\/li>\n<\/ul>\n<p>&nbsp;<\/p>\n","protected":false},"excerpt":{"rendered":"<p>Se trata de una agencia de ecommerce, el principal servicio de InnovaDeluxe es la construcci\u00f3n de sitios web en Prestashop. Cuentan con especialistas en el desarrollo de tiendas online dentro de esta plataforma, as\u00ed como de m\u00f3dulos especiales para distintos tipos de clientes. \u00bfQu\u00e9 es InnovaDeluxe? Es una empresa creada con la finalidad de dise\u00f1ar [&hellip;]<\/p>\n","protected":false},"author":1,"featured_media":14834,"parent":0,"menu_order":0,"comment_status":"closed","ping_status":"closed","template":"","meta":{"inline_featured_image":false,"footnotes":""},"class_list":["post-2225","page","type-page","status-publish","has-post-thumbnail","hentry"],"_links":{"self":[{"href":"https:\/\/www.appyweb.es\/diccionario\/wp-json\/wp\/v2\/pages\/2225","targetHints":{"allow":["GET"]}}],"collection":[{"href":"https:\/\/www.appyweb.es\/diccionario\/wp-json\/wp\/v2\/pages"}],"about":[{"href":"https:\/\/www.appyweb.es\/diccionario\/wp-json\/wp\/v2\/types\/page"}],"author":[{"embeddable":true,"href":"https:\/\/www.appyweb.es\/diccionario\/wp-json\/wp\/v2\/users\/1"}],"replies":[{"embeddable":true,"href":"https:\/\/www.appyweb.es\/diccionario\/wp-json\/wp\/v2\/comments?post=2225"}],"version-history":[{"count":6,"href":"https:\/\/www.appyweb.es\/diccionario\/wp-json\/wp\/v2\/pages\/2225\/revisions"}],"predecessor-version":[{"id":14837,"href":"https:\/\/www.appyweb.es\/diccionario\/wp-json\/wp\/v2\/pages\/2225\/revisions\/14837"}],"wp:featuredmedia":[{"embeddable":true,"href":"https:\/\/www.appyweb.es\/diccionario\/wp-json\/wp\/v2\/media\/14834"}],"wp:attachment":[{"href":"https:\/\/www.appyweb.es\/diccionario\/wp-json\/wp\/v2\/media?parent=2225"}],"curies":[{"name":"wp","href":"https:\/\/api.w.org\/{rel}","templated":true}]}}