{"id":2241,"date":"2023-06-21T15:17:51","date_gmt":"2023-06-21T15:17:51","guid":{"rendered":"https:\/\/www.appyweb.es\/diccionario\/?page_id=2241"},"modified":"2024-04-15T08:20:59","modified_gmt":"2024-04-15T08:20:59","slug":"instagram","status":"publish","type":"page","link":"https:\/\/www.appyweb.es\/diccionario\/instagram\/","title":{"rendered":"Instagram"},"content":{"rendered":"<figure id=\"attachment_14845\" aria-describedby=\"caption-attachment-14845\" style=\"width: 1000px\" class=\"wp-caption alignnone\"><img loading=\"lazy\" decoding=\"async\" class=\"size-full wp-image-14845\" src=\"https:\/\/www.appyweb.es\/diccionario\/wp-content\/uploads\/2024\/04\/Instagram.jpg\" alt=\"Instagram\" width=\"1000\" height=\"600\" srcset=\"https:\/\/www.appyweb.es\/diccionario\/wp-content\/uploads\/2024\/04\/Instagram.jpg 1000w, https:\/\/www.appyweb.es\/diccionario\/wp-content\/uploads\/2024\/04\/Instagram-300x180.jpg 300w, https:\/\/www.appyweb.es\/diccionario\/wp-content\/uploads\/2024\/04\/Instagram-768x461.jpg 768w\" sizes=\"auto, (max-width: 1000px) 100vw, 1000px\" \/><figcaption id=\"caption-attachment-14845\" class=\"wp-caption-text\">Logo de instagram.<\/figcaption><\/figure>\n<p>Se trata de una aplicaci\u00f3n y red social qu\u00e9 se basa en compartir fotograf\u00edas y v\u00eddeos a una red de seguidores. Actualmente, <strong>Instagram est\u00e1 disponible para diferentes dispositivos<\/strong> con iOS, Android y Windows 10.<\/p>\n<h2>\u00bfQu\u00e9 es Instagram?<\/h2>\n<p>Es una de las redes sociales m\u00e1s utilizadas del mundo, fue creada con el fin de compartir fotos, gif y v\u00eddeos. A diferencia de otras redes sociales, <strong>se enfoca exclusivamente en el formato multimedia<\/strong>, no como Facebook, donde los usuarios tambi\u00e9n pueden hacer publicaciones con solo texto. Al ser una de las aplicaciones m\u00e1s importantes, tambi\u00e9n forma parte de la <a href=\"https:\/\/www.appyweb.es\/social-media-manager\/\">gesti\u00f3n de comunidad del social media manager<\/a>, ya que suele generar muy buenos resultados para marketing.<\/p>\n<p>Su estructura principal consiste de un cintillo vertical infinito donde se muestran todas las publicaciones. Sin embargo, tambi\u00e9n tiene otras funcionalidades, como un medio de comunicaci\u00f3n privado llamado <em>Direct<\/em> muy similar a un chat. Asimismo, cuenta con la funcionalidad de publicar historias, tambi\u00e9n conocidas como <em>Stories<\/em> que permiten hacer publicaciones temporales en un perfil.<\/p>\n<h2>Origen<\/h2>\n<p>Esta aplicaci\u00f3n fue creada por Kevin Systrom y Mike Krieger el 6 de octubre de 2010 con la finalidad de poder compartir fotos, informaci\u00f3n y demos. La idea principal era que los famosos <strong>tuvieran un espacio donde compartir con sus seguidores<\/strong> de forma m\u00e1s p\u00fablica, directa y din\u00e1mica. Originalmente, estaba disponible solo para iPhone, sin embargo, <strong>a principio de 2012 fue publicada una versi\u00f3n para Android<\/strong>, al siguiente a\u00f1o en 2013 se public\u00f3 la versi\u00f3n para Windows Phone.<\/p>\n<p>Debido a su creciente popularidad, en solo dos a\u00f1os gan\u00f3 100 millones de usuarios activos, entonces en abril del 2012 <strong>Facebook anunci\u00f3 que hab\u00eda comprado la empresa por 1000 millones de d\u00f3lares<\/strong>, actualmente, cuenta con millones de usuarios activos mensualmente. El perfil de la misma empresa es el m\u00e1s seguido de toda la red social, con m\u00e1s de 360 millones de seguidores.<\/p>\n<h2>\u00bfPara qu\u00e9 sirve?<\/h2>\n<p>Su objetivo principal es incentivar la interacci\u00f3n social, por lo que los usuarios pueden estar en contacto con sus amigos y familiares a trav\u00e9s de sus cuentas. Sin embargo, actualmente es una de las <strong>herramienta de marketing visual y social m\u00e1s importantes<\/strong>. Las empresas pueden publicar contenido constantemente para conseguir aumentar su popularidad en Internet y conseguir m\u00e1s ventas.<\/p>\n<p>Al igual que Facebook, que cuenta con un <a href=\"https:\/\/www.appyweb.es\/campanas-facebook-ads\/\">sistema de anuncios llamado Facebook Ads<\/a>, Instagram tambi\u00e9n cuenta con este servicio que permite a las empresas llegar a sectores de la audiencia m\u00e1s espec\u00edficos, para conseguir ventas o nuevos seguidores.<\/p>\n<h2>Funciones de Instagram<\/h2>\n<ul>\n<li><strong>Hashtags<\/strong>: Utiliza el mismo sistema de etiquetado que Twitter, pero se introdujo un a\u00f1o despu\u00e9s de su lanzamiento al mercado. Con esto se pueden crear tendencias que incluso actualmente puede ser seguidas por los usuarios como si se tratara de un perfil m\u00e1s.<\/li>\n<li><strong>Direct o DM<\/strong>: Es la herramienta de interacci\u00f3n dentro de la aplicaci\u00f3n, fue introducida en diciembre de 2013 y <strong>permite enviar o recibir mensajes privados de forma permanente<\/strong> o ef\u00edmera.<\/li>\n<li><strong>Stories<\/strong>: Se trata de una funcionalidad muy similar a Snapchat consiste en publicar un contenido en un perfil con una duraci\u00f3n de solo 24 horas.<\/li>\n<li><strong>IGTV<\/strong>: Es una de las primeras aplicaciones de v\u00eddeo vertical y fue lanzado por primera vez en el 2018, los usuarios pueden publicar hasta 10 minutos de grabaci\u00f3n a trav\u00e9s de ella.<\/li>\n<li><strong>Reels<\/strong>: es una funcionalidad muy similar Tik Tok, permite la grabaci\u00f3n de v\u00eddeos cortos con clips de audio de otras publicaciones, fue lanzado en agosto del 2020.<\/li>\n<\/ul>\n<p><script type=\"application\/ld+json\">{\"@context\":\"https:\/\/schema.org\",\"@type\":\"FAQPage\",\"mainEntity\":[ \n{\"@type\":\"Question\",\"name\":\"\u00bfQu\u00e9 es Instagram?\",\"acceptedAnswer\":{\"@type\":\"Answer\",\"text\":\"<\/p>\n<p>Es una de las redes sociales m\u00e1s utilizadas del mundo, fue creada con el fin de compartir fotos, gif y v\u00eddeos. A diferencia de otras redes sociales, <strong>se enfoca exclusivamente en el formato multimedia<\/strong>, no como Facebook, donde los usuarios tambi\u00e9n pueden hacer publicaciones con solo texto. Al ser una de las aplicaciones m\u00e1s importantes, tambi\u00e9n forma parte de la <a href='https:\/\/www.appyweb.es\/social-media-manager\/'>gesti\u00f3n de comunidad del social media manager<\/a>, ya que suele generar muy buenos resultados para marketing.<\/p>\n<p>Su estructura principal consiste de un cintillo vertical infinito donde se muestran todas las publicaciones. Sin embargo, tambi\u00e9n tiene otras funcionalidades, como un medio de comunicaci\u00f3n privado llamado <em>Direct<\/em> muy similar a un chat. Asimismo, cuenta con la funcionalidad de publicar historias, tambi\u00e9n conocidas como <em>Stories<\/em> que permiten hacer publicaciones temporales en un perfil.<\/p>\n<p>\"}},\n{\"@type\":\"Question\",\"name\":\"Origen\",\"acceptedAnswer\":{\"@type\":\"Answer\",\"text\":\"<\/p>\n<p>Esta aplicaci\u00f3n fue creada por Kevin Systrom y Mike Krieger el 6 de octubre de 2010 con la finalidad de poder compartir fotos, informaci\u00f3n y demos. La idea principal era que los famosos <strong>tuvieran un espacio donde compartir con sus seguidores<\/strong> de forma m\u00e1s p\u00fablica, directa y din\u00e1mica. Originalmente, estaba disponible solo para iPhone, sin embargo, <strong>a principio de 2012 fue publicada una versi\u00f3n para Android<\/strong>, al siguiente a\u00f1o en 2013 se public\u00f3 la versi\u00f3n para Windows Phone.<\/p>\n<p>Debido a su creciente popularidad, en solo dos a\u00f1os gan\u00f3 100 millones de usuarios activos, entonces en abril del 2012 <strong>Facebook anunci\u00f3 que hab\u00eda comprado la empresa por 1000 millones de d\u00f3lares<\/strong>, actualmente, cuenta con millones de usuarios activos mensualmente. El perfil de la misma empresa es el m\u00e1s seguido de toda la red social, con m\u00e1s de 360 millones de seguidores.<\/p>\n<p>\"}},\n{\"@type\":\"Question\",\"name\":\"\u00bfPara qu\u00e9 sirve?\",\"acceptedAnswer\":{\"@type\":\"Answer\",\"text\":\"<\/p>\n<p>Su objetivo principal es incentivar la interacci\u00f3n social, por lo que los usuarios pueden estar en contacto con sus amigos y familiares a trav\u00e9s de sus cuentas. Sin embargo, actualmente es una de las <strong>herramienta de marketing visual y social m\u00e1s importantes<\/strong>. Las empresas pueden publicar contenido constantemente para conseguir aumentar su popularidad en Internet y conseguir m\u00e1s ventas.<\/p>\n<p>Al igual que Facebook, que cuenta con un <a href='https:\/\/www.appyweb.es\/campanas-facebook-ads\/'>sistema de anuncios llamado Facebook Ads<\/a>, Instagram tambi\u00e9n cuenta con este servicio que permite a las empresas llegar a sectores de la audiencia m\u00e1s espec\u00edficos, para conseguir ventas o nuevos seguidores.<\/p>\n<p>\"}},\n{\"@type\":\"Question\",\"name\":\"Funciones de Instagram\",\"acceptedAnswer\":{\"@type\":\"Answer\",\"text\":\"<\/p>\n<\/p>\n<\/p>\n<ul>\n<\/p>\n<\/p>\n<li><strong>Hashtags<\/strong>: Utiliza el mismo sistema de etiquetado que Twitter, pero se introdujo un a\u00f1o despu\u00e9s de su lanzamiento al mercado. Con esto se pueden crear tendencias que incluso actualmente puede ser seguidas por los usuarios como si se tratara de un perfil m\u00e1s.<\/li>\n<\/p>\n<\/p>\n<\/p>\n<li><strong>Direct o DM<\/strong>: Es la herramienta de interacci\u00f3n dentro de la aplicaci\u00f3n, fue introducida en diciembre de 2013 y <strong>permite enviar o recibir mensajes privados de forma permanente<\/strong> o ef\u00edmera.<\/li>\n<\/p>\n<\/p>\n<\/p>\n<li><strong>Stories<\/strong>: Se trata de una funcionalidad muy similar a Snapchat consiste en publicar un contenido en un perfil con una duraci\u00f3n de solo 24 horas.<\/li>\n<\/p>\n<\/p>\n<\/p>\n<li><strong>IGTV<\/strong>: Es una de las primeras aplicaciones de v\u00eddeo vertical y fue lanzado por primera vez en el 2018, los usuarios pueden publicar hasta 10 minutos de grabaci\u00f3n a trav\u00e9s de ella.<\/li>\n<\/p>\n<\/p>\n<\/p>\n<li><strong>Reels<\/strong>: es una funcionalidad muy similar Tik Tok, permite la grabaci\u00f3n de v\u00eddeos cortos con clips de audio de otras publicaciones, fue lanzado en agosto del 2020.<\/li>\n<\/p>\n<\/ul>\n<\/p>\n<p>\"}}\n]}<\/script><\/p>\n<h2>M\u00e1s informaci\u00f3n sobre Instagram<\/h2>\n<p>Sin duda, <strong>Instagram es una herramienta indispensable en la actualidad<\/strong> para cualquier tipo de negocio, si quieres tener m\u00e1s informaci\u00f3n al respecto aqu\u00ed puedes consultar un par de enlaces.<\/p>\n<ul>\n<li><a href=\"https:\/\/www.appyweb.es\/beneficios-aporta-instagram-negocio\/\">\u00bfQu\u00e9 beneficios aporta Instagram para tu negocio?<\/a><\/li>\n<li><a href=\"https:\/\/es.wikipedia.org\/wiki\/Instagram#Impacto\" rel=\"nofollow noopener\" target=\"_blank\">Impacto de Instagram en el mercado y la sociedad<\/a><\/li>\n<\/ul>\n<p>&nbsp;<\/p>\n","protected":false},"excerpt":{"rendered":"<p>Se trata de una aplicaci\u00f3n y red social qu\u00e9 se basa en compartir fotograf\u00edas y v\u00eddeos a una red de seguidores. Actualmente, Instagram est\u00e1 disponible para diferentes dispositivos con iOS, Android y Windows 10. \u00bfQu\u00e9 es Instagram? Es una de las redes sociales m\u00e1s utilizadas del mundo, fue creada con el fin de compartir fotos, [&hellip;]<\/p>\n","protected":false},"author":1,"featured_media":14845,"parent":0,"menu_order":0,"comment_status":"closed","ping_status":"closed","template":"","meta":{"inline_featured_image":false,"footnotes":""},"class_list":["post-2241","page","type-page","status-publish","has-post-thumbnail","hentry"],"_links":{"self":[{"href":"https:\/\/www.appyweb.es\/diccionario\/wp-json\/wp\/v2\/pages\/2241","targetHints":{"allow":["GET"]}}],"collection":[{"href":"https:\/\/www.appyweb.es\/diccionario\/wp-json\/wp\/v2\/pages"}],"about":[{"href":"https:\/\/www.appyweb.es\/diccionario\/wp-json\/wp\/v2\/types\/page"}],"author":[{"embeddable":true,"href":"https:\/\/www.appyweb.es\/diccionario\/wp-json\/wp\/v2\/users\/1"}],"replies":[{"embeddable":true,"href":"https:\/\/www.appyweb.es\/diccionario\/wp-json\/wp\/v2\/comments?post=2241"}],"version-history":[{"count":6,"href":"https:\/\/www.appyweb.es\/diccionario\/wp-json\/wp\/v2\/pages\/2241\/revisions"}],"predecessor-version":[{"id":14850,"href":"https:\/\/www.appyweb.es\/diccionario\/wp-json\/wp\/v2\/pages\/2241\/revisions\/14850"}],"wp:featuredmedia":[{"embeddable":true,"href":"https:\/\/www.appyweb.es\/diccionario\/wp-json\/wp\/v2\/media\/14845"}],"wp:attachment":[{"href":"https:\/\/www.appyweb.es\/diccionario\/wp-json\/wp\/v2\/media?parent=2241"}],"curies":[{"name":"wp","href":"https:\/\/api.w.org\/{rel}","templated":true}]}}