{"id":2266,"date":"2023-06-21T15:28:19","date_gmt":"2023-06-21T15:28:19","guid":{"rendered":"https:\/\/www.appyweb.es\/diccionario\/?page_id=2266"},"modified":"2024-04-15T10:46:10","modified_gmt":"2024-04-15T10:46:10","slug":"intercambio-de-enlaces","status":"publish","type":"page","link":"https:\/\/www.appyweb.es\/diccionario\/intercambio-de-enlaces\/","title":{"rendered":"Intercambio de enlaces"},"content":{"rendered":"<figure id=\"attachment_14905\" aria-describedby=\"caption-attachment-14905\" style=\"width: 1000px\" class=\"wp-caption alignnone\"><img loading=\"lazy\" decoding=\"async\" class=\"size-full wp-image-14905\" src=\"https:\/\/www.appyweb.es\/diccionario\/wp-content\/uploads\/2024\/04\/Intercambiodeenlaces.jpg\" alt=\"Intercambio de enlaces\" width=\"1000\" height=\"600\" srcset=\"https:\/\/www.appyweb.es\/diccionario\/wp-content\/uploads\/2024\/04\/Intercambiodeenlaces.jpg 1000w, https:\/\/www.appyweb.es\/diccionario\/wp-content\/uploads\/2024\/04\/Intercambiodeenlaces-300x180.jpg 300w, https:\/\/www.appyweb.es\/diccionario\/wp-content\/uploads\/2024\/04\/Intercambiodeenlaces-768x461.jpg 768w\" sizes=\"auto, (max-width: 1000px) 100vw, 1000px\" \/><figcaption id=\"caption-attachment-14905\" class=\"wp-caption-text\">Dos personas subiendo un enlace a internet y por el fondo logo de compratir y una nube.<\/figcaption><\/figure>\n<p>Se trata de <strong>una pr\u00e1ctica que consiste en intercambiar enlaces con uno o varios sitios web<\/strong>, con la finalidad de conseguir un mejor posicionamiento en la p\u00e1gina de resultados de buscadores (SERP&#8217;s). \u00bfQuieres saber c\u00f3mo funciona? Sigue leyendo.<\/p>\n<h2>\u00bfQu\u00e9 es el intercambio de enlaces?<\/h2>\n<p>Esta t\u00e9cnica consiste en intercambiar links o v\u00ednculos previamente acordados con otros sitios web, con la finalidad de impulsar los contenidos en los buscadores. Se trata de <a href=\"https:\/\/www.appyweb.es\/posicionamiento-web\/\">una estrategia de posicionamiento web<\/a> de Black Hat SEO, es decir, es una pr\u00e1ctica mal vista por los buscadores, es por eso que <strong>es necesario llevarla a cabo con mucha discreci\u00f3n y estrategia<\/strong>.<\/p>\n<p>Normalmente, los que practican esta metodolog\u00eda suelen realizar una construcci\u00f3n de v\u00ednculos muy elaborada, de forma que el algoritmo de Google y otros buscadores no puedan determinar que se trata de un enlazado previamente acordado. Para esto realizan hasta 3 niveles de enlazados para que no se tenga en cuenta la intenci\u00f3n original.<\/p>\n<h2>\u00bfPara qu\u00e9 sirve?<\/h2>\n<p>Bien es cierto que <a href=\"https:\/\/www.appyweb.es\/link-building\/\">el linkbuilding es una de las estrategias m\u00e1s efectivas<\/a> para conseguir reconocimiento por parte de los buscadores. Sin embargo, sigue siendo <strong>una actividad que requiere de mucho trabajo y esfuerzo<\/strong>, en ocasiones, es necesario utilizar estrategias poco beneficiosas para el propietario, solo para conseguir un enlazado desde un sitio web de calidad.<\/p>\n<p>Pero, el intercambio de enlaces permite reducir todo ese esfuerzo a la mitad, realizando propuestas de mutuo acuerdo donde ambos sitios saldr\u00e1n beneficiados por igual. Aparte, los resultados suelen generar a corto plazo, a diferencia de la construcci\u00f3n de v\u00ednculos tradicional que consiste en objetivos a largo plazo.<\/p>\n<h2>\u00bfC\u00f3mo funciona el intercambio de enlaces?<\/h2>\n<p>Los buscadores como <strong>Google tienen en cuenta la relevancia de un sitio web<\/strong> al momento de posicionar. Este factor se ve afectado por algo que se conoce como <em>link juice<\/em>, que hace referencia a la cantidad de relevancia extra\u00edda o recibida por parte de un link. Como es de suponerse, los sitios web que reciban m\u00e1s link juice se posicionar\u00e1n mejor.<\/p>\n<p>Pero, como se mencion\u00f3 arriba, es una estrategia complicada, ya que Google espera que esos v\u00ednculos se produzcan de forma natural, es decir, que los sitios web de calidad enlacen a otros porque les pareci\u00f3 interesante la informaci\u00f3n o para ampliar el tema para el usuario. Pero, lo cierto es que este proceso se puede manipular, solicit\u00e1ndole a esos <strong>sitios web de alta relevancia que vinculen hacia cierto contenido<\/strong>, con la finalidad de extraer un poco de ese link juice y tener las mismas oportunidades de posicionar.<\/p>\n<p>Esto se puede hacer a trav\u00e9s de herramientas de construcci\u00f3n de links o haciendo propuestas de negocio directamente a esos sitios web. Aun as\u00ed, es necesario que ambos sitios web sean de alta calidad y relevancia, de forma que la estrategia funcione de forma efectiva.<\/p>\n<h2>\u00bfPor qu\u00e9 evitar hacer intercambio de enlaces?<\/h2>\n<p>En el pasado, esta pr\u00e1ctica tuvo muchos seguidores, para entonces, <strong>los algoritmos de los buscadores no estaban tan desarrollados como ahora<\/strong>, por lo que era m\u00e1s f\u00e1cil confundirlos y manipularlos. Pero, con sus constantes actualizaciones son capaces de encontrar la conexi\u00f3n que determina que se llevaron a cabo estrategias de Black Hat SEO.<\/p>\n<p>La consecuencia de esto es que el buscador procede a penalizar, por lo que ambos sitios web (o el conjunto de ellos) no podr\u00e1n posicionarse, a menos que eliminen los v\u00ednculos y realicen una buena optimizaci\u00f3n.<\/p>\n<p><script type=\"application\/ld+json\">{\"@context\":\"https:\/\/schema.org\",\"@type\":\"FAQPage\",\"mainEntity\":[ \n{\"@type\":\"Question\",\"name\":\"\u00bfQu\u00e9 es el intercambio de enlaces?\",\"acceptedAnswer\":{\"@type\":\"Answer\",\"text\":\"<\/p>\n<p>Esta t\u00e9cnica consiste en intercambiar links o v\u00ednculos previamente acordados con otros sitios web, con la finalidad de impulsar los contenidos en los buscadores. Se trata de <a href='https:\/\/www.appyweb.es\/posicionamiento-web\/'>una estrategia de posicionamiento web<\/a> de Black Hat SEO, es decir, es una pr\u00e1ctica mal vista por los buscadores, es por eso que <strong>es necesario llevarla a cabo con mucha discreci\u00f3n y estrategia<\/strong>.<\/p>\n<p>Normalmente, los que practican esta metodolog\u00eda suelen realizar una construcci\u00f3n de v\u00ednculos muy elaborada, de forma que el algoritmo de Google y otros buscadores no puedan determinar que se trata de un enlazado previamente acordado. Para esto realizan hasta 3 niveles de enlazados para que no se tenga en cuenta la intenci\u00f3n original.<\/p>\n<p>\"}},\n{\"@type\":\"Question\",\"name\":\"\u00bfPara qu\u00e9 sirve?\",\"acceptedAnswer\":{\"@type\":\"Answer\",\"text\":\"<\/p>\n<p>Bien es cierto que <a href='https:\/\/www.appyweb.es\/link-building\/'>el linkbuilding es una de las estrategias m\u00e1s efectivas<\/a> para conseguir reconocimiento por parte de los buscadores. Sin embargo, sigue siendo <strong>una actividad que requiere de mucho trabajo y esfuerzo<\/strong>, en ocasiones, es necesario utilizar estrategias poco beneficiosas para el propietario, solo para conseguir un enlazado desde un sitio web de calidad.<\/p>\n<p>Pero, el intercambio de enlaces permite reducir todo ese esfuerzo a la mitad, realizando propuestas de mutuo acuerdo donde ambos sitios saldr\u00e1n beneficiados por igual. Aparte, los resultados suelen generar a corto plazo, a diferencia de la construcci\u00f3n de v\u00ednculos tradicional que consiste en objetivos a largo plazo.<\/p>\n<p>\"}},\n{\"@type\":\"Question\",\"name\":\"\u00bfC\u00f3mo funciona el intercambio de enlaces?\",\"acceptedAnswer\":{\"@type\":\"Answer\",\"text\":\"<\/p>\n<p>Los buscadores como <strong>Google tienen en cuenta la relevancia de un sitio web<\/strong> al momento de posicionar. Este factor se ve afectado por algo que se conoce como <em>link juice<\/em>, que hace referencia a la cantidad de relevancia extra\u00edda o recibida por parte de un link. Como es de suponerse, los sitios web que reciban m\u00e1s link juice se posicionar\u00e1n mejor.<\/p>\n<p>Pero, como se mencion\u00f3 arriba, es una estrategia complicada, ya que Google espera que esos v\u00ednculos se produzcan de forma natural, es decir, que los sitios web de calidad enlacen a otros porque les pareci\u00f3 interesante la informaci\u00f3n o para ampliar el tema para el usuario. Pero, lo cierto es que este proceso se puede manipular, solicit\u00e1ndole a esos <strong>sitios web de alta relevancia que vinculen hacia cierto contenido<\/strong>, con la finalidad de extraer un poco de ese link juice y tener las mismas oportunidades de posicionar.<\/p>\n<p>Esto se puede hacer a trav\u00e9s de herramientas de construcci\u00f3n de links o haciendo propuestas de negocio directamente a esos sitios web. Aun as\u00ed, es necesario que ambos sitios web sean de alta calidad y relevancia, de forma que la estrategia funcione de forma efectiva.<\/p>\n<p>\"}},\n{\"@type\":\"Question\",\"name\":\"\u00bfPor qu\u00e9 evitar hacer intercambio de enlaces?\",\"acceptedAnswer\":{\"@type\":\"Answer\",\"text\":\"<\/p>\n<p>En el pasado, esta pr\u00e1ctica tuvo muchos seguidores, para entonces, <strong>los algoritmos de los buscadores no estaban tan desarrollados como ahora<\/strong>, por lo que era m\u00e1s f\u00e1cil confundirlos y manipularlos. Pero, con sus constantes actualizaciones son capaces de encontrar la conexi\u00f3n que determina que se llevaron a cabo estrategias de Black Hat SEO.<\/p>\n<p>La consecuencia de esto es que el buscador procede a penalizar, por lo que ambos sitios web (o el conjunto de ellos) no podr\u00e1n posicionarse, a menos que eliminen los v\u00ednculos y realicen una buena optimizaci\u00f3n.<\/p>\n<p>\"}}\n]}<\/script><\/p>\n<h2>M\u00e1s informaci\u00f3n sobre intercambio de enlaces<\/h2>\n<p>\u00bfQuieres arriesgarte y probar con esta t\u00e9cnica de enlazado? No lo hagas con las manos vac\u00edas, consigue m\u00e1s informaci\u00f3n al respecto en estos links.<\/p>\n<ul>\n<li><a href=\"https:\/\/www.appyweb.es\/diccionario\/enlazalia\/\">Consigue los mejores enlaces en Enlazalia<\/a><\/li>\n<li><a href=\"https:\/\/borjaarandavaquero.com\/intercambio-de-enlaces-seo\/\" rel=\"nofollow noopener\" target=\"_blank\">Intercambio de enlaces en SEO. C\u00f3mo hacerlo sin ser penalizado<\/a><\/li>\n<\/ul>\n<p>&nbsp;<\/p>\n","protected":false},"excerpt":{"rendered":"<p>Se trata de una pr\u00e1ctica que consiste en intercambiar enlaces con uno o varios sitios web, con la finalidad de conseguir un mejor posicionamiento en la p\u00e1gina de resultados de buscadores (SERP&#8217;s). \u00bfQuieres saber c\u00f3mo funciona? Sigue leyendo. \u00bfQu\u00e9 es el intercambio de enlaces? Esta t\u00e9cnica consiste en intercambiar links o v\u00ednculos previamente acordados con [&hellip;]<\/p>\n","protected":false},"author":1,"featured_media":14905,"parent":0,"menu_order":0,"comment_status":"closed","ping_status":"closed","template":"","meta":{"inline_featured_image":false,"footnotes":""},"class_list":["post-2266","page","type-page","status-publish","has-post-thumbnail","hentry"],"_links":{"self":[{"href":"https:\/\/www.appyweb.es\/diccionario\/wp-json\/wp\/v2\/pages\/2266","targetHints":{"allow":["GET"]}}],"collection":[{"href":"https:\/\/www.appyweb.es\/diccionario\/wp-json\/wp\/v2\/pages"}],"about":[{"href":"https:\/\/www.appyweb.es\/diccionario\/wp-json\/wp\/v2\/types\/page"}],"author":[{"embeddable":true,"href":"https:\/\/www.appyweb.es\/diccionario\/wp-json\/wp\/v2\/users\/1"}],"replies":[{"embeddable":true,"href":"https:\/\/www.appyweb.es\/diccionario\/wp-json\/wp\/v2\/comments?post=2266"}],"version-history":[{"count":5,"href":"https:\/\/www.appyweb.es\/diccionario\/wp-json\/wp\/v2\/pages\/2266\/revisions"}],"predecessor-version":[{"id":14907,"href":"https:\/\/www.appyweb.es\/diccionario\/wp-json\/wp\/v2\/pages\/2266\/revisions\/14907"}],"wp:featuredmedia":[{"embeddable":true,"href":"https:\/\/www.appyweb.es\/diccionario\/wp-json\/wp\/v2\/media\/14905"}],"wp:attachment":[{"href":"https:\/\/www.appyweb.es\/diccionario\/wp-json\/wp\/v2\/media?parent=2266"}],"curies":[{"name":"wp","href":"https:\/\/api.w.org\/{rel}","templated":true}]}}