{"id":2271,"date":"2023-06-21T15:31:15","date_gmt":"2023-06-21T15:31:15","guid":{"rendered":"https:\/\/www.appyweb.es\/diccionario\/?page_id=2271"},"modified":"2024-04-15T10:57:14","modified_gmt":"2024-04-15T10:57:14","slug":"interfaz-grafica-usuario","status":"publish","type":"page","link":"https:\/\/www.appyweb.es\/diccionario\/interfaz-grafica-usuario\/","title":{"rendered":"Interfaz grafica de usuario"},"content":{"rendered":"<figure id=\"attachment_14910\" aria-describedby=\"caption-attachment-14910\" style=\"width: 1000px\" class=\"wp-caption alignnone\"><img loading=\"lazy\" decoding=\"async\" class=\"size-full wp-image-14910\" src=\"https:\/\/www.appyweb.es\/diccionario\/wp-content\/uploads\/2024\/04\/Interfazgraficadeusuario.jpg\" alt=\"Interfaz grafica de usuario\" width=\"1000\" height=\"600\" srcset=\"https:\/\/www.appyweb.es\/diccionario\/wp-content\/uploads\/2024\/04\/Interfazgraficadeusuario.jpg 1000w, https:\/\/www.appyweb.es\/diccionario\/wp-content\/uploads\/2024\/04\/Interfazgraficadeusuario-300x180.jpg 300w, https:\/\/www.appyweb.es\/diccionario\/wp-content\/uploads\/2024\/04\/Interfazgraficadeusuario-768x461.jpg 768w\" sizes=\"auto, (max-width: 1000px) 100vw, 1000px\" \/><figcaption id=\"caption-attachment-14910\" class=\"wp-caption-text\">Interfaz grafica de una pagina web.<\/figcaption><\/figure>\n<p>Se trata de un programa que <strong>act\u00faa como intermediario entre una persona y un sistema operativo<\/strong>, la interfaz gr\u00e1fica de usuario o GUI, por sus siglas en ingl\u00e9s, comprende de elementos visuales que buscan mostrar una informaci\u00f3n o acciones disponibles para el consumidor.<\/p>\n<h2>\u00bfQu\u00e9 es la interfaz gr\u00e1fica de usuario?<\/h2>\n<p>Como se mencion\u00f3 anteriormente, es una especie de men\u00fa que comprende im\u00e1genes u objetos que pueden ser interpretados f\u00e1cilmente por el consumidor, con la finalidad de <strong>ponerse en contacto el sistema operativo de un ordenador o dispositivo m\u00f3vil<\/strong>. Esta plataforma permite que las personas dejen de utilizar l\u00edneas de comando para realizar cualquier tipo de acci\u00f3n en un ordenador.<\/p>\n<p>Actualmente, las personas pueden comunicarse m\u00e1s f\u00e1cilmente con las computadoras sin necesidad de entender o procesar c\u00f3digos complejos. Ahora, con una interfaz que <a href=\"https:\/\/www.appyweb.es\/diseno-grafico\/\">apuesta por el dise\u00f1o gr\u00e1fico<\/a>, es posible <strong>interactuar con un sistema inform\u00e1tico de forma m\u00e1s intuitiva<\/strong>. Gracias a estos, no es necesario saber c\u00f3mo funciona una PC para aprender a utilizarla.<\/p>\n<h2>Origen<\/h2>\n<p>Xerox Parc fue la primera empresa de sistemas inform\u00e1ticos en generar uno de estos programas, fue conocido como PARC User Interface. Aqu\u00ed la empresa defini\u00f3 las ventanas de navegaci\u00f3n, el puntero de rat\u00f3n, men\u00fas y casillas de verificaci\u00f3n. Este fue introducido en su equipo Xerox Star 8010 en 1981.<\/p>\n<p>Termin\u00f3 por ser el sistema base para ordenadores Apple en los a\u00f1os 80, de hecho, Lisa, Macintosh y Apple II GS <strong>incluyeron esta base para su interacci\u00f3n con el humano<\/strong>. Actualmente, Windows cuenta con uno de los sistemas m\u00e1s reconocidos a nivel mundial.<\/p>\n<h2>\u00bfPara qu\u00e9 sirve?<\/h2>\n<p>Sirve para que el usuario pueda <strong>interactuar f\u00e1cilmente con un sistema operativo<\/strong>, por ejemplo, algunos elementos b\u00e1sicos de la interfaz gr\u00e1fica comprende el puntero del mouse en pantalla. Con ayuda de esta herramienta, las personas ya no necesitan utilizar el teclado para introducir c\u00f3digos que permitan abrir ventanas o seleccionar opciones de un men\u00fa, con esto, pueden interactuar con solo un clic.<\/p>\n<p>Para hacer una comparaci\u00f3n de esto <a href=\"https:\/\/www.appyweb.es\/desarrollo-app\/\">con el desarrollo de apps<\/a>, se puede decir que <strong>es muy similar a la experiencia de navegaci\u00f3n<\/strong>, un proceso que busca simplificar las tareas del humano, sin necesidad de entender el sistema. Tambi\u00e9n es importante mencionar que gracias a estos programas fue posible que las computadoras entraran en un espacio comercial dom\u00e9stico.<\/p>\n<h2>\u00bfExisten varios tipos?<\/h2>\n<p>Hay diferentes tipos de interfaces, los cuales facilitan el proceso de interacci\u00f3n. Entre ellos vale la pena destacar:<\/p>\n<ul>\n<li><strong>De voz<\/strong>:Estos son los que se desarrollan con inteligencia artificial y el usuario se puede comunicar con comandos de voz \u00fanicamente.<\/li>\n<li><strong>De texto<\/strong>:Estos son los que usan los programadores, ya que ellos conocen los comandos con los cuales se puede interactuar en el mismo idioma de los ordenadores.<\/li>\n<li><strong>Naturales<\/strong>:Estos son los que reconocen gestos del ser humano.<\/li>\n<\/ul>\n<p><script type=\"application\/ld+json\">{\"@context\":\"https:\/\/schema.org\",\"@type\":\"FAQPage\",\"mainEntity\":[ \n{\"@type\":\"Question\",\"name\":\"\u00bfQu\u00e9 es la interfaz gr\u00e1fica de usuario?\",\"acceptedAnswer\":{\"@type\":\"Answer\",\"text\":\"<\/p>\n<p>Como se mencion\u00f3 anteriormente, es una especie de men\u00fa que comprende im\u00e1genes u objetos que pueden ser interpretados f\u00e1cilmente por el consumidor, con la finalidad de <strong>ponerse en contacto el sistema operativo de un ordenador o dispositivo m\u00f3vil<\/strong>. Esta plataforma permite que las personas dejen de utilizar l\u00edneas de comando para realizar cualquier tipo de acci\u00f3n en un ordenador.<\/p>\n<p>Actualmente, las personas pueden comunicarse m\u00e1s f\u00e1cilmente con las computadoras sin necesidad de entender o procesar c\u00f3digos complejos. Ahora, con una interfaz que <a href='https:\/\/www.appyweb.es\/diseno-grafico\/'>apuesta por el dise\u00f1o gr\u00e1fico<\/a>, es posible <strong>interactuar con un sistema inform\u00e1tico de forma m\u00e1s intuitiva<\/strong>. Gracias a estos, no es necesario saber c\u00f3mo funciona una PC para aprender a utilizarla.<\/p>\n<p>\"}},\n{\"@type\":\"Question\",\"name\":\"Origen\",\"acceptedAnswer\":{\"@type\":\"Answer\",\"text\":\"<\/p>\n<p>Xerox Parc fue la primera empresa de sistemas inform\u00e1ticos en generar uno de estos programas, fue conocido como PARC User Interface. Aqu\u00ed la empresa defini\u00f3 las ventanas de navegaci\u00f3n, el puntero de rat\u00f3n, men\u00fas y casillas de verificaci\u00f3n. Este fue introducido en su equipo Xerox Star 8010 en 1981.<\/p>\n<p>Termin\u00f3 por ser el sistema base para ordenadores Apple en los a\u00f1os 80, de hecho, Lisa, Macintosh y Apple II GS <strong>incluyeron esta base para su interacci\u00f3n con el humano<\/strong>. Actualmente, Windows cuenta con uno de los sistemas m\u00e1s reconocidos a nivel mundial.<\/p>\n<p>\"}},\n{\"@type\":\"Question\",\"name\":\"\u00bfPara qu\u00e9 sirve?\",\"acceptedAnswer\":{\"@type\":\"Answer\",\"text\":\"<\/p>\n<p>Sirve para que el usuario pueda <strong>interactuar f\u00e1cilmente con un sistema operativo<\/strong>, por ejemplo, algunos elementos b\u00e1sicos de la interfaz gr\u00e1fica comprende el puntero del mouse en pantalla. Con ayuda de esta herramienta, las personas ya no necesitan utilizar el teclado para introducir c\u00f3digos que permitan abrir ventanas o seleccionar opciones de un men\u00fa, con esto, pueden interactuar con solo un clic.<\/p>\n<p>Para hacer una comparaci\u00f3n de esto <a href='https:\/\/www.appyweb.es\/desarrollo-app\/'>con el desarrollo de apps<\/a>, se puede decir que <strong>es muy similar a la experiencia de navegaci\u00f3n<\/strong>, un proceso que busca simplificar las tareas del humano, sin necesidad de entender el sistema. Tambi\u00e9n es importante mencionar que gracias a estos programas fue posible que las computadoras entraran en un espacio comercial dom\u00e9stico.<\/p>\n<p>\"}},\n{\"@type\":\"Question\",\"name\":\"\u00bfExisten varios tipos?\",\"acceptedAnswer\":{\"@type\":\"Answer\",\"text\":\"<\/p>\n<p>Hay diferentes tipos de interfaces, los cuales facilitan el proceso de interacci\u00f3n. Entre ellos vale la pena destacar:<\/p>\n<\/p>\n<\/p>\n<ul>\n<\/p>\n<\/p>\n<li><strong>De voz<\/strong>:Estos son los que se desarrollan con inteligencia artificial y el usuario se puede comunicar con comandos de voz \u00fanicamente.<\/li>\n<\/p>\n<\/p>\n<\/p>\n<li><strong>De texto<\/strong>:Estos son los que usan los programadores, ya que ellos conocen los comandos con los cuales se puede interactuar en el mismo idioma de los ordenadores.<\/li>\n<\/p>\n<\/p>\n<\/p>\n<li><strong>Naturales<\/strong>:Estos son los que reconocen gestos del ser humano.<\/li>\n<\/p>\n<\/ul>\n<\/p>\n<p>\"}}\n]}<\/script><\/p>\n<h2>M\u00e1s informaci\u00f3n sobre interfaz gr\u00e1fica de usuario<\/h2>\n<p>Es interesante c\u00f3mo gracias a estos programas es posible que personas comunes puedan <strong>utilizar sus ordenadores sin siquiera conocer c\u00f3mo funcionan<\/strong> o cu\u00e1les son sus or\u00edgenes, \u00bfquieres m\u00e1s informaci\u00f3n al respecto? mira estos enlaces.<\/p>\n<ul>\n<li><a href=\"https:\/\/www.appyweb.es\/diccionario\/diseno-plano-flat-design\/\">\u00bfQu\u00e9 es Dise\u00f1o Plano o Flat Design y para qu\u00e9 sirve?<\/a><\/li>\n<li><a href=\"https:\/\/web.archive.org\/web\/20080106075429\/http:\/sabia.tic.udc.es\/gc\/Contenidos%20adicionales\/trabajos\/Interfaces\/enlightment\/index.html\" rel=\"nofollow noopener\" target=\"_blank\">Interfaces Gr\u00e1ficas de Usuario (Historia)<\/a><\/li>\n<\/ul>\n<p>&nbsp;<\/p>\n","protected":false},"excerpt":{"rendered":"<p>Se trata de un programa que act\u00faa como intermediario entre una persona y un sistema operativo, la interfaz gr\u00e1fica de usuario o GUI, por sus siglas en ingl\u00e9s, comprende de elementos visuales que buscan mostrar una informaci\u00f3n o acciones disponibles para el consumidor. \u00bfQu\u00e9 es la interfaz gr\u00e1fica de usuario? Como se mencion\u00f3 anteriormente, es [&hellip;]<\/p>\n","protected":false},"author":1,"featured_media":14910,"parent":0,"menu_order":0,"comment_status":"closed","ping_status":"closed","template":"","meta":{"inline_featured_image":false,"footnotes":""},"class_list":["post-2271","page","type-page","status-publish","has-post-thumbnail","hentry"],"_links":{"self":[{"href":"https:\/\/www.appyweb.es\/diccionario\/wp-json\/wp\/v2\/pages\/2271","targetHints":{"allow":["GET"]}}],"collection":[{"href":"https:\/\/www.appyweb.es\/diccionario\/wp-json\/wp\/v2\/pages"}],"about":[{"href":"https:\/\/www.appyweb.es\/diccionario\/wp-json\/wp\/v2\/types\/page"}],"author":[{"embeddable":true,"href":"https:\/\/www.appyweb.es\/diccionario\/wp-json\/wp\/v2\/users\/1"}],"replies":[{"embeddable":true,"href":"https:\/\/www.appyweb.es\/diccionario\/wp-json\/wp\/v2\/comments?post=2271"}],"version-history":[{"count":6,"href":"https:\/\/www.appyweb.es\/diccionario\/wp-json\/wp\/v2\/pages\/2271\/revisions"}],"predecessor-version":[{"id":14914,"href":"https:\/\/www.appyweb.es\/diccionario\/wp-json\/wp\/v2\/pages\/2271\/revisions\/14914"}],"wp:featuredmedia":[{"embeddable":true,"href":"https:\/\/www.appyweb.es\/diccionario\/wp-json\/wp\/v2\/media\/14910"}],"wp:attachment":[{"href":"https:\/\/www.appyweb.es\/diccionario\/wp-json\/wp\/v2\/media?parent=2271"}],"curies":[{"name":"wp","href":"https:\/\/api.w.org\/{rel}","templated":true}]}}