{"id":2283,"date":"2023-06-21T15:37:08","date_gmt":"2023-06-21T15:37:08","guid":{"rendered":"https:\/\/www.appyweb.es\/diccionario\/?page_id=2283"},"modified":"2024-04-15T11:36:37","modified_gmt":"2024-04-15T11:36:37","slug":"iob-marketing","status":"publish","type":"page","link":"https:\/\/www.appyweb.es\/diccionario\/iob-marketing\/","title":{"rendered":"IOB Marketing"},"content":{"rendered":"<figure id=\"attachment_14931\" aria-describedby=\"caption-attachment-14931\" style=\"width: 1000px\" class=\"wp-caption alignnone\"><img loading=\"lazy\" decoding=\"async\" class=\"size-full wp-image-14931\" src=\"https:\/\/www.appyweb.es\/diccionario\/wp-content\/uploads\/2024\/04\/IOBMarketing.jpg\" alt=\"IOB Marketing\" width=\"1000\" height=\"600\" srcset=\"https:\/\/www.appyweb.es\/diccionario\/wp-content\/uploads\/2024\/04\/IOBMarketing.jpg 1000w, https:\/\/www.appyweb.es\/diccionario\/wp-content\/uploads\/2024\/04\/IOBMarketing-300x180.jpg 300w, https:\/\/www.appyweb.es\/diccionario\/wp-content\/uploads\/2024\/04\/IOBMarketing-768x461.jpg 768w\" sizes=\"auto, (max-width: 1000px) 100vw, 1000px\" \/><figcaption id=\"caption-attachment-14931\" class=\"wp-caption-text\">Saliendo de un movil con un megafono y de fndi logos de redes sociales famosas..<\/figcaption><\/figure>\n<p>Cuando no se tiene idea de qu\u00e9 m\u00e9todos se deben implementar para mejorar el rendimiento de las campa\u00f1as, es recomendable buscar especialistas al respecto. Ya que ellos se encargar\u00e1n de ofrecer herramientas que contribuyan al \u00e9xito de la empresa, como IOB Marketing, <strong>una de las agencias de publicidad digital m\u00e1s importantes de Almer\u00eda<\/strong>, Espa\u00f1a.<\/p>\n<h2>\u00bfQu\u00e9 es IOB Marketing?<\/h2>\n<p>Es una empresa especializada en marketing digital, principalmente est\u00e1 orientada a dar apoyo a las compa\u00f1\u00edas que desean aumentar sus ingresos, poniendo en pr\u00e1ctica una metodolog\u00eda de personalizaci\u00f3n, es decir, <strong>se ajustan a los presupuestos y a los objetivos de cada cliente<\/strong>. Con sus servicios, las empresas pueden llevar a cabo <a href=\"https:\/\/www.appyweb.es\/marketing-de-atraccion\/\">campa\u00f1as de marketing de atracci\u00f3n<\/a>, desarrollo web, dise\u00f1o gr\u00e1fico, branding, entre otros.<\/p>\n<p>Esta agencia tambi\u00e9n es reconocida por trabajar con empresas de alto reconocimiento en su localidad, por ejemplo, con el blog Descubre Andaluc\u00eda, Real Estate Almer\u00eda, soldaduras y montajes Brimel, entre otros.<\/p>\n<h2>\u00bfPara qu\u00e9 sirve?<\/h2>\n<p>Esta empresa se encarga de ofrecer diferentes servicios, los cuales buscan permitir que las compa\u00f1\u00edas mejoren en diversos aspectos. Como por ejemplo, que <strong>aumente el tr\u00e1fico en los sitios web de los clientes<\/strong>, al mismo tiempo que aumenta la tasa de ventas. Igualmente, se encarga de buscar que las p\u00e1ginas que contratan sus servicios, logren la mayor visibilidad posible para que sus n\u00fameros mejoren en gran medida, para esto, se concentran en <a href=\"https:\/\/www.appyweb.es\/posicionamiento-web\/\">estrategias de posicionamiento web<\/a> y optimizaci\u00f3n SEO.<\/p>\n<p>Pero, tambi\u00e9n se encargan de <strong>mejorar la apariencia de la red con programadores y dise\u00f1adores<\/strong>, los cuales permitan establecer una identidad caracter\u00edstica que haga frente a la competencia. De esta forma, buscan mejorar la calidad del branding completamente, ya que se pueden encargar tambi\u00e9n de las redes sociales y del contenido que se debe publicar en ellas.<\/p>\n<h2>Servicio de IOB Marketing<\/h2>\n<ul>\n<li><strong>Marketing digital<\/strong>: Consiste en generar un proyecto que genere presencia y relevancia del sitio web del cliente, especialmente en los principales buscadores.<\/li>\n<li><strong>Desarrollo web<\/strong>: Es la construcci\u00f3n de p\u00e1ginas y tiendas online, incluyendo optimizaci\u00f3n SEO y dise\u00f1o responsivo.<\/li>\n<li><strong>Dise\u00f1o gr\u00e1fico<\/strong>: Incluye el desarrollo de la identidad corporativa y campa\u00f1as promocionales.<\/li>\n<li><strong>Branding<\/strong>: Es el desarrollo de contenidos exclusivo para el sitio web.<\/li>\n<\/ul>\n<h2>\u00bfC\u00f3mo contactarlos?<\/h2>\n<p>Esto se puede hacer de dos formas. Bien sea v\u00eda online, ya que su p\u00e1gina cuenta con un formulario que permite solicitar mayor informaci\u00f3n de sus servicios. All\u00ed tambi\u00e9n se puede <strong>solicitar una evaluaci\u00f3n previa del sitio<\/strong>, de esta forma, se puede estimar un presupuesto de lo que se necesita mejorar.<\/p>\n<p>O simplemente se puede ir a la sede de esta compa\u00f1\u00eda, la cual est\u00e1 ubicada en Almer\u00eda en C\/Poeta Juan Berbel, 11, Ciudad: 04800, Albox.<\/p>\n<p><script type=\"application\/ld+json\">{\"@context\":\"https:\/\/schema.org\",\"@type\":\"FAQPage\",\"mainEntity\":[ \n{\"@type\":\"Question\",\"name\":\"\u00bfQu\u00e9 es IOB Marketing?\",\"acceptedAnswer\":{\"@type\":\"Answer\",\"text\":\"<\/p>\n<p>Es una empresa especializada en marketing digital, principalmente est\u00e1 orientada a dar apoyo a las compa\u00f1\u00edas que desean aumentar sus ingresos, poniendo en pr\u00e1ctica una metodolog\u00eda de personalizaci\u00f3n, es decir, <strong>se ajustan a los presupuestos y a los objetivos de cada cliente<\/strong>. Con sus servicios, las empresas pueden llevar a cabo <a href='https:\/\/www.appyweb.es\/marketing-de-atraccion\/'>campa\u00f1as de marketing de atracci\u00f3n<\/a>, desarrollo web, dise\u00f1o gr\u00e1fico, branding, entre otros.<\/p>\n<p>Esta agencia tambi\u00e9n es reconocida por trabajar con empresas de alto reconocimiento en su localidad, por ejemplo, con el blog Descubre Andaluc\u00eda, Real Estate Almer\u00eda, soldaduras y montajes Brimel, entre otros.<\/p>\n<p>\"}},\n{\"@type\":\"Question\",\"name\":\"\u00bfPara qu\u00e9 sirve?\",\"acceptedAnswer\":{\"@type\":\"Answer\",\"text\":\"<\/p>\n<p>Esta empresa se encarga de ofrecer diferentes servicios, los cuales buscan permitir que las compa\u00f1\u00edas mejoren en diversos aspectos. Como por ejemplo, que <strong>aumente el tr\u00e1fico en los sitios web de los clientes<\/strong>, al mismo tiempo que aumenta la tasa de ventas. Igualmente, se encarga de buscar que las p\u00e1ginas que contratan sus servicios, logren la mayor visibilidad posible para que sus n\u00fameros mejoren en gran medida, para esto, se concentran en <a href='https:\/\/www.appyweb.es\/posicionamiento-web\/'>estrategias de posicionamiento web<\/a> y optimizaci\u00f3n SEO.<\/p>\n<p>Pero, tambi\u00e9n se encargan de <strong>mejorar la apariencia de la red con programadores y dise\u00f1adores<\/strong>, los cuales permitan establecer una identidad caracter\u00edstica que haga frente a la competencia. De esta forma, buscan mejorar la calidad del branding completamente, ya que se pueden encargar tambi\u00e9n de las redes sociales y del contenido que se debe publicar en ellas.<\/p>\n<p>\"}},\n{\"@type\":\"Question\",\"name\":\"Servicio de IOB Marketing\",\"acceptedAnswer\":{\"@type\":\"Answer\",\"text\":\"<\/p>\n<\/p>\n<\/p>\n<ul>\n<\/p>\n<\/p>\n<li><strong>Marketing digital<\/strong>: Consiste en generar un proyecto que genere presencia y relevancia del sitio web del cliente, especialmente en los principales buscadores.<\/li>\n<\/p>\n<\/p>\n<\/p>\n<li><strong>Desarrollo web<\/strong>: Es la construcci\u00f3n de p\u00e1ginas y tiendas online, incluyendo optimizaci\u00f3n SEO y dise\u00f1o responsivo.<\/li>\n<\/p>\n<\/p>\n<\/p>\n<li><strong>Dise\u00f1o gr\u00e1fico<\/strong>: Incluye el desarrollo de la identidad corporativa y campa\u00f1as promocionales.<\/li>\n<\/p>\n<\/p>\n<\/p>\n<li><strong>Branding<\/strong>: Es el desarrollo de contenidos exclusivo para el sitio web.<\/li>\n<\/p>\n<\/ul>\n<\/p>\n<p>\"}},\n{\"@type\":\"Question\",\"name\":\"\u00bfC\u00f3mo contactarlos?\",\"acceptedAnswer\":{\"@type\":\"Answer\",\"text\":\"<\/p>\n<p>Esto se puede hacer de dos formas. Bien sea v\u00eda online, ya que su p\u00e1gina cuenta con un formulario que permite solicitar mayor informaci\u00f3n de sus servicios. All\u00ed tambi\u00e9n se puede <strong>solicitar una evaluaci\u00f3n previa del sitio<\/strong>, de esta forma, se puede estimar un presupuesto de lo que se necesita mejorar.<\/p>\n<p>O simplemente se puede ir a la sede de esta compa\u00f1\u00eda, la cual est\u00e1 ubicada en Almer\u00eda en C\/Poeta Juan Berbel, 11, Ciudad: 04800, Albox.<\/p>\n<p>\"}}\n]}<\/script><\/p>\n<h2>M\u00e1s informaci\u00f3n sobre IOB Marketing<\/h2>\n<p>Si necesitas un poco de ayuda para tu campa\u00f1a en Internet, tal vez esta sea la agencia que puede catapultarte hacia el \u00e9xito. Aqu\u00ed puedes conseguir m\u00e1s informaci\u00f3n sobre sus servicios.<\/p>\n<ul>\n<li><a href=\"https:\/\/www.appyweb.es\/beneficios-agencia-de-marketing-online\/\">Beneficios al contratar un experto en marketing online<\/a><\/li>\n<li><a href=\"https:\/\/iobmarketing.com\/marketing-digital\/\" rel=\"nofollow noopener\" target=\"_blank\">Soluciones de publicidad digital en IOB Marketing<\/a><\/li>\n<\/ul>\n<p>&nbsp;<\/p>\n","protected":false},"excerpt":{"rendered":"<p>Cuando no se tiene idea de qu\u00e9 m\u00e9todos se deben implementar para mejorar el rendimiento de las campa\u00f1as, es recomendable buscar especialistas al respecto. Ya que ellos se encargar\u00e1n de ofrecer herramientas que contribuyan al \u00e9xito de la empresa, como IOB Marketing, una de las agencias de publicidad digital m\u00e1s importantes de Almer\u00eda, Espa\u00f1a. \u00bfQu\u00e9 [&hellip;]<\/p>\n","protected":false},"author":1,"featured_media":14931,"parent":0,"menu_order":0,"comment_status":"closed","ping_status":"closed","template":"","meta":{"inline_featured_image":false,"footnotes":""},"class_list":["post-2283","page","type-page","status-publish","has-post-thumbnail","hentry"],"_links":{"self":[{"href":"https:\/\/www.appyweb.es\/diccionario\/wp-json\/wp\/v2\/pages\/2283","targetHints":{"allow":["GET"]}}],"collection":[{"href":"https:\/\/www.appyweb.es\/diccionario\/wp-json\/wp\/v2\/pages"}],"about":[{"href":"https:\/\/www.appyweb.es\/diccionario\/wp-json\/wp\/v2\/types\/page"}],"author":[{"embeddable":true,"href":"https:\/\/www.appyweb.es\/diccionario\/wp-json\/wp\/v2\/users\/1"}],"replies":[{"embeddable":true,"href":"https:\/\/www.appyweb.es\/diccionario\/wp-json\/wp\/v2\/comments?post=2283"}],"version-history":[{"count":6,"href":"https:\/\/www.appyweb.es\/diccionario\/wp-json\/wp\/v2\/pages\/2283\/revisions"}],"predecessor-version":[{"id":14934,"href":"https:\/\/www.appyweb.es\/diccionario\/wp-json\/wp\/v2\/pages\/2283\/revisions\/14934"}],"wp:featuredmedia":[{"embeddable":true,"href":"https:\/\/www.appyweb.es\/diccionario\/wp-json\/wp\/v2\/media\/14931"}],"wp:attachment":[{"href":"https:\/\/www.appyweb.es\/diccionario\/wp-json\/wp\/v2\/media?parent=2283"}],"curies":[{"name":"wp","href":"https:\/\/api.w.org\/{rel}","templated":true}]}}