{"id":2305,"date":"2023-06-21T15:44:56","date_gmt":"2023-06-21T15:44:56","guid":{"rendered":"https:\/\/www.appyweb.es\/diccionario\/?page_id=2305"},"modified":"2024-04-15T11:51:59","modified_gmt":"2024-04-15T11:51:59","slug":"isologo","status":"publish","type":"page","link":"https:\/\/www.appyweb.es\/diccionario\/isologo\/","title":{"rendered":"Isologo"},"content":{"rendered":"<figure id=\"attachment_14946\" aria-describedby=\"caption-attachment-14946\" style=\"width: 1000px\" class=\"wp-caption alignnone\"><img loading=\"lazy\" decoding=\"async\" class=\"size-full wp-image-14946\" src=\"https:\/\/www.appyweb.es\/diccionario\/wp-content\/uploads\/2024\/04\/Isologo.jpg\" alt=\"Isologo\" width=\"1000\" height=\"600\" srcset=\"https:\/\/www.appyweb.es\/diccionario\/wp-content\/uploads\/2024\/04\/Isologo.jpg 1000w, https:\/\/www.appyweb.es\/diccionario\/wp-content\/uploads\/2024\/04\/Isologo-300x180.jpg 300w, https:\/\/www.appyweb.es\/diccionario\/wp-content\/uploads\/2024\/04\/Isologo-768x461.jpg 768w\" sizes=\"auto, (max-width: 1000px) 100vw, 1000px\" \/><figcaption id=\"caption-attachment-14946\" class=\"wp-caption-text\">Logo de ejemplo de una marca.<\/figcaption><\/figure>\n<p>Es la combinaci\u00f3n de un elemento gr\u00e1fico con el texto, de esta forma, este t\u00e9rmino est\u00e1 compuesto tanto de <em>isotipo<\/em> como <em>logotipo<\/em>. Por ejemplo, los tradicionales <strong>logos de Burger King o Pizza Hut son isologos<\/strong>.<\/p>\n<h2>\u00bfQu\u00e9 es un isologo?<\/h2>\n<p>Tambi\u00e9n se conoce como <em>isologotipo<\/em>, es un t\u00e9rmino que se utiliza para definir los s\u00edmbolos comerciales que identifican a las empresas o productos. Se forma a partir de un s\u00edmbolo gr\u00e1fico y uno textual, si no se complementan, no tiene ning\u00fan valor identificativo. De esta forma, es una <a href=\"https:\/\/www.appyweb.es\/diseno-grafico\/\">t\u00e9cnica de dise\u00f1o gr\u00e1fico<\/a> que ha sido muy efectiva para grandes marcas como Nissan, Burger King y Ford.<\/p>\n<p>Como se mencion\u00f3 anteriormente, la imagen gr\u00e1fica por s\u00ed sola se conoce como <em>isotipo<\/em>, mientras que el texto por s\u00ed solo se conoce como <em>logotipo<\/em>, <strong>su combinaci\u00f3n representa un isologo<\/strong>. No debe confundirse con imagotipo, que combina ambos s\u00edmbolos pero que funcionan bien por separado, por ejemplo, Nike o Apple.<\/p>\n<h2>\u00bfPara qu\u00e9 sirve?<\/h2>\n<p>A diferencia del imagotipo, su intenci\u00f3n no es hacer que la imagen corporativa pueda ser identificada en dos formas diferentes, sino utilizando una sola representaci\u00f3n gr\u00e1fica. Por ejemplo, en el caso de Pizza Hut, nunca utilizar\u00e1n solo el nombre en un producto, sino que emplear\u00e1n el isologo que <strong>es una combinaci\u00f3n inseparable de su nombre con el isotipo<\/strong>.<\/p>\n<p>Su funci\u00f3n principal es hacer que s\u00f3lo esa imagen pueda ser reconocida con el nombre de la marca, al mismo tiempo, que se adjudican colores e incluso formas tradicionales. Con ayuda de esto es m\u00e1s f\u00e1cil de llevar a cabo <a href=\"https:\/\/www.appyweb.es\/marketing-de-atraccion\/\">estrategias de marketing visual de atracci\u00f3n<\/a>, generando un detalle caracter\u00edstico de entre la competencia.<\/p>\n<h2>\u00bfDe qu\u00e9 forma pueden emplearse?<\/h2>\n<p>Ya que est\u00e1n orientados a que las personas puedan reconocer la marca desde cualquier punto, se suelen emplear en los productos de la empresa o dentro de las franquicias que se encuentren afiliados a la marca. Estas son algunas recomendaciones.<\/p>\n<ul>\n<li>La representaci\u00f3n gr\u00e1fica debe ser invariable, ya que <strong>la finalidad es que mantengan sus colores y el texto <\/strong>para que se destaque en el mercado.<\/li>\n<li>Es importante pensar bien d\u00f3nde se incluir\u00e1 el isologo, ya que la posici\u00f3n puede ser determinante para lograr llamar la atenci\u00f3n de los consumidores.<\/li>\n<li>Lo ideal es colocarlo en un sitio que sea f\u00e1cil de visualizar, ya que es lo que m\u00e1s debe destacar.<\/li>\n<\/ul>\n<h2>Diferencia entre logotipo, imagotipo, isotipo e isologo<\/h2>\n<ul>\n<li><strong>Logotipo<\/strong>: Es una pieza tipogr\u00e1fica, es decir, de solo texto, aunque tradicionalmente se utiliza para denominar cualquier representaci\u00f3n gr\u00e1fica de una empresa, en realidad solo describe su nombre.<\/li>\n<li><strong>Isotipo<\/strong>: Consiste en la pieza gr\u00e1fica \u00fanicamente, por ejemplo, la manzana de Apple.<\/li>\n<li><strong>Imagotipo<\/strong>: es la combinaci\u00f3n que existe <strong>entre la pieza tipogr\u00e1fica y la pieza gr\u00e1fica Qu\u00e9 representa la empresa<\/strong>, aunque trabajan bien de forma combinada estos tambi\u00e9n pueden trabajar bien de forma individual.<\/li>\n<li><strong>Isologo<\/strong>: C\u00f3mo se mencion\u00f3 anteriormente es la combinaci\u00f3n de la pieza gr\u00e1fica con el texto, sin embargo, estos son inseparables y no pueden dividirse para trabajar de forma individual.<\/li>\n<\/ul>\n<h2>M\u00e1s informaci\u00f3n<\/h2>\n<p>Es interesante tener en cuenta todos estos t\u00e9rminos sobre logos, sobre todo cuando tienes en mente desarrollar tus estrategias de dise\u00f1o gr\u00e1fico y marketing visual, aqu\u00ed tienes un poco m\u00e1s de informaci\u00f3n para complementar.<\/p>\n<ul>\n<li><a href=\"https:\/\/www.appyweb.es\/disenar-logo-calidad-negocio\/\">\u00bfC\u00f3mo dise\u00f1ar un logo de calidad para nuestro negocio?<\/a><\/li>\n<li><a href=\"https:\/\/www.lifeder.com\/isologo-isologotipo\/\" rel=\"nofollow noopener\" target=\"_blank\">Isologo o isologotipo: caracter\u00edsticas, elementos y ejemplos<\/a><\/li>\n<\/ul>\n<p>&nbsp;<\/p>\n","protected":false},"excerpt":{"rendered":"<p>Es la combinaci\u00f3n de un elemento gr\u00e1fico con el texto, de esta forma, este t\u00e9rmino est\u00e1 compuesto tanto de isotipo como logotipo. Por ejemplo, los tradicionales logos de Burger King o Pizza Hut son isologos. \u00bfQu\u00e9 es un isologo? Tambi\u00e9n se conoce como isologotipo, es un t\u00e9rmino que se utiliza para definir los s\u00edmbolos comerciales [&hellip;]<\/p>\n","protected":false},"author":1,"featured_media":0,"parent":0,"menu_order":0,"comment_status":"closed","ping_status":"closed","template":"","meta":{"inline_featured_image":false,"footnotes":""},"class_list":["post-2305","page","type-page","status-publish","hentry"],"_links":{"self":[{"href":"https:\/\/www.appyweb.es\/diccionario\/wp-json\/wp\/v2\/pages\/2305","targetHints":{"allow":["GET"]}}],"collection":[{"href":"https:\/\/www.appyweb.es\/diccionario\/wp-json\/wp\/v2\/pages"}],"about":[{"href":"https:\/\/www.appyweb.es\/diccionario\/wp-json\/wp\/v2\/types\/page"}],"author":[{"embeddable":true,"href":"https:\/\/www.appyweb.es\/diccionario\/wp-json\/wp\/v2\/users\/1"}],"replies":[{"embeddable":true,"href":"https:\/\/www.appyweb.es\/diccionario\/wp-json\/wp\/v2\/comments?post=2305"}],"version-history":[{"count":6,"href":"https:\/\/www.appyweb.es\/diccionario\/wp-json\/wp\/v2\/pages\/2305\/revisions"}],"predecessor-version":[{"id":14948,"href":"https:\/\/www.appyweb.es\/diccionario\/wp-json\/wp\/v2\/pages\/2305\/revisions\/14948"}],"wp:attachment":[{"href":"https:\/\/www.appyweb.es\/diccionario\/wp-json\/wp\/v2\/media?parent=2305"}],"curies":[{"name":"wp","href":"https:\/\/api.w.org\/{rel}","templated":true}]}}