{"id":232,"date":"2023-06-19T14:09:03","date_gmt":"2023-06-19T14:09:03","guid":{"rendered":"https:\/\/www.appyweb.es\/diccionario\/?page_id=232"},"modified":"2024-02-20T11:10:41","modified_gmt":"2024-02-20T11:10:41","slug":"baidu","status":"publish","type":"page","link":"https:\/\/www.appyweb.es\/diccionario\/baidu\/","title":{"rendered":"Baidu"},"content":{"rendered":"<h1 class=\"entry-title main_title\"><img loading=\"lazy\" decoding=\"async\" class=\" wp-image-8415 aligncenter\" src=\"https:\/\/www.appyweb.es\/diccionario\/wp-content\/uploads\/2023\/09\/que-es-baidu-300x225.jpg\" alt=\"\" width=\"911\" height=\"684\" srcset=\"https:\/\/www.appyweb.es\/diccionario\/wp-content\/uploads\/2023\/09\/que-es-baidu-300x225.jpg 300w, https:\/\/www.appyweb.es\/diccionario\/wp-content\/uploads\/2023\/09\/que-es-baidu-768x576.jpg 768w, https:\/\/www.appyweb.es\/diccionario\/wp-content\/uploads\/2023\/09\/que-es-baidu.jpg 945w\" sizes=\"auto, (max-width: 911px) 100vw, 911px\" \/><\/h1>\n<p>Dentro de Internet existen una gran cantidad de buscadores, que permiten facilitar la experiencia de conseguir informaci\u00f3n.<br \/>\nAl igual que Google,\u00a0<strong>hay <a href=\"https:\/\/www.appyweb.es\/diccionario\/motores-de-busqueda\/\">motores de b\u00fasqueda<\/a> potentes como Baidu<\/strong>, uno de los m\u00e1s utilizados en el continente asi\u00e1tico.<\/p>\n<h2>\u00bfQu\u00e9 es Baidu?<\/h2>\n<p>Este es un buscador que tiene un dise\u00f1o muy parecido a Google, su popularidad alcanza hasta el <strong>puesto n\u00famero 3 de los m\u00e1s utilizados en todo el mundo<\/strong>.<br \/>\nEsta herramienta es originaria de China, son muchos los sitios web y negocios que trabajan para <a href=\"https:\/\/diseno20.appyweb.es\/seo-internacional\/\" rel=\"nofollow noopener\" target=\"_blank\">lograr un buen posicionamiento web<\/a> en su p\u00e1gina de resultados.<\/p>\n<h2>\u00bfQu\u00e9 debes saber de Baidu?<\/h2>\n<p>Debido a su popularidad, es una de las herramientas m\u00e1s importantes para <strong>expandir un negocio o un portal online de manera internacional<\/strong>.<br \/>\nPero, es necesario tener en cuenta los criterios que utiliza para posicionar, as\u00ed como las censuras del gobierno Chino.<br \/>\nEs importante que para ingresar al listado de resultados la p\u00e1gina no debe incluir elementos censurados por \u00e9ste, se puede tener una recomendaci\u00f3n visitando cualquiera de los sitios \u201cen la lista negra\u201d del buscador.<\/p>\n<p>De resto, funciona como un motor de b\u00fasqueda ordinario, incluso cuenta con aplicaciones de anuncios de pago por clic, <a href=\"https:\/\/diseno20.appyweb.es\/campanas-google-adwords\/\" rel=\"nofollow noopener\" target=\"_blank\">muy similar a Google Ads<\/a>, disponible para apariciones dentro de la p\u00e1gina de resultados o en sitios web promocionados.<\/p>\n<h2>\u00bfCualquiera puede promocionarse en Baidu?<\/h2>\n<p>Debido a las pol\u00edticas que rigen al pa\u00eds chino esto no es posible, se necesita solicitar un permiso, una licencia de publicaci\u00f3n que debe ser solicitado y aprobado por el Ministerio de Industria y Tecnolog\u00eda.<\/p>\n<p>Este presenta algunas <strong>limitaciones en cuanto al uso de las herramientas de SEO<\/strong>, ya que si se llega a utilizar alguna palabra que se encuentre censurada, de manera autom\u00e1tica la web se desindexa del buscador.<\/p>\n<p>Aun as\u00ed, algunos negocios asi\u00e1ticos se arriesgan a participar en este mercado digital, ya que el 77% la poblaci\u00f3n china utiliza este buscador.<br \/>\nDe hecho, es el n\u00famero uno utilizado en este pa\u00eds asi\u00e1tico, en comparaci\u00f3n a Google que ocupa el tercer lugar.<\/p>\n<p><script type=\"application\/ld+json\">{\"@context\":\"https:\/\/schema.org\",\"@type\":\"FAQPage\",\"mainEntity\":[ \n{\"@type\":\"Question\",\"name\":\"\u00bfQu\u00e9 es Baidu?\",\"acceptedAnswer\":{\"@type\":\"Answer\",\"text\":\"<\/p>\n<\/p>\n<\/p>\n<\/p>\n<\/p>\n<p>Este es un buscador que tiene un dise\u00f1o muy parecido a Google, su popularidad alcanza hasta el <strong>puesto n\u00famero 3 de los m\u00e1s utilizados en todo el mundo<\/strong>. <br \/>Esta herramienta es originaria de China, son muchos los sitios web y negocios que trabajan para <a href='https:\/\/diseno20.appyweb.es\/seo-internacional\/'>lograr un buen posicionamiento web<\/a> en su p\u00e1gina de resultados.<\/p>\n<\/p>\n<\/p>\n<\/p>\n<\/p>\n<p>\"}},\n{\"@type\":\"Question\",\"name\":\"\u00bfQu\u00e9 debes saber de Baidu?\",\"acceptedAnswer\":{\"@type\":\"Answer\",\"text\":\"<\/p>\n<\/p>\n<\/p>\n<\/p>\n<\/p>\n<p>Debido a su popularidad, es una de las herramientas m\u00e1s importantes para <strong>expandir un negocio o un portal online de manera internacional<\/strong>. <br \/>Pero, es necesario tener en cuenta los criterios que utiliza para posicionar, as\u00ed como las censuras del gobierno Chino. <br \/>Es importante que para ingresar al listado de resultados la p\u00e1gina no debe incluir elementos censurados por \u00e9ste, se puede tener una recomendaci\u00f3n visitando cualquiera de los sitios \u201cen la lista negra\u201d del buscador.<\/p>\n<\/p>\n<\/p>\n<\/p>\n<\/p>\n<\/p>\n<\/p>\n<\/p>\n<\/p>\n<p>De resto, funciona como un motor de b\u00fasqueda ordinario, incluso cuenta con aplicaciones de anuncios de pago por clic, <a href='https:\/\/diseno20.appyweb.es\/campanas-google-adwords\/'>muy similar a Google Ads<\/a>, disponible para apariciones dentro de la p\u00e1gina de resultados o en sitios web promocionados.<\/p>\n<\/p>\n<\/p>\n<\/p>\n<\/p>\n<p>\"}},\n{\"@type\":\"Question\",\"name\":\"\u00bfCualquiera puede promocionarse en Baidu?\",\"acceptedAnswer\":{\"@type\":\"Answer\",\"text\":\"<\/p>\n<\/p>\n<\/p>\n<\/p>\n<\/p>\n<p>Debido a las pol\u00edticas que rigen al pa\u00eds chino esto no es posible, se necesita solicitar un permiso, una licencia de publicaci\u00f3n que debe ser solicitado y aprobado por el Ministerio de Industria y Tecnolog\u00eda.<\/p>\n<\/p>\n<\/p>\n<\/p>\n<\/p>\n<\/p>\n<\/p>\n<\/p>\n<\/p>\n<p>Este presenta algunas <strong>limitaciones en cuanto al uso de las herramientas de SEO<\/strong>, ya que si se llega a utilizar alguna palabra que se encuentre censurada, de manera autom\u00e1tica la web se desindexa del buscador.<\/p>\n<\/p>\n<\/p>\n<\/p>\n<\/p>\n<\/p>\n<\/p>\n<\/p>\n<\/p>\n<p>Aun as\u00ed, algunos negocios asi\u00e1ticos se arriesgan a participar en este mercado digital, ya que el 77% la poblaci\u00f3n china utiliza este buscador. <br \/>De hecho, es el n\u00famero uno utilizado en este pa\u00eds asi\u00e1tico, en comparaci\u00f3n a Google que ocupa el tercer lugar.<\/p>\n<\/p>\n<\/p>\n<\/p>\n<\/p>\n<p>\"}}\n]}<\/script><\/p>\n<p>&nbsp;<\/p>\n<h2><span id=\"%F0%9F%93%8C_Mas_informacion_sobre_Baidu\" class=\"ez-toc-section\"><\/span>M\u00e1s informaci\u00f3n sobre Baidu<\/h2>\n<ul>\n<li><a href=\"https:\/\/www.appyweb.es\/diccionario\/metabuscadores\/\">\u00bfQu\u00e9 son los Metabuscadores y para qu\u00e9 sirven?<\/a><\/li>\n<li><a href=\"https:\/\/hipertextual.com\/2016\/05\/baidu-censura-china\" rel=\"nofollow noopener\" target=\"_blank\">Baidu desaf\u00eda a China eliminando parte de la censura<\/a>.<\/li>\n<\/ul>\n","protected":false},"excerpt":{"rendered":"<p>Dentro de Internet existen una gran cantidad de buscadores, que permiten facilitar la experiencia de conseguir informaci\u00f3n. Al igual que Google,\u00a0hay motores de b\u00fasqueda potentes como Baidu, uno de los m\u00e1s utilizados en el continente asi\u00e1tico. \u00bfQu\u00e9 es Baidu? Este es un buscador que tiene un dise\u00f1o muy parecido a Google, su popularidad alcanza hasta [&hellip;]<\/p>\n","protected":false},"author":1,"featured_media":8415,"parent":0,"menu_order":0,"comment_status":"closed","ping_status":"closed","template":"","meta":{"inline_featured_image":false,"footnotes":""},"class_list":["post-232","page","type-page","status-publish","has-post-thumbnail","hentry"],"_links":{"self":[{"href":"https:\/\/www.appyweb.es\/diccionario\/wp-json\/wp\/v2\/pages\/232","targetHints":{"allow":["GET"]}}],"collection":[{"href":"https:\/\/www.appyweb.es\/diccionario\/wp-json\/wp\/v2\/pages"}],"about":[{"href":"https:\/\/www.appyweb.es\/diccionario\/wp-json\/wp\/v2\/types\/page"}],"author":[{"embeddable":true,"href":"https:\/\/www.appyweb.es\/diccionario\/wp-json\/wp\/v2\/users\/1"}],"replies":[{"embeddable":true,"href":"https:\/\/www.appyweb.es\/diccionario\/wp-json\/wp\/v2\/comments?post=232"}],"version-history":[{"count":9,"href":"https:\/\/www.appyweb.es\/diccionario\/wp-json\/wp\/v2\/pages\/232\/revisions"}],"predecessor-version":[{"id":11311,"href":"https:\/\/www.appyweb.es\/diccionario\/wp-json\/wp\/v2\/pages\/232\/revisions\/11311"}],"wp:featuredmedia":[{"embeddable":true,"href":"https:\/\/www.appyweb.es\/diccionario\/wp-json\/wp\/v2\/media\/8415"}],"wp:attachment":[{"href":"https:\/\/www.appyweb.es\/diccionario\/wp-json\/wp\/v2\/media?parent=232"}],"curies":[{"name":"wp","href":"https:\/\/api.w.org\/{rel}","templated":true}]}}