{"id":2325,"date":"2023-06-21T15:53:58","date_gmt":"2023-06-21T15:53:58","guid":{"rendered":"https:\/\/www.appyweb.es\/diccionario\/?page_id=2325"},"modified":"2024-04-11T11:26:49","modified_gmt":"2024-04-11T11:26:49","slug":"ilovepdf","status":"publish","type":"page","link":"https:\/\/www.appyweb.es\/diccionario\/ilovepdf\/","title":{"rendered":"I Love PDF"},"content":{"rendered":"<figure id=\"attachment_14596\" aria-describedby=\"caption-attachment-14596\" style=\"width: 1000px\" class=\"wp-caption alignnone\"><img loading=\"lazy\" decoding=\"async\" class=\"size-full wp-image-14596\" src=\"https:\/\/www.appyweb.es\/diccionario\/wp-content\/uploads\/2024\/04\/ILovePDF.jpg\" alt=\"I Love PDF\" width=\"1000\" height=\"600\" srcset=\"https:\/\/www.appyweb.es\/diccionario\/wp-content\/uploads\/2024\/04\/ILovePDF.jpg 1000w, https:\/\/www.appyweb.es\/diccionario\/wp-content\/uploads\/2024\/04\/ILovePDF-300x180.jpg 300w, https:\/\/www.appyweb.es\/diccionario\/wp-content\/uploads\/2024\/04\/ILovePDF-768x461.jpg 768w\" sizes=\"auto, (max-width: 1000px) 100vw, 1000px\" \/><figcaption id=\"caption-attachment-14596\" class=\"wp-caption-text\">Muchosformatos de archivo.<\/figcaption><\/figure>\n<p>Cuando se van a realizar diferentes acciones en el ordenador, siempre se busca la herramienta que sea m\u00e1s \u00fatil y r\u00e1pida. Cuando se trata de editar y almacenar documentos, <strong>I Love PDF es una de las m\u00e1s recomendadas<\/strong>.<\/p>\n<h2>\u00bfQu\u00e9 es I Love PDF?<\/h2>\n<p>Esta es una herramienta que permite editar, crear y almacenar documentos en PDF, ya que adem\u00e1s de permitir la visualizaci\u00f3n de los documentos en este formato, gracias a ella es posible dividir un mismo documento o convertir alg\u00fan otro documento de Word o Excel a este formato.<\/p>\n<p>Pero <strong>esta plataforma tambi\u00e9n puede ser utilizada para convertir otros archivos<\/strong>, como JPG, PowerPoint, Word, entre otros. Son muchas las empresas que utilizan esta plataforma para guardar sus documentos en PDF, ya que cuenta con un cifrado de seguridad HTTP\/SSL end-to-end. Puede ser un respaldo accidente para <a href=\"https:\/\/www.appyweb.es\/diseno-grafico\/\">guardar los documentos de dise\u00f1o gr\u00e1fico<\/a>, contratos, informaci\u00f3n, entre otros papeles.<\/p>\n<h2>\u00bfC\u00f3mo funciona I Love PDF?<\/h2>\n<p>Uno de los objetivos de los propietarios de esta plataforma es hacer que <strong>editar o almacenar estos documentos sea algo intuitivo<\/strong>, por lo que no es necesario que los usuarios tengan alg\u00fan tipo de conocimiento tecnol\u00f3gico. En este sentido, el usuario tambi\u00e9n tiene la libertad de escoger a trav\u00e9s de qu\u00e9 tipo de plataforma desea trabajar, se puede integrar desde la nube a partir de Google Drive y DropBox.<\/p>\n<p>Asimismo, <strong>tambi\u00e9n cuenta con una aplicaci\u00f3n m\u00f3vil disponible para Android y iOS<\/strong>, aunque incluye una versi\u00f3n de escritorio. Esta herramienta tambi\u00e9n funciona a trav\u00e9s de un Api Rest y un plugin de WordPress.<\/p>\n<h2>Ventajas que ofrece esta aplicaci\u00f3n<\/h2>\n<p>La principal ventaja de esta aplicaci\u00f3n es poder <strong>almacenar documentos en PDF con un tama\u00f1o reducido, <\/strong>por lo que puede ser m\u00e1s ligero al momento de enviar. Al mismo tiempo, permite que su gesti\u00f3n y edici\u00f3n sea m\u00e1s f\u00e1cil que cualquier otra herramienta digital.<\/p>\n<ul>\n<li>Permite gestionar y almacenar documentos sin necesidad de registrarse, lo que en algunos casos puede ser un inconveniente con cualquier otro tipo de plataforma.<\/li>\n<li>Permite que se trabajen diferentes documentos al mismo tiempo.<\/li>\n<li>Se puede usar con todos los navegadores.<\/li>\n<\/ul>\n<h2>\u00bfC\u00f3mo utilizar iLovePDF?<\/h2>\n<p>Es una plataforma que no requiere instalaci\u00f3n y es de uso totalmente gratuito, <strong>solo es necesario ingresar a la plataforma y seleccionar alguna de sus opciones<\/strong> que puede ser unir documentos, dividir, comprimir, pasar a Word, entre otros. As\u00ed que, el proceso es completamente online, por lo que es necesario estar conectado a Internet al momento de utilizarla.<\/p>\n<p>En este sentido puede ser muy <a href=\"https:\/\/www.appyweb.es\/marketing-de-contenidos\/\">\u00fatil para estrategias de marketing de contenidos<\/a>, ya que permite almacenar y editar los documentos en un solo lugar, si utilizas el plugin de WordPress incluso puedes subirlos a tu sitio o a tu blog.<\/p>\n<p><script type=\"application\/ld+json\">{\"@context\":\"https:\/\/schema.org\",\"@type\":\"FAQPage\",\"mainEntity\":[ \n{\"@type\":\"Question\",\"name\":\" \u00bfQu\u00e9 es I Love PDF?\",\"acceptedAnswer\":{\"@type\":\"Answer\",\"text\":\"<\/p>\n<p>Esta es una herramienta que permite editar, crear y almacenar documentos en PDF, ya que adem\u00e1s de permitir la visualizaci\u00f3n de los documentos en este formato, gracias a ella es posible dividir un mismo documento o convertir alg\u00fan otro documento de Word o Excel a este formato.<\/p>\n<p>Pero <strong>esta plataforma tambi\u00e9n puede ser utilizada para convertir otros archivos<\/strong>, como JPG, PowerPoint, Word, entre otros. Son muchas las empresas que utilizan esta plataforma para guardar sus documentos en PDF, ya que cuenta con un cifrado de seguridad HTTP\/SSL end-to-end. Puede ser un respaldo accidente para <a href='https:\/\/www.appyweb.es\/diseno-grafico\/'>guardar los documentos de dise\u00f1o gr\u00e1fico<\/a>, contratos, informaci\u00f3n, entre otros papeles.<\/p>\n<p>\"}},\n{\"@type\":\"Question\",\"name\":\" \u00bfC\u00f3mo funciona I Love PDF?\",\"acceptedAnswer\":{\"@type\":\"Answer\",\"text\":\"<\/p>\n<p>Uno de los objetivos de los propietarios de esta plataforma es hacer que <strong>editar o almacenar estos documentos sea algo intuitivo<\/strong>, por lo que no es necesario que los usuarios tengan alg\u00fan tipo de conocimiento tecnol\u00f3gico. En este sentido, el usuario tambi\u00e9n tiene la libertad de escoger a trav\u00e9s de qu\u00e9 tipo de plataforma desea trabajar, se puede integrar desde la nube a partir de Google Drive y DropBox.<\/p>\n<p>Asimismo, <strong>tambi\u00e9n cuenta con una aplicaci\u00f3n m\u00f3vil disponible para Android y iOS<\/strong>, aunque incluye una versi\u00f3n de escritorio. Esta herramienta tambi\u00e9n funciona a trav\u00e9s de un Api Rest y un plugin de WordPress.<\/p>\n<p>\"}},\n{\"@type\":\"Question\",\"name\":\"Ventajas que ofrece esta aplicaci\u00f3n\",\"acceptedAnswer\":{\"@type\":\"Answer\",\"text\":\"<\/p>\n<p>La principal ventaja de esta aplicaci\u00f3n es poder <strong>almacenar documentos en PDF con un tama\u00f1o reducido, <\/strong>por lo que puede ser m\u00e1s ligero al momento de enviar. Al mismo tiempo, permite que su gesti\u00f3n y edici\u00f3n sea m\u00e1s f\u00e1cil que cualquier otra herramienta digital.<\/p>\n<\/p>\n<\/p>\n<ul>\n<\/p>\n<\/p>\n<li> Permite gestionar y almacenar documentos sin necesidad de registrarse, lo que en algunos casos puede ser un inconveniente con cualquier otro tipo de plataforma.<\/li>\n<\/p>\n<\/p>\n<\/p>\n<li>Permite que se trabajen diferentes documentos al mismo tiempo.<\/li>\n<\/p>\n<\/p>\n<\/p>\n<li>Se puede usar con todos los navegadores.<\/li>\n<\/p>\n<\/ul>\n<\/p>\n<p>\"}},\n{\"@type\":\"Question\",\"name\":\" \u00bfC\u00f3mo utilizar iLovePDF?\",\"acceptedAnswer\":{\"@type\":\"Answer\",\"text\":\"<\/p>\n<p>Es una plataforma que no requiere instalaci\u00f3n y es de uso totalmente gratuito, <strong>solo es necesario ingresar a la plataforma y seleccionar alguna de sus opciones<\/strong> que puede ser unir documentos, dividir, comprimir, pasar a Word, entre otros. As\u00ed que, el proceso es completamente online, por lo que es necesario estar conectado a Internet al momento de utilizarla.<\/p>\n<p>En este sentido puede ser muy <a href='https:\/\/www.appyweb.es\/marketing-de-contenidos\/'>\u00fatil para estrategias de marketing de contenidos<\/a>, ya que permite almacenar y editar los documentos en un solo lugar, si utilizas el plugin de WordPress incluso puedes subirlos a tu sitio o a tu blog.<\/p>\n<p>\"}}\n]}<\/script><\/p>\n<h2>M\u00e1s informaci\u00f3n sobre I Love PDF<\/h2>\n<p>\u00bfQuiere empezar a utilizar esta aplicaci\u00f3n para mantener tu archivos seguros en la nube?, pues inf\u00f3rmate un poco m\u00e1s al respecto en los siguientes enlaces.<\/p>\n<ul>\n<li><a href=\"https:\/\/www.appyweb.es\/diccionario\/dropbox\/\">\u00bfQu\u00e9 es Dropbox y para qu\u00e9 sirve?<\/a><\/li>\n<li><a href=\"https:\/\/www.ilovepdf.com\/es\/ayuda\/preguntas-frecuentes\" rel=\"nofollow noopener\" target=\"_blank\">Preguntas frecuentes sobre las herramientas de I Love PDF<\/a><\/li>\n<\/ul>\n<p>&nbsp;<\/p>\n","protected":false},"excerpt":{"rendered":"<p>Cuando se van a realizar diferentes acciones en el ordenador, siempre se busca la herramienta que sea m\u00e1s \u00fatil y r\u00e1pida. Cuando se trata de editar y almacenar documentos, I Love PDF es una de las m\u00e1s recomendadas. \u00bfQu\u00e9 es I Love PDF? Esta es una herramienta que permite editar, crear y almacenar documentos en [&hellip;]<\/p>\n","protected":false},"author":1,"featured_media":14596,"parent":0,"menu_order":0,"comment_status":"closed","ping_status":"closed","template":"","meta":{"inline_featured_image":false,"footnotes":""},"class_list":["post-2325","page","type-page","status-publish","has-post-thumbnail","hentry"],"_links":{"self":[{"href":"https:\/\/www.appyweb.es\/diccionario\/wp-json\/wp\/v2\/pages\/2325","targetHints":{"allow":["GET"]}}],"collection":[{"href":"https:\/\/www.appyweb.es\/diccionario\/wp-json\/wp\/v2\/pages"}],"about":[{"href":"https:\/\/www.appyweb.es\/diccionario\/wp-json\/wp\/v2\/types\/page"}],"author":[{"embeddable":true,"href":"https:\/\/www.appyweb.es\/diccionario\/wp-json\/wp\/v2\/users\/1"}],"replies":[{"embeddable":true,"href":"https:\/\/www.appyweb.es\/diccionario\/wp-json\/wp\/v2\/comments?post=2325"}],"version-history":[{"count":6,"href":"https:\/\/www.appyweb.es\/diccionario\/wp-json\/wp\/v2\/pages\/2325\/revisions"}],"predecessor-version":[{"id":14601,"href":"https:\/\/www.appyweb.es\/diccionario\/wp-json\/wp\/v2\/pages\/2325\/revisions\/14601"}],"wp:featuredmedia":[{"embeddable":true,"href":"https:\/\/www.appyweb.es\/diccionario\/wp-json\/wp\/v2\/media\/14596"}],"wp:attachment":[{"href":"https:\/\/www.appyweb.es\/diccionario\/wp-json\/wp\/v2\/media?parent=2325"}],"curies":[{"name":"wp","href":"https:\/\/api.w.org\/{rel}","templated":true}]}}