{"id":2329,"date":"2023-06-21T15:56:22","date_gmt":"2023-06-21T15:56:22","guid":{"rendered":"https:\/\/www.appyweb.es\/diccionario\/?page_id=2329"},"modified":"2024-04-12T11:13:11","modified_gmt":"2024-04-12T11:13:11","slug":"infojobs","status":"publish","type":"page","link":"https:\/\/www.appyweb.es\/diccionario\/infojobs\/","title":{"rendered":"Infojobs"},"content":{"rendered":"<figure id=\"attachment_14781\" aria-describedby=\"caption-attachment-14781\" style=\"width: 1000px\" class=\"wp-caption alignnone\"><img loading=\"lazy\" decoding=\"async\" class=\"size-full wp-image-14781\" src=\"https:\/\/www.appyweb.es\/diccionario\/wp-content\/uploads\/2024\/04\/Infojobs.jpg\" alt=\"Infojobs\" width=\"1000\" height=\"600\" srcset=\"https:\/\/www.appyweb.es\/diccionario\/wp-content\/uploads\/2024\/04\/Infojobs.jpg 1000w, https:\/\/www.appyweb.es\/diccionario\/wp-content\/uploads\/2024\/04\/Infojobs-300x180.jpg 300w, https:\/\/www.appyweb.es\/diccionario\/wp-content\/uploads\/2024\/04\/Infojobs-768x461.jpg 768w\" sizes=\"auto, (max-width: 1000px) 100vw, 1000px\" \/><figcaption id=\"caption-attachment-14781\" class=\"wp-caption-text\">identificando el nivel de cada persona online para un trabajo.<\/figcaption><\/figure>\n<p>Se trata de una bolsa de empleo online dirigida personas que buscan un trabajo, pero tambi\u00e9n a empresas que buscan empleados. Est\u00e1 posicionada en el mercado espa\u00f1ol, italiano y brasile\u00f1o. Desde <strong>Infojobs es posible acceder a miles de ofertas de trabajo<\/strong> y tener acceso a candidatos aut\u00f3nomos para contratar.<\/p>\n<h2>\u00bfQu\u00e9 es Infojobs?<\/h2>\n<p>Es una empresa que se orienta a ayudar en la b\u00fasqueda de trabajo. En ella es posible publicar oferta de trabajo, visualizar ofertas de empleo, tener acceso a datos de contacto de una empresa o de un profesional. Asimismo, cuenta con una secci\u00f3n que <strong>permite a los m\u00e1s j\u00f3venes encontrar su primer empleo<\/strong>. En esta plataforma, existen hasta m\u00e1s 3,300 ofertas de trabajo, las cuales se pueden filtrar seg\u00fan el tipo de profesi\u00f3n, contrato, proyecto, entre otros.<\/p>\n<p>Ya que Infojobs es una empresa privada, tambi\u00e9n cuenta con una gran red de trabajadores, un total de 200 solo en su sede central en Barcelona. Igualmente, cuenta con al menos 10 oficinas m\u00e1s solo en Espa\u00f1a. En este sentido, es uno de los portales para encontrar trabajo con <a href=\"https:\/\/www.appyweb.es\/posicionamiento-web\/\">un buen posicionamiento web<\/a> en espa\u00f1ol.<\/p>\n<h2>Origen<\/h2>\n<p>Fue creada en 1998, en Barcelona, de la mano de Nacho Gonz\u00e1lez Barros. Principalmente, naci\u00f3 dentro del Grupo Intercom, donde Gonz\u00e1lez formaba parte del equipo de Recursos Humanos. Actualmente, es propiedad del grupo Adevinta, m\u00e1s espec\u00edficamente a trav\u00e9s de la filial Anuntis-Segundamano, donde tambi\u00e9n <strong>se destacan otras plataformas de anuncios <\/strong>como segundamano.es fotocasa, milanuncios.com y coches.net.<\/p>\n<p>En el 2003 recibi\u00f3 su primer reconocimiento en los premios Premis Pimes 2003, en ese mismo a\u00f1o tambi\u00e9n fue nominada al premio Pr\u00edncipe Felipe de la Excelencia Empresarial e Innovaci\u00f3n Tecnol\u00f3gica. Finalmente, en 2007 comienza la expansi\u00f3n con dos nuevas delegaciones en Galicia y Pa\u00eds Vasco, al a\u00f1o siguiente en 2008 se abren otras seis m\u00e1s en Zaragoza, Sevilla, Alicante, Valencia, San Sebasti\u00e1n y Vigo.<\/p>\n<h2>\u00bfEs posible conseguir un buen trabajo en infojobs?<\/h2>\n<p>Se deben tener ciertos puntos claros para realmente conseguir una buena oferta de trabajo en esta bolsa, ya que el flujo de personas que atienden diariamente es muy alto, por lo cual, la competencia puede ser muy alta. Estas son algunas recomendaciones para <strong>conseguir un buen trabajo en Infojobs<\/strong>.<\/p>\n<ul>\n<li>Visitar la p\u00e1gina con regularidad, ya que mientras m\u00e1s postulaciones se hagan habr\u00e1 mayor posibilidad de \u00e9xito.<\/li>\n<li>Cuando se tiene claro el tipo de trabajo que se va a buscar, es recomendable que <strong>se empleen palabras claves en la descripci\u00f3n del perfil<\/strong>, las cuales hacen que aparezca en mayor cantidad de b\u00fasquedas.<\/li>\n<li>A la hora de hacer una postulaci\u00f3n es importante actualizar el perfil constantemente, ya que hay mayores probabilidades de \u00e9xito si se est\u00e1 entre los primeros, que normalmente los nuevos postulantes.<\/li>\n<\/ul>\n<h2>\u00bfC\u00f3mo funciona Infojobs?<\/h2>\n<p>Existen dos escenarios posibles dentro de la plataforma, el primero <strong>permite que los profesionales publiquen su curr\u00edculum<\/strong>, que luego podr\u00e1 ser descargado por las empresas interesadas o en las que \u00e9l mismo se haya postulado. El segundo escenario es cuando las empresas tienen la oportunidad de publicar ofertas, asimismo, pueden insertar una descripci\u00f3n e incluso el sitio web oficial de la empresa.<\/p>\n<p>Con ayuda de los filtros es posible encontrar solicitudes y ofertas que est\u00e9n dirigidas justo al \u00e1rea que se piensa cubrir. Pero c\u00f3mo se menciona en el apartado de arriba, <strong>es importante utilizar palabras claves<\/strong>, por ejemplo, si se va a <a href=\"https:\/\/www.appyweb.es\/desarrollo-app\/\">contratar un profesional en desarrollo web<\/a> es importante utilizar la palabra \u201cdesarrollo\u201d o \u201cprogramaci\u00f3n\u201d resaltadas en negritas dentro de la descripci\u00f3n. Entre otras herramientas se encuentran las siguientes.<\/p>\n<ul>\n<li><strong>Publicar ofertas<\/strong>: Se trata de un servicio que permite que las empresas <strong>muestren todos los detalles acerca del puesto de trabajo<\/strong> y as\u00ed los usuarios pueden visualizar cu\u00e1les son los requisitos que necesitan para optar por el trabajo.<\/li>\n<li>B\u00fasqueda de base de datos: Actualmente, la plataforma de influidos cuenta con m\u00e1s de dos millones de candidatos activos en su base de datos, las empresas pueden solicitar acceso a ella para encontrar los mejores profesionales.<\/li>\n<li><strong>Publicar proyecto<\/strong>: Es como una oferta de trabajo pero cuenta con un contrato limitado, esta secci\u00f3n se le conoce como Infojobs Freelance y en ella existe una base de datos de m\u00e1s de 100 mil aut\u00f3nomos.<\/li>\n<li><strong>B\u00fasqueda de empleo<\/strong>: Consiste en publicar y promocionar un curr\u00edculum para que est\u00e9 a la vista de los empleadores.<\/li>\n<\/ul>\n<p><script type=\"application\/ld+json\">{\"@context\":\"https:\/\/schema.org\",\"@type\":\"FAQPage\",\"mainEntity\":[ \n{\"@type\":\"Question\",\"name\":\"\u00bfQu\u00e9 es Infojobs?\",\"acceptedAnswer\":{\"@type\":\"Answer\",\"text\":\"<\/p>\n<p>Es una empresa que se orienta a ayudar en la b\u00fasqueda de trabajo. En ella es posible publicar oferta de trabajo, visualizar ofertas de empleo, tener acceso a datos de contacto de una empresa o de un profesional. Asimismo, cuenta con una secci\u00f3n que <strong>permite a los m\u00e1s j\u00f3venes encontrar su primer empleo<\/strong>. En esta plataforma, existen hasta m\u00e1s 3,300 ofertas de trabajo, las cuales se pueden filtrar seg\u00fan el tipo de profesi\u00f3n, contrato, proyecto, entre otros.<\/p>\n<p>Ya que Infojobs es una empresa privada, tambi\u00e9n cuenta con una gran red de trabajadores, un total de 200 solo en su sede central en Barcelona. Igualmente, cuenta con al menos 10 oficinas m\u00e1s solo en Espa\u00f1a. En este sentido, es uno de los portales para encontrar trabajo con <a href='https:\/\/www.appyweb.es\/posicionamiento-web\/'>un buen posicionamiento web<\/a> en espa\u00f1ol. <\/p>\n<p>\"}},\n{\"@type\":\"Question\",\"name\":\"Origen\",\"acceptedAnswer\":{\"@type\":\"Answer\",\"text\":\"<\/p>\n<p>Fue creada en 1998, en Barcelona, de la mano de Nacho Gonz\u00e1lez Barros. Principalmente, naci\u00f3 dentro del Grupo Intercom, donde Gonz\u00e1lez formaba parte del equipo de Recursos Humanos. Actualmente, es propiedad del grupo Adevinta, m\u00e1s espec\u00edficamente a trav\u00e9s de la filial Anuntis-Segundamano, donde tambi\u00e9n <strong>se destacan otras plataformas de anuncios <\/strong>como segundamano.es fotocasa, milanuncios.com y coches.net.<\/p>\n<p>En el 2003 recibi\u00f3 su primer reconocimiento en los premios Premis Pimes 2003, en ese mismo a\u00f1o tambi\u00e9n fue nominada al premio Pr\u00edncipe Felipe de la Excelencia Empresarial e Innovaci\u00f3n Tecnol\u00f3gica. Finalmente, en 2007 comienza la expansi\u00f3n con dos nuevas delegaciones en Galicia y Pa\u00eds Vasco, al a\u00f1o siguiente en 2008 se abren otras seis m\u00e1s en Zaragoza, Sevilla, Alicante, Valencia, San Sebasti\u00e1n y Vigo.<\/p>\n<p>\"}},\n{\"@type\":\"Question\",\"name\":\"\u00bfEs posible conseguir un buen trabajo en infojobs?\",\"acceptedAnswer\":{\"@type\":\"Answer\",\"text\":\"<\/p>\n<p>Se deben tener ciertos puntos claros para realmente conseguir una buena oferta de trabajo en esta bolsa, ya que el flujo de personas que atienden diariamente es muy alto, por lo cual, la competencia puede ser muy alta. Estas son algunas recomendaciones para <strong>conseguir un buen trabajo en Infojobs<\/strong>.<\/p>\n<\/p>\n<ul>\n<\/p>\n<li>Visitar la p\u00e1gina con regularidad, ya que mientras m\u00e1s postulaciones se hagan habr\u00e1 mayor posibilidad de \u00e9xito.<\/li>\n<\/p>\n<li>Cuando se tiene claro el tipo de trabajo que se va a buscar, es recomendable que <strong>se empleen palabras claves en la descripci\u00f3n del perfil<\/strong>, las cuales hacen que aparezca en mayor cantidad de b\u00fasquedas.<\/li>\n<\/p>\n<li>A la hora de hacer una postulaci\u00f3n es importante actualizar el perfil constantemente, ya que hay mayores probabilidades de \u00e9xito si se est\u00e1 entre los primeros, que normalmente los nuevos postulantes.<\/li>\n<\/ul>\n<p>\"}},\n{\"@type\":\"Question\",\"name\":\"\u00bfC\u00f3mo funciona Infojobs?\",\"acceptedAnswer\":{\"@type\":\"Answer\",\"text\":\"<\/p>\n<p>Existen dos escenarios posibles dentro de la plataforma, el primero <strong>permite que los profesionales publiquen su curr\u00edculum<\/strong>, que luego podr\u00e1 ser descargado por las empresas interesadas o en las que \u00e9l mismo se haya postulado. El segundo escenario es cuando las empresas tienen la oportunidad de publicar ofertas, asimismo, pueden insertar una descripci\u00f3n e incluso el sitio web oficial de la empresa.<\/p>\n<p>Con ayuda de los filtros es posible encontrar solicitudes y ofertas que est\u00e9n dirigidas justo al \u00e1rea que se piensa cubrir. Pero c\u00f3mo se menciona en el apartado de arriba, <strong>es importante utilizar palabras claves<\/strong>, por ejemplo, si se va a <a href='https:\/\/www.appyweb.es\/desarrollo-app\/'>contratar un profesional en desarrollo web<\/a> es importante utilizar la palabra \u201cdesarrollo\u201d o \u201cprogramaci\u00f3n\u201d resaltadas en negritas dentro de la descripci\u00f3n. Entre otras herramientas se encuentran las siguientes.<\/p>\n<\/p>\n<ul>\n<\/p>\n<li><strong>Publicar ofertas<\/strong>: Se trata de un servicio que permite que las empresas <strong>muestren todos los detalles acerca del puesto de trabajo<\/strong> y as\u00ed los usuarios pueden visualizar cu\u00e1les son los requisitos que necesitan para optar por el trabajo.<\/li>\n<\/p>\n<li>B\u00fasqueda de base de datos: Actualmente, la plataforma de influidos cuenta con m\u00e1s de dos millones de candidatos activos en su base de datos, las empresas pueden solicitar acceso a ella para encontrar los mejores profesionales.<\/li>\n<\/p>\n<li><strong>Publicar proyecto<\/strong>: Es como una oferta de trabajo pero cuenta con un contrato limitado, esta secci\u00f3n se le conoce como Infojobs Freelance y en ella existe una base de datos de m\u00e1s de 100 mil aut\u00f3nomos.<\/li>\n<\/p>\n<li><strong>B\u00fasqueda de empleo<\/strong>: Consiste en publicar y promocionar un curr\u00edculum para que est\u00e9 a la vista de los empleadores.<\/li>\n<\/ul>\n<p>\"}}\n]}<\/script><\/p>\n<h2>M\u00e1s informaci\u00f3n sobre infojobs<\/h2>\n<p>Si est\u00e1s pensando en contratar profesionales o publicar tu curr\u00edculum en esta plataforma es recomendable que lo hagas en las ma\u00f1anas, ya que la mayor\u00eda de las empresas realizan estas publicaciones durante horario de oficina y aumentan las probabilidades que se vea la postulaci\u00f3n inmediatamente. Aqu\u00ed tienes un par de enlaces para ampliar informaci\u00f3n.<\/p>\n<ul>\n<li><a href=\"https:\/\/www.appyweb.es\/diccionario\/freelance\/\">\u00bfQu\u00e9 es el Freelance y para qu\u00e9 sirve?<\/a><\/li>\n<li><a href=\"https:\/\/orientacion-laboral.infojobs.net\/dudas-mas-habituales-de-los-usuarios-de-infojobs\" rel=\"nofollow noopener\" target=\"_blank\">Las 6 dudas m\u00e1s habituales de los usuarios de InfoJobs<\/a><\/li>\n<\/ul>\n<p>&nbsp;<\/p>\n","protected":false},"excerpt":{"rendered":"<p>Se trata de una bolsa de empleo online dirigida personas que buscan un trabajo, pero tambi\u00e9n a empresas que buscan empleados. Est\u00e1 posicionada en el mercado espa\u00f1ol, italiano y brasile\u00f1o. Desde Infojobs es posible acceder a miles de ofertas de trabajo y tener acceso a candidatos aut\u00f3nomos para contratar. \u00bfQu\u00e9 es Infojobs? Es una empresa [&hellip;]<\/p>\n","protected":false},"author":1,"featured_media":14781,"parent":0,"menu_order":0,"comment_status":"closed","ping_status":"closed","template":"","meta":{"inline_featured_image":false,"footnotes":""},"class_list":["post-2329","page","type-page","status-publish","has-post-thumbnail","hentry"],"_links":{"self":[{"href":"https:\/\/www.appyweb.es\/diccionario\/wp-json\/wp\/v2\/pages\/2329","targetHints":{"allow":["GET"]}}],"collection":[{"href":"https:\/\/www.appyweb.es\/diccionario\/wp-json\/wp\/v2\/pages"}],"about":[{"href":"https:\/\/www.appyweb.es\/diccionario\/wp-json\/wp\/v2\/types\/page"}],"author":[{"embeddable":true,"href":"https:\/\/www.appyweb.es\/diccionario\/wp-json\/wp\/v2\/users\/1"}],"replies":[{"embeddable":true,"href":"https:\/\/www.appyweb.es\/diccionario\/wp-json\/wp\/v2\/comments?post=2329"}],"version-history":[{"count":5,"href":"https:\/\/www.appyweb.es\/diccionario\/wp-json\/wp\/v2\/pages\/2329\/revisions"}],"predecessor-version":[{"id":14783,"href":"https:\/\/www.appyweb.es\/diccionario\/wp-json\/wp\/v2\/pages\/2329\/revisions\/14783"}],"wp:featuredmedia":[{"embeddable":true,"href":"https:\/\/www.appyweb.es\/diccionario\/wp-json\/wp\/v2\/media\/14781"}],"wp:attachment":[{"href":"https:\/\/www.appyweb.es\/diccionario\/wp-json\/wp\/v2\/media?parent=2329"}],"curies":[{"name":"wp","href":"https:\/\/api.w.org\/{rel}","templated":true}]}}