{"id":2361,"date":"2023-06-22T07:12:52","date_gmt":"2023-06-22T07:12:52","guid":{"rendered":"https:\/\/www.appyweb.es\/diccionario\/?page_id=2361"},"modified":"2024-04-15T13:53:04","modified_gmt":"2024-04-15T13:53:04","slug":"javascript","status":"publish","type":"page","link":"https:\/\/www.appyweb.es\/diccionario\/javascript\/","title":{"rendered":"JavaScript"},"content":{"rendered":"<figure id=\"attachment_14965\" aria-describedby=\"caption-attachment-14965\" style=\"width: 1000px\" class=\"wp-caption alignnone\"><img loading=\"lazy\" decoding=\"async\" class=\"size-full wp-image-14965\" src=\"https:\/\/www.appyweb.es\/diccionario\/wp-content\/uploads\/2024\/04\/JavaScript.jpg\" alt=\"JavaScript\" width=\"1000\" height=\"600\" srcset=\"https:\/\/www.appyweb.es\/diccionario\/wp-content\/uploads\/2024\/04\/JavaScript.jpg 1000w, https:\/\/www.appyweb.es\/diccionario\/wp-content\/uploads\/2024\/04\/JavaScript-300x180.jpg 300w, https:\/\/www.appyweb.es\/diccionario\/wp-content\/uploads\/2024\/04\/JavaScript-768x461.jpg 768w\" sizes=\"auto, (max-width: 1000px) 100vw, 1000px\" \/><figcaption id=\"caption-attachment-14965\" class=\"wp-caption-text\">Dos personas mirando una pantalla con codigo.<\/figcaption><\/figure>\n<p>Se trata de un <strong>lenguaje de programaci\u00f3n basado en objetos<\/strong> y se utiliza principalmente del lado del cliente, es decir, desde el servidor o el ordenador que consume el servicio remoto. JavaScript forma parte de los navegadores web, porque permite mejorar la interfaz del usuario y el desarrollo de p\u00e1ginas web din\u00e1micas.<\/p>\n<h2>\u00bfQu\u00e9 es JavaScript?<\/h2>\n<p>JavaScript es un <strong>lenguaje de programaci\u00f3n que permite configurar p\u00e1ginas en Internet<\/strong>, para que puedan ser visualizadas con el m\u00ednimo de errores. A partir del 2012, todos los navegadores modernos lo soportan completamente. Es por eso que todos los <a href=\"https:\/\/www.appyweb.es\/diseno-web\/\">dise\u00f1adores web deben tener capacitaci\u00f3n<\/a> en este tipo de lenguaje para llevar a cabo aplicaciones y p\u00e1ginas web avanzadas.<\/p>\n<p>No hay que compararlo con el lenguaje de programaci\u00f3n Java, ya que son totalmente diferentes, aunque tengan nombres y convenciones similares, sin embargo su prop\u00f3sito y sem\u00e1nticas son diferentes. Por el contrario, JavaScript se dise\u00f1\u00f3 de forma similar a la sintaxis de C.<\/p>\n<h2>\u00bfPara qu\u00e9 sirve?<\/h2>\n<p>Permite que se a\u00f1adan interacciones a los documentos HTML, as\u00ed como la implementaci\u00f3n de <strong>una cantidad mayor de herramientas para las p\u00e1ginas web<\/strong>. Como por ejemplo, los contadores de visitas, que permiten saber la cantidad de personas que entran a la p\u00e1gina e interact\u00faan con ella.<\/p>\n<p>Aparte de todas sus funcionalidades para crear y gestionar documentos digitales, tambi\u00e9n se permite crear una interacci\u00f3n m\u00e1s directa con el usuario. Por ejemplo, se pueden incluir minichats, ya que con ellos se les proporciona una atenci\u00f3n m\u00e1s personalizada a la mayor\u00eda de los usuarios. De esta forma, permite a los <a href=\"https:\/\/www.appyweb.es\/desarrollo-app\/\">desarrolladores de aplicaciones<\/a> contar con una mayor diversidad de funcionalidades al momento de programar.<\/p>\n<h2>\u00bfQu\u00e9 se puede hacer con JavaScript?<\/h2>\n<p>Algunas de las <strong>funcionalidades din\u00e1micas que se pueden incorporar<\/strong> con ayuda de este lenguaje de programaci\u00f3n son los textos que aparecen y desaparecen, as\u00ed como animaciones y cualquier otro tipo de interacci\u00f3n animada.<\/p>\n<p>Al mismo tiempo, tambi\u00e9n es capaz de llevar a cabo acciones espec\u00edficas al momento de hacer clic sobre un bot\u00f3n o abrir ventanas con mensajes de aviso.<\/p>\n<h2>\u00bfSe puede activar en cualquier navegador?<\/h2>\n<p>Este programa es soportado por la gran mayor\u00eda de los buscadores, lo cual es algo importante para que funcione en cualquier dispositivo, y as\u00ed no represente ning\u00fan problema de visualizaci\u00f3n.<\/p>\n<p>A pesar de que puede ser usada en cualquier navegador, <strong>los usuarios pueden decidir desactivar o activar sus caracter\u00edsticas<\/strong>. Esta configuraci\u00f3n se puede hacer en Google Chrome de la siguiente forma.<\/p>\n<ol>\n<li>Dentro de una ventana de Chrome se debe clic en la esquina superior derecha, en el bot\u00f3n <em>m\u00e1s<\/em>.<\/li>\n<li>Dentro de este se har\u00e1 clic en el bot\u00f3n <em>configuraci\u00f3n<\/em>.<\/li>\n<li>En el recuadro que aparecer\u00e1 se debe seleccionar <em>configuraci\u00f3n avanzada<\/em> en la parte inferior.<\/li>\n<li>Dentro de este men\u00fa se seleccionar\u00e1 <em>privacidad y seguridad<\/em>, una vez all\u00ed hacer clic en <em>configuraci\u00f3n de contenido<\/em>.<\/li>\n<li>Aparecer\u00e1 una lista de opciones y solo bastar\u00e1 con hacer clic en <em>JavaScript<\/em>.<\/li>\n<li>Finalmente se har\u00e1 clic en <em>permitir<\/em> y listo.<\/li>\n<\/ol>\n<p><script type=\"application\/ld+json\">{\"@context\":\"https:\/\/schema.org\",\"@type\":\"FAQPage\",\"mainEntity\":[ \n{\"@type\":\"Question\",\"name\":\"\u00bfQu\u00e9 es JavaScript?\",\"acceptedAnswer\":{\"@type\":\"Answer\",\"text\":\"<\/p>\n<p>JavaScript es un <strong>lenguaje de programaci\u00f3n que permite configurar p\u00e1ginas en Internet<\/strong>, para que puedan ser visualizadas con el m\u00ednimo de errores. A partir del 2012, todos los navegadores modernos lo soportan completamente. Es por eso que todos los <a href='https:\/\/www.appyweb.es\/diseno-web\/'>dise\u00f1adores web deben tener capacitaci\u00f3n<\/a> en este tipo de lenguaje para llevar a cabo aplicaciones y p\u00e1ginas web avanzadas.<\/p>\n<p>No hay que compararlo con el lenguaje de programaci\u00f3n Java, ya que son totalmente diferentes, aunque tengan nombres y convenciones similares, sin embargo su prop\u00f3sito y sem\u00e1nticas son diferentes. Por el contrario, JavaScript se dise\u00f1\u00f3 de forma similar a la sintaxis de C.<\/p>\n<p>\"}},\n{\"@type\":\"Question\",\"name\":\"\u00bfPara qu\u00e9 sirve?\",\"acceptedAnswer\":{\"@type\":\"Answer\",\"text\":\"<\/p>\n<p>Permite que se a\u00f1adan interacciones a los documentos HTML, as\u00ed como la implementaci\u00f3n de <strong>una cantidad mayor de herramientas para las p\u00e1ginas web<\/strong>. Como por ejemplo, los contadores de visitas, que permiten saber la cantidad de personas que entran a la p\u00e1gina e interact\u00faan con ella.<\/p>\n<p>Aparte de todas sus funcionalidades para crear y gestionar documentos digitales, tambi\u00e9n  se permite crear una interacci\u00f3n m\u00e1s directa con el usuario. Por ejemplo, se pueden incluir minichats, ya que con ellos se les proporciona una atenci\u00f3n m\u00e1s personalizada a la mayor\u00eda de los usuarios. De esta forma, permite a los <a href='https:\/\/www.appyweb.es\/desarrollo-app\/'>desarrolladores de aplicaciones<\/a> contar con una mayor diversidad de funcionalidades al momento de programar.<\/p>\n<p>\"}},\n{\"@type\":\"Question\",\"name\":\"\u00bfQu\u00e9 se puede hacer con JavaScript?\",\"acceptedAnswer\":{\"@type\":\"Answer\",\"text\":\"<\/p>\n<p>Algunas de las <strong>funcionalidades din\u00e1micas que se pueden incorporar<\/strong> con ayuda de este lenguaje de programaci\u00f3n son los textos que aparecen y desaparecen, as\u00ed como animaciones y cualquier otro tipo de interacci\u00f3n animada. <\/p>\n<p>Al mismo tiempo, tambi\u00e9n es capaz de llevar a cabo acciones espec\u00edficas al momento de hacer clic sobre un bot\u00f3n o abrir ventanas con mensajes de aviso.<\/p>\n<p>\"}},\n{\"@type\":\"Question\",\"name\":\"\u00bfSe puede activar en cualquier navegador?\",\"acceptedAnswer\":{\"@type\":\"Answer\",\"text\":\"<\/p>\n<p>Este programa es soportado por la gran mayor\u00eda de los buscadores, lo cual es algo importante para que funcione en cualquier dispositivo, y as\u00ed no represente ning\u00fan problema de visualizaci\u00f3n.<\/p>\n<p>A pesar de que puede ser usada en cualquier navegador, <strong>los usuarios pueden decidir desactivar o activar sus caracter\u00edsticas<\/strong>. Esta configuraci\u00f3n se puede hacer en Google Chrome de la siguiente forma.<\/p>\n<\/p>\n<\/p>\n<ol>\n<\/p>\n<\/p>\n<li>Dentro de una ventana de Chrome se debe clic en la esquina superior derecha, en el bot\u00f3n <em>m\u00e1s<\/em>.<\/li>\n<\/p>\n<\/p>\n<\/p>\n<li>Dentro de este se har\u00e1 clic en el bot\u00f3n <em>configuraci\u00f3n<\/em>.<\/li>\n<\/p>\n<\/p>\n<\/p>\n<li>En el recuadro que aparecer\u00e1 se debe seleccionar <em>configuraci\u00f3n avanzada<\/em> en la parte inferior.<\/li>\n<\/p>\n<\/p>\n<\/p>\n<li>Dentro de este men\u00fa se seleccionar\u00e1 <em>privacidad y seguridad<\/em>, una vez all\u00ed hacer clic en <em>configuraci\u00f3n de contenido<\/em>.<\/li>\n<\/p>\n<\/p>\n<\/p>\n<li>Aparecer\u00e1 una lista de opciones y solo bastar\u00e1 con hacer clic en <em>JavaScript<\/em>.<\/li>\n<\/p>\n<\/p>\n<\/p>\n<li>Finalmente se har\u00e1 clic en <em>permitir<\/em> y listo.<\/li>\n<\/p>\n<\/ol>\n<\/p>\n<p>\"}}\n]}<\/script><\/p>\n<h2>M\u00e1s informaci\u00f3n sobre JavaScript<\/h2>\n<p>La verdad es que actualmente es uno de los lenguajes m\u00e1s avanzados, ya que ofrecen una mayor cantidad de funcionalidades, si quieres conocer un poco m\u00e1s aqu\u00ed tienes un par de enlaces.<\/p>\n<ul>\n<li><a href=\"https:\/\/www.appyweb.es\/diccionario\/lenguaje-de-programacion\/\">\u00bfQu\u00e9 es el Lenguaje de programaci\u00f3n y para qu\u00e9 sirve?<\/a><\/li>\n<li><a href=\"https:\/\/es.wikipedia.org\/wiki\/JavaScript#Caracter%C3%ADsticas\" rel=\"nofollow noopener\" target=\"_blank\">Caracter\u00edsticas b\u00e1sicas de JavaScript<\/a><\/li>\n<\/ul>\n<p>&nbsp;<\/p>\n","protected":false},"excerpt":{"rendered":"<p>Se trata de un lenguaje de programaci\u00f3n basado en objetos y se utiliza principalmente del lado del cliente, es decir, desde el servidor o el ordenador que consume el servicio remoto. JavaScript forma parte de los navegadores web, porque permite mejorar la interfaz del usuario y el desarrollo de p\u00e1ginas web din\u00e1micas. \u00bfQu\u00e9 es JavaScript? [&hellip;]<\/p>\n","protected":false},"author":1,"featured_media":14965,"parent":0,"menu_order":0,"comment_status":"closed","ping_status":"closed","template":"","meta":{"inline_featured_image":false,"footnotes":""},"class_list":["post-2361","page","type-page","status-publish","has-post-thumbnail","hentry"],"_links":{"self":[{"href":"https:\/\/www.appyweb.es\/diccionario\/wp-json\/wp\/v2\/pages\/2361","targetHints":{"allow":["GET"]}}],"collection":[{"href":"https:\/\/www.appyweb.es\/diccionario\/wp-json\/wp\/v2\/pages"}],"about":[{"href":"https:\/\/www.appyweb.es\/diccionario\/wp-json\/wp\/v2\/types\/page"}],"author":[{"embeddable":true,"href":"https:\/\/www.appyweb.es\/diccionario\/wp-json\/wp\/v2\/users\/1"}],"replies":[{"embeddable":true,"href":"https:\/\/www.appyweb.es\/diccionario\/wp-json\/wp\/v2\/comments?post=2361"}],"version-history":[{"count":6,"href":"https:\/\/www.appyweb.es\/diccionario\/wp-json\/wp\/v2\/pages\/2361\/revisions"}],"predecessor-version":[{"id":14970,"href":"https:\/\/www.appyweb.es\/diccionario\/wp-json\/wp\/v2\/pages\/2361\/revisions\/14970"}],"wp:featuredmedia":[{"embeddable":true,"href":"https:\/\/www.appyweb.es\/diccionario\/wp-json\/wp\/v2\/media\/14965"}],"wp:attachment":[{"href":"https:\/\/www.appyweb.es\/diccionario\/wp-json\/wp\/v2\/media?parent=2361"}],"curies":[{"name":"wp","href":"https:\/\/api.w.org\/{rel}","templated":true}]}}