{"id":2369,"date":"2023-06-22T07:16:13","date_gmt":"2023-06-22T07:16:13","guid":{"rendered":"https:\/\/www.appyweb.es\/diccionario\/?page_id=2369"},"modified":"2024-04-16T08:34:45","modified_gmt":"2024-04-16T08:34:45","slug":"jimdo","status":"publish","type":"page","link":"https:\/\/www.appyweb.es\/diccionario\/jimdo\/","title":{"rendered":"Jimdo"},"content":{"rendered":"<figure id=\"attachment_15049\" aria-describedby=\"caption-attachment-15049\" style=\"width: 1000px\" class=\"wp-caption alignnone\"><img loading=\"lazy\" decoding=\"async\" class=\"size-full wp-image-15049\" src=\"https:\/\/www.appyweb.es\/diccionario\/wp-content\/uploads\/2024\/04\/Jimdo.jpg\" alt=\"Jimdo\" width=\"1000\" height=\"600\" srcset=\"https:\/\/www.appyweb.es\/diccionario\/wp-content\/uploads\/2024\/04\/Jimdo.jpg 1000w, https:\/\/www.appyweb.es\/diccionario\/wp-content\/uploads\/2024\/04\/Jimdo-300x180.jpg 300w, https:\/\/www.appyweb.es\/diccionario\/wp-content\/uploads\/2024\/04\/Jimdo-768x461.jpg 768w\" sizes=\"auto, (max-width: 1000px) 100vw, 1000px\" \/><figcaption id=\"caption-attachment-15049\" class=\"wp-caption-text\">Hica personalizando un pagina web.<\/figcaption><\/figure>\n<p>Es un gestor de contenidos y una herramienta que permite crear p\u00e1ginas web desde cero, <strong>Jimdo incluye una interfaz intuitiva<\/strong> que permite crear una estructura modular por bloques, sin necesidad de utilizar HTML.<\/p>\n<h2>\u00bfQu\u00e9 es Jimdo?<\/h2>\n<p>Es una plataforma que permite crear p\u00e1ginas web o tiendas online, est\u00e1 dise\u00f1ada para que los <strong>usuarios sin conocimientos en programaci\u00f3n puedan llevar a cabo sus proyectos<\/strong> <strong>digitales<\/strong> sin toparse con una barrera de conocimiento inform\u00e1tico. Muchos usuarios consideran que es el gestor de contenidos m\u00e1s r\u00e1pido y eficiente, por lo que es ideal para llevar a cabo <a href=\"https:\/\/www.appyweb.es\/marketing-de-contenidos\/\">estrategias de marketing de contenidos<\/a> y otras t\u00e9cnicas digitales.<\/p>\n<p>Actualmente, cuenta con tres versiones, la gratuita conocida como JimdoFree, y las de pago Premium y Business. Asimismo, en el a\u00f1o 2014 lanzaron versiones que pueden ser utilizadas en Android y iOS.<\/p>\n<h2>\u00bfPara qu\u00e9 sirve?<\/h2>\n<p>Permite que la creaci\u00f3n de p\u00e1ginas se d\u00e9 con total facilidad, ya que se requieren unos pocos clics y un poco de tiempo para su elaboraci\u00f3n. Una de las ventajas que puede aportar la creaci\u00f3n de la p\u00e1gina aqu\u00ed, es que permite que se <a href=\"https:\/\/www.appyweb.es\/posicionamiento-web\/\">posicione autom\u00e1ticamente en los buscadores<\/a> y cumple con <strong>todos los requisitos SEO para mayor efectividad<\/strong>. Sus caracter\u00edsticas m\u00e1s destacadas son las siguientes.<\/p>\n<ul>\n<li>Cuenta con plantillas, las cuales ya vienen predefinidas para crear un formato que sea agradable a la vista y de f\u00e1cil funcionamiento.<\/li>\n<li>Permite que aquellos que no tienen dotes de la programaci\u00f3n, puedan editar por si mismas.<\/li>\n<li>Para aquellos con peque\u00f1as nociones de programaci\u00f3n, tambi\u00e9n se puede <strong>invertir un poco de tiempo en estas plantillas<\/strong> y realizar peque\u00f1as modificaciones.<\/li>\n<li>Esta plataforma permite que se puedan hacer cosas sencillas y r\u00e1pidamente, sin importar el nivel de conocimiento.<\/li>\n<\/ul>\n<h2>Origen<\/h2>\n<p>Fue creada en 2007 en Cuxhaven, Alemania de la mano de Fridtjof Detzner y Christian Springub cuando ambos se dedicaban a dise\u00f1ar p\u00e1ginas web de forma aut\u00f3noma. Con la llegada de otro miembro al equipo, Matthias Henze, fundaron Northclick, que <strong>despu\u00e9s pasar\u00eda a llamarse Jimdo GmbH<\/strong>.<\/p>\n<h2>\u00bfC\u00f3mo funciona Jimdo?<\/h2>\n<p>Para crear y editar p\u00e1ginas web en esta plataforma, se emplea una tecnolog\u00eda WYSIWYG (What you see is what you get, es decir, lo que ves es lo que obtienes), esto permite <strong>mostrar el resultado de lo que ser\u00e1 el sitio web en tiempo real<\/strong>, sin tener que esperar a que el c\u00f3digo est\u00e9 listo para que funcione. Cuando se utiliza esta plataforma, el dominio se registra en servidores que tiene la empresa en distintos pa\u00edses, como Jap\u00f3n y Alemania.<\/p>\n<p>Asimismo, como se mencion\u00f3 anteriormente, incluye un sistema de m\u00f3dulos, con el que el usuario puede a\u00f1adir, eliminar o editar distintos elementos con solo deslizar. Con esta metodolog\u00eda es posible incluir textos, im\u00e1genes, v\u00eddeos y otros elementos.<\/p>\n<p><script type=\"application\/ld+json\">{\"@context\":\"https:\/\/schema.org\",\"@type\":\"FAQPage\",\"mainEntity\":[ \n{\"@type\":\"Question\",\"name\":\"\u00bfQu\u00e9 es Jimdo?\",\"acceptedAnswer\":{\"@type\":\"Answer\",\"text\":\"<\/p>\n<p>Es una plataforma que permite crear p\u00e1ginas web o tiendas online, est\u00e1 dise\u00f1ada para que los <strong>usuarios sin conocimientos en programaci\u00f3n puedan llevar a cabo sus proyectos<\/strong> <strong>digitales<\/strong> sin toparse con una barrera de conocimiento inform\u00e1tico. Muchos usuarios consideran que es el gestor de contenidos m\u00e1s r\u00e1pido y eficiente, por lo que es ideal para llevar a cabo <a href='https:\/\/www.appyweb.es\/marketing-de-contenidos\/'>estrategias de marketing de contenidos<\/a> y otras t\u00e9cnicas digitales.<\/p>\n<p>Actualmente, cuenta con tres versiones, la gratuita conocida como JimdoFree, y las de pago Premium y Business. Asimismo, en el a\u00f1o 2014 lanzaron versiones que pueden ser utilizadas en Android y iOS.<\/p>\n<p>\"}},\n{\"@type\":\"Question\",\"name\":\"\u00bfPara qu\u00e9 sirve?\",\"acceptedAnswer\":{\"@type\":\"Answer\",\"text\":\"<\/p>\n<p>Permite que la creaci\u00f3n de p\u00e1ginas se d\u00e9 con total facilidad, ya que se requieren unos pocos clics y un poco de tiempo para su elaboraci\u00f3n. Una de las ventajas que puede aportar la creaci\u00f3n de la p\u00e1gina aqu\u00ed, es que permite que se <a href='https:\/\/www.appyweb.es\/posicionamiento-web\/'>posicione autom\u00e1ticamente en los buscadores<\/a> y cumple con <strong>todos los requisitos SEO para mayor efectividad<\/strong>. Sus caracter\u00edsticas m\u00e1s destacadas son las siguientes.<\/p>\n<\/p>\n<ul>\n<\/p>\n<li>Cuenta con plantillas, las cuales ya vienen predefinidas para crear un formato que sea agradable a la vista y de f\u00e1cil funcionamiento.<\/li>\n<\/p>\n<li>Permite que aquellos que no tienen dotes de la programaci\u00f3n, puedan editar por si mismas.<\/li>\n<\/p>\n<li>Para aquellos con peque\u00f1as nociones de programaci\u00f3n, tambi\u00e9n se puede <strong>invertir un poco de tiempo en estas plantillas<\/strong> y realizar peque\u00f1as modificaciones.<\/li>\n<\/p>\n<li>Esta plataforma permite que se puedan hacer cosas sencillas y r\u00e1pidamente, sin importar el nivel de conocimiento.<\/li>\n<\/ul>\n<p>\"}},\n{\"@type\":\"Question\",\"name\":\"Origen\",\"acceptedAnswer\":{\"@type\":\"Answer\",\"text\":\"<\/p>\n<p>Fue creada en 2007 en Cuxhaven, Alemania de la mano de Fridtjof Detzner y Christian Springub cuando ambos se dedicaban a dise\u00f1ar p\u00e1ginas web de forma aut\u00f3noma. Con la llegada de otro miembro al equipo, Matthias Henze, fundaron Northclick, que <strong>despu\u00e9s pasar\u00eda a llamarse Jimdo  GmbH<\/strong>.<\/p>\n<p>\"}},\n{\"@type\":\"Question\",\"name\":\"\u00bfC\u00f3mo funciona Jimdo?\",\"acceptedAnswer\":{\"@type\":\"Answer\",\"text\":\"<\/p>\n<p>Para crear y editar p\u00e1ginas web en esta plataforma, se emplea una tecnolog\u00eda WYSIWYG (What you see is what you get, es decir, lo que ves es lo que obtienes), esto permite <strong>mostrar el resultado de lo que ser\u00e1 el sitio web en tiempo real<\/strong>, sin tener que esperar a que el c\u00f3digo est\u00e9 listo para que funcione. Cuando se utiliza esta plataforma, el dominio se registra en servidores que tiene la empresa en distintos pa\u00edses, como Jap\u00f3n y Alemania.<\/p>\n<p>Asimismo, como se mencion\u00f3 anteriormente, incluye un sistema de m\u00f3dulos, con el que el usuario puede a\u00f1adir, eliminar o editar distintos elementos con solo deslizar. Con esta metodolog\u00eda es posible incluir textos, im\u00e1genes, v\u00eddeos y otros elementos.<\/p>\n<p>\"}}\n]}<\/script><\/p>\n<h2>M\u00e1s informaci\u00f3n sobre Jimdo<\/h2>\n<p>Como \u00e9ste, existen otros editores de contenidos que pueden ayudarte a no tener que lidiar con programaci\u00f3n, \u00bfpero c\u00f3mo saber que esta es la mejor opci\u00f3n para ti? aqu\u00ed tienes un par de enlaces para m\u00e1s informaci\u00f3n al respecto.<\/p>\n<ul>\n<li><a href=\"https:\/\/www.appyweb.es\/razones-usar-wordpress-pagina-web\/\">9 razones de peso para utilizar WordPress en tu web<\/a><\/li>\n<li><a href=\"http:\/\/www.websitetooltester.com\/es\/opiniones\/jimdo\/\" rel=\"nofollow noopener\" target=\"_blank\">An\u00e1lisis de Jimdo: Sometemos a Jimdo a nuestro test de estr\u00e9s<\/a><\/li>\n<\/ul>\n<p>&nbsp;<\/p>\n","protected":false},"excerpt":{"rendered":"<p>Es un gestor de contenidos y una herramienta que permite crear p\u00e1ginas web desde cero, Jimdo incluye una interfaz intuitiva que permite crear una estructura modular por bloques, sin necesidad de utilizar HTML. \u00bfQu\u00e9 es Jimdo? Es una plataforma que permite crear p\u00e1ginas web o tiendas online, est\u00e1 dise\u00f1ada para que los usuarios sin conocimientos [&hellip;]<\/p>\n","protected":false},"author":1,"featured_media":15049,"parent":0,"menu_order":0,"comment_status":"closed","ping_status":"closed","template":"","meta":{"inline_featured_image":false,"footnotes":""},"class_list":["post-2369","page","type-page","status-publish","has-post-thumbnail","hentry"],"_links":{"self":[{"href":"https:\/\/www.appyweb.es\/diccionario\/wp-json\/wp\/v2\/pages\/2369","targetHints":{"allow":["GET"]}}],"collection":[{"href":"https:\/\/www.appyweb.es\/diccionario\/wp-json\/wp\/v2\/pages"}],"about":[{"href":"https:\/\/www.appyweb.es\/diccionario\/wp-json\/wp\/v2\/types\/page"}],"author":[{"embeddable":true,"href":"https:\/\/www.appyweb.es\/diccionario\/wp-json\/wp\/v2\/users\/1"}],"replies":[{"embeddable":true,"href":"https:\/\/www.appyweb.es\/diccionario\/wp-json\/wp\/v2\/comments?post=2369"}],"version-history":[{"count":5,"href":"https:\/\/www.appyweb.es\/diccionario\/wp-json\/wp\/v2\/pages\/2369\/revisions"}],"predecessor-version":[{"id":15048,"href":"https:\/\/www.appyweb.es\/diccionario\/wp-json\/wp\/v2\/pages\/2369\/revisions\/15048"}],"wp:featuredmedia":[{"embeddable":true,"href":"https:\/\/www.appyweb.es\/diccionario\/wp-json\/wp\/v2\/media\/15049"}],"wp:attachment":[{"href":"https:\/\/www.appyweb.es\/diccionario\/wp-json\/wp\/v2\/media?parent=2369"}],"curies":[{"name":"wp","href":"https:\/\/api.w.org\/{rel}","templated":true}]}}