{"id":2377,"date":"2023-06-22T07:19:12","date_gmt":"2023-06-22T07:19:12","guid":{"rendered":"https:\/\/www.appyweb.es\/diccionario\/?page_id=2377"},"modified":"2024-04-16T11:47:39","modified_gmt":"2024-04-16T11:47:39","slug":"joomla","status":"publish","type":"page","link":"https:\/\/www.appyweb.es\/diccionario\/joomla\/","title":{"rendered":"Joomla"},"content":{"rendered":"<figure id=\"attachment_15113\" aria-describedby=\"caption-attachment-15113\" style=\"width: 1000px\" class=\"wp-caption alignnone\"><img loading=\"lazy\" decoding=\"async\" class=\"size-full wp-image-15113\" src=\"https:\/\/www.appyweb.es\/diccionario\/wp-content\/uploads\/2024\/04\/Joomla.jpg\" alt=\"Joomla\" width=\"1000\" height=\"600\" srcset=\"https:\/\/www.appyweb.es\/diccionario\/wp-content\/uploads\/2024\/04\/Joomla.jpg 1000w, https:\/\/www.appyweb.es\/diccionario\/wp-content\/uploads\/2024\/04\/Joomla-300x180.jpg 300w, https:\/\/www.appyweb.es\/diccionario\/wp-content\/uploads\/2024\/04\/Joomla-768x461.jpg 768w\" sizes=\"auto, (max-width: 1000px) 100vw, 1000px\" \/><figcaption id=\"caption-attachment-15113\" class=\"wp-caption-text\">Chico analizando graficas.<\/figcaption><\/figure>\n<p>Se trata de un sistema de gesti\u00f3n de contenidos, <strong>es uno de los m\u00e1s utilizados para crear sitios web interactivos y din\u00e1micos<\/strong>. Joomla cuenta con un panel de administraci\u00f3n que permite a\u00f1adir, eliminar o modificar elementos f\u00e1cilmente.<\/p>\n<h2>\u00bfQu\u00e9 es Joomla?<\/h2>\n<p>Joomla es una herramienta para la creaci\u00f3n de p\u00e1ginas, m\u00e1s espec\u00edficamente es un CMS (Content Management System), este sistema no solo permite la creaci\u00f3n de una p\u00e1gina, si no configurar los contenidos al gusto del propietario. Muchas veces esto es un trabajo dif\u00edcil sin ayuda de un CMS, aparte, permite incluir ciertas interacciones que otros no.<\/p>\n<p>Fue <strong>desarrollado como un software de c\u00f3digo abierto<\/strong> con PHP. Asimismo, gracias a sus funcionalidades puede ser utilizado en intranet, Internet o un ordenador local (local host). Para esto, requiere de una base de datos creada con MySQL y un servidor HTTP Apache.<\/p>\n<h2>\u00bfPara qu\u00e9 sirve?<\/h2>\n<p>Permite crear sitios web avanzados con facilidad, sus herramientas <strong>generan una estructura HTML bien formada<\/strong>, lo que permite la creaci\u00f3n y gesti\u00f3n de grandes proyectos de blogs, introducci\u00f3n de elementos de flash con nuevas noticias, posibilidad de incluir vista de impresi\u00f3n, crear foros, calendarios, encuestas. Igualmente, incluye muchas <a href=\"https:\/\/www.appyweb.es\/posicionamiento-web\/\">t\u00e9cnicas de SEO y posicionamiento web<\/a>, como incluir soporte multi-idioma y un buscador integrado.<\/p>\n<p>Teniendo conocimientos b\u00e1sicos de Word, se puede organizar la p\u00e1gina con total tranquilidad. El men\u00fa se puede organizar de la forma que se desee, ya que permite controlar todas las acciones del sitio, sin ning\u00fan tipo de restricci\u00f3n. Igualmente, al ser un software libre, requiere de poco de conocimiento en la programaci\u00f3n y aparte, el 95% de su funcionalidad es totalmente gratuita.<\/p>\n<h2>\u00bfQu\u00e9 se puede crear con esta herramienta?<\/h2>\n<p>Las opciones a ofrecer son amplias, es por eso que Joomla es uno de los principales competidores de WordPress.<\/p>\n<ul>\n<li>Revistas online o peri\u00f3dicos.<\/li>\n<li>Sitios din\u00e1micos.<\/li>\n<li>Creaci\u00f3n de p\u00e1ginas para las organizaciones sin fines de lucro.<\/li>\n<li>Sitios para las escuelas.<\/li>\n<\/ul>\n<h2>Ventajas y desventajas de Joomla<\/h2>\n<h3>Ventajas<\/h3>\n<ul>\n<li>En primer lugar, <strong>cuenta con un cat\u00e1logo de m\u00f3dulos m\u00e1s amplio<\/strong> que cualquier otro gestor.<\/li>\n<li>Es m\u00e1s r\u00e1pido de entender que Drupal.<\/li>\n<li>Cuenta con soporte en diferentes idiomas.<\/li>\n<li>Tambi\u00e9n contiene extensiones atractivas, plugins y plantillas para mejorar la vista del sitio.<\/li>\n<\/ul>\n<h3>Desventajas<\/h3>\n<ul>\n<li>Su mantenimiento es dif\u00edcil y muy t\u00e9cnico, es necesario contar con verdaderos expertos en el \u00e1rea.<\/li>\n<\/ul>\n<p><script type=\"application\/ld+json\">{\"@context\":\"https:\/\/schema.org\",\"@type\":\"FAQPage\",\"mainEntity\":[ \n{\"@type\":\"Question\",\"name\":\"\u00bfQu\u00e9 es Joomla?\",\"acceptedAnswer\":{\"@type\":\"Answer\",\"text\":\"<\/p>\n<p>Joomla es una herramienta para la creaci\u00f3n de p\u00e1ginas, m\u00e1s espec\u00edficamente es un CMS (Content Management System), este sistema no solo permite la creaci\u00f3n de una p\u00e1gina, si no configurar los contenidos al gusto del propietario. Muchas veces esto es un trabajo dif\u00edcil sin ayuda de un CMS, aparte, permite incluir ciertas interacciones que otros no.<\/p>\n<p>Fue <strong>desarrollado como un software de c\u00f3digo abierto<\/strong> con PHP. Asimismo, gracias a sus funcionalidades puede ser utilizado en intranet, Internet o un ordenador local (local host). Para esto, requiere de una base de datos creada con MySQL y un servidor HTTP Apache.<\/p>\n<p>\"}},\n{\"@type\":\"Question\",\"name\":\"\u00bfPara qu\u00e9 sirve?\",\"acceptedAnswer\":{\"@type\":\"Answer\",\"text\":\"<\/p>\n<p>Permite crear sitios web avanzados con facilidad, sus herramientas <strong>generan una estructura HTML bien formada<\/strong>, lo que permite la creaci\u00f3n y gesti\u00f3n de grandes proyectos de blogs, introducci\u00f3n de elementos de flash con nuevas noticias, posibilidad de incluir vista de impresi\u00f3n, crear foros, calendarios, encuestas. Igualmente, incluye muchas <a href='https:\/\/www.appyweb.es\/posicionamiento-web\/'>t\u00e9cnicas de SEO y posicionamiento web<\/a>, como incluir soporte multi-idioma y un buscador integrado.<\/p>\n<p>Teniendo conocimientos b\u00e1sicos de Word, se puede organizar la p\u00e1gina con total tranquilidad. El men\u00fa se puede organizar de la forma que se desee, ya que permite controlar todas las acciones del sitio, sin ning\u00fan tipo de restricci\u00f3n. Igualmente, al ser un software libre, requiere de poco de conocimiento en la programaci\u00f3n y aparte, el 95% de su funcionalidad es totalmente gratuita.<\/p>\n<p>\"}},\n{\"@type\":\"Question\",\"name\":\"\u00bfQu\u00e9 se puede crear con esta herramienta?\",\"acceptedAnswer\":{\"@type\":\"Answer\",\"text\":\"<\/p>\n<p>Las opciones a ofrecer son amplias, es por eso que Joomla es uno de los principales competidores de WordPress.<\/p>\n<\/p>\n<\/p>\n<\/p>\n<\/p>\n<ul>\n<\/p>\n<\/p>\n<\/p>\n<\/p>\n<li>Revistas online o peri\u00f3dicos.<\/li>\n<\/p>\n<\/p>\n<\/p>\n<\/p>\n<\/p>\n<\/p>\n<\/p>\n<li>Sitios din\u00e1micos.<\/li>\n<\/p>\n<\/p>\n<\/p>\n<\/p>\n<\/p>\n<\/p>\n<\/p>\n<li>Creaci\u00f3n de p\u00e1ginas para las organizaciones sin fines de lucro.<\/li>\n<\/p>\n<\/p>\n<\/p>\n<\/p>\n<\/p>\n<\/p>\n<\/p>\n<li>Sitios para las escuelas.<\/li>\n<\/p>\n<\/p>\n<\/p>\n<\/ul>\n<\/p>\n<\/p>\n<\/p>\n<p>\"}},\n{\"@type\":\"Question\",\"name\":\"Ventajas y desventajas de Joomla\",\"acceptedAnswer\":{\"@type\":\"Answer\",\"text\":\"<\/p>\n<p>Ventajas<\/p>\n<\/p>\n<\/p>\n<\/p>\n<\/p>\n<ul>\n<\/p>\n<\/p>\n<\/p>\n<\/p>\n<li>En primer lugar, <strong>cuenta con un cat\u00e1logo de m\u00f3dulos m\u00e1s amplio<\/strong> que cualquier otro gestor.<\/li>\n<\/p>\n<\/p>\n<\/p>\n<\/p>\n<\/p>\n<\/p>\n<\/p>\n<li>Es m\u00e1s r\u00e1pido de entender que Drupal.<\/li>\n<\/p>\n<\/p>\n<\/p>\n<\/p>\n<\/p>\n<\/p>\n<\/p>\n<li>Cuenta con soporte en diferentes idiomas.<\/li>\n<\/p>\n<\/p>\n<\/p>\n<\/p>\n<\/p>\n<\/p>\n<\/p>\n<li>Tambi\u00e9n contiene extensiones atractivas, plugins y plantillas para mejorar la vista del sitio.<\/li>\n<\/p>\n<\/p>\n<\/p>\n<\/ul>\n<\/p>\n<\/p>\n<\/p>\n<p>Desventajas<\/p>\n<\/p>\n<\/p>\n<\/p>\n<\/p>\n<ul>\n<\/p>\n<\/p>\n<\/p>\n<\/p>\n<li>Su mantenimiento es dif\u00edcil y muy t\u00e9cnico, es necesario contar con verdaderos expertos en el \u00e1rea.<\/li>\n<\/p>\n<\/p>\n<\/p>\n<\/ul>\n<\/p>\n<\/p>\n<\/p>\n<p>\"}}\n]}<\/script><\/p>\n<h2>M\u00e1s informaci\u00f3n sobre Joomla<\/h2>\n<p>\u00bfNo sabes cu\u00e1l gestor elegir para tu proyecto digital? Tal vez necesites un poco de ayuda, aqu\u00ed tienes un par de enlaces para tener m\u00e1s informaci\u00f3n.<\/p>\n<ul>\n<li><a href=\"https:\/\/www.appyweb.es\/diccionario\/drupal\/\">\u00bfQu\u00e9 es Drupal y para qu\u00e9 sirve?<\/a><\/li>\n<li><a href=\"https:\/\/www.genbeta.com\/web\/mejores-gestores-contenidos-gratis-para-publicar-tu-web\" rel=\"nofollow noopener\" target=\"_blank\">Los mejores gestores de contenidos gratis para publicar tu web<\/a><\/li>\n<\/ul>\n<p>&nbsp;<\/p>\n","protected":false},"excerpt":{"rendered":"<p>Se trata de un sistema de gesti\u00f3n de contenidos, es uno de los m\u00e1s utilizados para crear sitios web interactivos y din\u00e1micos. Joomla cuenta con un panel de administraci\u00f3n que permite a\u00f1adir, eliminar o modificar elementos f\u00e1cilmente. \u00bfQu\u00e9 es Joomla? Joomla es una herramienta para la creaci\u00f3n de p\u00e1ginas, m\u00e1s espec\u00edficamente es un CMS (Content [&hellip;]<\/p>\n","protected":false},"author":1,"featured_media":15113,"parent":0,"menu_order":0,"comment_status":"closed","ping_status":"closed","template":"","meta":{"inline_featured_image":false,"footnotes":""},"class_list":["post-2377","page","type-page","status-publish","has-post-thumbnail","hentry"],"_links":{"self":[{"href":"https:\/\/www.appyweb.es\/diccionario\/wp-json\/wp\/v2\/pages\/2377","targetHints":{"allow":["GET"]}}],"collection":[{"href":"https:\/\/www.appyweb.es\/diccionario\/wp-json\/wp\/v2\/pages"}],"about":[{"href":"https:\/\/www.appyweb.es\/diccionario\/wp-json\/wp\/v2\/types\/page"}],"author":[{"embeddable":true,"href":"https:\/\/www.appyweb.es\/diccionario\/wp-json\/wp\/v2\/users\/1"}],"replies":[{"embeddable":true,"href":"https:\/\/www.appyweb.es\/diccionario\/wp-json\/wp\/v2\/comments?post=2377"}],"version-history":[{"count":8,"href":"https:\/\/www.appyweb.es\/diccionario\/wp-json\/wp\/v2\/pages\/2377\/revisions"}],"predecessor-version":[{"id":15116,"href":"https:\/\/www.appyweb.es\/diccionario\/wp-json\/wp\/v2\/pages\/2377\/revisions\/15116"}],"wp:featuredmedia":[{"embeddable":true,"href":"https:\/\/www.appyweb.es\/diccionario\/wp-json\/wp\/v2\/media\/15113"}],"wp:attachment":[{"href":"https:\/\/www.appyweb.es\/diccionario\/wp-json\/wp\/v2\/media?parent=2377"}],"curies":[{"name":"wp","href":"https:\/\/api.w.org\/{rel}","templated":true}]}}