{"id":2384,"date":"2023-06-22T07:23:07","date_gmt":"2023-06-22T07:23:07","guid":{"rendered":"https:\/\/www.appyweb.es\/diccionario\/?page_id=2384"},"modified":"2024-04-16T14:32:55","modified_gmt":"2024-04-16T14:32:55","slug":"jquery","status":"publish","type":"page","link":"https:\/\/www.appyweb.es\/diccionario\/jquery\/","title":{"rendered":"jQuery"},"content":{"rendered":"<figure id=\"attachment_15157\" aria-describedby=\"caption-attachment-15157\" style=\"width: 1000px\" class=\"wp-caption alignnone\"><img loading=\"lazy\" decoding=\"async\" class=\"size-full wp-image-15157\" src=\"https:\/\/www.appyweb.es\/diccionario\/wp-content\/uploads\/2024\/04\/jQuery.jpg\" alt=\"jQuery\" width=\"1000\" height=\"600\" srcset=\"https:\/\/www.appyweb.es\/diccionario\/wp-content\/uploads\/2024\/04\/jQuery.jpg 1000w, https:\/\/www.appyweb.es\/diccionario\/wp-content\/uploads\/2024\/04\/jQuery-300x180.jpg 300w, https:\/\/www.appyweb.es\/diccionario\/wp-content\/uploads\/2024\/04\/jQuery-768x461.jpg 768w\" sizes=\"auto, (max-width: 1000px) 100vw, 1000px\" \/><figcaption id=\"caption-attachment-15157\" class=\"wp-caption-text\">Persona con un portatil programando con js.<\/figcaption><\/figure>\n<p>Es una biblioteca multiplataforma de JavaScript, es decir, es un conjunto de implementaciones y c\u00f3digos para crear una interfaz de sitio m\u00e1s definida. <strong>jQuery tambi\u00e9n permite interactuar m\u00e1s f\u00e1cilmente con los documentos HTML<\/strong>.<\/p>\n<h2>\u00bfQu\u00e9 es jQuery?<\/h2>\n<p>Como me mencion\u00f3 arriba, <strong>es una biblioteca virtual de JavaScript<\/strong>, que permite que los <a href=\"https:\/\/www.appyweb.es\/diseno-web\/\">responsables del dise\u00f1o web o desarrollo<\/a> puedan realizar una interacci\u00f3n m\u00e1s f\u00e1cilmente con el c\u00f3digo HTML. En este sentido, puede utilizarse para controlar eventos, desarrollar animaciones, hacer cambios en el \u00e1rbol DOM e implementar t\u00e9cnicas AJAX.<\/p>\n<p>Se dice que <strong>jQuery es la biblioteca m\u00e1s utilizada de JavaScript<\/strong>, ya que se trata de un software libre de c\u00f3digo abierto, esto tambi\u00e9n significa que muchos profesionales de desarrollo pueden incluir o mejorar sus funcionalidades.<\/p>\n<h2>\u00bfPara qu\u00e9 sirve?<\/h2>\n<p>Al ser una librer\u00eda, la gama de comandos que se pueden encontrar aqu\u00ed es muy variada. Todos est\u00e1n orientados al mismo fin, <strong>facilitar el proceso de a\u00f1adir acciones a la p\u00e1gina<\/strong>, lo que tambi\u00e9n es una gran herramienta para perfeccionar <a href=\"https:\/\/www.appyweb.es\/desarrollo-app\/\">proyectos de desarrollo de apps<\/a> y programas.<\/p>\n<p>Los plugins que se encuentran en ella buscan resolver eventualidades definidas, por ejemplo, cuando se quiere crear una galer\u00eda de fotos. Tambi\u00e9n ayuda a acelerar la creaci\u00f3n de diferentes interfaces en el caso de la transici\u00f3n entre p\u00e1ginas, as\u00ed como otras tareas interesantes.<\/p>\n<h2>Ventajas de utilizar jQuery<\/h2>\n<p>Aparte de facilitar en gran medida la organizaci\u00f3n de los sitios, emplear esta magn\u00edfica biblioteca tiene como plus que permite que se vayan corrigiendo los errores del sistema que pueda detectar. Igualmente, <strong>se ejecuta sin ning\u00fan problema en cualquiera de los navegadores<\/strong>, por lo cual no se deben tener requisitos espec\u00edficos que garanticen su buen funcionamiento.<\/p>\n<p>Asimismo, este software incluye la posibilidad de crear complementos, lo que es muy \u00fatil para desarrollar abstracciones y otros elementos para la interacci\u00f3n de bajo nivel. Pero, tambi\u00e9n permite la animaci\u00f3n y efectos avanzados. Igualmente, su enfoque modular lo vuelve una de las herramientas de JavaScript m\u00e1s f\u00e1ciles de utilizar, especialmente para crear aplicaciones web o p\u00e1ginas de alto nivel.<\/p>\n<h2>\u00bfC\u00f3mo instalar jQuery?<\/h2>\n<p>Si est\u00e1s pensando en <strong>introducir esta biblioteca en JavaScript<\/strong> el procedimiento es muy sencillo, solo sigue estos pasos.<\/p>\n<ol>\n<li>Abre una ventana de l\u00ednea de comandos.<\/li>\n<li>Selecciona el directorio de tu proyecto.<\/li>\n<li>Escribe este comando <em>npm install jquery<\/em>.<\/li>\n<li>Empezar\u00e1 a instalarse y ver\u00e1s la versi\u00f3n cuando est\u00e9 lista.<\/li>\n<li>Para empezar a crear peticiones a\u00f1ades los comandos <em>$()<\/em> o <em>jQuery()<\/em>.<\/li>\n<\/ol>\n<p><script type=\"application\/ld+json\">{\"@context\":\"https:\/\/schema.org\",\"@type\":\"FAQPage\",\"mainEntity\":[ \n{\"@type\":\"Question\",\"name\":\"\u00bfQu\u00e9 es jQuery?\",\"acceptedAnswer\":{\"@type\":\"Answer\",\"text\":\"<\/p>\n<p>Como me mencion\u00f3 arriba, <strong>es una biblioteca virtual de JavaScript<\/strong>, que permite que los <a href='https:\/\/www.appyweb.es\/diseno-web\/'>responsables del dise\u00f1o web o desarrollo<\/a> puedan realizar una interacci\u00f3n m\u00e1s f\u00e1cilmente con el c\u00f3digo HTML. En este sentido, puede utilizarse para controlar eventos, desarrollar animaciones, hacer cambios en el \u00e1rbol DOM e implementar t\u00e9cnicas AJAX.<\/p>\n<p>Se dice que <strong>jQuery es la biblioteca m\u00e1s utilizada de JavaScript<\/strong>, ya que se trata de un software libre de c\u00f3digo abierto, esto tambi\u00e9n significa que muchos profesionales de desarrollo pueden incluir o mejorar sus funcionalidades.<\/p>\n<p>\"}},\n{\"@type\":\"Question\",\"name\":\"\u00bfPara qu\u00e9 sirve?\",\"acceptedAnswer\":{\"@type\":\"Answer\",\"text\":\"<\/p>\n<p>Al ser una librer\u00eda, la gama de comandos que se pueden encontrar aqu\u00ed es muy variada. Todos est\u00e1n orientados al mismo fin, <strong>facilitar el proceso de a\u00f1adir acciones a la p\u00e1gina<\/strong>, lo que tambi\u00e9n es una gran herramienta para perfeccionar <a href='https:\/\/www.appyweb.es\/desarrollo-app\/'>proyectos de desarrollo de apps<\/a> y programas.<\/p>\n<p>Los plugins que se encuentran en ella buscan resolver eventualidades definidas, por ejemplo, cuando se quiere crear una galer\u00eda de fotos. Tambi\u00e9n ayuda a acelerar la creaci\u00f3n de diferentes interfaces en el caso de la transici\u00f3n entre p\u00e1ginas, as\u00ed como otras tareas interesantes.<\/p>\n<p>\"}},\n{\"@type\":\"Question\",\"name\":\"Ventajas de utilizar jQuery\",\"acceptedAnswer\":{\"@type\":\"Answer\",\"text\":\"<\/p>\n<p>Aparte de facilitar en gran medida la organizaci\u00f3n de los sitios, emplear esta magn\u00edfica biblioteca tiene como plus que permite que se vayan corrigiendo los errores del sistema que pueda detectar. Igualmente, <strong>se ejecuta sin ning\u00fan problema en cualquiera de los navegadores<\/strong>, por lo cual no se deben tener requisitos espec\u00edficos que garanticen su buen funcionamiento.<\/p>\n<p>Asimismo, este software incluye la posibilidad de crear complementos, lo que es muy \u00fatil para desarrollar abstracciones y otros elementos para la interacci\u00f3n de bajo nivel. Pero, tambi\u00e9n permite la animaci\u00f3n y efectos avanzados. Igualmente, su enfoque modular lo vuelve una de las herramientas de JavaScript m\u00e1s f\u00e1ciles de utilizar, especialmente para crear aplicaciones web o p\u00e1ginas de alto nivel.<\/p>\n<p>\"}},\n{\"@type\":\"Question\",\"name\":\"\u00bfC\u00f3mo instalar jQuery?\",\"acceptedAnswer\":{\"@type\":\"Answer\",\"text\":\"<\/p>\n<p>Si est\u00e1s pensando en <strong>introducir esta biblioteca en JavaScript<\/strong> el procedimiento es muy sencillo, solo sigue estos pasos.<\/p>\n<\/p>\n<\/p>\n<ol>\n<\/p>\n<\/p>\n<li>Abre una ventana de l\u00ednea de comandos.<\/li>\n<\/p>\n<\/p>\n<\/p>\n<li>Selecciona el directorio de tu proyecto.<\/li>\n<\/p>\n<\/p>\n<\/p>\n<li>Escribe este comando <em>npm install jquery<\/em>.<\/li>\n<\/p>\n<\/p>\n<\/p>\n<li>Empezar\u00e1 a instalarse y ver\u00e1s la versi\u00f3n cuando est\u00e9 lista.<\/li>\n<\/p>\n<\/p>\n<\/p>\n<li>Para empezar a crear peticiones a\u00f1ades los comandos <em>$()<\/em> o <em>jQuery()<\/em>.<\/li>\n<\/p>\n<\/ol>\n<\/p>\n<p>\"}}\n]}<\/script><\/p>\n<h2>M\u00e1s informaci\u00f3n sobre jQuery<\/h2>\n<p>Si todav\u00eda tienes dudas o quieres saber m\u00e1s sobre este software, aqu\u00ed tienes un par de enlaces que te ayudar\u00e1n.<\/p>\n<ul>\n<li><a href=\"https:\/\/www.appyweb.es\/diccionario\/javascript\/\">\u00bfQu\u00e9 es el JavaScript y para qu\u00e9 sirve?<\/a><\/li>\n<li><a href=\"https:\/\/es.wikipedia.org\/wiki\/JQuery#Caracter%C3%ADsticas\" rel=\"nofollow noopener\" target=\"_blank\">Caracter\u00edsticas m\u00e1s importantes de jQuery<\/a><\/li>\n<\/ul>\n<p>&nbsp;<\/p>\n","protected":false},"excerpt":{"rendered":"<p>Es una biblioteca multiplataforma de JavaScript, es decir, es un conjunto de implementaciones y c\u00f3digos para crear una interfaz de sitio m\u00e1s definida. jQuery tambi\u00e9n permite interactuar m\u00e1s f\u00e1cilmente con los documentos HTML. \u00bfQu\u00e9 es jQuery? Como me mencion\u00f3 arriba, es una biblioteca virtual de JavaScript, que permite que los responsables del dise\u00f1o web o [&hellip;]<\/p>\n","protected":false},"author":1,"featured_media":15157,"parent":0,"menu_order":0,"comment_status":"closed","ping_status":"closed","template":"","meta":{"inline_featured_image":false,"footnotes":""},"class_list":["post-2384","page","type-page","status-publish","has-post-thumbnail","hentry"],"_links":{"self":[{"href":"https:\/\/www.appyweb.es\/diccionario\/wp-json\/wp\/v2\/pages\/2384","targetHints":{"allow":["GET"]}}],"collection":[{"href":"https:\/\/www.appyweb.es\/diccionario\/wp-json\/wp\/v2\/pages"}],"about":[{"href":"https:\/\/www.appyweb.es\/diccionario\/wp-json\/wp\/v2\/types\/page"}],"author":[{"embeddable":true,"href":"https:\/\/www.appyweb.es\/diccionario\/wp-json\/wp\/v2\/users\/1"}],"replies":[{"embeddable":true,"href":"https:\/\/www.appyweb.es\/diccionario\/wp-json\/wp\/v2\/comments?post=2384"}],"version-history":[{"count":6,"href":"https:\/\/www.appyweb.es\/diccionario\/wp-json\/wp\/v2\/pages\/2384\/revisions"}],"predecessor-version":[{"id":15160,"href":"https:\/\/www.appyweb.es\/diccionario\/wp-json\/wp\/v2\/pages\/2384\/revisions\/15160"}],"wp:featuredmedia":[{"embeddable":true,"href":"https:\/\/www.appyweb.es\/diccionario\/wp-json\/wp\/v2\/media\/15157"}],"wp:attachment":[{"href":"https:\/\/www.appyweb.es\/diccionario\/wp-json\/wp\/v2\/media?parent=2384"}],"curies":[{"name":"wp","href":"https:\/\/api.w.org\/{rel}","templated":true}]}}