{"id":2410,"date":"2023-06-22T07:49:04","date_gmt":"2023-06-22T07:49:04","guid":{"rendered":"https:\/\/www.appyweb.es\/diccionario\/?page_id=2410"},"modified":"2024-04-16T15:13:30","modified_gmt":"2024-04-16T15:13:30","slug":"juntar-jpg-pdf","status":"publish","type":"page","link":"https:\/\/www.appyweb.es\/diccionario\/juntar-jpg-pdf\/","title":{"rendered":"Juntar JPG en PDF"},"content":{"rendered":"<figure id=\"attachment_15176\" aria-describedby=\"caption-attachment-15176\" style=\"width: 1000px\" class=\"wp-caption alignnone\"><img loading=\"lazy\" decoding=\"async\" class=\"size-full wp-image-15176\" src=\"https:\/\/www.appyweb.es\/diccionario\/wp-content\/uploads\/2024\/04\/JuntarJPGenPDF.jpg\" alt=\"Juntar JPG en PDF\" width=\"1000\" height=\"600\" srcset=\"https:\/\/www.appyweb.es\/diccionario\/wp-content\/uploads\/2024\/04\/JuntarJPGenPDF.jpg 1000w, https:\/\/www.appyweb.es\/diccionario\/wp-content\/uploads\/2024\/04\/JuntarJPGenPDF-300x180.jpg 300w, https:\/\/www.appyweb.es\/diccionario\/wp-content\/uploads\/2024\/04\/JuntarJPGenPDF-768x461.jpg 768w\" sizes=\"auto, (max-width: 1000px) 100vw, 1000px\" \/><figcaption id=\"caption-attachment-15176\" class=\"wp-caption-text\">Archivo PDF listo para ser descargado.<\/figcaption><\/figure>\n<p>Muchas herramientas permiten combinar archivos en uno solo, pero cuando se trata de vectores puede que no sea tan sencillo, sin embargo, existen varios <strong>m\u00e9todos que permiten juntar JPG en PDF<\/strong> con gran facilidad.<\/p>\n<h2>\u00bfPor qu\u00e9 juntar JPG en PDF?<\/h2>\n<p>A diferencia de los formatos de texto, <strong>PDF est\u00e1 compuesto por una imagen vectorial y mapa de bits<\/strong>, de forma muy similar al JPG. Sin embargo, el primero es utilizado con m\u00e1s frecuencia, ya que es un tipo de formato port\u00e1til, es decir, guardar un archivo utilizando este m\u00e9todo tendr\u00e1 un peso m\u00e1s ligero al momento de almacenar.<\/p>\n<p>Por eso, es uno de los <a href=\"https:\/\/www.appyweb.es\/diseno-grafico\/\">formatos m\u00e1s utilizados en dise\u00f1o gr\u00e1fico<\/a>, aparte, ofrece una mayor facilidad y variabilidad al momento de convertir a otros archivos. En ocasiones, ser\u00e1 necesario juntar archivos JPG en PDF, ya que esto permitir\u00e1 adjuntar varios archivos en uno solo que tambi\u00e9n ser\u00e1 m\u00e1s f\u00e1cil de transportar y almacenar.<\/p>\n<h2>\u00bfCombinar estos archivos ayuda a la velocidad de p\u00e1gina?<\/h2>\n<p>S\u00ed, de hecho gracias a que JPG es un formato port\u00e1til permite que el tama\u00f1o de la imagen sea reducido, por tanto, puede aportar <a href=\"https:\/\/www.appyweb.es\/optimizacion-velocidad-web\/\">efectivamente a la velocidad de carga de p\u00e1gina<\/a> por lo que es una t\u00e9cnica utilizada con mucha frecuencia <strong>al momento de optimizar para buscadores<\/strong>. Se recomienda que se haga esta uni\u00f3n cuando se trata de almacenar archivos en el servidor.<\/p>\n<p>Tambi\u00e9n es importante recalcar que los buscadores no suelen tomar en cuenta el tipo de formato de archivo en espec\u00edfico, por lo tanto, el dise\u00f1ador web tiene a\u00fan m\u00e1s libertad al momento de escoger el archivo para guardar.<\/p>\n<h2>\u00bfC\u00f3mo juntar JPG en PDF?<\/h2>\n<p>Para eso, se pueden utilizar <strong>herramientas de edici\u00f3n de im\u00e1genes o convertidores<\/strong>, uno de los m\u00e1s utilizados es Adobe Acrobat DC. Sigue estos pasos.<\/p>\n<ol>\n<li>Para combinar los archivos, se hace clic en la pesta\u00f1a <em>herramientas<\/em> dentro de la aplicaci\u00f3n y luego <em>combinar archivos<\/em> dentro del men\u00fa.<\/li>\n<li>Seguidamente, se a\u00f1aden los archivos seleccionados, es decir, los JPG para fusionar en el archivo PDF, tambi\u00e9n <strong>se pueden seleccionar varios archivos de \u00e9ste \u00faltimo para lo mismo<\/strong>.<\/li>\n<li>A continuaci\u00f3n, se organizan todos los archivos siguiendo un orden espec\u00edfico. Finalmente, se hace clic en <em>combinar archivos<\/em> y en <em>almacenar<\/em> para guardar como PDF.<\/li>\n<\/ol>\n<h2>Herramientas para unir JPG en PDF<\/h2>\n<p>Los programas oficiales de Adobe son los m\u00e1s recomendados para realizar esta acci\u00f3n, sin embargo, tambi\u00e9n existen algunas herramientas online que se pueden utilizar puntualmente. Estas cuentan con muchas ventajas, por ejemplo, <strong>la posibilidad de guardar en la nube, imprimir compartir<\/strong>, entre otros.<\/p>\n<ul>\n<li>PDFCandy.<\/li>\n<li>SmallPDF.<\/li>\n<li>SodaPDF.<\/li>\n<li>FilesMerge.<\/li>\n<li>EasePDF.<\/li>\n<li>iLovePDF.<\/li>\n<\/ul>\n<p><script type=\"application\/ld+json\">{\"@context\":\"https:\/\/schema.org\",\"@type\":\"FAQPage\",\"mainEntity\":[ \n{\"@type\":\"Question\",\"name\":\"\u00bfPor qu\u00e9 juntar JPG en PDF?\",\"acceptedAnswer\":{\"@type\":\"Answer\",\"text\":\"<\/p>\n<p>A diferencia de los formatos de texto, <strong>PDF est\u00e1 compuesto por una imagen vectorial y mapa de bits<\/strong>, de forma muy similar al JPG. Sin embargo, el primero es utilizado con m\u00e1s frecuencia, ya que es un tipo de formato port\u00e1til, es decir, guardar un archivo utilizando este m\u00e9todo tendr\u00e1 un peso m\u00e1s ligero al momento de almacenar.<\/p>\n<p>Por eso, es uno de los <a href='https:\/\/www.appyweb.es\/diseno-grafico\/'>formatos m\u00e1s utilizados en dise\u00f1o gr\u00e1fico<\/a>, aparte, ofrece una mayor facilidad y variabilidad al momento de convertir a otros archivos. En ocasiones, ser\u00e1 necesario juntar archivos JPG en PDF, ya que esto permitir\u00e1 adjuntar varios archivos en uno solo que tambi\u00e9n ser\u00e1 m\u00e1s f\u00e1cil de transportar y almacenar.<\/p>\n<p>\"}},\n{\"@type\":\"Question\",\"name\":\"\u00bfCombinar estos archivos ayuda a la velocidad de p\u00e1gina?\",\"acceptedAnswer\":{\"@type\":\"Answer\",\"text\":\"<\/p>\n<p>S\u00ed, de hecho gracias a que JPG es un formato port\u00e1til permite que el tama\u00f1o de la imagen sea reducido, por tanto, puede aportar <a href='https:\/\/www.appyweb.es\/optimizacion-velocidad-web\/'>efectivamente a la velocidad de carga de p\u00e1gina<\/a> por lo que es una t\u00e9cnica utilizada con mucha frecuencia <strong>al momento de optimizar para buscadores<\/strong>. Se recomienda que se haga esta uni\u00f3n cuando se trata de almacenar archivos en el servidor.<\/p>\n<p>Tambi\u00e9n es importante recalcar que los buscadores no suelen tomar en cuenta el tipo de formato de archivo en espec\u00edfico, por lo tanto, el dise\u00f1ador web tiene a\u00fan m\u00e1s libertad al momento de escoger el archivo para guardar.<\/p>\n<p>\"}},\n{\"@type\":\"Question\",\"name\":\"\u00bfC\u00f3mo juntar JPG en PDF?\",\"acceptedAnswer\":{\"@type\":\"Answer\",\"text\":\"<\/p>\n<p>Para eso, se pueden utilizar <strong>herramientas de edici\u00f3n de im\u00e1genes o convertidores<\/strong>, uno de los m\u00e1s utilizados es Adobe Acrobat DC. Sigue estos pasos.<\/p>\n<\/p>\n<ol>\n<\/p>\n<li>Para combinar los archivos, se hace clic en la pesta\u00f1a <em>herramientas<\/em> dentro de la aplicaci\u00f3n y luego <em>combinar archivos<\/em> dentro del men\u00fa.<\/li>\n<\/p>\n<li>Seguidamente, se a\u00f1aden los archivos seleccionados, es decir, los JPG para fusionar en el archivo PDF, tambi\u00e9n <strong>se pueden seleccionar varios archivos de \u00e9ste \u00faltimo para lo mismo<\/strong>.<\/li>\n<\/p>\n<li>A continuaci\u00f3n, se organizan todos los archivos siguiendo un orden espec\u00edfico. Finalmente, se hace clic en <em>combinar archivos<\/em> y en <em>almacenar<\/em> para guardar como PDF.<\/li>\n<\/ol>\n<p>\"}},\n{\"@type\":\"Question\",\"name\":\"Herramientas para unir JPG en PDF\",\"acceptedAnswer\":{\"@type\":\"Answer\",\"text\":\"<\/p>\n<p>Los programas oficiales de Adobe son los m\u00e1s recomendados para realizar esta acci\u00f3n, sin embargo, tambi\u00e9n existen algunas herramientas online que se pueden utilizar puntualmente. Estas cuentan con muchas ventajas, por ejemplo, <strong>la posibilidad de guardar en la nube, imprimir compartir<\/strong>, entre otros.<\/p>\n<\/p>\n<ul>\n<\/p>\n<li>PDFCandy.<\/li>\n<\/p>\n<li>SmallPDF.<\/li>\n<\/p>\n<li>SodaPDF.<\/li>\n<\/p>\n<li>FilesMerge.<\/li>\n<\/p>\n<li>EasePDF.<\/li>\n<\/p>\n<li>iLovePDF.<\/li>\n<\/ul>\n<p>\"}}\n]}<\/script><\/p>\n<h2>M\u00e1s informaci\u00f3n<\/h2>\n<p>Aprender a utilizar estas herramientas puede ser un poco dif\u00edcil cuando no est\u00e1s acostumbrado a utilizar un convertidor, es por eso en estos enlaces te ayudaran a encontrar m\u00e1s informaci\u00f3n para resolver tus dudas.<\/p>\n<ul>\n<li><a href=\"https:\/\/www.appyweb.es\/diccionario\/ilovepdf\/\">\u00bfQu\u00e9 es I Love PDF y para qu\u00e9 sirve?<\/a><\/li>\n<li><a href=\"https:\/\/pdf.iskysoft.com\/es\/create-pdf\/image-to-pdf.html\" rel=\"nofollow noopener\" target=\"_blank\">Las 10 mejores herramientas para convertir im\u00e1genes a PDF<\/a><\/li>\n<\/ul>\n<p>&nbsp;<\/p>\n","protected":false},"excerpt":{"rendered":"<p>Muchas herramientas permiten combinar archivos en uno solo, pero cuando se trata de vectores puede que no sea tan sencillo, sin embargo, existen varios m\u00e9todos que permiten juntar JPG en PDF con gran facilidad. \u00bfPor qu\u00e9 juntar JPG en PDF? A diferencia de los formatos de texto, PDF est\u00e1 compuesto por una imagen vectorial y [&hellip;]<\/p>\n","protected":false},"author":1,"featured_media":15176,"parent":0,"menu_order":0,"comment_status":"closed","ping_status":"closed","template":"","meta":{"inline_featured_image":false,"footnotes":""},"class_list":["post-2410","page","type-page","status-publish","has-post-thumbnail","hentry"],"_links":{"self":[{"href":"https:\/\/www.appyweb.es\/diccionario\/wp-json\/wp\/v2\/pages\/2410","targetHints":{"allow":["GET"]}}],"collection":[{"href":"https:\/\/www.appyweb.es\/diccionario\/wp-json\/wp\/v2\/pages"}],"about":[{"href":"https:\/\/www.appyweb.es\/diccionario\/wp-json\/wp\/v2\/types\/page"}],"author":[{"embeddable":true,"href":"https:\/\/www.appyweb.es\/diccionario\/wp-json\/wp\/v2\/users\/1"}],"replies":[{"embeddable":true,"href":"https:\/\/www.appyweb.es\/diccionario\/wp-json\/wp\/v2\/comments?post=2410"}],"version-history":[{"count":5,"href":"https:\/\/www.appyweb.es\/diccionario\/wp-json\/wp\/v2\/pages\/2410\/revisions"}],"predecessor-version":[{"id":15178,"href":"https:\/\/www.appyweb.es\/diccionario\/wp-json\/wp\/v2\/pages\/2410\/revisions\/15178"}],"wp:featuredmedia":[{"embeddable":true,"href":"https:\/\/www.appyweb.es\/diccionario\/wp-json\/wp\/v2\/media\/15176"}],"wp:attachment":[{"href":"https:\/\/www.appyweb.es\/diccionario\/wp-json\/wp\/v2\/media?parent=2410"}],"curies":[{"name":"wp","href":"https:\/\/api.w.org\/{rel}","templated":true}]}}