{"id":2426,"date":"2023-06-22T07:56:03","date_gmt":"2023-06-22T07:56:03","guid":{"rendered":"https:\/\/www.appyweb.es\/diccionario\/?page_id=2426"},"modified":"2024-04-16T08:28:30","modified_gmt":"2024-04-16T08:28:30","slug":"jevelin-theme","status":"publish","type":"page","link":"https:\/\/www.appyweb.es\/diccionario\/jevelin-theme\/","title":{"rendered":"Jevelin Theme"},"content":{"rendered":"<figure id=\"attachment_15042\" aria-describedby=\"caption-attachment-15042\" style=\"width: 1000px\" class=\"wp-caption alignnone\"><img loading=\"lazy\" decoding=\"async\" class=\"size-full wp-image-15042\" src=\"https:\/\/www.appyweb.es\/diccionario\/wp-content\/uploads\/2024\/04\/JevelinTheme.jpg\" alt=\"Jevelin Theme\" width=\"1000\" height=\"600\" srcset=\"https:\/\/www.appyweb.es\/diccionario\/wp-content\/uploads\/2024\/04\/JevelinTheme.jpg 1000w, https:\/\/www.appyweb.es\/diccionario\/wp-content\/uploads\/2024\/04\/JevelinTheme-300x180.jpg 300w, https:\/\/www.appyweb.es\/diccionario\/wp-content\/uploads\/2024\/04\/JevelinTheme-768x461.jpg 768w\" sizes=\"auto, (max-width: 1000px) 100vw, 1000px\" \/><figcaption id=\"caption-attachment-15042\" class=\"wp-caption-text\">Ejemplo de tema de WordPress.<\/figcaption><\/figure>\n<p>Se trata de un \u00abtema\u00bb o plantilla disponible en WordPress, con <strong>Jevelin Theme los dise\u00f1adores web tienen la oportunidad de crear sitios web atractivos y responsivos<\/strong>, es decir, que est\u00e9 disponible para todo tipo de dispositivo.<\/p>\n<h2>\u00bfQu\u00e9 es Jevelin Theme?<\/h2>\n<p>Es una librer\u00eda de temas y plantillas para crear sitios web en WordPress, cuentan con una gran cantidad de opciones, adaptables en estilo, dise\u00f1o y estructura. Son utilizados con frecuencia en el <a href=\"https:\/\/www.appyweb.es\/diseno-web\/\">dise\u00f1o web para crear sitios AMP<\/a>, es decir, Acelerated Mobile Pages o p\u00e1ginas aceleradas para m\u00f3viles. Es una configuraci\u00f3n de Google para crear p\u00e1ginas responsivas para m\u00f3viles.<\/p>\n<p>Est\u00e1 especialmente dise\u00f1ado para negocios, freelance o uso privado, aparte, sus creadores han dispuesto una serie de plantillas f\u00e1ciles e intuitivas para editar, perfecto para crear sitios web tanto b\u00e1sicos como proyectos m\u00e1s complejos. Aparte, incluye un <strong>plugin en WooCommerce para dise\u00f1ar una tienda online <\/strong>con todas las comodidades para vender.<\/p>\n<h2>\u00bfPara qu\u00e9 sirve?<\/h2>\n<p>Su funci\u00f3n principal es ofrecerle a los usuarios la posibilidad de acceder a una amplia gama de opciones a la hora de realizar el dise\u00f1o de la p\u00e1ginas web o <a href=\"https:\/\/www.appyweb.es\/diseno-tienda-online\/\">dise\u00f1o de tiendas online<\/a>. Asimismo, es una herramienta excelente que permite que las plantillas puedan ser editadas por personas que no tengan conocimientos amplios de programaci\u00f3n.<\/p>\n<p>Cuenta con m\u00e1s de 50 elementos, disponibles y sin fin de <strong>caracter\u00edsticas que se pueden a\u00f1adir y personalizar<\/strong>. Tambi\u00e9n incluye una herramienta llamada Slider Revolution, que se puede implementar sin ning\u00fan costo adicional para a\u00f1adir funciones con solo deslizar.<\/p>\n<h2>Ventajas de utilizar Jevelin Theme<\/h2>\n<p>WordPress cuentan con otras bibliotecas con m\u00e1s opciones para crear un sitio web \u00bfpor qu\u00e9 Jevelin Theme es especial? Pues, a continuaci\u00f3n s<strong>e enumeran una lista de ventajas que puede posicionarla por encima<\/strong> de cualquier otra alternativa dentro del gestor.<\/p>\n<ul>\n<li>Se instala en un solo clic, todo el contenido se encuentra en un solo paquete y se instala en un momento.<\/li>\n<li>Es f\u00e1cil de personalizar, <strong>ning\u00fan sitio ser\u00e1 igual a otro utilizando este mismo tema<\/strong>, ideal para hacer modificaciones en detalles.<\/li>\n<li>Elementos responsivos instalados, no es necesario contar con otras herramientas para hacer que la p\u00e1gina est\u00e9 disponible para m\u00f3viles.<\/li>\n<li>Cuenta con <strong>varias opciones de formulario de contacto<\/strong>, ideal para garantizar la compatibilidad con la herramienta.<\/li>\n<li>Incluye caracter\u00edsticas SEO,<strong> por lo que no ser\u00e1 dif\u00edcil optimizarlo para buscadores<\/strong>.<\/li>\n<\/ul>\n<p><script type=\"application\/ld+json\">{\"@context\":\"https:\/\/schema.org\",\"@type\":\"FAQPage\",\"mainEntity\":[ \n{\"@type\":\"Question\",\"name\":\"\u00bfQu\u00e9 es Jevelin Theme?\",\"acceptedAnswer\":{\"@type\":\"Answer\",\"text\":\"<\/p>\n<p>Es una librer\u00eda de temas y plantillas para crear sitios web en WordPress, cuentan con una gran cantidad de opciones, adaptables en estilo, dise\u00f1o y estructura. Son utilizados con frecuencia en el <a href='https:\/\/www.appyweb.es\/diseno-web\/'>dise\u00f1o web para crear sitios AMP<\/a>, es decir, Acelerated Mobile Pages o p\u00e1ginas aceleradas para m\u00f3viles. Es una configuraci\u00f3n de Google para crear p\u00e1ginas responsivas para m\u00f3viles.<\/p>\n<p>Est\u00e1 especialmente dise\u00f1ado para negocios, freelance o uso privado, aparte, sus creadores han dispuesto una serie de plantillas f\u00e1ciles e intuitivas para editar, perfecto para crear sitios web tanto b\u00e1sicos como proyectos m\u00e1s complejos. Aparte, incluye un <strong>plugin en WooCommerce para dise\u00f1ar una tienda online <\/strong>con todas las comodidades para vender.<\/p>\n<p>\"}},\n{\"@type\":\"Question\",\"name\":\"\u00bfPara qu\u00e9 sirve?\",\"acceptedAnswer\":{\"@type\":\"Answer\",\"text\":\"<\/p>\n<p>Su funci\u00f3n principal es ofrecerle a los usuarios la posibilidad de acceder a una amplia  gama de opciones a la hora de realizar el dise\u00f1o de la p\u00e1ginas web o <a href='https:\/\/www.appyweb.es\/diseno-tienda-online\/'>dise\u00f1o de tiendas online<\/a>. Asimismo, es una herramienta excelente que permite que las plantillas puedan ser editadas por personas que no tengan conocimientos amplios de programaci\u00f3n.<\/p>\n<p>Cuenta con m\u00e1s de 50 elementos, disponibles y sin fin de <strong>caracter\u00edsticas que se pueden a\u00f1adir y personalizar<\/strong>. Tambi\u00e9n incluye una herramienta llamada Slider Revolution, que se puede implementar sin ning\u00fan costo adicional para a\u00f1adir funciones con solo deslizar.<\/p>\n<p>\"}},\n{\"@type\":\"Question\",\"name\":\"Ventajas de utilizar Jevelin Theme\",\"acceptedAnswer\":{\"@type\":\"Answer\",\"text\":\"<\/p>\n<p>WordPress cuentan con otras bibliotecas con m\u00e1s opciones para crear un sitio web \u00bfpor qu\u00e9 Jevelin Theme es especial? Pues, a continuaci\u00f3n s<strong>e enumeran una lista de ventajas que puede posicionarla por encima<\/strong> de cualquier otra alternativa dentro del gestor.<\/p>\n<\/p>\n<\/p>\n<ul>\n<\/p>\n<\/p>\n<li>Se instala en un solo clic, todo el contenido se encuentra en un solo paquete y se instala en un momento.<\/li>\n<\/p>\n<\/p>\n<\/p>\n<li>Es f\u00e1cil de personalizar, <strong>ning\u00fan sitio ser\u00e1 igual a otro utilizando este mismo tema<\/strong>, ideal para hacer modificaciones en detalles.<\/li>\n<\/p>\n<\/p>\n<\/p>\n<li>Elementos responsivos instalados, no es necesario contar con otras herramientas para hacer que la p\u00e1gina est\u00e9 disponible para m\u00f3viles.<\/li>\n<\/p>\n<\/p>\n<\/p>\n<li>Cuenta con <strong>varias opciones de formulario de contacto<\/strong>, ideal para garantizar la compatibilidad con la herramienta.<\/li>\n<\/p>\n<\/p>\n<\/p>\n<li>Incluye caracter\u00edsticas SEO,<strong> por lo que no ser\u00e1 dif\u00edcil optimizarlo para buscadores<\/strong>.<\/li>\n<\/p>\n<\/ul>\n<\/p>\n<p>\"}}\n]}<\/script><\/p>\n<h2>M\u00e1s informaci\u00f3n sobre Jevelin Theme<\/h2>\n<p>\u00bfA\u00fan no sabes si te conviene utilizar este tema en WordPress? Aqu\u00ed puedes encontrar m\u00e1s informaci\u00f3n.<\/p>\n<ul>\n<li><a href=\"https:\/\/www.appyweb.es\/las-mejores-plantillas-gratuitas-wordpress\/\">Las mejores plantillas gratuitas para WordPress<\/a><\/li>\n<li><a href=\"https:\/\/jevelin.shufflehound.com\/hello\/\" rel=\"nofollow noopener\" target=\"_blank\">Conoce todas las caracter\u00edsticas de Jevelin Theme (traducir del ingl\u00e9s)<\/a><\/li>\n<\/ul>\n<p>&nbsp;<\/p>\n","protected":false},"excerpt":{"rendered":"<p>Se trata de un \u00abtema\u00bb o plantilla disponible en WordPress, con Jevelin Theme los dise\u00f1adores web tienen la oportunidad de crear sitios web atractivos y responsivos, es decir, que est\u00e9 disponible para todo tipo de dispositivo. \u00bfQu\u00e9 es Jevelin Theme? Es una librer\u00eda de temas y plantillas para crear sitios web en WordPress, cuentan con [&hellip;]<\/p>\n","protected":false},"author":1,"featured_media":15042,"parent":0,"menu_order":0,"comment_status":"closed","ping_status":"closed","template":"","meta":{"inline_featured_image":false,"footnotes":""},"class_list":["post-2426","page","type-page","status-publish","has-post-thumbnail","hentry"],"_links":{"self":[{"href":"https:\/\/www.appyweb.es\/diccionario\/wp-json\/wp\/v2\/pages\/2426","targetHints":{"allow":["GET"]}}],"collection":[{"href":"https:\/\/www.appyweb.es\/diccionario\/wp-json\/wp\/v2\/pages"}],"about":[{"href":"https:\/\/www.appyweb.es\/diccionario\/wp-json\/wp\/v2\/types\/page"}],"author":[{"embeddable":true,"href":"https:\/\/www.appyweb.es\/diccionario\/wp-json\/wp\/v2\/users\/1"}],"replies":[{"embeddable":true,"href":"https:\/\/www.appyweb.es\/diccionario\/wp-json\/wp\/v2\/comments?post=2426"}],"version-history":[{"count":6,"href":"https:\/\/www.appyweb.es\/diccionario\/wp-json\/wp\/v2\/pages\/2426\/revisions"}],"predecessor-version":[{"id":15047,"href":"https:\/\/www.appyweb.es\/diccionario\/wp-json\/wp\/v2\/pages\/2426\/revisions\/15047"}],"wp:featuredmedia":[{"embeddable":true,"href":"https:\/\/www.appyweb.es\/diccionario\/wp-json\/wp\/v2\/media\/15042"}],"wp:attachment":[{"href":"https:\/\/www.appyweb.es\/diccionario\/wp-json\/wp\/v2\/media?parent=2426"}],"curies":[{"name":"wp","href":"https:\/\/api.w.org\/{rel}","templated":true}]}}