{"id":2431,"date":"2023-06-22T08:03:23","date_gmt":"2023-06-22T08:03:23","guid":{"rendered":"https:\/\/www.appyweb.es\/diccionario\/?page_id=2431"},"modified":"2024-04-16T15:50:47","modified_gmt":"2024-04-16T15:50:47","slug":"kanlli","status":"publish","type":"page","link":"https:\/\/www.appyweb.es\/diccionario\/kanlli\/","title":{"rendered":"Kanlli"},"content":{"rendered":"<figure id=\"attachment_15192\" aria-describedby=\"caption-attachment-15192\" style=\"width: 1000px\" class=\"wp-caption alignnone\"><img loading=\"lazy\" decoding=\"async\" class=\"size-full wp-image-15192\" src=\"https:\/\/www.appyweb.es\/diccionario\/wp-content\/uploads\/2024\/04\/Kanlli.jpg\" alt=\"Kanlli\" width=\"1000\" height=\"600\" srcset=\"https:\/\/www.appyweb.es\/diccionario\/wp-content\/uploads\/2024\/04\/Kanlli.jpg 1000w, https:\/\/www.appyweb.es\/diccionario\/wp-content\/uploads\/2024\/04\/Kanlli-300x180.jpg 300w, https:\/\/www.appyweb.es\/diccionario\/wp-content\/uploads\/2024\/04\/Kanlli-768x461.jpg 768w\" sizes=\"auto, (max-width: 1000px) 100vw, 1000px\" \/><figcaption id=\"caption-attachment-15192\" class=\"wp-caption-text\">Portatil con un contenido de marketing.<\/figcaption><\/figure>\n<p>Es una agencia de marketing digital especializada en medios digitales, <strong>Kanlli conecta empresas con medios digitales para impulsar marcas<\/strong>. Al mismo tiempo, se concentra en mejorar el rendimiento de las mismas, generar contenido y SEO, as\u00ed como analizar resultados de campa\u00f1as.<\/p>\n<h2>\u00bfQu\u00e9 es Kanlli?<\/h2>\n<p>Es una agencia de medio digitales que busca de forma pro-activa mejorar el rendimiento de las empresas que hacen vida en el mundo del Internet. Se orientan en <strong>buscar soluciones espec\u00edficas para cada cliente<\/strong>, su servicio puede ser personalizado y dise\u00f1ado para cumplir con objetivos muy espec\u00edficos.<\/p>\n<p>Aunque se especializan en distribuci\u00f3n de <a href=\"https:\/\/www.appyweb.es\/marketing-de-contenidos\/\">publicidad en medios y marketing de contenidos<\/a> tambi\u00e9n involucran muchas t\u00e9cnicas de SEO u optimizaci\u00f3n para buscadores, de forma que <strong>dichos contenidos puedan ser mejor posicionados en su sector<\/strong>. Pero, eso no es todo, tambi\u00e9n cuentan con otros servicios como el an\u00e1lisis de resultados de campa\u00f1as y CRO (optimizaci\u00f3n de la tasa de clics)<\/p>\n<h2>Origen<\/h2>\n<p>Esta agencia empez\u00f3 con la iniciativa de un par de trabajadores de Am\u00e9rica Online USA, donde ayudaron a desarrollar agencias de marketing en m\u00e1s de 15 pa\u00edses alrededor del mundo. De all\u00ed naci\u00f3 Kanlli, en 2006 se cre\u00f3 una idea de agencia de medios que buscaba cumplir con las necesidades de los consumidores, <strong>desarrollando un servicio que conectara medios, contenido, ideas y tecnolog\u00eda<\/strong> en una sola estrategia.<\/p>\n<p>Asimismo, utilizan un m\u00e9todo que consiste estudiar a fondo al consumidor y a la empresa del anunciante, de forma que las estrategias que se vayan a planificar est\u00e9n muy relacionadas y puedan generar un verdadero impacto en el consumidor, al mismo tiempo que la empresa gana notoriedad.<\/p>\n<h2>\u00bfC\u00f3mo funciona la agencia?<\/h2>\n<p>Como se menciona arriba, su objetivo principal es conocer a fondo ambas partes de la estrategia, en esta etapa utilizan una tecnolog\u00eda de datos que permite detectar tendencias del sector, que luego amoldan a <strong>estrategias creativas para alcanzar los objetivos de cada anunciante<\/strong>. Basado en esto, involucran muchos <a href=\"https:\/\/www.appyweb.es\/link-building\/\">m\u00e9todos de posicionamiento web<\/a>, as\u00ed como estrategias sociales.<\/p>\n<p>Asimismo, tambi\u00e9n ofrecen un servicio de agencia in-house que permite a la marca construir una agencia propia, que cuente con todas las herramientas para llevar a cabo las estrategias con pleno conocimiento de la empresa, sin necesidad de contratar personal a parte. Pero, tambi\u00e9n <strong>desarrollan un servicio de out-source para contratar personal externo<\/strong>, que es una alternativa m\u00e1s rentable.<\/p>\n<h2>Servicios de Kanlli<\/h2>\n<p>La agencia especifica que trabaja con el m\u00e9todo de embudo, construyendo cada etapa del mismo bas\u00e1ndose en lo que saben del consumidor y la empresa. Para esto, incluyen los siguientes servicios.<\/p>\n<ul>\n<li><strong>Paid Media<\/strong>: Se basa en publicidad program\u00e1tica, involucran <strong>herramientas como Google Ads y su plataforma de display<\/strong>, para generar anuncios en medios de forma inteligente y m\u00e1s rentable.<\/li>\n<li><strong>Performance<\/strong>: Es un tipo de campa\u00f1a que permite entender al consumidor y responder a sus necesidades de forma espec\u00edfica, planificando una t\u00e9cnica de reconocimiento y fidelidad con la marca.<\/li>\n<li><strong>Social Content y SEO<\/strong>: Con esto involucran t\u00e9cnicas de publicidad en medios digitales, repartiendo el contenido a trav\u00e9s de estrategias de target y social marketing. Tambi\u00e9n mejoran esos contenidos con SEO para mejorar el rendimiento.<\/li>\n<li><strong>Analytics y CRO<\/strong>: Todas las campa\u00f1as son analizadas posteriormente con una serie de herramientas avanzadas, que permitir\u00e1n conocer cu\u00e1les fueron los aciertos y fallos de cada f\u00f3rmula.<\/li>\n<\/ul>\n<p><script type=\"application\/ld+json\">{\"@context\":\"https:\/\/schema.org\",\"@type\":\"FAQPage\",\"mainEntity\":[ \n{\"@type\":\"Question\",\"name\":\"\u00bfQu\u00e9 es Kanlli?\",\"acceptedAnswer\":{\"@type\":\"Answer\",\"text\":\"<\/p>\n<p>Es una agencia de medio digitales que busca de forma pro-activa mejorar el rendimiento de las empresas que hacen vida en el mundo del Internet. Se orientan en <strong>buscar soluciones espec\u00edficas para cada cliente<\/strong>, su servicio puede ser personalizado y dise\u00f1ado para cumplir con objetivos muy espec\u00edficos.<\/p>\n<p>Aunque se especializan en distribuci\u00f3n de <a href='https:\/\/www.appyweb.es\/marketing-de-contenidos\/'>publicidad en medios y marketing de contenidos<\/a> tambi\u00e9n involucran muchas t\u00e9cnicas de SEO u optimizaci\u00f3n para buscadores, de forma que <strong>dichos contenidos puedan ser mejor posicionados en su sector<\/strong>. Pero, eso no es todo, tambi\u00e9n cuentan con otros servicios como el an\u00e1lisis de resultados de campa\u00f1as y CRO (optimizaci\u00f3n de la tasa de clics)<\/p>\n<p>\"}},\n{\"@type\":\"Question\",\"name\":\"Origen\",\"acceptedAnswer\":{\"@type\":\"Answer\",\"text\":\"<\/p>\n<p>Esta agencia empez\u00f3 con la iniciativa de un par de trabajadores de Am\u00e9rica  Online USA, donde ayudaron a desarrollar agencias de marketing en m\u00e1s de 15 pa\u00edses alrededor del mundo. De all\u00ed naci\u00f3 Kanlli, en 2006 se cre\u00f3 una idea de agencia de medios que buscaba cumplir con las necesidades de los consumidores, <strong>desarrollando un servicio que conectara medios, contenido, ideas y tecnolog\u00eda<\/strong> en una sola estrategia.<\/p>\n<p>Asimismo, utilizan un m\u00e9todo que consiste estudiar a fondo al consumidor y a la empresa del anunciante, de forma que las estrategias que se vayan a planificar est\u00e9n muy relacionadas y puedan generar un verdadero impacto en el consumidor, al mismo tiempo que la empresa gana notoriedad.<\/p>\n<p>\"}},\n{\"@type\":\"Question\",\"name\":\"\u00bfC\u00f3mo funciona la agencia?\",\"acceptedAnswer\":{\"@type\":\"Answer\",\"text\":\"<\/p>\n<p>Como se menciona arriba, su objetivo principal es conocer a fondo ambas partes de la estrategia, en esta etapa utilizan una tecnolog\u00eda de datos que permite detectar tendencias del sector, que luego amoldan a <strong>estrategias creativas para alcanzar los objetivos de cada anunciante<\/strong>. Basado en esto, involucran muchos <a href='https:\/\/www.appyweb.es\/link-building\/'>m\u00e9todos de posicionamiento web<\/a>, as\u00ed como estrategias sociales.<\/p>\n<p>Asimismo, tambi\u00e9n ofrecen un servicio de agencia in-house que permite a la marca construir una agencia propia, que cuente con todas las herramientas para llevar a cabo las estrategias con pleno conocimiento de la empresa, sin necesidad de contratar personal a parte. Pero, tambi\u00e9n <strong>desarrollan un servicio de out-source para contratar personal externo<\/strong>, que es una alternativa m\u00e1s rentable.<\/p>\n<p>\"}},\n{\"@type\":\"Question\",\"name\":\"Servicios de Kanlli\",\"acceptedAnswer\":{\"@type\":\"Answer\",\"text\":\"<\/p>\n<p>La agencia especifica que trabaja con el m\u00e9todo de embudo, construyendo cada etapa del mismo bas\u00e1ndose en lo que saben del consumidor y la empresa. Para esto, incluyen los siguientes servicios.<\/p>\n<\/p>\n<\/p>\n<ul>\n<\/p>\n<\/p>\n<li><strong>Paid Media<\/strong>: Se basa en publicidad program\u00e1tica, involucran <strong>herramientas como Google Ads y su plataforma de display<\/strong>, para generar anuncios en medios de forma inteligente y m\u00e1s rentable.<\/li>\n<\/p>\n<\/p>\n<\/p>\n<li><strong>Performance<\/strong>: Es un tipo de campa\u00f1a que permite entender al consumidor y responder a sus necesidades de forma espec\u00edfica, planificando una t\u00e9cnica de reconocimiento y fidelidad con la marca.<\/li>\n<\/p>\n<\/p>\n<\/p>\n<li><strong>Social Content y SEO<\/strong>: Con esto involucran t\u00e9cnicas de publicidad en medios digitales, repartiendo el contenido a trav\u00e9s de estrategias de target y social marketing. Tambi\u00e9n mejoran esos contenidos con SEO para mejorar el rendimiento.<\/li>\n<\/p>\n<\/p>\n<\/p>\n<li><strong>Analytics y CRO<\/strong>: Todas las campa\u00f1as son analizadas posteriormente con una serie de herramientas avanzadas, que permitir\u00e1n conocer cu\u00e1les fueron los aciertos y fallos de cada f\u00f3rmula.<\/li>\n<\/p>\n<\/ul>\n<\/p>\n<p>\"}}\n]}<\/script><\/p>\n<h2>M\u00e1s informaci\u00f3n sobre Kanlli<\/h2>\n<p>Una de las <strong>caracter\u00edsticas m\u00e1s notables de esta agencia son sus casos de \u00e9xito<\/strong>, es genial como se adaptan a las circunstancias de cada marca para impulsarla en los medios digitales, obt\u00e9n m\u00e1s informaci\u00f3n con estos enlaces.<\/p>\n<ul>\n<li><a href=\"https:\/\/www.appyweb.es\/beneficios-agencia-de-marketing-online\/\">Beneficios al contratar un experto en marketing online<\/a><\/li>\n<li><a href=\"https:\/\/www.kanlli.com\/casos-exito\/\" rel=\"nofollow noopener\" target=\"_blank\">Casos de \u00e9xito de Kanlli<\/a><\/li>\n<\/ul>\n<p>&nbsp;<\/p>\n","protected":false},"excerpt":{"rendered":"<p>Es una agencia de marketing digital especializada en medios digitales, Kanlli conecta empresas con medios digitales para impulsar marcas. Al mismo tiempo, se concentra en mejorar el rendimiento de las mismas, generar contenido y SEO, as\u00ed como analizar resultados de campa\u00f1as. \u00bfQu\u00e9 es Kanlli? Es una agencia de medio digitales que busca de forma pro-activa [&hellip;]<\/p>\n","protected":false},"author":1,"featured_media":15192,"parent":0,"menu_order":0,"comment_status":"closed","ping_status":"closed","template":"","meta":{"inline_featured_image":false,"footnotes":""},"class_list":["post-2431","page","type-page","status-publish","has-post-thumbnail","hentry"],"_links":{"self":[{"href":"https:\/\/www.appyweb.es\/diccionario\/wp-json\/wp\/v2\/pages\/2431","targetHints":{"allow":["GET"]}}],"collection":[{"href":"https:\/\/www.appyweb.es\/diccionario\/wp-json\/wp\/v2\/pages"}],"about":[{"href":"https:\/\/www.appyweb.es\/diccionario\/wp-json\/wp\/v2\/types\/page"}],"author":[{"embeddable":true,"href":"https:\/\/www.appyweb.es\/diccionario\/wp-json\/wp\/v2\/users\/1"}],"replies":[{"embeddable":true,"href":"https:\/\/www.appyweb.es\/diccionario\/wp-json\/wp\/v2\/comments?post=2431"}],"version-history":[{"count":6,"href":"https:\/\/www.appyweb.es\/diccionario\/wp-json\/wp\/v2\/pages\/2431\/revisions"}],"predecessor-version":[{"id":15195,"href":"https:\/\/www.appyweb.es\/diccionario\/wp-json\/wp\/v2\/pages\/2431\/revisions\/15195"}],"wp:featuredmedia":[{"embeddable":true,"href":"https:\/\/www.appyweb.es\/diccionario\/wp-json\/wp\/v2\/media\/15192"}],"wp:attachment":[{"href":"https:\/\/www.appyweb.es\/diccionario\/wp-json\/wp\/v2\/media?parent=2431"}],"curies":[{"name":"wp","href":"https:\/\/api.w.org\/{rel}","templated":true}]}}