{"id":2441,"date":"2023-06-22T08:06:51","date_gmt":"2023-06-22T08:06:51","guid":{"rendered":"https:\/\/www.appyweb.es\/diccionario\/?page_id=2441"},"modified":"2024-04-17T14:24:32","modified_gmt":"2024-04-17T14:24:32","slug":"kda","status":"publish","type":"page","link":"https:\/\/www.appyweb.es\/diccionario\/kda\/","title":{"rendered":"KDA"},"content":{"rendered":"<figure id=\"attachment_15285\" aria-describedby=\"caption-attachment-15285\" style=\"width: 1000px\" class=\"wp-caption alignnone\"><img loading=\"lazy\" decoding=\"async\" class=\"size-full wp-image-15285\" src=\"https:\/\/www.appyweb.es\/diccionario\/wp-content\/uploads\/2024\/04\/KDA.jpg\" alt=\"KDA\" width=\"1000\" height=\"600\" srcset=\"https:\/\/www.appyweb.es\/diccionario\/wp-content\/uploads\/2024\/04\/KDA.jpg 1000w, https:\/\/www.appyweb.es\/diccionario\/wp-content\/uploads\/2024\/04\/KDA-300x180.jpg 300w, https:\/\/www.appyweb.es\/diccionario\/wp-content\/uploads\/2024\/04\/KDA-768x461.jpg 768w\" sizes=\"auto, (max-width: 1000px) 100vw, 1000px\" \/><figcaption id=\"caption-attachment-15285\" class=\"wp-caption-text\">Teclado con n lupa encima.<\/figcaption><\/figure>\n<p>Son las siglas que se describen como <em>Keyword Density Analyzer<\/em>, KDA. En espa\u00f1ol <strong>se conoce como analizador de palabras clave<\/strong>. Se trata de una herramienta que se utiliza con frecuencia en la optimizaci\u00f3n SEO para equilibrar la densidad de palabras clave en el contenido.<\/p>\n<h2>\u00bfQu\u00e9 es KDA?<\/h2>\n<p>Los KDA son utilizados con frecuencia para <strong>analizar la cantidad de veces que se repite una palabra clave en el contenido<\/strong> de un sitio web, son \u00fatiles debido a que los algoritmos de los buscadores suelen posicionar mejor aquellas p\u00e1ginas que cuentan con una densidad equilibrada, teniendo en cuenta la cantidad de veces que se repite y la cantidad de texto existente.<\/p>\n<p>Es por esto que tambi\u00e9n es una herramienta <a href=\"https:\/\/www.appyweb.es\/marketing-de-contenidos\/\">indispensable para el marketing de contenidos<\/a>, las herramientas disponibles se pueden conseguir a trav\u00e9s de plugins en WordPress, herramientas internas en plataformas como Google Analytics, entre otros. De esta forma, los expertos en contenidos pueden analizar la cantidad de repeticiones de forma autom\u00e1tica sin tener que acudir al an\u00e1lisis manual.<\/p>\n<h2>\u00bfPara qu\u00e9 sirve y c\u00f3mo funciona?<\/h2>\n<p>La funci\u00f3n principal de esta herramienta es arrojar un dato que <strong>refleja el porcentaje de la densidad de palabras clave en un texto<\/strong>, aunque tambi\u00e9n existen analizadores que permiten estudiar la densidad de las mismas en todo el sitio web. Se pueden implementar configuraciones para esto, dependiendo de la herramienta y las optimizaciones que se est\u00e9n llevando a cabo.<\/p>\n<p>El usuario simplemente deber\u00e1 escribir las palabras clave en el buscador facilitado por la herramienta y en cuesti\u00f3n de segundos arrojar\u00e1 un resultado estimado. Normalmente, el indicador hace referencia a <strong>si se trata de un porcentaje beneficioso o no para el posicionamiento web<\/strong>. Con estos datos, es posible mejorar la densidad del texto y evitar excederse en lo que recomiendan los expertos para posicionar.<\/p>\n<h2>\u00bfPor qu\u00e9 utilizar un KDA?<\/h2>\n<p>Cuando se empez\u00f3 a popularizar la estrategia de posicionamiento en Google muchas empresas recurrieron a lo que hoy se conoce como spam. Empezaron a <strong>repetir sin l\u00edmites las palabras clave en el contenido<\/strong>, con la excusa de que el buscador posicionaba mejor a los sitios web que inclu\u00edan esas keywords con mayor frecuencia en sus publicaciones, llegando a alterar tanto los textos que se volv\u00edan incomprensibles para el usuario.<\/p>\n<p>Con el paso de los a\u00f1os, Google mejor\u00f3 la experiencia del usuario penalizando a los sitios web que llevaran a cabo estas pr\u00e1cticas y <a href=\"https:\/\/www.appyweb.es\/posicionamiento-web\/\">posicionando mejor a las que ten\u00edan una densidad correcta<\/a>. Con el KDA es m\u00e1s f\u00e1cil descubrir si la densidad de las keywords es correcta o supera el l\u00edmite (10% recomendado seg\u00fan la densidad total del texto), para evitar la penalizaci\u00f3n del buscador.<\/p>\n<h2>M\u00e1s informaci\u00f3n sobre KDA<\/h2>\n<p>La herramienta que viste arriba est\u00e1 disponible en un plugin para Chrome, si quieres descargarlo o tener <strong>m\u00e1s informaci\u00f3n respecto a la optimizaci\u00f3n de palabras clave<\/strong> aqu\u00ed tienes un par de enlaces.<\/p>\n<ul>\n<li><a href=\"https:\/\/www.appyweb.es\/diccionario\/keyword-research\/\">\u00bfQu\u00e9 es el Keyword research y para qu\u00e9 sirve?<\/a><\/li>\n<li><a href=\"https:\/\/chrome.google.com\/webstore\/detail\/seoquake\/akdgnmcogleenhbclghghlkkdndkjdjc?hl=es\" rel=\"nofollow noopener\" target=\"_blank\">Descargar SEOQuake para Chrome<\/a><\/li>\n<\/ul>\n<p>&nbsp;<\/p>\n","protected":false},"excerpt":{"rendered":"<p>Son las siglas que se describen como Keyword Density Analyzer, KDA. En espa\u00f1ol se conoce como analizador de palabras clave. Se trata de una herramienta que se utiliza con frecuencia en la optimizaci\u00f3n SEO para equilibrar la densidad de palabras clave en el contenido. \u00bfQu\u00e9 es KDA? Los KDA son utilizados con frecuencia para analizar [&hellip;]<\/p>\n","protected":false},"author":1,"featured_media":15285,"parent":0,"menu_order":0,"comment_status":"closed","ping_status":"closed","template":"","meta":{"inline_featured_image":false,"footnotes":""},"class_list":["post-2441","page","type-page","status-publish","has-post-thumbnail","hentry"],"_links":{"self":[{"href":"https:\/\/www.appyweb.es\/diccionario\/wp-json\/wp\/v2\/pages\/2441","targetHints":{"allow":["GET"]}}],"collection":[{"href":"https:\/\/www.appyweb.es\/diccionario\/wp-json\/wp\/v2\/pages"}],"about":[{"href":"https:\/\/www.appyweb.es\/diccionario\/wp-json\/wp\/v2\/types\/page"}],"author":[{"embeddable":true,"href":"https:\/\/www.appyweb.es\/diccionario\/wp-json\/wp\/v2\/users\/1"}],"replies":[{"embeddable":true,"href":"https:\/\/www.appyweb.es\/diccionario\/wp-json\/wp\/v2\/comments?post=2441"}],"version-history":[{"count":6,"href":"https:\/\/www.appyweb.es\/diccionario\/wp-json\/wp\/v2\/pages\/2441\/revisions"}],"predecessor-version":[{"id":15287,"href":"https:\/\/www.appyweb.es\/diccionario\/wp-json\/wp\/v2\/pages\/2441\/revisions\/15287"}],"wp:featuredmedia":[{"embeddable":true,"href":"https:\/\/www.appyweb.es\/diccionario\/wp-json\/wp\/v2\/media\/15285"}],"wp:attachment":[{"href":"https:\/\/www.appyweb.es\/diccionario\/wp-json\/wp\/v2\/media?parent=2441"}],"curies":[{"name":"wp","href":"https:\/\/api.w.org\/{rel}","templated":true}]}}