{"id":2458,"date":"2023-06-22T08:16:34","date_gmt":"2023-06-22T08:16:34","guid":{"rendered":"https:\/\/www.appyweb.es\/diccionario\/?page_id=2458"},"modified":"2023-09-04T09:16:23","modified_gmt":"2023-09-04T09:16:23","slug":"keyword-researcher-pro","status":"publish","type":"page","link":"https:\/\/www.appyweb.es\/diccionario\/keyword-researcher-pro\/","title":{"rendered":"Keyword Researcher Pro"},"content":{"rendered":"<h1><\/h1>\n<p>Es un\u00a0planificador de palabras clave que se puede utilizar en Windows, m\u00e1s espec\u00edficamente, <strong>Keyword Researcher Pro es una aplicaci\u00f3n que permite buscar, generar y organizar palabras clave<\/strong> para desarrollar una estrategia de contenido.<\/p>\n<h2>\u00bfQu\u00e9 es Keyword Researcher Pro?<\/h2>\n<p>Se puede decir que esta es la principal competencia frente a Google Keyword Planner es una aplicaci\u00f3n que permite hacer una b\u00fasqueda de palabras clave que se pueden implementar en <a href=\"https:\/\/www.appyweb.es\/posicionamiento-web\/\">estrategias para posicionar en buscadores<\/a>. Pero tambi\u00e9n es una herramienta \u00fatil para visualizar cu\u00e1les son las palabras clave que se est\u00e1n utilizando actualmente y hacer una comparaci\u00f3n con la competencia.<\/p>\n<p>Se trata de una herramienta que facilita a los profesionales de SEO organizar un esquema de palabras claves seg\u00fan su longitud, pueden ser generales o palabras clave de cola larga. Al aprender a utilizar esta aplicaci\u00f3n <strong>es posible mejorar la visibilidad de un sitio web y as\u00ed aumentar las ventas<\/strong>.<\/p>\n<h2>Beneficios de utilizar Keyword Researcher Pro<\/h2>\n<ul>\n<li>Permite generar hasta miles de combinaciones de palabras clave utilizando la funci\u00f3n autocompletar de Google.<\/li>\n<li>Se pueden <strong>importar ficheros de Excel con datos de b\u00fasquedas mensuales<\/strong>.<\/li>\n<li>Est\u00e1 conectado con el planificador de palabras clave o Google Keyword Planner.<\/li>\n<li>La \u00faltima versi\u00f3n de la herramienta se puede combinar con Google Ads.<\/li>\n<li>Tambi\u00e9n se pueden obtener vol\u00famenes de b\u00fasqueda exactos con ayuda de su vinculaci\u00f3n con Ubersuggest.<\/li>\n<li>Permite organizar las palabras clave entre \u00aboptimas\u00bb y \u00abmalas\u00bb.<\/li>\n<li>Es posible editar el texto y hacer cambios SEO directamente.<\/li>\n<\/ul>\n<h2>\u00bfC\u00f3mo mejorar la estrategia de palabras clave?<\/h2>\n<p>Lo primero que se debe hacer es crear una estrategia de contenidos, que pueda abarcar los requerimientos de los usuarios. Ya que eso garantizara que las personas al ingresar, se sientan interesadas y sientan la necesidad de seguir visitando a la p\u00e1gina.<\/p>\n<p>Lo recomendable para tener \u00e9xito, tanto con el motor de b\u00fasqueda como con las personas, es <strong>lograr integrar las palabras claves a los art\u00edculos de forma natural<\/strong>. Uno de los m\u00e9todos m\u00e1s eficientes para realizar estas acciones es seleccionar una gama de aproximadamente 20 palabras que se relacionen con el producto. Por cada palabra se redacta un art\u00edculo, garantizando de esta forma un flujo constante.<\/p>\n<p><script type=\"application\/ld+json\">{\"@context\":\"https:\/\/schema.org\",\"@type\":\"FAQPage\",\"mainEntity\":[ \n{\"@type\":\"Question\",\"name\":\"\u00bfQu\u00e9 es Keyword Researcher Pro?\",\"acceptedAnswer\":{\"@type\":\"Answer\",\"text\":\"<\/p>\n<p>Se puede decir que esta es la principal competencia frente a Google Keyword Planner es una aplicaci\u00f3n que permite hacer una b\u00fasqueda de palabras clave que se pueden implementar en <a href='https:\/\/www.appyweb.es\/posicionamiento-web\/'>estrategias para posicionar en buscadores<\/a>. Pero tambi\u00e9n es una herramienta \u00fatil para visualizar cu\u00e1les son las palabras clave que se est\u00e1n utilizando actualmente y hacer una comparaci\u00f3n con la competencia.<\/p>\n<p>Se trata de una herramienta que facilita a los profesionales de SEO organizar un esquema de palabras claves seg\u00fan su longitud, pueden ser generales o palabras clave de cola larga. Al aprender a utilizar esta aplicaci\u00f3n <strong>es posible mejorar la visibilidad de un sitio web y as\u00ed aumentar las ventas<\/strong>.<\/p>\n<p>\"}},\n{\"@type\":\"Question\",\"name\":\"Beneficios de utilizar Keyword Researcher Pro\",\"acceptedAnswer\":{\"@type\":\"Answer\",\"text\":\"<\/p>\n<ul>\n<li>Permite generar hasta miles de combinaciones de palabras clave utilizando la funci\u00f3n autocompletar de Google.<\/li>\n<li>Se pueden <strong>importar ficheros de Excel con datos de b\u00fasquedas mensuales<\/strong>.<\/li>\n<li>Est\u00e1 conectado con el planificador de palabras clave o Google Keyword Planner.<\/li>\n<li>La \u00faltima versi\u00f3n de la herramienta se puede combinar con Google Ads.<\/li>\n<li>Tambi\u00e9n se pueden obtener vol\u00famenes de b\u00fasqueda exactos con ayuda de su vinculaci\u00f3n con Ubersuggest.<\/li>\n<li>Permite organizar las palabras clave entre 'optimas' y 'malas'.<\/li>\n<li>Es posible editar el texto y hacer cambios SEO directamente.<\/li>\n<\/ul>\n<p>\"}},\n{\"@type\":\"Question\",\"name\":\"\u00bfC\u00f3mo mejorar la estrategia de palabras clave?\",\"acceptedAnswer\":{\"@type\":\"Answer\",\"text\":\"<\/p>\n<p>Lo primero que se debe hacer es crear una estrategia de contenidos, que pueda abarcar los requerimientos de los usuarios. Ya que eso garantizara que las personas al ingresar, se sientan interesadas y sientan la necesidad de seguir visitando a la p\u00e1gina.<\/p>\n<p>Lo recomendable para tener \u00e9xito, tanto con el motor de b\u00fasqueda como con las personas, es <strong>lograr integrar las palabras claves a los art\u00edculos de forma natural<\/strong>. Uno de los m\u00e9todos m\u00e1s eficientes para realizar estas acciones es seleccionar una gama de aproximadamente 20 palabras que se relacionen con el producto. Por cada palabra se redacta un art\u00edculo, garantizando de esta forma un flujo constante.<\/p>\n<p>\"}}\n]}<\/script><\/p>\n<h2>M\u00e1s informaci\u00f3n sobre Keyword Researcher Pro<\/h2>\n<p>Es una herramienta indispensable para empezar con tus estrategias de posicionamiento web \u00bfquieres saber un poco m\u00e1s sobre ella? Aqu\u00ed tienes un par de enlaces para ampliar informaci\u00f3n.<\/p>\n<ul>\n<li><a href=\"https:\/\/www.appyweb.es\/diccionario\/keyword-research\/\">\u00bfQu\u00e9 es el Keyword research y para qu\u00e9 sirve?<\/a><\/li>\n<li><a href=\"https:\/\/www.toolist.es\/keyword-researcher-pro_51.html\" rel=\"nofollow noopener\" target=\"_blank\">Keyword Researcher Pro | Herramienta SEO de An\u00e1lisis de palabras clave<\/a><\/li>\n<\/ul>\n<p>&nbsp;<\/p>\n","protected":false},"excerpt":{"rendered":"<p>Es un\u00a0planificador de palabras clave que se puede utilizar en Windows, m\u00e1s espec\u00edficamente, Keyword Researcher Pro es una aplicaci\u00f3n que permite buscar, generar y organizar palabras clave para desarrollar una estrategia de contenido. \u00bfQu\u00e9 es Keyword Researcher Pro? Se puede decir que esta es la principal competencia frente a Google Keyword Planner es una aplicaci\u00f3n [&hellip;]<\/p>\n","protected":false},"author":1,"featured_media":0,"parent":0,"menu_order":0,"comment_status":"closed","ping_status":"closed","template":"","meta":{"inline_featured_image":false,"footnotes":""},"class_list":["post-2458","page","type-page","status-publish","hentry"],"_links":{"self":[{"href":"https:\/\/www.appyweb.es\/diccionario\/wp-json\/wp\/v2\/pages\/2458","targetHints":{"allow":["GET"]}}],"collection":[{"href":"https:\/\/www.appyweb.es\/diccionario\/wp-json\/wp\/v2\/pages"}],"about":[{"href":"https:\/\/www.appyweb.es\/diccionario\/wp-json\/wp\/v2\/types\/page"}],"author":[{"embeddable":true,"href":"https:\/\/www.appyweb.es\/diccionario\/wp-json\/wp\/v2\/users\/1"}],"replies":[{"embeddable":true,"href":"https:\/\/www.appyweb.es\/diccionario\/wp-json\/wp\/v2\/comments?post=2458"}],"version-history":[{"count":3,"href":"https:\/\/www.appyweb.es\/diccionario\/wp-json\/wp\/v2\/pages\/2458\/revisions"}],"predecessor-version":[{"id":9166,"href":"https:\/\/www.appyweb.es\/diccionario\/wp-json\/wp\/v2\/pages\/2458\/revisions\/9166"}],"wp:attachment":[{"href":"https:\/\/www.appyweb.es\/diccionario\/wp-json\/wp\/v2\/media?parent=2458"}],"curies":[{"name":"wp","href":"https:\/\/api.w.org\/{rel}","templated":true}]}}