{"id":2467,"date":"2023-06-22T08:19:05","date_gmt":"2023-06-22T08:19:05","guid":{"rendered":"https:\/\/www.appyweb.es\/diccionario\/?page_id=2467"},"modified":"2023-09-04T09:16:39","modified_gmt":"2023-09-04T09:16:39","slug":"keyword-stuffing","status":"publish","type":"page","link":"https:\/\/www.appyweb.es\/diccionario\/keyword-stuffing\/","title":{"rendered":"Keyword Stuffing"},"content":{"rendered":"<h1><\/h1>\n<p>Anteriormente, el uso de <strong>pr\u00e1cticas de Black Hat SEO como el Keyword Stuffing<\/strong> eran muy comunes. Sin embargo, cuando estas empezaron a utilizarse sin l\u00edmites, los buscadores empezaron a desarrollar una lista de penalizaciones \u00bfquieres saber m\u00e1s sobre \u00e9sta pr\u00e1ctica? sigue leyendo.<\/p>\n<h2>\u00bfQu\u00e9 es el keyword stuffing?<\/h2>\n<p>Se trata de una t\u00e9cnica que consiste en \u00abrellenar\u00bb las metaetiquetas de palabras clave y todos los aspectos visibles para el algoritmo, con esto, se busca manipular la relaci\u00f3n que tiene el sitio web con las palabras clave y las consultas del usuario para posicionarse mejor en las SERP\\&#8217;s. Actualmente, no es una <a href=\"https:\/\/www.appyweb.es\/posicionamiento-web\/\">buena t\u00e9cnica de posicionamiento web<\/a>, ya que los buscadores suelen penalizarla.<\/p>\n<p>Al utilizar el <strong>keyword stuffing se repiten las mismas palabras clave en el texto<\/strong>, as\u00ed como en los metadatos, como el t\u00edtulo, URL y descripci\u00f3n en las SERP\\&#8217;s. Sin embargo, algunos sitios web de anta\u00f1o empezaron a repetirlas de forma excesiva, haciendo que el texto se volviera incomprensible para los lectores.<\/p>\n<h2>\u00bfPor qu\u00e9 Google penaliza el keyword Stuffing?<\/h2>\n<p>En primer lugar, Google lo penaliz\u00f3 debido a que el abuso de esta pr\u00e1ctica perjudicaba la experiencia del usuario de una forma negativa, ya que no se sent\u00edan a gusto leyendo la informaci\u00f3n, por lo que pod\u00eda bajar la popularidad del buscador. Con las primeras actualizaciones de Google, como Panda y Penguin, se empez\u00f3 a <strong>penalizar aquellos sitios que no ofrecieran textos de calidad<\/strong>.<\/p>\n<p>Sin embargo, la utilizaci\u00f3n de palabras clave sigue siendo indispensable en cualquier caso, de hecho, actualmente los webmaster aseguran que <strong>utilizar una proporci\u00f3n de repeticiones de palabras clave del 10%<\/strong> con respecto a la cantidad total del texto puede ser suficiente para generar una buena se\u00f1al de posicionamiento. Asimismo, en las <a href=\"https:\/\/www.appyweb.es\/marketing-de-contenidos\/\">pr\u00e1cticas de marketing de contenidos<\/a> tambi\u00e9n se recomienda utilizar palabras clave de cola larga o relacionadas para darle m\u00e1s dinamismo al texto.<\/p>\n<h2>\u00bfEs penalizada en todos los casos?<\/h2>\n<p>Actualmente, muchos buscadores ya no incluyen la <strong>cantidad de repeticiones de las palabras clave en sus evaluaciones para la indexaci\u00f3n<\/strong>, solo se concentran en la calidad del texto, la estructura, su proporci\u00f3n y valor frente al usuario. Por lo que en muchos casos puede que no sea penalizada, sin embargo, no se tendr\u00e1 en cuenta en absoluto como aspecto para lograr un buen posicionamiento.<\/p>\n<p>Por otro lado, Google y Bing s\u00ed cuentan con varias actualizaciones especializadas en penalizar o eliminar de las SERP\\&#8217;s <strong>aquellos sitios web que exageran al utilizan keyword stuffing<\/strong>. Es por eso que la mejor recomendaci\u00f3n es evitar el exceso de repeticiones y mejorar la calidad del texto con informaci\u00f3n \u00fatil.<\/p>\n<h2>M\u00e1s informaci\u00f3n sobre keyword stuffing<\/h2>\n<p>Es interesante c\u00f3mo una repetici\u00f3n de palabras, que a veces puede ser involuntaria, <strong>puede afectar tanto el posicionamiento de tu sitio web<\/strong> \u00bfquieres saber m\u00e1s al respecto? Aqu\u00ed tienes un par de enlaces que te pueden ayudar.<\/p>\n<ul>\n<li><a href=\"https:\/\/www.appyweb.es\/errores-no-cometer-perjudicar-seo\/\">15 errores que no debes cometer para no perjudicar tu SEO<\/a><\/li>\n<li><a href=\"https:\/\/www.iebschool.com\/blog\/que-es-el-keyword-stuffing-claves-seo-sem\/\" rel=\"nofollow noopener\" target=\"_blank\">Evita el keyword stuffing con estos tips<\/a><\/li>\n<\/ul>\n<p>&nbsp;<\/p>\n","protected":false},"excerpt":{"rendered":"<p>Anteriormente, el uso de pr\u00e1cticas de Black Hat SEO como el Keyword Stuffing eran muy comunes. Sin embargo, cuando estas empezaron a utilizarse sin l\u00edmites, los buscadores empezaron a desarrollar una lista de penalizaciones \u00bfquieres saber m\u00e1s sobre \u00e9sta pr\u00e1ctica? sigue leyendo. \u00bfQu\u00e9 es el keyword stuffing? Se trata de una t\u00e9cnica que consiste en [&hellip;]<\/p>\n","protected":false},"author":1,"featured_media":0,"parent":0,"menu_order":0,"comment_status":"closed","ping_status":"closed","template":"","meta":{"inline_featured_image":false,"footnotes":""},"class_list":["post-2467","page","type-page","status-publish","hentry"],"_links":{"self":[{"href":"https:\/\/www.appyweb.es\/diccionario\/wp-json\/wp\/v2\/pages\/2467","targetHints":{"allow":["GET"]}}],"collection":[{"href":"https:\/\/www.appyweb.es\/diccionario\/wp-json\/wp\/v2\/pages"}],"about":[{"href":"https:\/\/www.appyweb.es\/diccionario\/wp-json\/wp\/v2\/types\/page"}],"author":[{"embeddable":true,"href":"https:\/\/www.appyweb.es\/diccionario\/wp-json\/wp\/v2\/users\/1"}],"replies":[{"embeddable":true,"href":"https:\/\/www.appyweb.es\/diccionario\/wp-json\/wp\/v2\/comments?post=2467"}],"version-history":[{"count":4,"href":"https:\/\/www.appyweb.es\/diccionario\/wp-json\/wp\/v2\/pages\/2467\/revisions"}],"predecessor-version":[{"id":9169,"href":"https:\/\/www.appyweb.es\/diccionario\/wp-json\/wp\/v2\/pages\/2467\/revisions\/9169"}],"wp:attachment":[{"href":"https:\/\/www.appyweb.es\/diccionario\/wp-json\/wp\/v2\/media?parent=2467"}],"curies":[{"name":"wp","href":"https:\/\/api.w.org\/{rel}","templated":true}]}}