{"id":2476,"date":"2023-06-22T08:24:59","date_gmt":"2023-06-22T08:24:59","guid":{"rendered":"https:\/\/www.appyweb.es\/diccionario\/?page_id=2476"},"modified":"2023-09-04T09:17:32","modified_gmt":"2023-09-04T09:17:32","slug":"knowledge-graph-google","status":"publish","type":"page","link":"https:\/\/www.appyweb.es\/diccionario\/knowledge-graph-google\/","title":{"rendered":"Knowledge Graph de Google"},"content":{"rendered":"<h1><\/h1>\n<p>Se trata de un display en la p\u00e1gina de resultados de b\u00fasqueda, es decir, un cuadro que aparece al realizar una consulta en Google. La finalidad del <strong>Knowledge Graph es ofrecer al usuario una respuesta r\u00e1pida a su consulta<\/strong>, sin la necesidad de acceder a ning\u00fan sitio web, no es visto con buenos ojos de parte de los webmaster ya que pueden \u00abrobarse\u00bb el tr\u00e1fico web.<\/p>\n<h2>\u00bfQu\u00e9 es el Knowledge Graph de Google?<\/h2>\n<p>Es una herramienta de Google que <strong>permite resolver una consulta de forma f\u00e1cil y r\u00e1pida<\/strong>, normalmente, el Knowledge Graph indica informaci\u00f3n muy puntual sobre personalidades y eventos. Por ejemplo, si se realiza una b\u00fasqueda sobre \u00abLeonardo DiCaprio\u00bb se ver\u00e1 un recuadro en la parte derecha de las SERP\\&#8217;s donde indica su profesi\u00f3n, pel\u00edculas, edad, padres, hermanos y fotograf\u00edas.<\/p>\n<p>Para el usuario es una herramienta muy \u00fatil, pero para los propietarios de los sitios es algo negativo <a href=\"https:\/\/www.appyweb.es\/posicionamiento-web\/\">para su posicionamiento web<\/a>, ya que los usuarios no ver\u00e1n necesario acceder a los sitios, por lo que bajar\u00e1 el tr\u00e1fico web, as\u00ed como las ventas.<\/p>\n<h2>\u00bfPara qu\u00e9 sirve?<\/h2>\n<p>Google utiliza esta herramienta <strong>para ofrecer resultados muy generales sobre un tema<\/strong>, una persona, eventos, datos hist\u00f3ricos y m\u00e1s. Es por eso que nunca aparecer\u00e1 en b\u00fasquedas m\u00e1s espec\u00edficas, por ejemplo, si se realiza una consulta sobre \u00abcu\u00e1nto gana Leonardo DiCaprio\u00bb el display no aparecer\u00e1. Es un resultado muy general, sin embargo, todos los datos dispuestos en \u00e9l provienen de fuentes importantes, como Wikipedia o la base de datos del FBI.<\/p>\n<p><strong>Su funci\u00f3n principal es mejorar la experiencia del usuario<\/strong>, desde hace unos a\u00f1os Google not\u00f3 que los usuarios est\u00e1n cada vez menos interesados en hacer clics, es decir, mientras menos clics realicen, mejor ser\u00e1 su experiencia. Por eso, en lugar de solo ofrecerles un listado de posibilidades para resolver sus preguntas, ofrecen un display que podr\u00e1n observar si hacer ning\u00fan clic.<\/p>\n<p>Pero, como se mencion\u00f3 anteriormente, no es \u00fatil para los propietarios de los sitios web, ya que interrumpir\u00eda sus <a href=\"https:\/\/www.appyweb.es\/marketing-de-atraccion\/\">estrategias de marketing de atracci\u00f3n<\/a>, aunque es natural que los buscadores se interesen m\u00e1s en los usuarios.<\/p>\n<h2>\u00bfNo son lo mismo que los Rich Snippets?<\/h2>\n<p>No, en primer lugar, se diferencian porque el <strong>Knowledge Graph aparecer\u00e1 con frecuencia en la parte derecha de las SERP\\&#8217;s<\/strong>, es decir, no formar\u00e1 parte del listado, como pasa con los Rich Snippets. Aparte, el primero tiene una estructura b\u00e1sica que muestra fotograf\u00edas, un bot\u00f3n para compartir, un listado de descripciones y opciones adicionales para buscar.<\/p>\n<p>Por otro lado, los Rich Snippets pueden tener muchas formas, por ejemplo, si es un resultado de Shopping se puede ver solo la imagen y el precio de un producto. En ocasiones tambi\u00e9n se pueden visualizar bullet lists, res\u00famenes, entre otros.<\/p>\n<h2>\u00bfEs posible crear un Knowledge Graph para posicionar?<\/h2>\n<p>Aunque es dif\u00edcil, porque el buscador utiliza fuentes de datos de gran relevancia, puede ser posible, pero solo teniendo en cuenta estas sugerencias.<\/p>\n<ul>\n<li><strong>Contar con un SEO perfecto<\/strong>: El sitio web debe estar optimizado al 100% y preferiblemente que est\u00e9 en el primer resultado de b\u00fasqueda.<\/li>\n<li><strong>Estar enlazado en Wikipedia<\/strong>: Si un art\u00edculo de Wikipedia enlaza a un sitio web, <strong>\u00e9ste tendr\u00e1 m\u00e1s posibilidades de aparecer en el display<\/strong> debido a su relevancia.<\/li>\n<li><strong>Tener un perfil en Google My Business<\/strong>: Si se trata de un sitio web de empresas, es m\u00e1s probable que aparezca en el display si tiene un perfil en My Business, ya que estar\u00e1 verificado como negocio.<\/li>\n<\/ul>\n<h2>M\u00e1s informaci\u00f3n sobre Knowledge Graph de Google<\/h2>\n<p>Sin dudas el algoritmo est\u00e1 m\u00e1s al tanto del comportamiento de los usuarios en la actualidad, al mismo tiempo, tambi\u00e9n deber\u00edas tener ese mismo inter\u00e9s para mejorar el SEO de tu sitio, aqu\u00ed tienes un par de enlaces para ampliar tu informaci\u00f3n.<\/p>\n<ul>\n<li><a href=\"https:\/\/www.appyweb.es\/guia-dejar-perder-posicionamiento-google\/\">[Gu\u00eda] Deja de perder posiciones en Google<\/a><\/li>\n<li><a href=\"https:\/\/support.google.com\/knowledgepanel\/answer\/7534842?hl=es-419#:~:text=Ve%20a%20la%20B%C3%BAsqueda%20de,y%20su%20panel%20de%20conocimiento.\" rel=\"nofollow noopener\" target=\"_blank\">C\u00f3mo actualizar tu panel de conocimiento de Google<\/a><\/li>\n<\/ul>\n<p>&nbsp;<\/p>\n","protected":false},"excerpt":{"rendered":"<p>Se trata de un display en la p\u00e1gina de resultados de b\u00fasqueda, es decir, un cuadro que aparece al realizar una consulta en Google. La finalidad del Knowledge Graph es ofrecer al usuario una respuesta r\u00e1pida a su consulta, sin la necesidad de acceder a ning\u00fan sitio web, no es visto con buenos ojos de [&hellip;]<\/p>\n","protected":false},"author":1,"featured_media":0,"parent":0,"menu_order":0,"comment_status":"closed","ping_status":"closed","template":"","meta":{"inline_featured_image":false,"footnotes":""},"class_list":["post-2476","page","type-page","status-publish","hentry"],"_links":{"self":[{"href":"https:\/\/www.appyweb.es\/diccionario\/wp-json\/wp\/v2\/pages\/2476","targetHints":{"allow":["GET"]}}],"collection":[{"href":"https:\/\/www.appyweb.es\/diccionario\/wp-json\/wp\/v2\/pages"}],"about":[{"href":"https:\/\/www.appyweb.es\/diccionario\/wp-json\/wp\/v2\/types\/page"}],"author":[{"embeddable":true,"href":"https:\/\/www.appyweb.es\/diccionario\/wp-json\/wp\/v2\/users\/1"}],"replies":[{"embeddable":true,"href":"https:\/\/www.appyweb.es\/diccionario\/wp-json\/wp\/v2\/comments?post=2476"}],"version-history":[{"count":5,"href":"https:\/\/www.appyweb.es\/diccionario\/wp-json\/wp\/v2\/pages\/2476\/revisions"}],"predecessor-version":[{"id":15240,"href":"https:\/\/www.appyweb.es\/diccionario\/wp-json\/wp\/v2\/pages\/2476\/revisions\/15240"}],"wp:attachment":[{"href":"https:\/\/www.appyweb.es\/diccionario\/wp-json\/wp\/v2\/media?parent=2476"}],"curies":[{"name":"wp","href":"https:\/\/api.w.org\/{rel}","templated":true}]}}