{"id":251,"date":"2023-06-19T14:15:22","date_gmt":"2023-06-19T14:15:22","guid":{"rendered":"https:\/\/www.appyweb.es\/diccionario\/?page_id=251"},"modified":"2024-02-21T10:39:39","modified_gmt":"2024-02-21T10:39:39","slug":"bl","status":"publish","type":"page","link":"https:\/\/www.appyweb.es\/diccionario\/bl\/","title":{"rendered":"BL"},"content":{"rendered":"<h1 class=\"entry-title main_title\"><img loading=\"lazy\" decoding=\"async\" class=\" wp-image-10276 aligncenter\" src=\"https:\/\/www.appyweb.es\/diccionario\/wp-content\/uploads\/2023\/09\/BL-significado-300x200.jpg\" alt=\"\" width=\"905\" height=\"604\" srcset=\"https:\/\/www.appyweb.es\/diccionario\/wp-content\/uploads\/2023\/09\/BL-significado-300x200.jpg 300w, https:\/\/www.appyweb.es\/diccionario\/wp-content\/uploads\/2023\/09\/BL-significado-1024x683.jpg 1024w, https:\/\/www.appyweb.es\/diccionario\/wp-content\/uploads\/2023\/09\/BL-significado-768x512.jpg 768w, https:\/\/www.appyweb.es\/diccionario\/wp-content\/uploads\/2023\/09\/BL-significado.jpg 1080w\" sizes=\"auto, (max-width: 905px) 100vw, 905px\" \/><\/h1>\n<p>Los env\u00edos mar\u00edtimos requieren una larga lista de requisitos, uno de ellos es el BL, se trata de un documento que expresa\u00a0<strong>todo lo expuesto en un contrato de transporte v\u00eda mar\u00edtima<\/strong>.<br \/>\nEs importante saber c\u00f3mo funciona para exportaci\u00f3n e importaci\u00f3n de mercanc\u00eda.<\/p>\n<h2>\u00bfQu\u00e9 es BL?<\/h2>\n<p>Es un documento utilizado en una transacci\u00f3n comercial internacional, que requiere transporte mar\u00edtimo. En algunos pa\u00edses tambi\u00e9n es llamado como <em>conocimiento de embarque<\/em>.<br \/>\n<strong>Este aparece a menudo en su forma abreviada como BL<\/strong>, B\/L, O BOL, es com\u00fan usar el nombre original de Bill of Lading.<\/p>\n<h2>Origen de BL<\/h2>\n<p>En el a\u00f1o 1978 se cre\u00f3 un conjunto de <em>Reglas de Hamburgo<\/em>, una especie de convenio en las Naciones Unidas para el transporte mar\u00edtimo de mercanc\u00edas, en el que se establec\u00eda que cada transporte <strong>deber\u00eda tener un documento legal que validar\u00e1 dicha operaci\u00f3n<\/strong>, el documento lleva por nombre Bill OF Lading (B\/L).<\/p>\n<p>A partir de esta fecha, todos los embarques mar\u00edtimos deb\u00edan contar con este documento, que certifique dicha operaci\u00f3n a nivel internacional, garantizando un traslado seguro y eficaz.<\/p>\n<h2>\u00bfPara qu\u00e9 sirve BL?<\/h2>\n<p>Sirve para comprobar la existencia de un acuerdo o contrato, \u00e9ste es emitido y se puede negociar entre las entidades bancarias como parte de un t\u00edtulo de cr\u00e9dito.<br \/>\nAdem\u00e1s, ayuda a <strong>realizar todo un seguimiento en el proceso de movilizaci\u00f3n de la carga<\/strong> que se ha solicitado.<\/p>\n<p>De esta forma, el procedimiento de entregas y env\u00edos es m\u00e1s seguro y confiable, en el documento se justifica el lugar de procedencia, destino, suma de importancia del contrato y otras caracter\u00edsticas.<\/p>\n<h2>Ejemplo de BL<\/h2>\n<p>Este documento es <strong>utilizado en todas las navieras internacionales<\/strong> y existen muchas empresas que bajo reglas y normas, transportan sus mercanc\u00edas ofreci\u00e9ndole al destinatario, coste, direcciones, el peso y n\u00famero de bultos. Todo esto calculado en la moneda de origen del pa\u00eds.<\/p>\n<p>En Espa\u00f1a se cuenta con reglas y normas establecidas en los art\u00edculos 246 hasta el 366 de la naviera mar\u00edtima, como: Multi Waybill 95, Multidoc 95, Combicon Waybill, entre otras.<\/p>\n<p>En la siguiente imagen se puede visualizar una secci\u00f3n del documento, la mayor\u00eda de las veces consta de varias hojas A3 que identifica toda la informaci\u00f3n.<br \/>\nAqu\u00ed se puede visualizar el espacio en blanco para indicar n\u00famero de seguimiento, fecha, direcci\u00f3n, c\u00f3digo postal, entre otros aspectos.<\/p>\n<p><img decoding=\"async\" src=\"https:\/\/www.appyweb.es\/wp-content\/uploads\/2020\/08\/ejemplo-de-bill-of-landing.jpg\" alt=\"bill of lading\" \/><\/p>\n<p><script type=\"application\/ld+json\">{\"@context\":\"https:\/\/schema.org\",\"@type\":\"FAQPage\",\"mainEntity\":[ \n{\"@type\":\"Question\",\"name\":\"\u00bfQu\u00e9 es BL?\",\"acceptedAnswer\":{\"@type\":\"Answer\",\"text\":\"<\/p>\n<\/p>\n<\/p>\n<\/p>\n<\/p>\n<p>Es un documento utilizado en una transacci\u00f3n comercial internacional, que requiere transporte mar\u00edtimo. En algunos pa\u00edses tambi\u00e9n es llamado como <em>conocimiento de embarque<\/em>. <br \/><strong>Este aparece a menudo en su forma abreviada como BL<\/strong>, B\/L, O BOL, es com\u00fan usar el nombre original de Bill of Lading.<\/p>\n<\/p>\n<\/p>\n<\/p>\n<\/p>\n<p>\"}},\n{\"@type\":\"Question\",\"name\":\"Origen de BL\",\"acceptedAnswer\":{\"@type\":\"Answer\",\"text\":\"<\/p>\n<\/p>\n<\/p>\n<\/p>\n<\/p>\n<p>En el a\u00f1o 1978 se cre\u00f3 un conjunto de <em>Reglas de Hamburgo<\/em>, una especie de convenio en las Naciones Unidas para el transporte mar\u00edtimo de mercanc\u00edas, en el que se establec\u00eda que cada transporte <strong>deber\u00eda tener un documento legal que validar\u00e1 dicha operaci\u00f3n<\/strong>, el documento lleva por nombre Bill OF Lading (B\/L).<\/p>\n<\/p>\n<\/p>\n<\/p>\n<\/p>\n<\/p>\n<\/p>\n<\/p>\n<\/p>\n<p>A partir de esta fecha, todos los embarques mar\u00edtimos deb\u00edan contar con este documento, que certifique dicha operaci\u00f3n a nivel internacional, garantizando un traslado seguro y eficaz.<\/p>\n<\/p>\n<\/p>\n<\/p>\n<\/p>\n<p>\"}},\n{\"@type\":\"Question\",\"name\":\"\u00bfPara qu\u00e9 sirve BL?\",\"acceptedAnswer\":{\"@type\":\"Answer\",\"text\":\"<\/p>\n<\/p>\n<\/p>\n<\/p>\n<\/p>\n<p>Sirve para comprobar la existencia de un acuerdo o contrato, \u00e9ste es emitido y se puede negociar entre las entidades bancarias como parte de un t\u00edtulo de cr\u00e9dito. <br \/>Adem\u00e1s, ayuda a <strong>realizar todo un seguimiento en el proceso de movilizaci\u00f3n de la carga<\/strong> que se ha solicitado.<\/p>\n<\/p>\n<\/p>\n<\/p>\n<\/p>\n<\/p>\n<\/p>\n<\/p>\n<\/p>\n<p>De esta forma, el procedimiento de entregas y env\u00edos es m\u00e1s seguro y confiable, en el documento se justifica el lugar de procedencia, destino, suma de importancia del contrato y otras caracter\u00edsticas.<\/p>\n<\/p>\n<\/p>\n<\/p>\n<\/p>\n<p>\"}},\n{\"@type\":\"Question\",\"name\":\"Ejemplo de BL\",\"acceptedAnswer\":{\"@type\":\"Answer\",\"text\":\"<\/p>\n<\/p>\n<\/p>\n<\/p>\n<\/p>\n<p>Este documento es <strong>utilizado en todas las navieras internacionales<\/strong> y existen muchas empresas que bajo reglas y normas, transportan sus mercanc\u00edas ofreci\u00e9ndole al destinatario, coste, direcciones, el peso y n\u00famero de bultos. Todo esto calculado en la moneda de origen del pa\u00eds.<\/p>\n<\/p>\n<\/p>\n<\/p>\n<\/p>\n<\/p>\n<\/p>\n<\/p>\n<\/p>\n<p>En Espa\u00f1a se cuenta con reglas y normas establecidas en los art\u00edculos 246 hasta el 366 de la naviera mar\u00edtima, como: Multi Waybill 95, Multidoc 95, Combicon Waybill, entre otras.<\/p>\n<\/p>\n<\/p>\n<\/p>\n<\/p>\n<\/p>\n<\/p>\n<\/p>\n<\/p>\n<p>En la siguiente imagen se puede visualizar una secci\u00f3n del documento, la mayor\u00eda de las veces consta de varias hojas A3 que identifica toda la informaci\u00f3n.<br \/>Aqu\u00ed se puede visualizar el espacio en blanco para indicar n\u00famero de seguimiento, fecha, direcci\u00f3n, c\u00f3digo postal, entre otros aspectos.<\/p>\n<\/p>\n<\/p>\n<\/p>\n<\/p>\n<p>\"}}\n]}<\/script><\/p>\n<p>&nbsp;<\/p>\n<h2><span id=\"%F0%9F%93%8C_Mas_informacion_sobre_BL\" class=\"ez-toc-section\"><\/span>M\u00e1s informaci\u00f3n sobre BL<\/h2>\n<ul>\n<li><a href=\"https:\/\/diseno20.appyweb.es\/diseno-tienda-online\/\" rel=\"nofollow noopener\" target=\"_blank\">Ventajas para crear tu propia tienda online<\/a>.<\/li>\n<li><a href=\"https:\/\/es.wikipedia.org\/wiki\/Conocimiento_de_embarque#Datos_requeridos_en_un_conocimiento_de_embarque\" rel=\"nofollow noopener\" target=\"_blank\">Datos requeridos en un conocimiento de embarque<\/a>.<\/li>\n<\/ul>\n<p>&nbsp;<\/p>\n","protected":false},"excerpt":{"rendered":"<p>Los env\u00edos mar\u00edtimos requieren una larga lista de requisitos, uno de ellos es el BL, se trata de un documento que expresa\u00a0todo lo expuesto en un contrato de transporte v\u00eda mar\u00edtima. Es importante saber c\u00f3mo funciona para exportaci\u00f3n e importaci\u00f3n de mercanc\u00eda. \u00bfQu\u00e9 es BL? Es un documento utilizado en una transacci\u00f3n comercial internacional, que [&hellip;]<\/p>\n","protected":false},"author":1,"featured_media":10276,"parent":0,"menu_order":0,"comment_status":"closed","ping_status":"closed","template":"","meta":{"inline_featured_image":false,"footnotes":""},"class_list":["post-251","page","type-page","status-publish","has-post-thumbnail","hentry"],"_links":{"self":[{"href":"https:\/\/www.appyweb.es\/diccionario\/wp-json\/wp\/v2\/pages\/251","targetHints":{"allow":["GET"]}}],"collection":[{"href":"https:\/\/www.appyweb.es\/diccionario\/wp-json\/wp\/v2\/pages"}],"about":[{"href":"https:\/\/www.appyweb.es\/diccionario\/wp-json\/wp\/v2\/types\/page"}],"author":[{"embeddable":true,"href":"https:\/\/www.appyweb.es\/diccionario\/wp-json\/wp\/v2\/users\/1"}],"replies":[{"embeddable":true,"href":"https:\/\/www.appyweb.es\/diccionario\/wp-json\/wp\/v2\/comments?post=251"}],"version-history":[{"count":10,"href":"https:\/\/www.appyweb.es\/diccionario\/wp-json\/wp\/v2\/pages\/251\/revisions"}],"predecessor-version":[{"id":11340,"href":"https:\/\/www.appyweb.es\/diccionario\/wp-json\/wp\/v2\/pages\/251\/revisions\/11340"}],"wp:featuredmedia":[{"embeddable":true,"href":"https:\/\/www.appyweb.es\/diccionario\/wp-json\/wp\/v2\/media\/10276"}],"wp:attachment":[{"href":"https:\/\/www.appyweb.es\/diccionario\/wp-json\/wp\/v2\/media?parent=251"}],"curies":[{"name":"wp","href":"https:\/\/api.w.org\/{rel}","templated":true}]}}