{"id":2530,"date":"2023-06-22T08:56:41","date_gmt":"2023-06-22T08:56:41","guid":{"rendered":"https:\/\/www.appyweb.es\/diccionario\/?page_id=2530"},"modified":"2024-04-24T07:32:16","modified_gmt":"2024-04-24T07:32:16","slug":"lead-caliente","status":"publish","type":"page","link":"https:\/\/www.appyweb.es\/diccionario\/lead-caliente\/","title":{"rendered":"Lead Caliente"},"content":{"rendered":"<figure id=\"attachment_15495\" aria-describedby=\"caption-attachment-15495\" style=\"width: 1000px\" class=\"wp-caption alignnone\"><img loading=\"lazy\" decoding=\"async\" class=\"size-full wp-image-15495\" src=\"https:\/\/www.appyweb.es\/diccionario\/wp-content\/uploads\/2024\/04\/LeadCaliente.jpg\" alt=\"Lead Caliente\" width=\"1000\" height=\"600\" srcset=\"https:\/\/www.appyweb.es\/diccionario\/wp-content\/uploads\/2024\/04\/LeadCaliente.jpg 1000w, https:\/\/www.appyweb.es\/diccionario\/wp-content\/uploads\/2024\/04\/LeadCaliente-300x180.jpg 300w, https:\/\/www.appyweb.es\/diccionario\/wp-content\/uploads\/2024\/04\/LeadCaliente-768x461.jpg 768w\" sizes=\"auto, (max-width: 1000px) 100vw, 1000px\" \/><figcaption id=\"caption-attachment-15495\" class=\"wp-caption-text\">Chico comprando en una tienda.<\/figcaption><\/figure>\n<p>Un lead caliente <strong>es un prospecto o posible comprador que est\u00e1 preparado para la compra<\/strong>, es un consumidor que se convierte, es decir, ofrece sus datos a la empresa, con la finalidad de realizar una compra en un futuro cercano.<\/p>\n<h2>\u00bfQu\u00e9 es un lead caliente?<\/h2>\n<p>En pocas palabras, los lead calientes no son m\u00e1s que los datos que se pueden obtener de un cliente cuando \u00e9ste realmente se encuentra interesado en un producto. Este t\u00e9rmino est\u00e1 muy relacionado con el <a href=\"https:\/\/www.appyweb.es\/embudo-ventas-e-commerce\/\">inbound marketing o embudo de ventas<\/a>, as\u00ed que normalmente, esta informaci\u00f3n suele ser captada en la etapa final de la negociaci\u00f3n, cuando el usuario ya ha sido cautivado.<\/p>\n<p>Tambi\u00e9n se puede denominar de esta forma a los usuarios que llegan por primera vez, pero su inter\u00e9s principal es comprar. En estos casos, es necesario <strong>incorporarlos a la debida etapa de venta en el embudo<\/strong>, pero garantizar que luego de \u00e9sta sigan avanzando, como la etapa de fidelizaci\u00f3n, con esto es posible que vuelvan a comprar pronto.<\/p>\n<h2>\u00bfPara qu\u00e9 sirve?<\/h2>\n<p>Este t\u00e9rmino permite <strong>hacer una diferenciaci\u00f3n entre los leads fr\u00edos y los calientes<\/strong>, los fr\u00edos son aquellos que no est\u00e1n preparados para la compra, por lo que se incluyen en otras etapas del embudo como \u00abatraer\u00bb o \u00abcautivar\u00bb. Este tipo de prospecto requiere una inversi\u00f3n m\u00e1s alta, ya que se deben implementar diferentes estrategias para <a href=\"https:\/\/www.appyweb.es\/conversion-web\/\">llamar su atenci\u00f3n desde la conversi\u00f3n web<\/a>. Mientras que su contraparte ya conoce a la empresa o sus productos y tiene una necesidad que debe cubrirse.<\/p>\n<p>Por otro lado, los prospectos m\u00e1s preparados tambi\u00e9n son <strong>esenciales para llevar a cabo estrategias de fidelizaci\u00f3n y de retorno<\/strong>, debido a que una vez realizada la compra sabr\u00e1n c\u00f3mo es el proceso y el comportamiento de la empresa. De esta forma, es importante asegurarse de prestarle m\u00e1s atenci\u00f3n a esta audiencia, ya que garantizan la rentabilidad de las estrategias.<\/p>\n<h2>\u00bfC\u00f3mo se pueden obtener o generar?<\/h2>\n<p>Existen diferentes tipos de personas en el p\u00fablico, aquellas que tienen intenciones claras de compra, ya que saben lo que quieren y c\u00f3mo lo quieren. En este punto, si el servicio se adapta a sus caracter\u00edsticas no lo pensar\u00e1n m\u00e1s de dos veces para comprar. Mientras que existen otras, que son el resultado de un trabajo paso a paso. Es decir, que son aquellas que <strong>se les comienza a convencer poco a poco <\/strong>y se les muestra que existe una necesidad de la cual no eran conscientes y pueden satisfacer (prospectos fr\u00edos).<\/p>\n<ul>\n<li>As\u00ed que lo que se debe hacer para generarlos y obtenerlos es saber diferenciarlos, por ejemplo, una persona que solicite un presupuesto es un lead caliente. Mientras que una persona que solicita una gu\u00eda de un contenido puede que solo est\u00e9 en la primera etapa de atracci\u00f3n.<\/li>\n<li>Para acelerar esta diferenciaci\u00f3n se pueden utilizar landing pages distintas, por ejemplo, una con un CTA o call to action para \u00abcomprar\u00bb y otra para \u00absuscribirse\u00bb a una newsletter. Los primeros ser\u00e1n los preparados, mientras que los segundos requerir\u00e1n de m\u00e1s estrategias.<\/li>\n<li>Una vez diferenciados, <strong>se deben aplicar t\u00e9cnicas ajustadas a su etapa<\/strong>, los calientes est\u00e1n listos para recibir propuestas, descuentos, ofertas o promociones, as\u00ed que lo mejor es llevar a cabo una estrategia de anuncios personalizados.<\/li>\n<li>Igualmente, la experiencia de usuario (UX) cuenta con parte importante, mientras m\u00e1s intuitivo y f\u00e1cil sea el proceso de compra m\u00e1s r\u00e1pido se convertir\u00e1.<\/li>\n<\/ul>\n<h2>\u00bfCu\u00e1l es mejor, lead caliente o fr\u00edo?<\/h2>\n<p>Muchos pensar\u00edan que el primero es el mejor, sin embargo, todo depender\u00e1 del tipo de empresa as\u00ed como el tipo de cliente. Si se trata de una empresa de tecnolog\u00eda e innovaci\u00f3n es posible que sus productos inclusive no tengan demasiada competencia en el mercado, esto puede tener un toque negativo ya que el usuario no sabr\u00e1 como compararlo.<\/p>\n<p>En este caso, es mejor tener una lista de prospectos fr\u00edos, ya que a trav\u00e9s de las <strong>diferentes etapas del embudo se puede dar a conocer el producto<\/strong>, sus caracter\u00edsticas, c\u00f3mo funciona y cu\u00e1les son los beneficios frente al usuario.<\/p>\n<p>Al generar prospectos listos para la compra puede llegar a generar ingresos de forma m\u00e1s r\u00e1pida, en cualquier caso, se pueden utilizar estrategias de conversaci\u00f3n con promoci\u00f3n irresistibles. Sin embargo, muchos de estos suelen comprar una sola vez, ya que no han tenido el contacto suficiente <strong>con la empresa para desarrollar una relaci\u00f3n o fidelizaci\u00f3n<\/strong>. Aun as\u00ed el proceso de compra puede ser suficiente para intentarlo y hacer que elija la empresa por sobre la competencia.<\/p>\n<p>En este sentido, la generaci\u00f3n de ambos es necesaria, pero los leads calientes deben tener prioridad.<\/p>\n<p><script type=\"application\/ld+json\">{\"@context\":\"https:\/\/schema.org\",\"@type\":\"FAQPage\",\"mainEntity\":[ \n{\"@type\":\"Question\",\"name\":\"\u00bfQu\u00e9 es un lead caliente?\",\"acceptedAnswer\":{\"@type\":\"Answer\",\"text\":\"<\/p>\n<p>En pocas palabras, los lead calientes no son m\u00e1s que los datos que se pueden obtener de un cliente cuando \u00e9ste realmente se encuentra interesado en un producto. Este t\u00e9rmino est\u00e1 muy relacionado con el <a href='https:\/\/www.appyweb.es\/embudo-ventas-e-commerce\/'>inbound marketing o embudo de ventas<\/a>, as\u00ed que normalmente, esta informaci\u00f3n suele ser captada en la etapa final de la negociaci\u00f3n, cuando el usuario ya ha sido cautivado.<\/p>\n<p>Tambi\u00e9n se puede denominar de esta forma a los usuarios que llegan por primera vez, pero su inter\u00e9s principal es comprar. En estos casos, es necesario <strong>incorporarlos a la debida etapa de venta en el embudo<\/strong>, pero garantizar que luego de \u00e9sta sigan avanzando, como la etapa de fidelizaci\u00f3n, con esto es posible que vuelvan a comprar pronto.<\/p>\n<p>\"}},\n{\"@type\":\"Question\",\"name\":\"\u00bfPara qu\u00e9 sirve?\",\"acceptedAnswer\":{\"@type\":\"Answer\",\"text\":\"<\/p>\n<p>Este t\u00e9rmino permite <strong>hacer una diferenciaci\u00f3n entre los leads fr\u00edos y los calientes<\/strong>, los fr\u00edos son aquellos que no est\u00e1n preparados para la compra, por lo que se incluyen en otras etapas del embudo como 'atraer' o 'cautivar'. Este tipo de prospecto requiere una inversi\u00f3n m\u00e1s alta, ya que se deben implementar diferentes estrategias para <a href='https:\/\/www.appyweb.es\/conversion-web\/'>llamar su atenci\u00f3n desde la conversi\u00f3n web<\/a>. Mientras que su contraparte ya conoce a la empresa o sus productos y tiene una necesidad que debe cubrirse.<\/p>\n<p>Por otro lado, los prospectos m\u00e1s preparados tambi\u00e9n son <strong>esenciales para llevar a cabo estrategias de fidelizaci\u00f3n y de retorno<\/strong>, debido a que una vez realizada la compra sabr\u00e1n c\u00f3mo es el proceso y el comportamiento de la empresa. De esta forma, es importante asegurarse de prestarle m\u00e1s atenci\u00f3n a esta audiencia, ya que garantizan la rentabilidad de las estrategias.<\/p>\n<p>\"}},\n{\"@type\":\"Question\",\"name\":\"\u00bfC\u00f3mo se pueden obtener o generar?\",\"acceptedAnswer\":{\"@type\":\"Answer\",\"text\":\"<\/p>\n<p>Existen diferentes tipos de personas en el p\u00fablico, aquellas que tienen intenciones claras de compra, ya que saben lo que quieren y c\u00f3mo lo quieren. En este punto, si el servicio se adapta a sus caracter\u00edsticas no lo pensar\u00e1n m\u00e1s de dos veces para comprar. Mientras que existen otras, que son el resultado de un trabajo paso a paso. Es decir, que son aquellas que <strong>se les comienza a convencer poco a poco <\/strong>y se les muestra que existe una necesidad de la cual no eran conscientes y pueden satisfacer (prospectos fr\u00edos).<\/p>\n<\/p>\n<\/p>\n<ul>\n<\/p>\n<\/p>\n<li>As\u00ed que lo que se debe hacer para generarlos y obtenerlos es saber diferenciarlos, por ejemplo, una persona que solicite un presupuesto es un lead caliente. Mientras que una persona que solicita una gu\u00eda de un contenido puede que solo est\u00e9 en la primera etapa de atracci\u00f3n.<\/li>\n<\/p>\n<\/p>\n<\/p>\n<li>Para acelerar esta diferenciaci\u00f3n se pueden utilizar landing pages distintas, por ejemplo, una con un CTA o call to action para 'comprar' y otra para 'suscribirse' a una newsletter. Los primeros ser\u00e1n los preparados, mientras que los segundos requerir\u00e1n de m\u00e1s estrategias.<\/li>\n<\/p>\n<\/p>\n<\/p>\n<li>Una vez diferenciados, <strong>se deben aplicar t\u00e9cnicas ajustadas a su etapa<\/strong>, los calientes est\u00e1n listos para recibir propuestas, descuentos, ofertas o promociones, as\u00ed que lo mejor es llevar a cabo una estrategia de anuncios personalizados.<\/li>\n<\/p>\n<\/p>\n<\/p>\n<li>Igualmente, la experiencia de usuario (UX) cuenta con parte importante, mientras m\u00e1s intuitivo y f\u00e1cil sea el proceso de compra m\u00e1s r\u00e1pido se convertir\u00e1.<\/li>\n<\/p>\n<\/ul>\n<\/p>\n<p>\"}},\n{\"@type\":\"Question\",\"name\":\"\u00bfCu\u00e1l es mejor, lead caliente o fr\u00edo?\",\"acceptedAnswer\":{\"@type\":\"Answer\",\"text\":\"<\/p>\n<p>Muchos pensar\u00edan que el primero es el mejor, sin embargo, todo depender\u00e1 del tipo de empresa as\u00ed como el tipo de cliente. Si se trata de una empresa de tecnolog\u00eda e innovaci\u00f3n es posible que sus productos inclusive no tengan demasiada competencia en el mercado, esto puede tener un toque negativo ya que el usuario no sabr\u00e1 como compararlo.<\/p>\n<p>En este caso, es mejor tener una lista de prospectos fr\u00edos, ya que a trav\u00e9s de las <strong>diferentes etapas del embudo se puede dar a conocer el producto<\/strong>, sus caracter\u00edsticas, c\u00f3mo funciona y cu\u00e1les son los beneficios frente al usuario.<\/p>\n<p>Al generar prospectos listos para la compra puede llegar a generar ingresos de forma m\u00e1s r\u00e1pida, en cualquier caso, se pueden utilizar estrategias de conversaci\u00f3n con promoci\u00f3n irresistibles. Sin embargo, muchos de estos suelen comprar una sola vez, ya que no han tenido el contacto suficiente <strong>con la empresa para desarrollar una relaci\u00f3n o fidelizaci\u00f3n<\/strong>. Aun as\u00ed el proceso de compra puede ser suficiente para intentarlo y hacer que elija la empresa por sobre la competencia.<\/p>\n<p>En este sentido, la generaci\u00f3n de ambos es necesaria, pero los leads calientes deben tener prioridad.<\/p>\n<p>\"}}\n]}<\/script><\/p>\n<h2>M\u00e1s informaci\u00f3n sobre leads calientes<\/h2>\n<p>Es importante analizar a fondo <strong>cu\u00e1l puede ser el tipo de prospecto es m\u00e1s importante para una empresa<\/strong>, es por eso que varios expertos han tratado de explicar cu\u00e1les son las ventajas de cada uno, mira los siguientes enlaces para tener m\u00e1s informaci\u00f3n.<\/p>\n<ul>\n<li><a href=\"https:\/\/www.appyweb.es\/consejos-dominar-captacion-leads\/\">10 consejos para dominar la gesti\u00f3n y captaci\u00f3n de leads<\/a><\/li>\n<li><a href=\"https:\/\/www.puromarketing.com\/10\/18657\/pueden-interesarnos-leads-frios.html\" rel=\"nofollow noopener\" target=\"_blank\">\u00bfPor qu\u00e9 pueden interesarnos m\u00e1s los leads fr\u00edos?<\/a><\/li>\n<\/ul>\n<p>&nbsp;<\/p>\n","protected":false},"excerpt":{"rendered":"<p>Un lead caliente es un prospecto o posible comprador que est\u00e1 preparado para la compra, es un consumidor que se convierte, es decir, ofrece sus datos a la empresa, con la finalidad de realizar una compra en un futuro cercano. \u00bfQu\u00e9 es un lead caliente? En pocas palabras, los lead calientes no son m\u00e1s que [&hellip;]<\/p>\n","protected":false},"author":1,"featured_media":15495,"parent":0,"menu_order":0,"comment_status":"closed","ping_status":"closed","template":"","meta":{"inline_featured_image":false,"footnotes":""},"class_list":["post-2530","page","type-page","status-publish","has-post-thumbnail","hentry"],"_links":{"self":[{"href":"https:\/\/www.appyweb.es\/diccionario\/wp-json\/wp\/v2\/pages\/2530","targetHints":{"allow":["GET"]}}],"collection":[{"href":"https:\/\/www.appyweb.es\/diccionario\/wp-json\/wp\/v2\/pages"}],"about":[{"href":"https:\/\/www.appyweb.es\/diccionario\/wp-json\/wp\/v2\/types\/page"}],"author":[{"embeddable":true,"href":"https:\/\/www.appyweb.es\/diccionario\/wp-json\/wp\/v2\/users\/1"}],"replies":[{"embeddable":true,"href":"https:\/\/www.appyweb.es\/diccionario\/wp-json\/wp\/v2\/comments?post=2530"}],"version-history":[{"count":6,"href":"https:\/\/www.appyweb.es\/diccionario\/wp-json\/wp\/v2\/pages\/2530\/revisions"}],"predecessor-version":[{"id":15500,"href":"https:\/\/www.appyweb.es\/diccionario\/wp-json\/wp\/v2\/pages\/2530\/revisions\/15500"}],"wp:featuredmedia":[{"embeddable":true,"href":"https:\/\/www.appyweb.es\/diccionario\/wp-json\/wp\/v2\/media\/15495"}],"wp:attachment":[{"href":"https:\/\/www.appyweb.es\/diccionario\/wp-json\/wp\/v2\/media?parent=2530"}],"curies":[{"name":"wp","href":"https:\/\/api.w.org\/{rel}","templated":true}]}}