{"id":2537,"date":"2023-06-22T08:59:23","date_gmt":"2023-06-22T08:59:23","guid":{"rendered":"https:\/\/www.appyweb.es\/diccionario\/?page_id=2537"},"modified":"2024-04-24T07:41:08","modified_gmt":"2024-04-24T07:41:08","slug":"lead-frio","status":"publish","type":"page","link":"https:\/\/www.appyweb.es\/diccionario\/lead-frio\/","title":{"rendered":"Lead Fr\u00edo"},"content":{"rendered":"<figure id=\"attachment_15502\" aria-describedby=\"caption-attachment-15502\" style=\"width: 1000px\" class=\"wp-caption alignnone\"><img loading=\"lazy\" decoding=\"async\" class=\"size-full wp-image-15502\" src=\"https:\/\/www.appyweb.es\/diccionario\/wp-content\/uploads\/2024\/04\/LeadFrio.jpg\" alt=\"Lead Fr\u00edo\" width=\"1000\" height=\"600\" srcset=\"https:\/\/www.appyweb.es\/diccionario\/wp-content\/uploads\/2024\/04\/LeadFrio.jpg 1000w, https:\/\/www.appyweb.es\/diccionario\/wp-content\/uploads\/2024\/04\/LeadFrio-300x180.jpg 300w, https:\/\/www.appyweb.es\/diccionario\/wp-content\/uploads\/2024\/04\/LeadFrio-768x461.jpg 768w\" sizes=\"auto, (max-width: 1000px) 100vw, 1000px\" \/><figcaption id=\"caption-attachment-15502\" class=\"wp-caption-text\">Personas comprando.<\/figcaption><\/figure>\n<p>Este t\u00e9rmino se utiliza en las estrategias del embudo de ventas, cuando se habla de <em>leads fr\u00edos<\/em> se hace referencia a los usuarios que cuentan con una necesidad, <strong>pero todav\u00eda no saben cu\u00e1l es el producto que necesitan<\/strong>. En muchas ocasiones, estos tampoco reconocen esta necesidad, por lo que se sit\u00faan en la primera etapa del embudo.<\/p>\n<h2>\u00bfQu\u00e9 es un lead fr\u00edo?<\/h2>\n<p>Este t\u00e9rmino se les da a todas aquellas personas que en un momento dado tienen alguna necesidad y no saben a d\u00f3nde acudir para satisfacerla. Como se mencion\u00f3 arriba, este tipo de cliente es el que se encuentra en la <a href=\"https:\/\/www.appyweb.es\/embudo-ventas-e-commerce\/\">fase inicial del embudo de ventas<\/a>, esto puede ser una gran ventaja para las compa\u00f1\u00edas, ya que se pueden <strong>utilizar estrategias para hacer que avance por el embudo<\/strong> y en el camino generar una buena relaci\u00f3n.<\/p>\n<p>Aun as\u00ed, es importante saber que estos <strong>requieren de una inversi\u00f3n importante en cuanto a estrategias de atracci\u00f3n y conversi\u00f3n<\/strong>, durante este proceso tambi\u00e9n se deben utilizar estrategias de automatizaci\u00f3n, lo que puede significar una alta rentabilidad para la empresa. Sin embargo, seg\u00fan las tendencias del mercado es importante garantizar la personalizaci\u00f3n.<\/p>\n<h2>\u00bfPor qu\u00e9 es importante el lead fr\u00edo?<\/h2>\n<p>El lead fr\u00edo resulta de gran importancia para las compa\u00f1\u00edas, porque es f\u00e1cil captar su atenci\u00f3n. En primer lugar, ni siquiera es necesario invertir en anuncios, <strong>ya que la mayor\u00eda de las veces no son efectivos frente a ellos<\/strong>, sino que se utilizan <a href=\"https:\/\/www.appyweb.es\/marketing-de-contenidos\/\">estrategias de marketing de contenidos<\/a>, de esta forma, se puede ofrecer una informaci\u00f3n de valor que estos usuarios puedan apreciar para inspirarse a compartir sus datos personales con la empresa.<\/p>\n<p>El objetivo principal de la <strong>generaci\u00f3n de leads fr\u00edos es nutrir una base de datos<\/strong>, que debe contener al menos nombres y direcciones de correo. Con solo esto es posible implementar estrategias de automatizaci\u00f3n como email marketing y compartir otros tipos de contenidos para cautivar al usuario. A trav\u00e9s de esto, es posible conocerlo m\u00e1s a fondo, saber cu\u00e1les son sus intereses y necesidades, para que cuando pase a la \u00faltima etapa se pueda ofrecer una oferta ajustada a sus gustos.<\/p>\n<h2>\u00bfPara qu\u00e9 sirve el lead fr\u00edo?<\/h2>\n<p>Existen muchas<strong> ventajas que la empresa puede aprovechar a partir de la generaci\u00f3n de leads fr\u00edos<\/strong>, algunas de ellas son las siguientes.<\/p>\n<ul>\n<li>En primer lugar, <strong>permite construir una relaci\u00f3n empresa-cliente desde el principio<\/strong>, por lo que incluso si no llega a comprar a corto plazo, podr\u00e1 tener una referencia de la empresa para futuro.<\/li>\n<li>Tambi\u00e9n se puede utilizar para hacer un estudio de la audiencia, estos prospectos \u00abfrescos\u00bb pueden ser objeto de estudio para analizar tendencias de mercado y el comportamiento de los usuarios.<\/li>\n<li>Asimismo, son perfectos para llevar a cabo estrategias de marketing de boca a boca, suelen compartir sus experiencias con otras personas incluso antes de comprar.<\/li>\n<li>Est\u00e1n m\u00e1s abiertos a las propuestas realizadas por la empresa, y al mismo tiempo es m\u00e1s f\u00e1cil generar estrategias personalizadas.<\/li>\n<\/ul>\n<h2>Desventajas de los leads fr\u00edos<\/h2>\n<p>Una de las desventajas m\u00e1s notables en este tipo de prospecto <strong>es que pueden enfriarse m\u00e1s de la cuenta<\/strong>, es decir, en lugar de avanzar a trav\u00e9s del embudo es posible que se quede estancado en una de las etapas anteriores a la venta. En este caso, pasan a formar parte de otro tipo de cliente \u00abdormido\u00bb, esto quiere decir que muestra se\u00f1ales de interacci\u00f3n con la empresa, pero no tiene la intenci\u00f3n de comprar.<\/p>\n<p>Sin embargo es posible re reactivarlos utilizando estrategias espec\u00edficas y personalizadas, en cualquier caso, es importante que la empresa se ponga en contacto y avise si quiere seguir recibiendo notificaciones o boletines de email, de esta forma, se puede confirmar si sigue interesado en la empresa o no.<\/p>\n<p><script type=\"application\/ld+json\">{\"@context\":\"https:\/\/schema.org\",\"@type\":\"FAQPage\",\"mainEntity\":[ \n{\"@type\":\"Question\",\"name\":\"\u00bfQu\u00e9 es un lead fr\u00edo?\",\"acceptedAnswer\":{\"@type\":\"Answer\",\"text\":\"<\/p>\n<p>Este t\u00e9rmino se les da a todas aquellas personas que en un momento dado tienen alguna necesidad y no saben a d\u00f3nde acudir para satisfacerla. Como se mencion\u00f3 arriba, este tipo de cliente es el que se encuentra en la <a href='https:\/\/www.appyweb.es\/embudo-ventas-e-commerce\/'>fase inicial del embudo de ventas<\/a>, esto puede ser una gran ventaja para las compa\u00f1\u00edas, ya que se pueden <strong>utilizar estrategias para hacer que avance por el embudo<\/strong> y en el camino generar una buena relaci\u00f3n.<\/p>\n<p>Aun as\u00ed, es importante saber que estos <strong>requieren de una inversi\u00f3n importante en cuanto a estrategias de atracci\u00f3n y conversi\u00f3n<\/strong>, durante este proceso tambi\u00e9n se deben utilizar estrategias de automatizaci\u00f3n, lo que puede significar una alta rentabilidad para la empresa. Sin embargo, seg\u00fan las tendencias del mercado es importante garantizar la personalizaci\u00f3n.<\/p>\n<p>\"}},\n{\"@type\":\"Question\",\"name\":\"\u00bfPor qu\u00e9 es importante el lead fr\u00edo?\",\"acceptedAnswer\":{\"@type\":\"Answer\",\"text\":\"<\/p>\n<p>El lead fr\u00edo resulta de gran importancia para las compa\u00f1\u00edas, porque es f\u00e1cil captar su atenci\u00f3n. En primer lugar, ni siquiera es necesario invertir en anuncios, <strong>ya que la mayor\u00eda de las veces no son efectivos frente a ellos<\/strong>, sino que se utilizan <a href='https:\/\/www.appyweb.es\/marketing-de-contenidos\/'>estrategias de marketing de contenidos<\/a>, de esta forma, se puede ofrecer una informaci\u00f3n de valor que estos usuarios puedan apreciar para inspirarse a compartir sus datos personales con la empresa.<\/p>\n<p>El objetivo principal de la <strong>generaci\u00f3n de leads fr\u00edos es nutrir una base de datos<\/strong>, que debe contener al menos nombres y direcciones de correo. Con solo esto es posible implementar estrategias de automatizaci\u00f3n como email marketing y compartir otros tipos de contenidos para cautivar al usuario. A trav\u00e9s de esto, es posible conocerlo m\u00e1s a fondo, saber cu\u00e1les son sus intereses y necesidades, para que cuando pase a la \u00faltima etapa se pueda ofrecer una oferta ajustada a sus gustos.<\/p>\n<p>\"}},\n{\"@type\":\"Question\",\"name\":\"\u00bfPara qu\u00e9 sirve el lead fr\u00edo?\",\"acceptedAnswer\":{\"@type\":\"Answer\",\"text\":\"<\/p>\n<p>Existen muchas<strong> ventajas que la empresa puede aprovechar a partir de la generaci\u00f3n de leads fr\u00edos<\/strong>, algunas de ellas son las siguientes.<\/p>\n<\/p>\n<ul>\n<\/p>\n<li>En primer lugar, <strong>permite construir una relaci\u00f3n empresa-cliente desde el principio<\/strong>, por lo que incluso si no llega a comprar a corto plazo, podr\u00e1 tener una referencia de la empresa para futuro.<\/li>\n<\/p>\n<li>Tambi\u00e9n se puede utilizar para hacer un estudio de la audiencia, estos prospectos 'frescos' pueden ser objeto de estudio para analizar tendencias de mercado y el comportamiento de los usuarios.<\/li>\n<\/p>\n<li>Asimismo, son perfectos para llevar a cabo estrategias de marketing de boca a boca, suelen compartir sus experiencias con otras personas incluso antes de comprar.<\/li>\n<\/p>\n<li>Est\u00e1n m\u00e1s abiertos a las propuestas realizadas por la empresa, y al mismo tiempo es m\u00e1s f\u00e1cil generar estrategias personalizadas.<\/li>\n<\/ul>\n<p>\"}},\n{\"@type\":\"Question\",\"name\":\"Desventajas de los leads fr\u00edos\",\"acceptedAnswer\":{\"@type\":\"Answer\",\"text\":\"<\/p>\n<p>Una de las desventajas m\u00e1s notables en este tipo de prospecto <strong>es que pueden enfriarse m\u00e1s de la cuenta<\/strong>, es decir, en lugar de avanzar a trav\u00e9s del embudo es posible que se quede estancado en una de las etapas anteriores a la venta. En este caso, pasan a formar parte de otro tipo de cliente 'dormido', esto quiere decir que muestra se\u00f1ales de interacci\u00f3n con la empresa, pero no tiene la intenci\u00f3n de comprar.<\/p>\n<p>Sin embargo es posible re reactivarlos utilizando estrategias espec\u00edficas y personalizadas, en cualquier caso, es importante que la empresa se ponga en contacto y avise si quiere seguir recibiendo notificaciones o boletines de email, de esta forma, se puede confirmar si sigue interesado en la empresa o no.<\/p>\n<p>\"}}\n]}<\/script><\/p>\n<h2>M\u00e1s informaci\u00f3n sobre lead fr\u00edo<\/h2>\n<p>La generaci\u00f3n de prospectos es un arte que puede dominarse con la pr\u00e1ctica, sin embargo, tener un poco de ayuda <strong>cuando se trata de reactivar leads fr\u00edos<\/strong> puede ser necesaria, visita estos enlaces para tener m\u00e1s informaci\u00f3n.<\/p>\n<ul>\n<li><a href=\"https:\/\/www.appyweb.es\/diccionario\/lead-caliente\/\">\u00bfQu\u00e9 es el Lead Caliente y para qu\u00e9 sirve?<\/a><\/li>\n<li><a href=\"https:\/\/www.inboundcycle.com\/blog-de-inbound-marketing\/lead-management-que-es-y-como-reactivar-leads-frios\" rel=\"nofollow noopener\" target=\"_blank\">Lead management: qu\u00e9 es y c\u00f3mo reactivar leads fr\u00edos<\/a><\/li>\n<\/ul>\n<p>&nbsp;<\/p>\n","protected":false},"excerpt":{"rendered":"<p>Este t\u00e9rmino se utiliza en las estrategias del embudo de ventas, cuando se habla de leads fr\u00edos se hace referencia a los usuarios que cuentan con una necesidad, pero todav\u00eda no saben cu\u00e1l es el producto que necesitan. En muchas ocasiones, estos tampoco reconocen esta necesidad, por lo que se sit\u00faan en la primera etapa [&hellip;]<\/p>\n","protected":false},"author":1,"featured_media":15502,"parent":0,"menu_order":0,"comment_status":"closed","ping_status":"closed","template":"","meta":{"inline_featured_image":false,"footnotes":""},"class_list":["post-2537","page","type-page","status-publish","has-post-thumbnail","hentry"],"_links":{"self":[{"href":"https:\/\/www.appyweb.es\/diccionario\/wp-json\/wp\/v2\/pages\/2537","targetHints":{"allow":["GET"]}}],"collection":[{"href":"https:\/\/www.appyweb.es\/diccionario\/wp-json\/wp\/v2\/pages"}],"about":[{"href":"https:\/\/www.appyweb.es\/diccionario\/wp-json\/wp\/v2\/types\/page"}],"author":[{"embeddable":true,"href":"https:\/\/www.appyweb.es\/diccionario\/wp-json\/wp\/v2\/users\/1"}],"replies":[{"embeddable":true,"href":"https:\/\/www.appyweb.es\/diccionario\/wp-json\/wp\/v2\/comments?post=2537"}],"version-history":[{"count":5,"href":"https:\/\/www.appyweb.es\/diccionario\/wp-json\/wp\/v2\/pages\/2537\/revisions"}],"predecessor-version":[{"id":15504,"href":"https:\/\/www.appyweb.es\/diccionario\/wp-json\/wp\/v2\/pages\/2537\/revisions\/15504"}],"wp:featuredmedia":[{"embeddable":true,"href":"https:\/\/www.appyweb.es\/diccionario\/wp-json\/wp\/v2\/media\/15502"}],"wp:attachment":[{"href":"https:\/\/www.appyweb.es\/diccionario\/wp-json\/wp\/v2\/media?parent=2537"}],"curies":[{"name":"wp","href":"https:\/\/api.w.org\/{rel}","templated":true}]}}