{"id":254,"date":"2023-06-19T14:16:50","date_gmt":"2023-06-19T14:16:50","guid":{"rendered":"https:\/\/www.appyweb.es\/diccionario\/?page_id=254"},"modified":"2024-02-21T10:08:52","modified_gmt":"2024-02-21T10:08:52","slug":"big-data","status":"publish","type":"page","link":"https:\/\/www.appyweb.es\/diccionario\/big-data\/","title":{"rendered":"Big Data"},"content":{"rendered":"<h1 class=\"entry-title main_title\"><img loading=\"lazy\" decoding=\"async\" class=\" wp-image-10266 aligncenter\" src=\"https:\/\/www.appyweb.es\/diccionario\/wp-content\/uploads\/2023\/09\/big-data-significado-300x240.jpg\" alt=\"\" width=\"908\" height=\"727\" srcset=\"https:\/\/www.appyweb.es\/diccionario\/wp-content\/uploads\/2023\/09\/big-data-significado-300x240.jpg 300w, https:\/\/www.appyweb.es\/diccionario\/wp-content\/uploads\/2023\/09\/big-data-significado-1024x819.jpg 1024w, https:\/\/www.appyweb.es\/diccionario\/wp-content\/uploads\/2023\/09\/big-data-significado-768x614.jpg 768w, https:\/\/www.appyweb.es\/diccionario\/wp-content\/uploads\/2023\/09\/big-data-significado.jpg 1080w\" sizes=\"auto, (max-width: 908px) 100vw, 908px\" \/><\/h1>\n<p>Se trata de un conjunto de datos o informaci\u00f3n a gran escala, tambi\u00e9n se le conoce como\u00a0<em>macrodatos<\/em>. Es utilizada para muchos fines, para encontrar similitudes en estudios cient\u00edficos,\u00a0<strong>localizar patrones o tendencias de marketing<\/strong>, descubrir nuevas tecnolog\u00edas e incluso para determinar cu\u00e1l ser\u00e1 el futuro de ciertos nichos de mercados.<\/p>\n<h2>\u00bfQu\u00e9 es el Big Data?<\/h2>\n<p>Consiste en un gran volumen de datos configurados o no configurados, pero no se concentra s\u00f3lo en la cantidad de datos, sino en el orden de los mimos.<br \/>\nSe suele <strong>utilizar para ejecutar, analizar y ordenar datos<\/strong>, con la finalidad para proporcionar informaci\u00f3n que sea de valor para tomar mejores decisiones empresariales, por ejemplo, para <a href=\"https:\/\/www.appyweb.es\/diccionario\/embudo\/\">mejorar el embudo de ventas<\/a>. Algunos expertos le atribuyen una organizaci\u00f3n de 5 V, establecida de la siguiente forma.<\/p>\n<ul>\n<li><strong>Volumen<\/strong>: Es un filtro que indica la cantidad de datos, bien pueden ser medidos a trav\u00e9s de los a\u00f1os, <strong>el volumen ser\u00e1 mayor o menor dependiendo del periodo de tiempo del estudio<\/strong>.<br \/>\nPor ejemplo, si se elige analizar un tema desde hace 20 a\u00f1os, el volumen de los datos ser\u00e1 mayor comparado con an\u00e1lisis de hace dos semanas atr\u00e1s.<\/li>\n<li><strong>Velocidad<\/strong>: Mientras m\u00e1s informaci\u00f3n se procese en menos tiempo, m\u00e1s efectivo ser\u00e1 el resultado, sobre todo cuando se trata de un gran volumen de datos.<\/li>\n<li><strong>Variedad<\/strong>: Los datos pueden prevenir de textos, gu\u00edas, libros, <strong>pero tambi\u00e9n de cualquier tipo de archivo en Internet<\/strong>, como im\u00e1genes, <a href=\"https:\/\/diseno20.appyweb.es\/videos-para-empresas\/\" rel=\"nofollow noopener\" target=\"_blank\">v\u00eddeos<\/a>, sitios web, redes sociales, audios, etc.<\/li>\n<li><strong>Veracidad<\/strong>: La informaci\u00f3n debe estar comprobada o apoyada por expertos, para filtrar esto en la Big Data se requiere de herramientas de an\u00e1lisis muy completas.<\/li>\n<li><strong>Valor<\/strong>: Toda la informaci\u00f3n recopilada debe tener un prop\u00f3sito, <strong>bien sea para mejorar la rentabilidad de una empresa<\/strong> o para impulsar proyectos gubernamentales o sociales.<\/li>\n<\/ul>\n<h2>\u00bfC\u00f3mo se usa el Big Data?<\/h2>\n<p>Se puede utilizar de muchas formas, m\u00e1s que todo se concentra en mejorar el rendimiento de la empresa, la salud p\u00fablica, ciencia, investigaciones, segmentaci\u00f3n de audiencias, entre otras.<br \/>\nPara realizar el <strong>recuento y evaluaci\u00f3n de los macrodatos se requieren de herramientas de gran capacidad<\/strong> para su procesamiento, como Apache Hadoop, Lenguaje R, Phyton, entre otras.<\/p>\n<p>Asimismo, debe utilizarse en proyectos que involucren a un Data Scientist, es un profesional especializado en este an\u00e1lisis, algunos cuentan con experiencia en el campo del marketing o <a href=\"https:\/\/diseno20.appyweb.es\/auditoria-seo\/\" rel=\"nofollow noopener\" target=\"_blank\">auditor\u00eda SEO<\/a>, por lo que son de mucha ayuda para encontrar nuevos m\u00e9todos de promoci\u00f3n en Internet.<\/p>\n<h2>\u00bfPara qu\u00e9 sirve?<\/h2>\n<p>Su principal funci\u00f3n es de asesoramiento, pero tambi\u00e9n cuenta con muchos otros usos, normalmente <strong>se concentra en las \u00e1reas de marketing<\/strong> para usar, analizar y procesar tendencias de promoci\u00f3n.<br \/>\nEs utilizada en otros sectores fundamentales, especialmente en el \u00e1rea de innovaci\u00f3n y tecnolog\u00eda.<\/p>\n<h2>Ejemplos de su uso<\/h2>\n<p>En el \u00e1rea del marketing las empresas suelen registrar todas las transacciones con sus clientes, de forma que a trav\u00e9s de ellas puedan conocer cu\u00e1l es el patr\u00f3n de compra m\u00e1s popular.<br \/>\nAs\u00ed, pueden <strong>establecer descuentos y promociones dirigidos a ellos<\/strong>. Es una buena forma de aumentar el inter\u00e9s en ciertos productos y aumentar las ventas.<\/p>\n<p>En el campo de la salud tiene una impresionante funci\u00f3n, ya que se puede utilizar para analizar cadenas de ADN en minutos, descubrir cu\u00e1les dietas son apropiadas seg\u00fan cada genotipo.<br \/>\nSu principal objetivo en el \u00e1rea es analizar las razones de por qu\u00e9 se activan las enfermedades cr\u00f3nicas, entre otros usos.<\/p>\n<p>Igualmente, tambi\u00e9n es utilizada en el trading financiero, <strong>principalmente para obtener informaci\u00f3n sobre el mercado actual<\/strong>.<br \/>\nLa Big Data realiza una serie de algoritmos, para saber cu\u00e1ndo es mejor comprar por millones y vender por millones en fracciones en segundos.<\/p>\n<p><script type=\"application\/ld+json\">{\"@context\":\"https:\/\/schema.org\",\"@type\":\"FAQPage\",\"mainEntity\":[ \n{\"@type\":\"Question\",\"name\":\"\u00bfQu\u00e9 es el Big Data?\",\"acceptedAnswer\":{\"@type\":\"Answer\",\"text\":\"<\/p>\n<\/p>\n<p>Consiste en un gran volumen de datos configurados o no configurados, pero no se concentra s\u00f3lo en la cantidad de datos, sino en el orden de los mimos. Se suele <strong>utilizar para ejecutar, analizar y ordenar datos<\/strong>, con la finalidad para proporcionar informaci\u00f3n que sea de valor para tomar mejores decisiones empresariales, por ejemplo, para <a href='https:\/\/www.appyweb.es\/diccionario\/embudo\/'>mejorar el embudo de ventas<\/a>. Algunos expertos le atribuyen una organizaci\u00f3n de 5 V, establecida de la siguiente forma.<\/p>\n<\/p>\n<\/p>\n<ul>\n<\/p>\n<li><strong>Volumen<\/strong>: Es un filtro que indica la cantidad de datos, bien pueden ser medidos a trav\u00e9s de los a\u00f1os, <strong>el volumen ser\u00e1 mayor o menor dependiendo del periodo de tiempo del estudio<\/strong>. Por ejemplo, si se elige analizar un tema desde hace 20 a\u00f1os, el volumen de los datos ser\u00e1 mayor comparado con an\u00e1lisis de hace dos semanas atr\u00e1s.<\/li>\n<\/p>\n<li><strong>Velocidad<\/strong>: Mientras m\u00e1s informaci\u00f3n se procese en menos tiempo, m\u00e1s efectivo ser\u00e1 el resultado, sobre todo cuando se trata de un gran volumen de datos.<\/li>\n<\/p>\n<li><strong>Variedad<\/strong>: Los datos pueden prevenir de textos, gu\u00edas, libros, <strong>pero tambi\u00e9n de cualquier tipo de archivo en Internet<\/strong>, como im\u00e1genes, <a href='https:\/\/diseno20.appyweb.es\/videos-para-empresas\/'>v\u00eddeos<\/a>, sitios web, redes sociales, audios, etc.<\/li>\n<\/p>\n<li><strong>Veracidad<\/strong>: La informaci\u00f3n debe estar comprobada o apoyada por expertos, para filtrar esto en la Big Data se requiere de herramientas de an\u00e1lisis muy completas.<\/li>\n<\/p>\n<li><strong>Valor<\/strong>: Toda la informaci\u00f3n recopilada debe tener un prop\u00f3sito, <strong>bien sea para mejorar la rentabilidad de una empresa<\/strong> o para impulsar proyectos gubernamentales o sociales.<\/li>\n<\/ul>\n<p>\"}},\n{\"@type\":\"Question\",\"name\":\"\u00bfC\u00f3mo se usa el Big Data?\",\"acceptedAnswer\":{\"@type\":\"Answer\",\"text\":\"<\/p>\n<\/p>\n<p>Se puede utilizar de muchas formas, m\u00e1s que todo se concentra en mejorar el rendimiento de la empresa, la salud p\u00fablica, ciencia, investigaciones, segmentaci\u00f3n de audiencias, entre otras. Para realizar el <strong>recuento y evaluaci\u00f3n de los macrodatos se requieren de herramientas de gran capacidad<\/strong> para su procesamiento, como Apache Hadoop, Lenguaje R, Phyton, entre otras.<\/p>\n<\/p>\n<\/p>\n<p>Asimismo, debe utilizarse en proyectos que involucren a un Data Scientist, es un profesional especializado en este an\u00e1lisis, algunos cuentan con experiencia en el campo del marketing o <a href='https:\/\/diseno20.appyweb.es\/auditoria-seo\/'>auditor\u00eda SEO<\/a>, por lo que son de mucha ayuda para encontrar nuevos m\u00e9todos de promoci\u00f3n en Internet.<\/p>\n<\/p>\n<p>\"}},\n{\"@type\":\"Question\",\"name\":\"\u00bfPara qu\u00e9 sirve?\",\"acceptedAnswer\":{\"@type\":\"Answer\",\"text\":\"<\/p>\n<\/p>\n<p>Su principal funci\u00f3n es de asesoramiento, pero tambi\u00e9n cuenta con muchos otros usos, normalmente <strong>se concentra en las \u00e1reas de marketing<\/strong> para usar, analizar y procesar tendencias de promoci\u00f3n. <br \/>Es utilizada en otros sectores fundamentales, especialmente en el \u00e1rea de innovaci\u00f3n y tecnolog\u00eda.<\/p>\n<\/p>\n<p>\"}},\n{\"@type\":\"Question\",\"name\":\"Ejemplos de su uso\",\"acceptedAnswer\":{\"@type\":\"Answer\",\"text\":\"<\/p>\n<\/p>\n<p>En el \u00e1rea del marketing las empresas suelen registrar todas las transacciones con sus clientes, de forma que a trav\u00e9s de ellas puedan conocer cu\u00e1l es el patr\u00f3n de compra m\u00e1s popular. As\u00ed, pueden <strong>establecer descuentos y promociones dirigidos a ellos<\/strong>. Es una buena forma de aumentar el inter\u00e9s en ciertos productos y aumentar las ventas.<\/p>\n<\/p>\n<\/p>\n<p>En el campo de la salud tiene una impresionante funci\u00f3n, ya que se puede utilizar para analizar cadenas de ADN en minutos, descubrir cu\u00e1les dietas son apropiadas seg\u00fan cada genotipo. Su principal objetivo en el \u00e1rea es analizar las razones de por qu\u00e9 se activan las enfermedades cr\u00f3nicas, entre otros usos.<\/p>\n<\/p>\n<\/p>\n<p>Igualmente, tambi\u00e9n es utilizada en el trading financiero, <strong>principalmente para obtener informaci\u00f3n sobre el mercado actual<\/strong>. La Big Data realiza una serie de algoritmos, para saber cu\u00e1ndo es mejor comprar por millones y vender por millones en fracciones en segundos.<\/p>\n<\/p>\n<p>\"}}\n]}<\/script><\/p>\n<p>&nbsp;<\/p>\n<h2><span id=\"%F0%9F%93%8C_Mas_informacion_sobre_Big_Data\" class=\"ez-toc-section\"><\/span>M\u00e1s informaci\u00f3n sobre Big Data<\/h2>\n<ul>\n<li><a href=\"https:\/\/www.appyweb.es\/diccionario\/data-driven-marketing\/\">\u00bfQu\u00e9 es la Data Driven Marketing y para qu\u00e9 sirve?<\/a><\/li>\n<li><a href=\"https:\/\/es.wikipedia.org\/wiki\/Macrodatos#Aplicaciones\" rel=\"nofollow noopener\" target=\"_blank\">Aplicaciones de los macrodatos<\/a>.<\/li>\n<\/ul>\n<p>&nbsp;<\/p>\n","protected":false},"excerpt":{"rendered":"<p>Se trata de un conjunto de datos o informaci\u00f3n a gran escala, tambi\u00e9n se le conoce como\u00a0macrodatos. Es utilizada para muchos fines, para encontrar similitudes en estudios cient\u00edficos,\u00a0localizar patrones o tendencias de marketing, descubrir nuevas tecnolog\u00edas e incluso para determinar cu\u00e1l ser\u00e1 el futuro de ciertos nichos de mercados. \u00bfQu\u00e9 es el Big Data? Consiste [&hellip;]<\/p>\n","protected":false},"author":1,"featured_media":10266,"parent":0,"menu_order":0,"comment_status":"closed","ping_status":"closed","template":"","meta":{"inline_featured_image":false,"footnotes":""},"class_list":["post-254","page","type-page","status-publish","has-post-thumbnail","hentry"],"_links":{"self":[{"href":"https:\/\/www.appyweb.es\/diccionario\/wp-json\/wp\/v2\/pages\/254","targetHints":{"allow":["GET"]}}],"collection":[{"href":"https:\/\/www.appyweb.es\/diccionario\/wp-json\/wp\/v2\/pages"}],"about":[{"href":"https:\/\/www.appyweb.es\/diccionario\/wp-json\/wp\/v2\/types\/page"}],"author":[{"embeddable":true,"href":"https:\/\/www.appyweb.es\/diccionario\/wp-json\/wp\/v2\/users\/1"}],"replies":[{"embeddable":true,"href":"https:\/\/www.appyweb.es\/diccionario\/wp-json\/wp\/v2\/comments?post=254"}],"version-history":[{"count":8,"href":"https:\/\/www.appyweb.es\/diccionario\/wp-json\/wp\/v2\/pages\/254\/revisions"}],"predecessor-version":[{"id":11332,"href":"https:\/\/www.appyweb.es\/diccionario\/wp-json\/wp\/v2\/pages\/254\/revisions\/11332"}],"wp:featuredmedia":[{"embeddable":true,"href":"https:\/\/www.appyweb.es\/diccionario\/wp-json\/wp\/v2\/media\/10266"}],"wp:attachment":[{"href":"https:\/\/www.appyweb.es\/diccionario\/wp-json\/wp\/v2\/media?parent=254"}],"curies":[{"name":"wp","href":"https:\/\/api.w.org\/{rel}","templated":true}]}}