{"id":2545,"date":"2023-06-22T09:02:40","date_gmt":"2023-06-22T09:02:40","guid":{"rendered":"https:\/\/www.appyweb.es\/diccionario\/?page_id=2545"},"modified":"2024-04-24T07:57:01","modified_gmt":"2024-04-24T07:57:01","slug":"lead-magnet","status":"publish","type":"page","link":"https:\/\/www.appyweb.es\/diccionario\/lead-magnet\/","title":{"rendered":"Lead Magnet"},"content":{"rendered":"<figure id=\"attachment_15509\" aria-describedby=\"caption-attachment-15509\" style=\"width: 1000px\" class=\"wp-caption alignnone\"><img loading=\"lazy\" decoding=\"async\" class=\"size-full wp-image-15509\" src=\"https:\/\/www.appyweb.es\/diccionario\/wp-content\/uploads\/2024\/04\/LeadMagnet.jpg\" alt=\"Lead Magnet\" width=\"1000\" height=\"600\" srcset=\"https:\/\/www.appyweb.es\/diccionario\/wp-content\/uploads\/2024\/04\/LeadMagnet.jpg 1000w, https:\/\/www.appyweb.es\/diccionario\/wp-content\/uploads\/2024\/04\/LeadMagnet-300x180.jpg 300w, https:\/\/www.appyweb.es\/diccionario\/wp-content\/uploads\/2024\/04\/LeadMagnet-768x461.jpg 768w\" sizes=\"auto, (max-width: 1000px) 100vw, 1000px\" \/><figcaption id=\"caption-attachment-15509\" class=\"wp-caption-text\">Dos personas mirando la cuenta y los datos de un cliente.<\/figcaption><\/figure>\n<p>Se trata de un recurso digital que las empresas ofrecen de forma gratuita, la mayor\u00eda de las veces, <strong>un lead magnet se trata de un contenido informativo o de entretenimiento<\/strong> que se ofrece a cambio de datos personales de los usuarios, como pueden ser su nombre y su direcci\u00f3n de email.<\/p>\n<h2>\u00bfQu\u00e9 es lead magnet?<\/h2>\n<p>Esta es una estrategia de marketing que consiste en ofrecer algo a cambio de datos personales. Por ejemplo, cuando se ofrece descargar una gu\u00eda o un e-book y solo se debe proporcionar el nombre y direcci\u00f3n de email. En este sentido, es una t\u00e9cnica que forma parte de la <a href=\"https:\/\/www.appyweb.es\/embudo-ventas-e-commerce\/\">filosof\u00eda del embudo de ventas<\/a>, <strong>el lead magnet se aplica con frecuencia dentro de la etapa de conversi\u00f3n<\/strong>.<\/p>\n<p>Su esencia consiste en ofrecer algo de valor a cambio, de esta forma, la informaci\u00f3n que debe estar contenida dentro de esas gu\u00edas y libros electr\u00f3nicos debe ser de alto inter\u00e9s para la audiencia. Antes de llevar a cabo esta estrategia, es importante realizar un estudio de la audiencia para saber cu\u00e1les son las tendencias a las que est\u00e1n reaccionando.<\/p>\n<h2>\u00bfPara qu\u00e9 sirve?<\/h2>\n<p>Permite que las compa\u00f1\u00edas capten usuarios, los cuales pueden ser potenciales clientes. Normalmente, <strong>los lead magnets suele estar dispuestos dentro del sitio web de empresa<\/strong> o en el blog, aunque tambi\u00e9n existen muchos m\u00e9todos de promoci\u00f3n de estos recursos, por ejemplo, <a href=\"https:\/\/www.appyweb.es\/campanas-facebook-ads\/\">a trav\u00e9s de Facebook Ads<\/a> o cualquier otra plataforma de anuncios de redes sociales.<\/p>\n<p>Aunque la mayor\u00eda de las veces las empresas tambi\u00e9n pueden incluir otras ventajas adicionales, como puede ser la oportunidad de participar en un concurso o la posibilidad de conseguir regalos con la imagen de la marca. Una vez obtenidos los datos del usuario, estos se acumulan en una base de datos que luego se utilizar\u00e1 para llevar a cabo estrategias de automatizaci\u00f3n como email marketing.<\/p>\n<h2>Ejemplos del lead magnet<\/h2>\n<p>Existe una gran lista de <strong>recursos digitales que se pueden utilizar en la estrategia de lead magnet<\/strong>, los m\u00e1s populares son los siguientes.<\/p>\n<ul>\n<li>ebooks.<\/li>\n<li>Gu\u00edas descargables.<\/li>\n<li>Checklist.<\/li>\n<li>Plantillas editables.<\/li>\n<li>Webinars o cursos.<\/li>\n<li>V\u00eddeos exclusivos.<\/li>\n<li>Kit de herramientas digitales.<\/li>\n<\/ul>\n<h2>C\u00f3mo dise\u00f1ar un buen lead magnet<\/h2>\n<ul>\n<li>Lo primero es <strong>redactar el t\u00edtulo que se utilizar\u00e1 para promocionar el contenido<\/strong>, debe ser una frase atrayente que cause curiosidad entre los usuarios.<\/li>\n<li>Seguidamente, es importante dise\u00f1ar un buen anuncio y debe contener al menos una peque\u00f1a lista de beneficios acerca del contenido y el bot\u00f3n para descargar.<\/li>\n<li>Despu\u00e9s se inserta en sitios estrat\u00e9gicos dentro de la p\u00e1gina web, algunos lo promocionan en la parte superior de la p\u00e1gina, pero tambi\u00e9n es muy popular situarlo dentro del contenido de un post o en la parte lateral del mismo.<\/li>\n<li>Es importante elegir un buen formato, que sea f\u00e1cil descargar y est\u00e9 disponible para distintas plataformas, especialmente cuando se trata de un e-book, lo m\u00e1s com\u00fan y difundirlo en formato PDF.<\/li>\n<\/ul>\n<p><script type=\"application\/ld+json\">{\"@context\":\"https:\/\/schema.org\",\"@type\":\"FAQPage\",\"mainEntity\":[ \n{\"@type\":\"Question\",\"name\":\"\u00bfQu\u00e9 es lead magnet?\",\"acceptedAnswer\":{\"@type\":\"Answer\",\"text\":\"<\/p>\n<p>Esta es una estrategia de marketing que consiste en ofrecer algo a cambio de datos personales. Por ejemplo, cuando se ofrece descargar una gu\u00eda o un e-book y solo se debe proporcionar el nombre y direcci\u00f3n de email. En este sentido, es una t\u00e9cnica que forma parte de la <a href='https:\/\/www.appyweb.es\/embudo-ventas-e-commerce\/'>filosof\u00eda del embudo de ventas<\/a>, <strong>el lead magnet se aplica con frecuencia dentro de la etapa de conversi\u00f3n<\/strong>.<\/p>\n<p>Su esencia consiste en ofrecer algo de valor a cambio, de esta forma, la informaci\u00f3n que debe estar contenida dentro de esas gu\u00edas y libros electr\u00f3nicos debe ser de alto inter\u00e9s para la audiencia. Antes de llevar a cabo esta estrategia, es importante realizar un estudio de  la audiencia para saber cu\u00e1les son las tendencias a las que est\u00e1n reaccionando.<\/p>\n<p>\"}},\n{\"@type\":\"Question\",\"name\":\"\u00bfPara qu\u00e9 sirve?\",\"acceptedAnswer\":{\"@type\":\"Answer\",\"text\":\"<\/p>\n<p>Permite que las compa\u00f1\u00edas capten usuarios, los cuales pueden ser potenciales clientes. Normalmente, <strong>los lead magnets suele estar dispuestos dentro del sitio web de empresa<\/strong> o en el blog, aunque tambi\u00e9n existen muchos m\u00e9todos de promoci\u00f3n de estos recursos, por ejemplo, <a href='https:\/\/www.appyweb.es\/campanas-facebook-ads\/'>a trav\u00e9s de Facebook Ads<\/a> o cualquier otra plataforma de anuncios de redes sociales. <\/p>\n<p>Aunque la mayor\u00eda de las veces las empresas tambi\u00e9n pueden incluir otras ventajas adicionales, como puede ser la oportunidad de participar en un concurso o la posibilidad de conseguir regalos con la imagen de la marca. Una vez obtenidos los datos del usuario, estos se acumulan en una base de datos que luego se utilizar\u00e1 para llevar a cabo estrategias de automatizaci\u00f3n como email marketing.<\/p>\n<p>\"}},\n{\"@type\":\"Question\",\"name\":\"Ejemplos del lead magnet\",\"acceptedAnswer\":{\"@type\":\"Answer\",\"text\":\"<\/p>\n<p>Existe una gran lista de <strong>recursos digitales que se pueden utilizar en la estrategia de lead magnet<\/strong>, los m\u00e1s populares son los siguientes.<\/p>\n<\/p>\n<\/p>\n<\/p>\n<\/p>\n<ul>\n<\/p>\n<\/p>\n<\/p>\n<\/p>\n<li>ebooks.<\/li>\n<\/p>\n<\/p>\n<\/p>\n<\/p>\n<\/p>\n<\/p>\n<\/p>\n<li>Gu\u00edas descargables.<\/li>\n<\/p>\n<\/p>\n<\/p>\n<\/p>\n<\/p>\n<\/p>\n<\/p>\n<li>Checklist.<\/li>\n<\/p>\n<\/p>\n<\/p>\n<\/p>\n<\/p>\n<\/p>\n<\/p>\n<li>Plantillas editables.<\/li>\n<\/p>\n<\/p>\n<\/p>\n<\/p>\n<\/p>\n<\/p>\n<\/p>\n<li>Webinars o cursos.<\/li>\n<\/p>\n<\/p>\n<\/p>\n<\/p>\n<\/p>\n<\/p>\n<\/p>\n<li>V\u00eddeos exclusivos.<\/li>\n<\/p>\n<\/p>\n<\/p>\n<\/p>\n<\/p>\n<\/p>\n<\/p>\n<li>Kit de herramientas digitales.<\/li>\n<\/p>\n<\/p>\n<\/p>\n<\/ul>\n<\/p>\n<\/p>\n<\/p>\n<p>\"}},\n{\"@type\":\"Question\",\"name\":\"C\u00f3mo dise\u00f1ar un buen lead magnet\",\"acceptedAnswer\":{\"@type\":\"Answer\",\"text\":\"<\/p>\n<\/p>\n<\/p>\n<\/p>\n<\/p>\n<ul>\n<\/p>\n<\/p>\n<\/p>\n<\/p>\n<li>Lo primero es <strong>redactar el t\u00edtulo que se utilizar\u00e1 para promocionar el contenido<\/strong>, debe ser una frase atrayente que cause curiosidad entre los usuarios.<\/li>\n<\/p>\n<\/p>\n<\/p>\n<\/p>\n<\/p>\n<\/p>\n<\/p>\n<li>Seguidamente, es importante dise\u00f1ar un buen anuncio y debe contener al menos una peque\u00f1a lista de beneficios acerca del contenido y el bot\u00f3n para descargar.<\/li>\n<\/p>\n<\/p>\n<\/p>\n<\/p>\n<\/p>\n<\/p>\n<\/p>\n<li>Despu\u00e9s se inserta en sitios estrat\u00e9gicos dentro de la p\u00e1gina web, algunos lo promocionan en la parte superior de la p\u00e1gina, pero tambi\u00e9n es muy popular situarlo dentro del contenido de un post o en la parte lateral del mismo.<\/li>\n<\/p>\n<\/p>\n<\/p>\n<\/p>\n<\/p>\n<\/p>\n<\/p>\n<li>Es importante elegir un buen formato, que sea f\u00e1cil descargar y est\u00e9 disponible para distintas plataformas, especialmente cuando se trata de un e-book, lo m\u00e1s com\u00fan y difundirlo en formato PDF.<\/li>\n<\/p>\n<\/p>\n<\/p>\n<\/ul>\n<\/p>\n<\/p>\n<\/p>\n<p>\"}}\n]}<\/script><\/p>\n<h2>M\u00e1s informaci\u00f3n sobre lead magnet<\/h2>\n<p>En cualquier caso, <strong>un lead magnet es una verdadera pieza de marketing<\/strong>, por lo que es importante tener en cuenta cada detalle y aspecto del mismo. Para dise\u00f1ar un buen recurso para tu embudo de ventas presta atenci\u00f3n a los siguientes enlaces.<\/p>\n<ul>\n<li><a href=\"https:\/\/www.appyweb.es\/diccionario\/lead-nurturing\/\">\u00bfQu\u00e9 es el Lead Nurturing y para qu\u00e9 sirve?<\/a><\/li>\n<li><a href=\"https:\/\/www.iebschool.com\/blog\/trucos-crear-disenar-lead-magnet-comercio-ventas\/\" rel=\"nofollow noopener\" target=\"_blank\">5 trucos para crear y dise\u00f1ar un Lead Magnet irresistible<\/a><\/li>\n<\/ul>\n<p>&nbsp;<\/p>\n","protected":false},"excerpt":{"rendered":"<p>Se trata de un recurso digital que las empresas ofrecen de forma gratuita, la mayor\u00eda de las veces, un lead magnet se trata de un contenido informativo o de entretenimiento que se ofrece a cambio de datos personales de los usuarios, como pueden ser su nombre y su direcci\u00f3n de email. \u00bfQu\u00e9 es lead magnet? [&hellip;]<\/p>\n","protected":false},"author":1,"featured_media":15509,"parent":0,"menu_order":0,"comment_status":"closed","ping_status":"closed","template":"","meta":{"inline_featured_image":false,"footnotes":""},"class_list":["post-2545","page","type-page","status-publish","has-post-thumbnail","hentry"],"_links":{"self":[{"href":"https:\/\/www.appyweb.es\/diccionario\/wp-json\/wp\/v2\/pages\/2545","targetHints":{"allow":["GET"]}}],"collection":[{"href":"https:\/\/www.appyweb.es\/diccionario\/wp-json\/wp\/v2\/pages"}],"about":[{"href":"https:\/\/www.appyweb.es\/diccionario\/wp-json\/wp\/v2\/types\/page"}],"author":[{"embeddable":true,"href":"https:\/\/www.appyweb.es\/diccionario\/wp-json\/wp\/v2\/users\/1"}],"replies":[{"embeddable":true,"href":"https:\/\/www.appyweb.es\/diccionario\/wp-json\/wp\/v2\/comments?post=2545"}],"version-history":[{"count":7,"href":"https:\/\/www.appyweb.es\/diccionario\/wp-json\/wp\/v2\/pages\/2545\/revisions"}],"predecessor-version":[{"id":15515,"href":"https:\/\/www.appyweb.es\/diccionario\/wp-json\/wp\/v2\/pages\/2545\/revisions\/15515"}],"wp:featuredmedia":[{"embeddable":true,"href":"https:\/\/www.appyweb.es\/diccionario\/wp-json\/wp\/v2\/media\/15509"}],"wp:attachment":[{"href":"https:\/\/www.appyweb.es\/diccionario\/wp-json\/wp\/v2\/media?parent=2545"}],"curies":[{"name":"wp","href":"https:\/\/api.w.org\/{rel}","templated":true}]}}