{"id":2576,"date":"2023-06-22T09:17:11","date_gmt":"2023-06-22T09:17:11","guid":{"rendered":"https:\/\/www.appyweb.es\/diccionario\/?page_id=2576"},"modified":"2024-04-24T09:26:44","modified_gmt":"2024-04-24T09:26:44","slug":"leadpages","status":"publish","type":"page","link":"https:\/\/www.appyweb.es\/diccionario\/leadpages\/","title":{"rendered":"Leadpages"},"content":{"rendered":"<figure id=\"attachment_15545\" aria-describedby=\"caption-attachment-15545\" style=\"width: 1000px\" class=\"wp-caption alignnone\"><img loading=\"lazy\" decoding=\"async\" class=\"size-full wp-image-15545\" src=\"https:\/\/www.appyweb.es\/diccionario\/wp-content\/uploads\/2024\/04\/Leadpages.jpg\" alt=\"Leadpages\" width=\"1000\" height=\"600\" srcset=\"https:\/\/www.appyweb.es\/diccionario\/wp-content\/uploads\/2024\/04\/Leadpages.jpg 1000w, https:\/\/www.appyweb.es\/diccionario\/wp-content\/uploads\/2024\/04\/Leadpages-300x180.jpg 300w, https:\/\/www.appyweb.es\/diccionario\/wp-content\/uploads\/2024\/04\/Leadpages-768x461.jpg 768w\" sizes=\"auto, (max-width: 1000px) 100vw, 1000px\" \/><figcaption id=\"caption-attachment-15545\" class=\"wp-caption-text\">Ejemplo de un dise\u00f1o de una pagina web.<\/figcaption><\/figure>\n<p>Puede ser <strong>dif\u00edcil dise\u00f1ar una landing page desde cero<\/strong>, es necesario que cumplan con expectativas como una buena est\u00e9tica y la capacidad de convertir usuarios r\u00e1pidamente. Es por eso que existen herramientas como <em>Leadpages<\/em>, un software para la creaci\u00f3n de p\u00e1gina de aterrizaje y para pesta\u00f1as personalizadas.<\/p>\n<h2>\u00bfQu\u00e9 es LeadPages?<\/h2>\n<p>Es una herramienta que permite construir p\u00e1ginas de aterrizaje, <strong>utilizando plantillas predise\u00f1adas y un editor muy intuitivo<\/strong>. Estas plantilla est\u00e1n clasificadas seg\u00fan el objetivo alcanzar, hay algunas que funcionan solo para aumentar la base de datos, otras para descarga de libros electr\u00f3nicos, para conseguir m\u00e1s suscriptores o inscripciones alg\u00fan evento.<\/p>\n<p>Es un software muy f\u00e1cil de utilizar <a href=\"https:\/\/www.appyweb.es\/diseno-landing-page\/\">para el dise\u00f1o de landing pages<\/a>, es por eso que el usuario no necesita saber de desarrollo web. De hecho, es muy f\u00e1cil de utilizar y se adapta a cualquier formato, bien sea WordPress, HTML y Facebook. En este mismo sentido, tambi\u00e9n se puede integrar con otras plataformas como medio para difundir p\u00e1ginas de aterrizaje a trav\u00e9s de correo electr\u00f3nico.<\/p>\n<h2>\u00bfPara qu\u00e9 sirve?<\/h2>\n<p>El objetivo de dise\u00f1ar una p\u00e1gina de destino a trav\u00e9s de esta herramienta es <a href=\"https:\/\/www.appyweb.es\/conversion-web\/\">aumentar el flujo de conversiones web<\/a>, si la necesidad de pasar demasiado tiempo dise\u00f1ando una buena p\u00e1gina de aterrizaje. De esta forma, se pueden poner en pr\u00e1ctica las estrategias de atracci\u00f3n r\u00e1pidamente y con mayor efectividad.<\/p>\n<p>Un punto importante a tener en cuenta de Leadpages, es que <strong>ofrecen formatos variados para desarrollar las p\u00e1ginas de aterrizaje<\/strong>. Se pueden conseguir hasta 500 modelos diferentes, para que el anunciante pueda decidir cu\u00e1l se adapta mejor a su objetivo de campa\u00f1a. Algunas de ellas se pueden encontrar de forma gratuita con un nivel de personalizaci\u00f3n m\u00e1ximo.<\/p>\n<h2>Ventajas de utilizar Leadpages<\/h2>\n<ul>\n<li>Aparte de su gran variedad de plantillas, tambi\u00e9n ofrece an\u00e1lisis de datos, de esta forma, el anunciante puede visualizar cu\u00e1ntas visitas registr\u00f3 la p\u00e1gina de aterrizaje en cierto per\u00edodo de tiempo.<\/li>\n<li>Al mismo tiempo, <strong>tambi\u00e9n permite visualizar la tasa de conversi\u00f3n y analizar datos<\/strong> de forma detallada para mejorar las estrategias.<\/li>\n<li>Asimismo, las campa\u00f1as pueden organizarse seg\u00fan el objetivo final, alguna de ellas est\u00e1n dise\u00f1adas espec\u00edficamente para la creaci\u00f3n de productos electr\u00f3nicos o art\u00edculos de blogs.<\/li>\n<li>Al momento de empezar a utilizar esta p\u00e1gina se puede utilizar la opci\u00f3n gratis por 14 d\u00edas para probar las plantillas Premium.<\/li>\n<li>Es ideal para <strong>organizar toda la estrategia de generaci\u00f3n de leads<\/strong> con herramientas de personalizaci\u00f3n integradas.<\/li>\n<\/ul>\n<h2>\u00bfCu\u00e1nto cuesta Leadpages?<\/h2>\n<p>Cuentan con diferentes paquetes, son los siguientes.<\/p>\n<ul>\n<li><strong>Est\u00e1ndar anual<\/strong>: Se paga de forma anual $25 por mes.<\/li>\n<li><strong>Pro anual<\/strong>: Est\u00e1 dirigido a agencias de publicidad y profesionales, con un precio de $48 por mes y se paga de forma anual.<\/li>\n<li><strong>Anual avanzado<\/strong>: Con esta es posible acceder a todas sus funcionalidades y plantillas, tiene un precio de $199 por mes.<\/li>\n<\/ul>\n<p><script type=\"application\/ld+json\">{\"@context\":\"https:\/\/schema.org\",\"@type\":\"FAQPage\",\"mainEntity\":[ \n{\"@type\":\"Question\",\"name\":\"\u00bfQu\u00e9 es LeadPages?\",\"acceptedAnswer\":{\"@type\":\"Answer\",\"text\":\"<\/p>\n<p>Es una herramienta que permite construir p\u00e1ginas de aterrizaje, <strong>utilizando plantillas predise\u00f1adas y un editor muy intuitivo<\/strong>. Estas plantilla est\u00e1n clasificadas seg\u00fan el objetivo alcanzar, hay algunas que funcionan solo para aumentar la base de datos, otras para descarga de libros electr\u00f3nicos, para conseguir m\u00e1s suscriptores o inscripciones alg\u00fan evento.<\/p>\n<p>Es un software muy f\u00e1cil de utilizar <a href='https:\/\/www.appyweb.es\/diseno-landing-page\/'>para el dise\u00f1o de landing pages<\/a>, es por eso que el usuario no necesita saber de desarrollo web. De hecho, es muy f\u00e1cil de utilizar y se adapta a cualquier formato, bien sea WordPress, HTML y Facebook. En este mismo sentido, tambi\u00e9n se puede integrar con otras plataformas como medio para difundir p\u00e1ginas de aterrizaje a trav\u00e9s de correo electr\u00f3nico.<\/p>\n<p>\"}},\n{\"@type\":\"Question\",\"name\":\"\u00bfPara qu\u00e9 sirve?\",\"acceptedAnswer\":{\"@type\":\"Answer\",\"text\":\"<\/p>\n<p>El objetivo de dise\u00f1ar una p\u00e1gina de destino a trav\u00e9s de esta herramienta es <a href='https:\/\/www.appyweb.es\/conversion-web\/'>aumentar el flujo de conversiones web<\/a>, si la necesidad de pasar demasiado tiempo dise\u00f1ando una buena p\u00e1gina de aterrizaje. De esta forma, se pueden poner en pr\u00e1ctica las estrategias de atracci\u00f3n r\u00e1pidamente y con mayor efectividad.<\/p>\n<p>Un punto importante a tener en cuenta de Leadpages, es que <strong>ofrecen formatos variados para desarrollar las p\u00e1ginas de aterrizaje<\/strong>. Se pueden conseguir hasta 500 modelos diferentes, para que el anunciante pueda decidir cu\u00e1l se adapta mejor a su objetivo de campa\u00f1a. Algunas de ellas se pueden encontrar de forma gratuita con un nivel de personalizaci\u00f3n m\u00e1ximo.<\/p>\n<p>\"}},\n{\"@type\":\"Question\",\"name\":\"Ventajas de utilizar Leadpages\",\"acceptedAnswer\":{\"@type\":\"Answer\",\"text\":\"<\/p>\n<\/p>\n<ul>\n<\/p>\n<li>Aparte de su gran variedad de plantillas, tambi\u00e9n ofrece an\u00e1lisis de datos, de esta forma, el anunciante puede visualizar cu\u00e1ntas visitas registr\u00f3 la p\u00e1gina de aterrizaje en cierto per\u00edodo de tiempo.<\/li>\n<\/p>\n<li>Al mismo tiempo, <strong>tambi\u00e9n permite visualizar la tasa de conversi\u00f3n y analizar datos<\/strong> de forma detallada para mejorar las estrategias.<\/li>\n<\/p>\n<li>Asimismo, las campa\u00f1as pueden organizarse seg\u00fan el objetivo final, alguna de ellas est\u00e1n dise\u00f1adas espec\u00edficamente para la creaci\u00f3n de productos electr\u00f3nicos o art\u00edculos de blogs.<\/li>\n<\/p>\n<li>Al momento de empezar a utilizar esta p\u00e1gina se puede utilizar la opci\u00f3n gratis por 14 d\u00edas para probar las plantillas Premium.<\/li>\n<\/p>\n<li>Es ideal para <strong>organizar toda la estrategia de generaci\u00f3n de leads<\/strong> con herramientas de personalizaci\u00f3n integradas.<\/li>\n<\/ul>\n<p>\"}},\n{\"@type\":\"Question\",\"name\":\"\u00bfCu\u00e1nto cuesta Leadpages?\",\"acceptedAnswer\":{\"@type\":\"Answer\",\"text\":\"<\/p>\n<p>Cuentan con diferentes paquetes, son los siguientes.<\/p>\n<\/p>\n<ul>\n<\/p>\n<li><strong>Est\u00e1ndar anual<\/strong>: Se paga de forma anual $25 por mes.<\/li>\n<\/p>\n<li><strong>Pro anual<\/strong>: Est\u00e1 dirigido a agencias de publicidad y profesionales, con un precio de $48 por mes y se paga de forma anual.<\/li>\n<\/p>\n<li><strong>Anual avanzado<\/strong>: Con esta es posible acceder a todas sus funcionalidades y plantillas, tiene un precio de $199 por mes.<\/li>\n<\/ul>\n<p>\"}}\n]}<\/script><\/p>\n<h2>M\u00e1s informaci\u00f3n sobre Leadpages<\/h2>\n<p>Pero esta no es la \u00fanica herramienta que puedes utilizar <strong>para crear p\u00e1ginas de aterrizaje que conviertan<\/strong>, mira los siguientes enlaces para obtener m\u00e1s informaci\u00f3n.<\/p>\n<ul>\n<li><a href=\"https:\/\/www.appyweb.es\/consejos-landing-page-perfecta\/\">[12 Consejos] para crear una landing page perfecta<\/a><\/li>\n<li><a href=\"https:\/\/marketing4ecommerce.net\/mejores-herramientas-para-crear-landing-pages\/\" rel=\"nofollow noopener\" target=\"_blank\">Top 15: las mejores herramientas para crear landing pages\u2026 y aumentar tu ratio de conversi\u00f3n<\/a><\/li>\n<\/ul>\n<p>&nbsp;<\/p>\n","protected":false},"excerpt":{"rendered":"<p>Puede ser dif\u00edcil dise\u00f1ar una landing page desde cero, es necesario que cumplan con expectativas como una buena est\u00e9tica y la capacidad de convertir usuarios r\u00e1pidamente. Es por eso que existen herramientas como Leadpages, un software para la creaci\u00f3n de p\u00e1gina de aterrizaje y para pesta\u00f1as personalizadas. \u00bfQu\u00e9 es LeadPages? Es una herramienta que permite [&hellip;]<\/p>\n","protected":false},"author":1,"featured_media":15545,"parent":0,"menu_order":0,"comment_status":"closed","ping_status":"closed","template":"","meta":{"inline_featured_image":false,"footnotes":""},"class_list":["post-2576","page","type-page","status-publish","has-post-thumbnail","hentry"],"_links":{"self":[{"href":"https:\/\/www.appyweb.es\/diccionario\/wp-json\/wp\/v2\/pages\/2576","targetHints":{"allow":["GET"]}}],"collection":[{"href":"https:\/\/www.appyweb.es\/diccionario\/wp-json\/wp\/v2\/pages"}],"about":[{"href":"https:\/\/www.appyweb.es\/diccionario\/wp-json\/wp\/v2\/types\/page"}],"author":[{"embeddable":true,"href":"https:\/\/www.appyweb.es\/diccionario\/wp-json\/wp\/v2\/users\/1"}],"replies":[{"embeddable":true,"href":"https:\/\/www.appyweb.es\/diccionario\/wp-json\/wp\/v2\/comments?post=2576"}],"version-history":[{"count":5,"href":"https:\/\/www.appyweb.es\/diccionario\/wp-json\/wp\/v2\/pages\/2576\/revisions"}],"predecessor-version":[{"id":15547,"href":"https:\/\/www.appyweb.es\/diccionario\/wp-json\/wp\/v2\/pages\/2576\/revisions\/15547"}],"wp:featuredmedia":[{"embeddable":true,"href":"https:\/\/www.appyweb.es\/diccionario\/wp-json\/wp\/v2\/media\/15545"}],"wp:attachment":[{"href":"https:\/\/www.appyweb.es\/diccionario\/wp-json\/wp\/v2\/media?parent=2576"}],"curies":[{"name":"wp","href":"https:\/\/api.w.org\/{rel}","templated":true}]}}