{"id":2588,"date":"2023-06-22T09:22:39","date_gmt":"2023-06-22T09:22:39","guid":{"rendered":"https:\/\/www.appyweb.es\/diccionario\/?page_id=2588"},"modified":"2024-04-24T11:02:26","modified_gmt":"2024-04-24T11:02:26","slug":"lenguaje-de-programacion","status":"publish","type":"page","link":"https:\/\/www.appyweb.es\/diccionario\/lenguaje-de-programacion\/","title":{"rendered":"Lenguaje de programaci\u00f3n"},"content":{"rendered":"<figure id=\"attachment_15572\" aria-describedby=\"caption-attachment-15572\" style=\"width: 1000px\" class=\"wp-caption alignnone\"><img loading=\"lazy\" decoding=\"async\" class=\"size-full wp-image-15572\" src=\"https:\/\/www.appyweb.es\/diccionario\/wp-content\/uploads\/2024\/04\/Lenguajedeprogramacion.jpg\" alt=\"Lenguaje de programaci\u00f3n\" width=\"1000\" height=\"600\" srcset=\"https:\/\/www.appyweb.es\/diccionario\/wp-content\/uploads\/2024\/04\/Lenguajedeprogramacion.jpg 1000w, https:\/\/www.appyweb.es\/diccionario\/wp-content\/uploads\/2024\/04\/Lenguajedeprogramacion-300x180.jpg 300w, https:\/\/www.appyweb.es\/diccionario\/wp-content\/uploads\/2024\/04\/Lenguajedeprogramacion-768x461.jpg 768w\" sizes=\"auto, (max-width: 1000px) 100vw, 1000px\" \/><figcaption id=\"caption-attachment-15572\" class=\"wp-caption-text\">Texto de un lenguaje de programacion.<\/figcaption><\/figure>\n<p>Para entender y configurar acciones en el ordenador es necesario tener claro que \u00e9ste funciona con una serie de c\u00f3digos o comandos. Estos son <strong>analizados por los algoritmos del sistema para interpretar dichas acciones<\/strong>, es decir, que el lenguaje de programaci\u00f3n es una especie de traductor que permite la comunicaci\u00f3n hombre-m\u00e1quina.<\/p>\n<h2>\u00bfQu\u00e9 es el lenguaje de programaci\u00f3n?<\/h2>\n<p>Este un recurso propio de la rama de la inform\u00e1tica y es lo que permite que las personas se comuniquen con los equipos. Tambi\u00e9n permite que se creen programas inform\u00e1ticos y herramientas compatibles con dichos sistemas. El <strong>lenguaje de programaci\u00f3n se encarga de organizar algoritmos<\/strong> que luego son subministrados al equipo para indicarle diferentes acciones.<\/p>\n<p>Esos c\u00f3digos que utiliza para llevar a cabo las funciones, son expuestos en forma de secuencia, emplea distintos tipos de palabras o comandos que deben ser estudiados por los programadores para saber c\u00f3mo comunicarse con un sistema, a lo que se define como un <em>desarrollo l\u00f3gico<\/em>. Por ejemplo, al crear un <a href=\"https:\/\/www.appyweb.es\/desarrollo-app\/\">proyecto de desarrollo de apps<\/a> es necesario entender sus compatibilidades con los sistemas operativos y otras caracter\u00edsticas.<\/p>\n<h2>\u00bfPara qu\u00e9 sirve?<\/h2>\n<p>Al principio de la era del ordenador, solo los programadores y desarrolladores (conocidos como solo inform\u00e1ticos en ese entonces) ten\u00edan las habilidades para utilizar uno de esos equipos, ya que <strong>la comunicaci\u00f3n directa con la m\u00e1quina deb\u00eda ser a trav\u00e9s del lenguaje de programaci\u00f3n<\/strong>. Es decir, no exist\u00edan elementos que lo hicieran m\u00e1s intuitivo para quienes no eran inform\u00e1ticos.<\/p>\n<p>Con el paso del tiempo, cuando los ordenadores empezaron a comercializarse al sector dom\u00e9stico, se incorporaron elementos m\u00e1s amigables con el usuario, incluyendo el cursor o mouse, esto permiti\u00f3 que las acciones se llevaran a cabo a trav\u00e9s de un clic.<\/p>\n<p>Sin embargo, el <a href=\"https:\/\/www.appyweb.es\/diseno-web\/\">dise\u00f1o web<\/a> o creaci\u00f3n de otros programas siguen interactuando a trav\u00e9s de los c\u00f3digos, solo que esta vez, todo est\u00e1 oculto o al alcance de los verdaderos expertos. As\u00ed que se puede decir que es el esqueleto de las aplicaciones y lo dem\u00e1s son recursos est\u00e9ticos.<\/p>\n<h2>Beneficios de los lenguajes de programaci\u00f3n<\/h2>\n<p>Literalmente, permite que todos los procesos inform\u00e1ticos se hagan realidad, <strong>incluso si los usuarios no tienen un contacto directo con el mismo<\/strong>. En la actualidad existen recursos que permiten a las personas interactuar con las m\u00e1quinas sin siquiera estar al tanto de que existe un c\u00f3digo detr\u00e1s del tel\u00f3n, que hace que todos sus movimientos sean traducidos.<\/p>\n<p>Al mismo tiempo, gracias a los avances de la tecnolog\u00eda, ni siquiera los mismos programadores est\u00e1n en la necesidad de aprender o reconocer cada secuencia de c\u00f3digo, de hecho, existen comandos que generan otros comandos para la construcci\u00f3n de proyectos, lo que acelera el tiempo de trabajo.<\/p>\n<p>Igualmente, existen por supuesto diferentes tipos de lenguajes, los cuales se pueden implementar dependiendo del software.<\/p>\n<h2>\u00bfCu\u00e1les son los diferentes tipos de lenguajes que hay?<\/h2>\n<ul>\n<li><strong>Alto nivel:<\/strong> Son aquellos que su estructura busca ser universal. Es decir, que se puedan utilizar en cualquier formato necesario.<\/li>\n<li><strong>Nivel medio:<\/strong> Permiten ciertas operaciones a niveles altos, a la vez tambi\u00e9n de implementaciones en espec\u00edfico.<\/li>\n<li><strong>Bajo nivel:<\/strong> S\u00f3lo funcionan en el sistema en cual fueron dise\u00f1ados.<\/li>\n<\/ul>\n<p><script type=\"application\/ld+json\">{\"@context\":\"https:\/\/schema.org\",\"@type\":\"FAQPage\",\"mainEntity\":[ \n{\"@type\":\"Question\",\"name\":\"\u00bfQu\u00e9 es el lenguaje de programaci\u00f3n?\",\"acceptedAnswer\":{\"@type\":\"Answer\",\"text\":\"<\/p>\n<p>Este un recurso propio de la rama de la inform\u00e1tica y es lo que permite que las personas se comuniquen con los equipos. Tambi\u00e9n permite que se creen programas inform\u00e1ticos y herramientas compatibles con dichos sistemas. El <strong>lenguaje de programaci\u00f3n se encarga de organizar algoritmos<\/strong> que luego son subministrados al equipo para indicarle diferentes acciones.<\/p>\n<p>Esos c\u00f3digos que utiliza para llevar a cabo las funciones, son expuestos en forma de secuencia, emplea distintos tipos de palabras o comandos que deben ser estudiados por los programadores para saber c\u00f3mo comunicarse con un sistema, a lo que se define como un <em>desarrollo l\u00f3gico<\/em>. Por ejemplo, al crear un <a href='https:\/\/www.appyweb.es\/desarrollo-app\/'>proyecto de desarrollo de apps<\/a> es necesario entender sus compatibilidades con los sistemas operativos y otras caracter\u00edsticas.<\/p>\n<p>\"}},\n{\"@type\":\"Question\",\"name\":\"\u00bfPara qu\u00e9 sirve?\",\"acceptedAnswer\":{\"@type\":\"Answer\",\"text\":\"<\/p>\n<p>Al principio de la era del ordenador, solo los programadores y desarrolladores (conocidos como solo inform\u00e1ticos en ese entonces) ten\u00edan las habilidades para utilizar uno de esos equipos, ya que <strong>la comunicaci\u00f3n directa con la m\u00e1quina deb\u00eda ser a trav\u00e9s del lenguaje de programaci\u00f3n<\/strong>. Es decir, no exist\u00edan elementos que lo hicieran m\u00e1s intuitivo para quienes no eran inform\u00e1ticos.<\/p>\n<p>Con el paso del tiempo, cuando los ordenadores empezaron a comercializarse al sector dom\u00e9stico, se incorporaron elementos m\u00e1s amigables con el usuario, incluyendo el cursor o mouse, esto permiti\u00f3 que las acciones se llevaran a cabo a trav\u00e9s de un clic.<\/p>\n<p>Sin embargo, el <a href='https:\/\/www.appyweb.es\/diseno-web\/'>dise\u00f1o web<\/a> o creaci\u00f3n de otros programas siguen interactuando a trav\u00e9s de los c\u00f3digos, solo que esta vez, todo est\u00e1 oculto o al alcance de los verdaderos expertos. As\u00ed que se puede decir que es el esqueleto de las aplicaciones y lo dem\u00e1s son recursos est\u00e9ticos.<\/p>\n<p>\"}},\n{\"@type\":\"Question\",\"name\":\"Beneficios de los lenguajes de programaci\u00f3n\",\"acceptedAnswer\":{\"@type\":\"Answer\",\"text\":\"<\/p>\n<p>Literalmente, permite que todos los procesos inform\u00e1ticos se hagan realidad, <strong>incluso si los usuarios no tienen un contacto directo con el mismo<\/strong>. En la actualidad existen recursos que permiten a las personas interactuar con las m\u00e1quinas sin siquiera estar al tanto de que existe un c\u00f3digo detr\u00e1s del tel\u00f3n, que hace que todos sus movimientos sean traducidos.<\/p>\n<p>Al mismo tiempo, gracias a los avances de la tecnolog\u00eda, ni siquiera los mismos programadores est\u00e1n en la necesidad de aprender o reconocer cada secuencia de c\u00f3digo, de hecho, existen comandos que generan otros comandos para la construcci\u00f3n de proyectos, lo que acelera el tiempo de trabajo.<\/p>\n<p>Igualmente, existen por supuesto diferentes tipos de lenguajes, los cuales se pueden implementar dependiendo del software.<\/p>\n<p>\"}},\n{\"@type\":\"Question\",\"name\":\"\u00bfCu\u00e1les son los diferentes tipos de lenguajes que hay?\",\"acceptedAnswer\":{\"@type\":\"Answer\",\"text\":\"<\/p>\n<\/p>\n<\/p>\n<\/p>\n<\/p>\n<ul>\n<\/p>\n<\/p>\n<\/p>\n<\/p>\n<li><strong>Alto nivel:<\/strong> Son aquellos que su estructura busca ser universal. Es decir, que se puedan utilizar en cualquier formato necesario.<\/li>\n<\/p>\n<\/p>\n<\/p>\n<\/p>\n<\/p>\n<\/p>\n<\/p>\n<li><strong>Nivel medio:<\/strong> Permiten ciertas operaciones a niveles altos, a la vez tambi\u00e9n de implementaciones en espec\u00edfico.<\/li>\n<\/p>\n<\/p>\n<\/p>\n<\/p>\n<\/p>\n<\/p>\n<\/p>\n<li><strong>Bajo nivel:<\/strong> S\u00f3lo funcionan en el sistema en cual fueron dise\u00f1ados.<\/li>\n<\/p>\n<\/p>\n<\/p>\n<\/ul>\n<\/p>\n<\/p>\n<\/p>\n<p>\"}}\n]}<\/script><\/p>\n<h2>M\u00e1s informaci\u00f3n sobre lenguaje de programaci\u00f3n<\/h2>\n<p>Hoy en d\u00eda no es necesario ser un experto incluso para programar, pero s\u00ed tener mucha imaginaci\u00f3n y recursos indispensables. Mira estos enlaces para obtener m\u00e1s informaci\u00f3n al respecto.<\/p>\n<ul>\n<li><a href=\"https:\/\/www.appyweb.es\/diccionario\/javascript\/\">\u00bfQu\u00e9 es JavaScript y para qu\u00e9 sirve?<\/a><\/li>\n<li><a href=\"https:\/\/es.wikipedia.org\/wiki\/Lenguaje_de_programaci%C3%B3n#Clasificaci%C3%B3n_de_los_lenguajes_de_programaci%C3%B3n\" rel=\"nofollow noopener\" target=\"_blank\">Clasificaci\u00f3n de los lenguajes de programaci\u00f3n<\/a><\/li>\n<\/ul>\n<p>&nbsp;<\/p>\n","protected":false},"excerpt":{"rendered":"<p>Para entender y configurar acciones en el ordenador es necesario tener claro que \u00e9ste funciona con una serie de c\u00f3digos o comandos. Estos son analizados por los algoritmos del sistema para interpretar dichas acciones, es decir, que el lenguaje de programaci\u00f3n es una especie de traductor que permite la comunicaci\u00f3n hombre-m\u00e1quina. \u00bfQu\u00e9 es el lenguaje [&hellip;]<\/p>\n","protected":false},"author":1,"featured_media":15572,"parent":0,"menu_order":0,"comment_status":"closed","ping_status":"closed","template":"","meta":{"inline_featured_image":false,"footnotes":""},"class_list":["post-2588","page","type-page","status-publish","has-post-thumbnail","hentry"],"_links":{"self":[{"href":"https:\/\/www.appyweb.es\/diccionario\/wp-json\/wp\/v2\/pages\/2588","targetHints":{"allow":["GET"]}}],"collection":[{"href":"https:\/\/www.appyweb.es\/diccionario\/wp-json\/wp\/v2\/pages"}],"about":[{"href":"https:\/\/www.appyweb.es\/diccionario\/wp-json\/wp\/v2\/types\/page"}],"author":[{"embeddable":true,"href":"https:\/\/www.appyweb.es\/diccionario\/wp-json\/wp\/v2\/users\/1"}],"replies":[{"embeddable":true,"href":"https:\/\/www.appyweb.es\/diccionario\/wp-json\/wp\/v2\/comments?post=2588"}],"version-history":[{"count":7,"href":"https:\/\/www.appyweb.es\/diccionario\/wp-json\/wp\/v2\/pages\/2588\/revisions"}],"predecessor-version":[{"id":15578,"href":"https:\/\/www.appyweb.es\/diccionario\/wp-json\/wp\/v2\/pages\/2588\/revisions\/15578"}],"wp:featuredmedia":[{"embeddable":true,"href":"https:\/\/www.appyweb.es\/diccionario\/wp-json\/wp\/v2\/media\/15572"}],"wp:attachment":[{"href":"https:\/\/www.appyweb.es\/diccionario\/wp-json\/wp\/v2\/media?parent=2588"}],"curies":[{"name":"wp","href":"https:\/\/api.w.org\/{rel}","templated":true}]}}