{"id":259,"date":"2023-06-19T14:19:31","date_gmt":"2023-06-19T14:19:31","guid":{"rendered":"https:\/\/www.appyweb.es\/diccionario\/?page_id=259"},"modified":"2024-03-05T22:47:21","modified_gmt":"2024-03-05T22:47:21","slug":"blackbeast","status":"publish","type":"page","link":"https:\/\/www.appyweb.es\/diccionario\/blackbeast\/","title":{"rendered":"BlackBeast"},"content":{"rendered":"<h1 class=\"entry-title main_title\"><img decoding=\"async\" class=\"aligncenter\" src=\"https:\/\/blackbeast.pro\/wp-content\/uploads\/2018\/10\/Logo-BlackBeast.jpg\" \/><\/h1>\n<p>En ocasiones puede ser dif\u00edcil llevar una estrategia de marketing digital por tu cuenta, tienes que establecer estrategias para\u00a0el posicionamiento SEO, coordinar tus campa\u00f1as SEM, el dise\u00f1o web de tu sitio y gestionar las redes sociales. Por suerte, puedes optar por\u00a0<strong>contratar agencias de marketing digital como BlackBeast<\/strong>, te ayudar\u00e1n con cada aspecto de tu negocio digital y m\u00e1s gracias a sus servicios integrales.<\/p>\n<h2>\u00bfQu\u00e9 es BlackBeast?<\/h2>\n<p>BlackBeast es una agencia low cost de <a href=\"https:\/\/diseno20.appyweb.es\/seo-local\/\" rel=\"nofollow noopener\" target=\"_blank\">marketing digital<\/a> y eventos que tiene su sede en Madrid.<br \/>\nSus servicios integrales de marketing est\u00e1n dirigidos a todo tipo de clientes, <strong>sus presupuestos son hechos a la medida del consumidor<\/strong>, es una de las m\u00e1s competitivas en el mercado gracias a este tratamiento personalizado.<\/p>\n<h2>\u00bfPara qu\u00e9 sirve el BlackBeast?<\/h2>\n<p>Es una gran opci\u00f3n para cualquier tipo de empresa que quiera abrir sus puertas al mercado digital e internacional, con ayuda de la agencia puede contar con un <strong>buen dise\u00f1o y buenas estrategias de marketing digital para potenciar el negocio<\/strong>. Igualmente, se especializan en <a href=\"https:\/\/diseno20.appyweb.es\/diseno-landing-page\/\" rel=\"nofollow noopener\" target=\"_blank\">dise\u00f1ar p\u00e1ginas<\/a> de aterrizaje para el posicionamiento SEO y SEM.<\/p>\n<p>Tambi\u00e9n participan en la formaci\u00f3n de la imagen corporativa, en la creaci\u00f3n del logotipo, el estilo digital y hasta en el dise\u00f1o de las estrategias de comunicaci\u00f3n con el cliente.<\/p>\n<h2>Servicios de BlackBeast<\/h2>\n<p>Esta agencia es una de las m\u00e1s populares en el sector porque no solo ofrecen sus servicios en Madrid, sino tambi\u00e9n en el resto del territorio Espa\u00f1ol.<br \/>\nIgualmente, <strong>cuentan con una red de trabajadores multiling\u00fces<\/strong> capaces de afrontar los retos comerciales en cualquier parte del mundo.<br \/>\nAunque son muy <a href=\"https:\/\/diseno20.appyweb.es\/diseno-web\/\" rel=\"nofollow noopener\" target=\"_blank\">reconocidos por su dise\u00f1o web<\/a>, tambi\u00e9n cuentan con estos otros servicios.<\/p>\n<ul>\n<li>Posicionamiento SEO.<\/li>\n<li>Publicidad Online.<\/li>\n<li>Dise\u00f1o gr\u00e1fico.<\/li>\n<li>Social Media.<\/li>\n<li>Inbound marketing.<\/li>\n<\/ul>\n<p><script type=\"application\/ld+json\">{\"@context\":\"https:\/\/schema.org\",\"@type\":\"FAQPage\",\"mainEntity\":[ \n{\"@type\":\"Question\",\"name\":\"\u00bfQu\u00e9 es BlackBeast?\",\"acceptedAnswer\":{\"@type\":\"Answer\",\"text\":\"<\/p>\n<\/p>\n<p>BlackBeast es una agencia low cost de <a href='https:\/\/diseno20.appyweb.es\/seo-local\/'>marketing digital<\/a> y eventos que tiene su sede en Madrid. <br \/>Sus servicios integrales de marketing est\u00e1n dirigidos a todo tipo de clientes, <strong>sus presupuestos son hechos a la medida del consumidor<\/strong>, es una de las m\u00e1s competitivas en el mercado gracias a este tratamiento personalizado.<\/p>\n<\/p>\n<p>\"}},\n{\"@type\":\"Question\",\"name\":\"\u00bfPara qu\u00e9 sirve el BlackBeast?\",\"acceptedAnswer\":{\"@type\":\"Answer\",\"text\":\"<\/p>\n<\/p>\n<p>Es una gran opci\u00f3n para cualquier tipo de empresa que quiera abrir sus puertas al mercado digital e internacional, con ayuda de la agencia puede contar con un <strong>buen dise\u00f1o y buenas estrategias de marketing digital para potenciar el negocio<\/strong>. Igualmente, se especializan en <a href='https:\/\/diseno20.appyweb.es\/diseno-landing-page\/'>dise\u00f1ar p\u00e1ginas<\/a> de aterrizaje para el posicionamiento SEO y SEM.<\/p>\n<\/p>\n<\/p>\n<p>Tambi\u00e9n participan en la formaci\u00f3n de la imagen corporativa, en la creaci\u00f3n del logotipo, el estilo digital y hasta en el dise\u00f1o de las estrategias de comunicaci\u00f3n con el cliente.<\/p>\n<\/p>\n<p>\"}},\n{\"@type\":\"Question\",\"name\":\"Servicios de BlackBeast\",\"acceptedAnswer\":{\"@type\":\"Answer\",\"text\":\"<\/p>\n<\/p>\n<p>Esta agencia es una de las m\u00e1s populares en el sector porque no solo ofrecen sus servicios en Madrid, sino tambi\u00e9n en el resto del territorio Espa\u00f1ol. <br \/>Igualmente, <strong>cuentan con una red de trabajadores multiling\u00fces<\/strong> capaces de afrontar los retos comerciales en cualquier parte del mundo. <br \/>Aunque son muy <a href='https:\/\/diseno20.appyweb.es\/diseno-web\/'>reconocidos por su dise\u00f1o web<\/a>, tambi\u00e9n cuentan con estos otros servicios.<\/p>\n<\/p>\n<\/p>\n<ul>\n<\/p>\n<li>Posicionamiento SEO.<\/li>\n<\/p>\n<li>Publicidad Online.<\/li>\n<\/p>\n<li>Dise\u00f1o gr\u00e1fico.<\/li>\n<\/p>\n<li>Social Media.<\/li>\n<\/p>\n<li>Inbound marketing.<\/li>\n<\/ul>\n<p>\"}}\n]}<\/script><\/p>\n<p>&nbsp;<\/p>\n<h2><span id=\"%F0%9F%93%8C_Mas_informacion_sobre_BlackBeast\" class=\"ez-toc-section\"><\/span>M\u00e1s informaci\u00f3n sobre BlackBeast<\/h2>\n<ul>\n<li><a href=\"https:\/\/www.topagencias.es\/a\/blackbeast\/\" rel=\"nofollow noopener\" target=\"_blank\">BlackBeast \u2013 Opiniones y Servicios<\/a>.<\/li>\n<\/ul>\n<p>&nbsp;<\/p>\n","protected":false},"excerpt":{"rendered":"<p>En ocasiones puede ser dif\u00edcil llevar una estrategia de marketing digital por tu cuenta, tienes que establecer estrategias para\u00a0el posicionamiento SEO, coordinar tus campa\u00f1as SEM, el dise\u00f1o web de tu sitio y gestionar las redes sociales. Por suerte, puedes optar por\u00a0contratar agencias de marketing digital como BlackBeast, te ayudar\u00e1n con cada aspecto de tu negocio [&hellip;]<\/p>\n","protected":false},"author":1,"featured_media":10286,"parent":0,"menu_order":0,"comment_status":"closed","ping_status":"closed","template":"","meta":{"inline_featured_image":false,"footnotes":""},"class_list":["post-259","page","type-page","status-publish","has-post-thumbnail","hentry"],"_links":{"self":[{"href":"https:\/\/www.appyweb.es\/diccionario\/wp-json\/wp\/v2\/pages\/259","targetHints":{"allow":["GET"]}}],"collection":[{"href":"https:\/\/www.appyweb.es\/diccionario\/wp-json\/wp\/v2\/pages"}],"about":[{"href":"https:\/\/www.appyweb.es\/diccionario\/wp-json\/wp\/v2\/types\/page"}],"author":[{"embeddable":true,"href":"https:\/\/www.appyweb.es\/diccionario\/wp-json\/wp\/v2\/users\/1"}],"replies":[{"embeddable":true,"href":"https:\/\/www.appyweb.es\/diccionario\/wp-json\/wp\/v2\/comments?post=259"}],"version-history":[{"count":7,"href":"https:\/\/www.appyweb.es\/diccionario\/wp-json\/wp\/v2\/pages\/259\/revisions"}],"predecessor-version":[{"id":11346,"href":"https:\/\/www.appyweb.es\/diccionario\/wp-json\/wp\/v2\/pages\/259\/revisions\/11346"}],"wp:featuredmedia":[{"embeddable":true,"href":"https:\/\/www.appyweb.es\/diccionario\/wp-json\/wp\/v2\/media\/10286"}],"wp:attachment":[{"href":"https:\/\/www.appyweb.es\/diccionario\/wp-json\/wp\/v2\/media?parent=259"}],"curies":[{"name":"wp","href":"https:\/\/api.w.org\/{rel}","templated":true}]}}