{"id":2595,"date":"2023-06-22T09:26:01","date_gmt":"2023-06-22T09:26:01","guid":{"rendered":"https:\/\/www.appyweb.es\/diccionario\/?page_id=2595"},"modified":"2024-04-24T11:07:30","modified_gmt":"2024-04-24T11:07:30","slug":"ley-proteccion-datos","status":"publish","type":"page","link":"https:\/\/www.appyweb.es\/diccionario\/ley-proteccion-datos\/","title":{"rendered":"Ley de Protecci\u00f3n de datos"},"content":{"rendered":"<figure id=\"attachment_15580\" aria-describedby=\"caption-attachment-15580\" style=\"width: 1000px\" class=\"wp-caption alignnone\"><img loading=\"lazy\" decoding=\"async\" class=\"size-full wp-image-15580\" src=\"https:\/\/www.appyweb.es\/diccionario\/wp-content\/uploads\/2024\/04\/LeydeProtecciondedatos.jpg\" alt=\"Ley de Protecci\u00f3n de datos\" width=\"1000\" height=\"600\" srcset=\"https:\/\/www.appyweb.es\/diccionario\/wp-content\/uploads\/2024\/04\/LeydeProtecciondedatos.jpg 1000w, https:\/\/www.appyweb.es\/diccionario\/wp-content\/uploads\/2024\/04\/LeydeProtecciondedatos-300x180.jpg 300w, https:\/\/www.appyweb.es\/diccionario\/wp-content\/uploads\/2024\/04\/LeydeProtecciondedatos-768x461.jpg 768w\" sizes=\"auto, (max-width: 1000px) 100vw, 1000px\" \/><figcaption id=\"caption-attachment-15580\" class=\"wp-caption-text\">Persona senada en una nube con un candado significando proteccion.<\/figcaption><\/figure>\n<p>Internet es una herramienta incre\u00edble, permite la comunicaci\u00f3n, la interacci\u00f3n, el almacenamiento, la b\u00fasqueda de informaci\u00f3n y otras infinitas acciones. Pero, as\u00ed como beneficia a sus usuarios, tambi\u00e9n puede perjudicarlos, sobre todo en lo que es m\u00e1s importante para su identidad digital y privacidad: su informaci\u00f3n personal. Es por esto que <strong>existen las leyes de protecci\u00f3n de datos<\/strong>.<\/p>\n<h2>\u00bfQu\u00e9 es?<\/h2>\n<p>Son un conjunto de tratamientos y condiciones avaladas por distintos organismos, <strong>para la protecci\u00f3n de los datos de los usuarios en Internet<\/strong>. Por ejemplo, cada pa\u00eds puede regirse por un c\u00f3digo legal propio en este aspecto, se\u00f1alando las condiciones y consecuencias para el tratamiento de dicha informaci\u00f3n. Una de las m\u00e1s importantes es el recurso de la Uni\u00f3n Europea, tambi\u00e9n conocido como <em>Reglamento General de Protecci\u00f3n de Datos (GDPR)<\/em>.<\/p>\n<p>\u00c9ste indica una lista se seguimientos para que las empresas en Europa asuman la responsabilidad del tratamiento de la informaci\u00f3n, de esta forma, no pueden acceder a la informaci\u00f3n personal del cliente, a un seguimiento de su navegaci\u00f3n o <a href=\"https:\/\/www.appyweb.es\/conversion-web\/\">una conversi\u00f3n web<\/a> sin su debido permiso expl\u00edcito.<\/p>\n<h2>\u00bfPara qu\u00e9 sirve?<\/h2>\n<p>Su principal funci\u00f3n es proteger a aquellos usuarios que suministran informaci\u00f3n personal, <strong>ya que la principal propuesta es resguardar la identidad de las personas<\/strong>, para que ning\u00fan atacante o terceros mal intencionados puedan conseguirlos con facilidad.<\/p>\n<p>De esta ley est\u00e1n exentas aquellas personas que por ejemplo tengan sospechas de presentar lazos terroristas o la informaci\u00f3n que es subministrada para cualquier tipo de canal poco confiable. Tampoco aplica para aquellas personas que pertenezcan a la delincuencia organizada.<\/p>\n<h2>\u00bfPor qu\u00e9 es necesaria una ley de protecci\u00f3n de datos?<\/h2>\n<p>Con el auge de la globalizaci\u00f3n, el avance de las herramientas automatizadas de conversi\u00f3n y de las metodolog\u00edas de marketing de personalizaci\u00f3n, las empresas est\u00e1n cada vez m\u00e1s conscientes que mientras mejor conozcan a los usuarios, m\u00e1s f\u00e1cil ser\u00e1 convertirlos en clientes. Y esto est\u00e1, bien, <a href=\"https:\/\/www.appyweb.es\/embudo-ventas-e-commerce\/\">estrategias como el embudo de ventas<\/a> se centran en el usuario y no en lo que venden.<\/p>\n<p>Pero, esas estrategias <strong>requieren de la recopilaci\u00f3n de la informaci\u00f3n de dichos usuarios<\/strong>, sus nombres, direcci\u00f3n de email y otros personales entrar\u00e1n a algo que se denomina <em>base de datos<\/em>. Lamentablemente, las bases se han comercializado a terceros, por ejemplo, personas que quieren enviar publicidad (spam), robo de identidad digital (bots) y otros ataques m\u00e1s peligrosos.<\/p>\n<p>Para evitar que las empresas (o propietarios de sitios web de poca confianza) realizaran estas acciones se cre\u00f3 la ley de protecci\u00f3n de datos. Actualmente, <strong>la GDPR sanciona a las empresas que transfieren sus bases de usuarios <\/strong>o no solicitan el permiso de los usuarios para hacerlo, entre otras especificaciones.<\/p>\n<h2>\u00bfC\u00f3mo asegurarse de seguir la ley?<\/h2>\n<p>Existe una estructura denominada <em>delegado de protecci\u00f3n de datos<\/em>. \u00c9ste es necesario en cualquier tipo de empresa, para poder asegurar que se est\u00e1n resguardando la informaci\u00f3n seg\u00fan indica la ley.<\/p>\n<p>Esta persona debe ser alguien con conocimientos en derecho, bien sea jur\u00eddica o natural. Debido a esto, no es necesario que la persona se encuentre certificada. Sin embargo, si debe estar capacitada para saber abordar las diferentes situaciones que se <strong>puedan presentar con respecto al tratamiento de las bases de usuarios<\/strong>.<\/p>\n<p><script type=\"application\/ld+json\">{\"@context\":\"https:\/\/schema.org\",\"@type\":\"FAQPage\",\"mainEntity\":[ \n{\"@type\":\"Question\",\"name\":\"\u00bfQu\u00e9 es?\",\"acceptedAnswer\":{\"@type\":\"Answer\",\"text\":\"<\/p>\n<p>Son un conjunto de tratamientos y condiciones avaladas por distintos organismos, <strong>para la protecci\u00f3n de los datos de los usuarios en Internet<\/strong>. Por ejemplo, cada pa\u00eds puede regirse por un c\u00f3digo legal propio en este aspecto, se\u00f1alando las condiciones y consecuencias para el tratamiento de dicha informaci\u00f3n. Una de las m\u00e1s importantes es el recurso de la Uni\u00f3n Europea, tambi\u00e9n conocido como <em>Reglamento General de Protecci\u00f3n de Datos (GDPR)<\/em>.<\/p>\n<p>\u00c9ste indica una lista se seguimientos para que las empresas en Europa asuman la responsabilidad del tratamiento de la informaci\u00f3n, de esta forma, no pueden acceder a la informaci\u00f3n personal del cliente, a un seguimiento de su navegaci\u00f3n o <a href='https:\/\/www.appyweb.es\/conversion-web\/'>una conversi\u00f3n web<\/a> sin su debido permiso expl\u00edcito.<\/p>\n<p>\"}},\n{\"@type\":\"Question\",\"name\":\"\u00bfPara qu\u00e9 sirve?\",\"acceptedAnswer\":{\"@type\":\"Answer\",\"text\":\"<\/p>\n<p>Su principal funci\u00f3n es proteger a aquellos usuarios que suministran informaci\u00f3n personal, <strong>ya que la principal propuesta es resguardar la identidad de las personas<\/strong>, para que ning\u00fan atacante o terceros mal intencionados puedan conseguirlos con facilidad.<\/p>\n<p>De esta ley est\u00e1n exentas aquellas personas que por ejemplo tengan sospechas de presentar lazos terroristas o la informaci\u00f3n que es subministrada para cualquier tipo de canal poco confiable. Tampoco aplica para aquellas personas que pertenezcan a la delincuencia organizada.<\/p>\n<p>\"}},\n{\"@type\":\"Question\",\"name\":\"\u00bfPor qu\u00e9 es necesaria una ley de protecci\u00f3n de datos?\",\"acceptedAnswer\":{\"@type\":\"Answer\",\"text\":\"<\/p>\n<p>Con el auge de la globalizaci\u00f3n, el avance de las herramientas automatizadas de conversi\u00f3n y de las metodolog\u00edas de marketing de personalizaci\u00f3n, las empresas est\u00e1n cada vez m\u00e1s conscientes que mientras mejor conozcan a los usuarios, m\u00e1s f\u00e1cil ser\u00e1 convertirlos en clientes. Y esto est\u00e1, bien, <a href='https:\/\/www.appyweb.es\/embudo-ventas-e-commerce\/'>estrategias como el embudo de ventas<\/a> se centran en el usuario y no en lo que venden.<\/p>\n<p>Pero, esas estrategias <strong>requieren de la recopilaci\u00f3n de la informaci\u00f3n de dichos usuarios<\/strong>, sus nombres, direcci\u00f3n de email y otros personales entrar\u00e1n a algo que se denomina <em>base de datos<\/em>. Lamentablemente, las bases se han comercializado a terceros, por ejemplo, personas que quieren enviar publicidad (spam), robo de identidad digital (bots) y otros ataques m\u00e1s peligrosos.<\/p>\n<p>Para evitar que las empresas (o propietarios de sitios web de poca confianza) realizaran estas acciones se cre\u00f3 la ley de protecci\u00f3n de datos. Actualmente, <strong>la GDPR sanciona a las empresas que transfieren sus bases de usuarios <\/strong>o no solicitan el permiso de los usuarios para hacerlo, entre otras especificaciones.<\/p>\n<p>\"}},\n{\"@type\":\"Question\",\"name\":\"\u00bfC\u00f3mo asegurarse de seguir la ley?\",\"acceptedAnswer\":{\"@type\":\"Answer\",\"text\":\"<\/p>\n<p>Existe una estructura denominada <em>delegado de protecci\u00f3n de datos<\/em>. \u00c9ste es necesario en cualquier tipo de empresa, para poder asegurar que se est\u00e1n resguardando la informaci\u00f3n seg\u00fan indica la ley.<\/p>\n<p>Esta persona debe ser alguien con conocimientos en derecho, bien sea jur\u00eddica o natural. Debido a esto, no es necesario que la persona se encuentre certificada. Sin embargo, si debe estar capacitada para saber abordar las diferentes situaciones que se <strong>puedan presentar con respecto al tratamiento de las bases de usuarios<\/strong>.<\/p>\n<p>\"}}\n]}<\/script><\/p>\n<h2>M\u00e1s informaci\u00f3n sobre ley de protecci\u00f3n de datos<\/h2>\n<p>Si tienes pensado tener un sitio web o recurso digital en Europa, debes seguir esta ley estrictamente, las sanciones pueden ser duras y de no hacerlo es posible que entren en las \u00ablistas negras\u00bb (blacklists) de los servicios de env\u00edos y otras herramientas. Aqu\u00ed tienes m\u00e1s informaci\u00f3n.<\/p>\n<ul>\n<li><a href=\"https:\/\/www.appyweb.es\/diccionario\/blacklists\/\">\u00bfQu\u00e9 son Blacklists y para qu\u00e9 sirven?<\/a><\/li>\n<li><a href=\"https:\/\/es.wikipedia.org\/wiki\/Reglamento_General_de_Protecci%C3%B3n_de_Datos#:~:text=El%20Reglamento%20General%20de%20Protecci%C3%B3n,libre%20circulaci%C3%B3n%20de%20estos%20datos.&amp;text=Las%20multas%20por%20el%20no,los%2020%20millones%20de%20euros.\" rel=\"nofollow noopener\" target=\"_blank\">Reglamento General de Protecci\u00f3n de Datos<\/a><\/li>\n<\/ul>\n<p>&nbsp;<\/p>\n","protected":false},"excerpt":{"rendered":"<p>Internet es una herramienta incre\u00edble, permite la comunicaci\u00f3n, la interacci\u00f3n, el almacenamiento, la b\u00fasqueda de informaci\u00f3n y otras infinitas acciones. Pero, as\u00ed como beneficia a sus usuarios, tambi\u00e9n puede perjudicarlos, sobre todo en lo que es m\u00e1s importante para su identidad digital y privacidad: su informaci\u00f3n personal. Es por esto que existen las leyes de [&hellip;]<\/p>\n","protected":false},"author":1,"featured_media":15580,"parent":0,"menu_order":0,"comment_status":"closed","ping_status":"closed","template":"","meta":{"inline_featured_image":false,"footnotes":""},"class_list":["post-2595","page","type-page","status-publish","has-post-thumbnail","hentry"],"_links":{"self":[{"href":"https:\/\/www.appyweb.es\/diccionario\/wp-json\/wp\/v2\/pages\/2595","targetHints":{"allow":["GET"]}}],"collection":[{"href":"https:\/\/www.appyweb.es\/diccionario\/wp-json\/wp\/v2\/pages"}],"about":[{"href":"https:\/\/www.appyweb.es\/diccionario\/wp-json\/wp\/v2\/types\/page"}],"author":[{"embeddable":true,"href":"https:\/\/www.appyweb.es\/diccionario\/wp-json\/wp\/v2\/users\/1"}],"replies":[{"embeddable":true,"href":"https:\/\/www.appyweb.es\/diccionario\/wp-json\/wp\/v2\/comments?post=2595"}],"version-history":[{"count":5,"href":"https:\/\/www.appyweb.es\/diccionario\/wp-json\/wp\/v2\/pages\/2595\/revisions"}],"predecessor-version":[{"id":15582,"href":"https:\/\/www.appyweb.es\/diccionario\/wp-json\/wp\/v2\/pages\/2595\/revisions\/15582"}],"wp:featuredmedia":[{"embeddable":true,"href":"https:\/\/www.appyweb.es\/diccionario\/wp-json\/wp\/v2\/media\/15580"}],"wp:attachment":[{"href":"https:\/\/www.appyweb.es\/diccionario\/wp-json\/wp\/v2\/media?parent=2595"}],"curies":[{"name":"wp","href":"https:\/\/api.w.org\/{rel}","templated":true}]}}