{"id":2604,"date":"2023-06-22T09:32:29","date_gmt":"2023-06-22T09:32:29","guid":{"rendered":"https:\/\/www.appyweb.es\/diccionario\/?page_id=2604"},"modified":"2024-04-24T11:21:05","modified_gmt":"2024-04-24T11:21:05","slug":"lifetime-value-ltv","status":"publish","type":"page","link":"https:\/\/www.appyweb.es\/diccionario\/lifetime-value-ltv\/","title":{"rendered":"Lifetime Value o LTV"},"content":{"rendered":"<figure id=\"attachment_15584\" aria-describedby=\"caption-attachment-15584\" style=\"width: 1000px\" class=\"wp-caption alignnone\"><img loading=\"lazy\" decoding=\"async\" class=\"size-full wp-image-15584\" src=\"https:\/\/www.appyweb.es\/diccionario\/wp-content\/uploads\/2024\/04\/LTV.jpg\" alt=\"Lifetime Value o LTV\" width=\"1000\" height=\"600\" srcset=\"https:\/\/www.appyweb.es\/diccionario\/wp-content\/uploads\/2024\/04\/LTV.jpg 1000w, https:\/\/www.appyweb.es\/diccionario\/wp-content\/uploads\/2024\/04\/LTV-300x180.jpg 300w, https:\/\/www.appyweb.es\/diccionario\/wp-content\/uploads\/2024\/04\/LTV-768x461.jpg 768w\" sizes=\"auto, (max-width: 1000px) 100vw, 1000px\" \/><figcaption id=\"caption-attachment-15584\" class=\"wp-caption-text\">Persona dentro de un reloj de arena mientras cae dinero.<\/figcaption><\/figure>\n<p>Lifetime Value o LTV es un concepto que se utiliza en el marketing <strong>para definir el valor de tiempo de vida del cliente<\/strong>, es decir, la relaci\u00f3n que tendr\u00e1 el cliente con la empresa a largo plazo. Con esto, se asume que, incluso si el usuario compra a la competencia, hay una probabilidad de que regrese a comprar en alg\u00fan momento.<\/p>\n<h2>\u00bfQu\u00e9 es LTV?<\/h2>\n<p>Este t\u00e9rmino hace referencia <strong>al valor neto de ingresos que puede generar un cliente<\/strong>, durante el tiempo que se mantiene como un cliente de la empresa o la duraci\u00f3n de fidelidad <a href=\"https:\/\/www.appyweb.es\/embudo-ventas-e-commerce\/\">en el embudo de ventas<\/a>. Ya que, por ejemplo, cuando se venden diferentes productos, si uno es bueno, la persona se sentir\u00e1 motivada a adquirir m\u00e1s.<\/p>\n<p>Este c\u00e1lculo se realiza como un estimado, ya que es incierto saber <strong>cu\u00e1nto tiempo puede durar un cliente fiel a la empresa<\/strong>. Ya que son muchos los factores que influyen en este aspecto, como el presupuesto a largo plazo del cliente, su cambio de perspectiva, la aparici\u00f3n de nuevas necesidades, entre otras.<\/p>\n<h2>\u00bfPara qu\u00e9 sirve?<\/h2>\n<p>Cuando se va a realizar una venta por primera vez, este proceso puede ser un poco complejo. Ya que <strong>el cliente no suele sentirse seguro sobre la marca<\/strong> y no quiere sentir que pierde su dinero. Por lo cual muchas veces resulta un trabajo un poco complicado.<\/p>\n<p>Cuando la persona ya ha adquirido el producto, existen dos opciones las cuales est\u00e1n claramente definidas. Si el mismo es de mala calidad o tiene una mala experiencia, no volver\u00e1 a comprar con dicha empresa aunque se trate de otro art\u00edculo.<\/p>\n<p>Mientras que si la compra es sin contratiempos y el producto se adapta a las necesidades requeridas, la persona se sentir\u00e1 en confianza para realizar posteriormente m\u00e1s compras. Por lo cual, para un cliente que ya compro, es m\u00e1s f\u00e1cil hacer que vuelva a comprar.<\/p>\n<h2>\u00bfC\u00f3mo se calcula?<\/h2>\n<p>Esto se puede hacer a trav\u00e9s de diferentes f\u00f3rmulas, <strong>lo cual generara un valor estimado ya que posee variables<\/strong>, las cuales no se pueden controlar de ninguna forma. Como el tiempo que un cliente comprara productos de la misma empresa.<\/p>\n<p>Para esto se puede realizar un estimado. Sin embargo, siempre ser\u00e1 un valor que no ser\u00e1 concreto. La f\u00f3rmula m\u00e1s sencilla que se puede emplear para realizar este c\u00e1lculo es: LTV= gasto medio x recurrencia de adquisici\u00f3n x vida del cliente.<\/p>\n<p><script type=\"application\/ld+json\">{\"@context\":\"https:\/\/schema.org\",\"@type\":\"FAQPage\",\"mainEntity\":[ \n{\"@type\":\"Question\",\"name\":\"\u00bfQu\u00e9 es LTV?\",\"acceptedAnswer\":{\"@type\":\"Answer\",\"text\":\"<\/p>\n<p>Este t\u00e9rmino hace referencia <strong>al valor neto de ingresos que puede generar un cliente<\/strong>, durante el tiempo que se mantiene como un cliente de la empresa o la duraci\u00f3n de fidelidad <a href='https:\/\/www.appyweb.es\/embudo-ventas-e-commerce\/'>en el embudo de ventas<\/a>. Ya que, por ejemplo, cuando se venden diferentes productos, si uno es bueno, la persona se sentir\u00e1 motivada a adquirir m\u00e1s.<\/p>\n<p>Este c\u00e1lculo se realiza como un estimado, ya que es incierto saber <strong>cu\u00e1nto tiempo puede durar un cliente fiel a la empresa<\/strong>. Ya que son muchos los factores que influyen en este aspecto, como el presupuesto a largo plazo del cliente, su cambio de perspectiva, la aparici\u00f3n de nuevas necesidades, entre otras.<\/p>\n<p>\"}},\n{\"@type\":\"Question\",\"name\":\"\u00bfPara qu\u00e9 sirve?\",\"acceptedAnswer\":{\"@type\":\"Answer\",\"text\":\"<\/p>\n<p>Cuando se va a realizar una venta por primera vez, este proceso puede ser un poco complejo. Ya que <strong>el cliente no suele sentirse seguro sobre la marca<\/strong> y no quiere sentir que pierde su dinero. Por lo cual muchas veces resulta un trabajo un poco complicado.<\/p>\n<p>Cuando la persona ya ha adquirido el producto, existen dos opciones las cuales est\u00e1n claramente definidas. Si el mismo es de mala calidad o tiene una mala experiencia, no volver\u00e1 a comprar con dicha empresa aunque se trate de otro art\u00edculo.<\/p>\n<p>Mientras que si la compra es sin contratiempos y el producto se adapta a las necesidades requeridas, la persona se sentir\u00e1 en confianza para realizar posteriormente m\u00e1s compras. Por lo cual, para un cliente que ya compro, es m\u00e1s f\u00e1cil hacer que vuelva a comprar.<\/p>\n<p>\"}},\n{\"@type\":\"Question\",\"name\":\"\u00bfC\u00f3mo se calcula?\",\"acceptedAnswer\":{\"@type\":\"Answer\",\"text\":\"<\/p>\n<p>Esto se puede hacer a trav\u00e9s de diferentes f\u00f3rmulas, <strong>lo cual generara un valor estimado ya que posee variables<\/strong>, las cuales no se pueden controlar de ninguna forma. Como el tiempo que un cliente comprara productos de la misma empresa.<\/p>\n<p>Para esto se puede realizar un estimado. Sin embargo, siempre ser\u00e1 un valor que no ser\u00e1 concreto. La f\u00f3rmula m\u00e1s sencilla que se puede emplear para realizar este c\u00e1lculo es: LTV= gasto medio x recurrencia de adquisici\u00f3n x vida del cliente.<\/p>\n<p>\"}}\n]}<\/script><\/p>\n<h2>M\u00e1s informaci\u00f3n sobre Lifetime Value<\/h2>\n<p>Puede ser un poco dif\u00edcil de <strong>entender c\u00f3mo funciona el LTV<\/strong>, pero es una forma para tratar de conocer cu\u00e1l ser\u00e1 la medida de los ingresos a futuro. Mira estos enlaces para conocer m\u00e1s.<\/p>\n<ul>\n<li><a href=\"https:\/\/www.appyweb.es\/diccionario\/coste-adquisicion-cliente-cac\/\"> \u00bfQu\u00e9 es el Coste de adquisici\u00f3n de cliente o CAC?<\/a><\/li>\n<li><a href=\"https:\/\/rockcontent.com\/es\/blog\/lifetime-value\/\" rel=\"nofollow noopener\" target=\"_blank\">Lifetime Value: c\u00f3mo calcular el ciclo de vida de tus clientes<\/a><\/li>\n<\/ul>\n<p>&nbsp;<\/p>\n","protected":false},"excerpt":{"rendered":"<p>Lifetime Value o LTV es un concepto que se utiliza en el marketing para definir el valor de tiempo de vida del cliente, es decir, la relaci\u00f3n que tendr\u00e1 el cliente con la empresa a largo plazo. Con esto, se asume que, incluso si el usuario compra a la competencia, hay una probabilidad de que [&hellip;]<\/p>\n","protected":false},"author":1,"featured_media":15584,"parent":0,"menu_order":0,"comment_status":"closed","ping_status":"closed","template":"","meta":{"inline_featured_image":false,"footnotes":""},"class_list":["post-2604","page","type-page","status-publish","has-post-thumbnail","hentry"],"_links":{"self":[{"href":"https:\/\/www.appyweb.es\/diccionario\/wp-json\/wp\/v2\/pages\/2604","targetHints":{"allow":["GET"]}}],"collection":[{"href":"https:\/\/www.appyweb.es\/diccionario\/wp-json\/wp\/v2\/pages"}],"about":[{"href":"https:\/\/www.appyweb.es\/diccionario\/wp-json\/wp\/v2\/types\/page"}],"author":[{"embeddable":true,"href":"https:\/\/www.appyweb.es\/diccionario\/wp-json\/wp\/v2\/users\/1"}],"replies":[{"embeddable":true,"href":"https:\/\/www.appyweb.es\/diccionario\/wp-json\/wp\/v2\/comments?post=2604"}],"version-history":[{"count":5,"href":"https:\/\/www.appyweb.es\/diccionario\/wp-json\/wp\/v2\/pages\/2604\/revisions"}],"predecessor-version":[{"id":15585,"href":"https:\/\/www.appyweb.es\/diccionario\/wp-json\/wp\/v2\/pages\/2604\/revisions\/15585"}],"wp:featuredmedia":[{"embeddable":true,"href":"https:\/\/www.appyweb.es\/diccionario\/wp-json\/wp\/v2\/media\/15584"}],"wp:attachment":[{"href":"https:\/\/www.appyweb.es\/diccionario\/wp-json\/wp\/v2\/media?parent=2604"}],"curies":[{"name":"wp","href":"https:\/\/api.w.org\/{rel}","templated":true}]}}