{"id":2613,"date":"2023-06-22T09:35:03","date_gmt":"2023-06-22T09:35:03","guid":{"rendered":"https:\/\/www.appyweb.es\/diccionario\/?page_id=2613"},"modified":"2024-04-24T11:32:51","modified_gmt":"2024-04-24T11:32:51","slug":"lifting-group","status":"publish","type":"page","link":"https:\/\/www.appyweb.es\/diccionario\/lifting-group\/","title":{"rendered":"Lifting Group"},"content":{"rendered":"<figure id=\"attachment_15588\" aria-describedby=\"caption-attachment-15588\" style=\"width: 1000px\" class=\"wp-caption alignnone\"><img loading=\"lazy\" decoding=\"async\" class=\"size-full wp-image-15588\" src=\"https:\/\/www.appyweb.es\/diccionario\/wp-content\/uploads\/2024\/04\/LiftingGroup.jpg\" alt=\"Lifting Group\" width=\"1000\" height=\"600\" srcset=\"https:\/\/www.appyweb.es\/diccionario\/wp-content\/uploads\/2024\/04\/LiftingGroup.jpg 1000w, https:\/\/www.appyweb.es\/diccionario\/wp-content\/uploads\/2024\/04\/LiftingGroup-300x180.jpg 300w, https:\/\/www.appyweb.es\/diccionario\/wp-content\/uploads\/2024\/04\/LiftingGroup-768x461.jpg 768w\" sizes=\"auto, (max-width: 1000px) 100vw, 1000px\" \/><figcaption id=\"caption-attachment-15588\" class=\"wp-caption-text\">Persona sentada encima de un megafono.<\/figcaption><\/figure>\n<p>Se trata de una empresa de marketing digital espa\u00f1ola, <strong>Lifting Group tambi\u00e9n concentra sus servicios en consultor\u00eda y otras ramas propias de la publicidad<\/strong> por Internet, como anal\u00edtica web, posicionamiento SEO, anuncios en redes sociales, entre otros.<\/p>\n<h2>\u00bfQu\u00e9 es?<\/h2>\n<p>Es una empresa de servicios de marketing digital, originalmente se encuentra en Espa\u00f1a, con sedes en Barcelona, Madrid y Valencia. Pero tambi\u00e9n <strong>expande sus servicios a otras ciudades europeas como Paris y Londres<\/strong>. Aunque realizan trabajos muy enfocados a los e-commerce y la <a href=\"https:\/\/www.appyweb.es\/auditoria-seo\/\">auditor\u00eda SEO<\/a>, algunos certifican que se destacan en plataformas como YouTube y LinkedIn.<\/p>\n<p>Cuenta con una experiencia de m\u00e1s de 10 a\u00f1os y tiene un equipo de profesionales que se destacan por su responsabilidad y eficiencia con la que atienden cada proyecto. Igualmente, se aseguran de contar con nuevas ideas creativas para innovar en el sector del marketing.<\/p>\n<h2>\u00bfPara qu\u00e9 sirve?<\/h2>\n<p>Su organizaci\u00f3n permite que cada proceso sea llevado por un grupo determinado, cuenta con 3 equipos en total, los cuales ser\u00e1n consultados sobre un proyecto dependiendo de las \u00e1reas que se necesiten mejorar.<\/p>\n<p>Estos equipos se encargan del <strong>marketing outsourcing, consultor\u00eda y una agencia digital<\/strong>, ya que no todos requieren el mismo abordaje de la dificultad que este presentando. Aparte, que permite que la compa\u00f1\u00eda vaya realizando sus mejoras por etapas.<\/p>\n<p>Esta gran empresa est\u00e1 constituida por profesionales de alta calidad, que no s\u00f3lo se encargan de estas tareas. Si no que la empresa tambi\u00e9n tiene extensiones, las cuales se encargan por ejemplo de producir material audiovisual de ser necesario, para sus empresas clientes.<\/p>\n<h2>\u00bfQu\u00e9 se puede obtener con estos proyectos?<\/h2>\n<p>Normalmente, las compa\u00f1\u00edas cuando recurren a este tipo de empresas debido a que no logran subsanar un problema que presentan en sus estrategias. Bien sea porque el equipo no se encuentre capacitado o <strong>simplemente porque necesitan especialistas en el tema<\/strong>.<\/p>\n<p>Esta empresa se encarga de establecer estrategias a largo plazo, las cuales se van adaptando de acuerdo a las necesidades que se presenten a lo largo del proyecto. Por lo cual existe mayor probabilidad de \u00e9xito al establecer estrategias din\u00e1micas.<\/p>\n<h2>Opiniones sobre Lifting Group<\/h2>\n<p>Tienen una buena reputaci\u00f3n, tanto en territorio espa\u00f1ol como internacionalmente, las empresas los <strong>destacan por sus estrategias de posicionamiento SEO<\/strong> que les permite mejorar su visibilidad en buscadores y en otras plataformas, como sus anuncios en Google.<\/p>\n<p>Pero eso no significa que no sea popular en sus otros servicios, de hecho, es ideal integrarlos todos para crear una estrategia exitosa.<\/p>\n<p><script type=\"application\/ld+json\">{\"@context\":\"https:\/\/schema.org\",\"@type\":\"FAQPage\",\"mainEntity\":[ \n{\"@type\":\"Question\",\"name\":\"\u00bfQu\u00e9 es?\",\"acceptedAnswer\":{\"@type\":\"Answer\",\"text\":\"<\/p>\n<p>Es una empresa de servicios de marketing digital, originalmente se encuentra en Espa\u00f1a, con sedes en Barcelona, Madrid y Valencia. Pero tambi\u00e9n <strong>expande sus servicios a otras ciudades europeas como Paris y Londres<\/strong>. Aunque realizan trabajos muy enfocados a los e-commerce y la <a href='https:\/\/www.appyweb.es\/auditoria-seo\/'>auditor\u00eda SEO<\/a>, algunos certifican que se destacan en plataformas como YouTube y LinkedIn.<\/p>\n<p>Cuenta con una experiencia de m\u00e1s de 10 a\u00f1os y tiene un equipo de profesionales que se destacan por su responsabilidad y eficiencia con la que atienden cada proyecto. Igualmente, se aseguran de contar con nuevas ideas creativas para innovar en el sector del marketing.<\/p>\n<p>\"}},\n{\"@type\":\"Question\",\"name\":\"\u00bfPara qu\u00e9 sirve?\",\"acceptedAnswer\":{\"@type\":\"Answer\",\"text\":\"<\/p>\n<p>Su organizaci\u00f3n permite que cada proceso sea llevado por un grupo determinado, cuenta con 3 equipos en total, los cuales ser\u00e1n consultados sobre un proyecto dependiendo de las \u00e1reas que se necesiten mejorar.<\/p>\n<p>Estos equipos se encargan del <strong>marketing outsourcing, consultor\u00eda y una agencia digital<\/strong>, ya que no todos requieren el mismo abordaje de la dificultad que este presentando. Aparte, que permite que la compa\u00f1\u00eda vaya realizando sus mejoras por etapas.<\/p>\n<p>Esta gran empresa est\u00e1 constituida por profesionales de alta calidad, que no s\u00f3lo se encargan de estas tareas. Si no que la empresa tambi\u00e9n tiene extensiones, las cuales se encargan por ejemplo de producir material audiovisual de ser necesario, para sus empresas clientes.<\/p>\n<p>\"}},\n{\"@type\":\"Question\",\"name\":\"\u00bfQu\u00e9 se puede obtener con estos proyectos?\",\"acceptedAnswer\":{\"@type\":\"Answer\",\"text\":\"<\/p>\n<p>Normalmente, las compa\u00f1\u00edas cuando recurren a este tipo de empresas debido a que no logran subsanar un problema que presentan en sus estrategias. Bien sea porque el equipo no se encuentre capacitado o <strong>simplemente porque necesitan especialistas en el tema<\/strong>.<\/p>\n<p>Esta empresa se encarga de establecer estrategias a largo plazo, las cuales se van adaptando de acuerdo a las necesidades que se presenten a lo largo del proyecto. Por lo cual existe mayor probabilidad de \u00e9xito al establecer estrategias din\u00e1micas.<\/p>\n<p>\"}},\n{\"@type\":\"Question\",\"name\":\"Opiniones sobre Lifting Group\",\"acceptedAnswer\":{\"@type\":\"Answer\",\"text\":\"<\/p>\n<p>Tienen una buena reputaci\u00f3n, tanto en territorio espa\u00f1ol como internacionalmente, las empresas los <strong>destacan por sus estrategias de posicionamiento SEO<\/strong> que les permite mejorar su visibilidad en buscadores y en otras plataformas, como sus anuncios en Google.<\/p>\n<p>Pero eso no significa que no sea popular en sus otros servicios, de hecho, es ideal integrarlos todos para crear una estrategia exitosa.<\/p>\n<p>\"}}\n]}<\/script><\/p>\n<h2>M\u00e1s informaci\u00f3n sobre Lifting Group<\/h2>\n<p>Sin dudas es una empresa que vale la pena conocer, especialmente si tienes algunas franquicias en otras partes de Europa, si quieres conocer m\u00e1s sobre ella, aqu\u00ed tienes un par de enlaces.<\/p>\n<ul>\n<li><a href=\"https:\/\/www.appyweb.es\/diccionario\/agencia-seo\/\">\u00bfQu\u00e9 es la Agencia SEO y para qu\u00e9 sirve?<\/a><\/li>\n<li><a href=\"https:\/\/www.liftingroup.com\/about\/\" rel=\"nofollow noopener\" target=\"_blank\">Acerca de la historia de Lifting Group<\/a><\/li>\n<\/ul>\n<p>&nbsp;<\/p>\n","protected":false},"excerpt":{"rendered":"<p>Se trata de una empresa de marketing digital espa\u00f1ola, Lifting Group tambi\u00e9n concentra sus servicios en consultor\u00eda y otras ramas propias de la publicidad por Internet, como anal\u00edtica web, posicionamiento SEO, anuncios en redes sociales, entre otros. \u00bfQu\u00e9 es? Es una empresa de servicios de marketing digital, originalmente se encuentra en Espa\u00f1a, con sedes en [&hellip;]<\/p>\n","protected":false},"author":1,"featured_media":15588,"parent":0,"menu_order":0,"comment_status":"closed","ping_status":"closed","template":"","meta":{"inline_featured_image":false,"footnotes":""},"class_list":["post-2613","page","type-page","status-publish","has-post-thumbnail","hentry"],"_links":{"self":[{"href":"https:\/\/www.appyweb.es\/diccionario\/wp-json\/wp\/v2\/pages\/2613","targetHints":{"allow":["GET"]}}],"collection":[{"href":"https:\/\/www.appyweb.es\/diccionario\/wp-json\/wp\/v2\/pages"}],"about":[{"href":"https:\/\/www.appyweb.es\/diccionario\/wp-json\/wp\/v2\/types\/page"}],"author":[{"embeddable":true,"href":"https:\/\/www.appyweb.es\/diccionario\/wp-json\/wp\/v2\/users\/1"}],"replies":[{"embeddable":true,"href":"https:\/\/www.appyweb.es\/diccionario\/wp-json\/wp\/v2\/comments?post=2613"}],"version-history":[{"count":5,"href":"https:\/\/www.appyweb.es\/diccionario\/wp-json\/wp\/v2\/pages\/2613\/revisions"}],"predecessor-version":[{"id":15591,"href":"https:\/\/www.appyweb.es\/diccionario\/wp-json\/wp\/v2\/pages\/2613\/revisions\/15591"}],"wp:featuredmedia":[{"embeddable":true,"href":"https:\/\/www.appyweb.es\/diccionario\/wp-json\/wp\/v2\/media\/15588"}],"wp:attachment":[{"href":"https:\/\/www.appyweb.es\/diccionario\/wp-json\/wp\/v2\/media?parent=2613"}],"curies":[{"name":"wp","href":"https:\/\/api.w.org\/{rel}","templated":true}]}}