{"id":2621,"date":"2023-06-22T09:37:49","date_gmt":"2023-06-22T09:37:49","guid":{"rendered":"https:\/\/www.appyweb.es\/diccionario\/?page_id=2621"},"modified":"2024-04-24T11:37:21","modified_gmt":"2024-04-24T11:37:21","slug":"link-baiting","status":"publish","type":"page","link":"https:\/\/www.appyweb.es\/diccionario\/link-baiting\/","title":{"rendered":"Link Baiting"},"content":{"rendered":"<figure id=\"attachment_15593\" aria-describedby=\"caption-attachment-15593\" style=\"width: 1000px\" class=\"wp-caption alignnone\"><img loading=\"lazy\" decoding=\"async\" class=\"size-full wp-image-15593\" src=\"https:\/\/www.appyweb.es\/diccionario\/wp-content\/uploads\/2024\/04\/LinkBaiting.jpg\" alt=\"Link Baiting\" width=\"1000\" height=\"600\" srcset=\"https:\/\/www.appyweb.es\/diccionario\/wp-content\/uploads\/2024\/04\/LinkBaiting.jpg 1000w, https:\/\/www.appyweb.es\/diccionario\/wp-content\/uploads\/2024\/04\/LinkBaiting-300x180.jpg 300w, https:\/\/www.appyweb.es\/diccionario\/wp-content\/uploads\/2024\/04\/LinkBaiting-768x461.jpg 768w\" sizes=\"auto, (max-width: 1000px) 100vw, 1000px\" \/><figcaption id=\"caption-attachment-15593\" class=\"wp-caption-text\">Pantalla de ordenador con un link a una pagina web.<\/figcaption><\/figure>\n<p>Se trata de una estrategia de marketing de contenidos que consiste en enviar usuarios hacia links externos, el <strong>link baiting puede ser beneficioso para el posicionamiento SEO<\/strong>, pero tambi\u00e9n puede ser negativo si se llega a exagerar demasiado la estrategia solo para obtener m\u00e1s clics.<\/p>\n<h2>\u00bfQu\u00e9 es el link baiting?<\/h2>\n<p>Originalmente, el link baiting tiene la finalidad de hacer que los usuarios que tengan un sitio web se animen a <strong>crear un enlace hacia un contenido de otro sitio web.<\/strong> De esta forma, es necesario que se repita el proceso con otros usuarios, de forma que el contenido est\u00e9 disponible en diferentes plataformas.<\/p>\n<p>Esta t\u00e9cnica tiene objetivos beneficiosos para ambas partes, por ejemplo, si Appyweb genera un contenido, como una infograf\u00eda y facilita un enlace para que los usuarios que la necesiten puedan pegarla en sus propios sitios web, <strong>tendr\u00e1 la ventaja de obtener m\u00e1s tr\u00e1fico y visibilidad<\/strong>.<\/p>\n<p>Mientras que esos usuarios tendr\u00e1n la ventaja de obtener mejor posicionamiento porque ese enlace externo es de un sitio web de autoridad (es decir, que es bien valorado por Google y ya est\u00e1 posicionado)<\/p>\n<h2>Beneficios del link bait<\/h2>\n<ul>\n<li>El link baiting es de mucho <strong>provecho para aquellas empresas que quieren que sus p\u00e1ginas sean vistas por m\u00e1s usuarios<\/strong>.<\/li>\n<li>La informaci\u00f3n es siempre actualizada y de inter\u00e9s perpetuo, es decir, se trata de contenido evergreen.<\/li>\n<li>Genera una buena estrategia para <a href=\"https:\/\/www.appyweb.es\/link-building\/\">ambas partes en el link building<\/a>.<\/li>\n<li>Los enlaces son de alta calidad, por lo que tendr\u00e1n siempre buenos resultados.<\/li>\n<\/ul>\n<h2>\u00bfPara qu\u00e9 sirve el link baiting?<\/h2>\n<p>Esta t\u00e9cnica sirve principalmente para que se pueda crear la mayor cantidad de enlaces de manera org\u00e1nica, que lleve a la visibilidad de sitios que ofrezcan productos o servicios. Cabe destacar que es una t\u00e9cnica viral, es necesario <a href=\"https:\/\/www.appyweb.es\/marketing-de-contenidos\/\">utilizar contenido de calidad<\/a> y alusivo para que todo usuario sienta la necesidad de verlo. Debido a que llama su atenci\u00f3n y despierta la curiosidad de saber y ver lo que se muestra en los enlaces.<\/p>\n<p>Es por esa misma raz\u00f3n que algunos expertos en marketing <strong>aseguran que el link bait es una estrategia que ha perdido su objetivo<\/strong>, ya que los sitios web suelen vender los enlaces y a\u00f1aden anchor texts muy comerciales y poco org\u00e1nicos, lo que puede hacer que se genere un perfil de spam, algo muy malo para un buen posicionamiento.<\/p>\n<h2>Linkbaiting ejemplos<\/h2>\n<p>Son muchos tipos de contenidos que se pueden utilizar para esta estrategia, los m\u00e1s populares son los siguientes.<\/p>\n<ul>\n<li>Infograf\u00edas.<\/li>\n<li>V\u00eddeos.<\/li>\n<li>Noticias de actualidad.<\/li>\n<li>Resultados de encuestas o an\u00e1lisis.<\/li>\n<li>Estudios a profundidad.<\/li>\n<li>Entrevistas a expertos.<\/li>\n<li>Ejemplos.<\/li>\n<li>Experimentos.<\/li>\n<\/ul>\n<p><script type=\"application\/ld+json\">{\"@context\":\"https:\/\/schema.org\",\"@type\":\"FAQPage\",\"mainEntity\":[ \n{\"@type\":\"Question\",\"name\":\"\u00bfQu\u00e9 es el link baiting?\",\"acceptedAnswer\":{\"@type\":\"Answer\",\"text\":\"<\/p>\n<p>Originalmente, el link baiting tiene la finalidad de hacer que los usuarios que tengan un sitio web se animen a <strong>crear un enlace hacia un contenido de otro sitio web.<\/strong> De esta forma, es necesario que se repita el proceso con otros usuarios, de forma que el contenido est\u00e9 disponible en diferentes plataformas. <\/p>\n<p>Esta t\u00e9cnica tiene objetivos beneficiosos para ambas partes, por ejemplo, si Appyweb genera un contenido, como una infograf\u00eda y facilita un enlace para que los usuarios que la necesiten puedan pegarla en sus propios sitios web, <strong>tendr\u00e1 la ventaja de obtener m\u00e1s tr\u00e1fico y visibilidad<\/strong>.<\/p>\n<p>Mientras que esos usuarios tendr\u00e1n la ventaja de obtener mejor posicionamiento porque ese enlace externo es de un sitio web de autoridad (es decir, que es bien valorado por Google y ya est\u00e1 posicionado)<\/p>\n<p>\"}},\n{\"@type\":\"Question\",\"name\":\"Beneficios del link bait\",\"acceptedAnswer\":{\"@type\":\"Answer\",\"text\":\"<\/p>\n<\/p>\n<\/p>\n<\/p>\n<\/p>\n<ul>\n<\/p>\n<\/p>\n<\/p>\n<\/p>\n<li>El link baiting es de mucho <strong>provecho para aquellas empresas que quieren que sus p\u00e1ginas sean vistas por m\u00e1s usuarios<\/strong>.<\/li>\n<\/p>\n<\/p>\n<\/p>\n<\/p>\n<\/p>\n<\/p>\n<\/p>\n<li>La informaci\u00f3n es siempre actualizada y de inter\u00e9s perpetuo, es decir, se trata de contenido evergreen.<\/li>\n<\/p>\n<\/p>\n<\/p>\n<\/p>\n<\/p>\n<\/p>\n<\/p>\n<li>Genera una buena estrategia para <a href='https:\/\/www.appyweb.es\/link-building\/'>ambas partes en el link building<\/a>.<\/li>\n<\/p>\n<\/p>\n<\/p>\n<\/p>\n<\/p>\n<\/p>\n<\/p>\n<li>Los enlaces son de alta calidad, por lo que tendr\u00e1n siempre buenos resultados.<\/li>\n<\/p>\n<\/p>\n<\/p>\n<\/ul>\n<\/p>\n<\/p>\n<\/p>\n<p>\"}},\n{\"@type\":\"Question\",\"name\":\"\u00bfPara qu\u00e9 sirve el link baiting?\",\"acceptedAnswer\":{\"@type\":\"Answer\",\"text\":\"<\/p>\n<p>Esta t\u00e9cnica sirve principalmente para que se pueda crear la mayor cantidad de enlaces de manera org\u00e1nica, que lleve a la visibilidad de sitios que ofrezcan productos o servicios. Cabe destacar que es una t\u00e9cnica viral, es necesario <a href='https:\/\/www.appyweb.es\/marketing-de-contenidos\/'>utilizar contenido de calidad<\/a> y alusivo para que todo usuario sienta la necesidad de verlo. Debido a que llama su atenci\u00f3n y despierta la curiosidad de saber y ver lo que se muestra en los enlaces.<\/p>\n<p>Es por esa misma raz\u00f3n que algunos expertos en marketing <strong>aseguran que el link bait es una estrategia que ha perdido su objetivo<\/strong>, ya que los sitios web suelen vender los enlaces y a\u00f1aden anchor texts muy comerciales y poco org\u00e1nicos, lo que puede hacer que se genere un perfil de spam, algo muy malo para un buen posicionamiento.<\/p>\n<p>\"}},\n{\"@type\":\"Question\",\"name\":\"Linkbaiting ejemplos\",\"acceptedAnswer\":{\"@type\":\"Answer\",\"text\":\"<\/p>\n<p>Son muchos tipos de contenidos que se pueden utilizar para esta estrategia, los m\u00e1s populares son los siguientes.<\/p>\n<\/p>\n<\/p>\n<\/p>\n<\/p>\n<ul>\n<\/p>\n<\/p>\n<\/p>\n<\/p>\n<li>Infograf\u00edas.<\/li>\n<\/p>\n<\/p>\n<\/p>\n<\/p>\n<\/p>\n<\/p>\n<\/p>\n<li>V\u00eddeos.<\/li>\n<\/p>\n<\/p>\n<\/p>\n<\/p>\n<\/p>\n<\/p>\n<\/p>\n<li>Noticias de actualidad.<\/li>\n<\/p>\n<\/p>\n<\/p>\n<\/p>\n<\/p>\n<\/p>\n<\/p>\n<li>Resultados de encuestas o an\u00e1lisis.<\/li>\n<\/p>\n<\/p>\n<\/p>\n<\/p>\n<\/p>\n<\/p>\n<\/p>\n<li>Estudios a profundidad.<\/li>\n<\/p>\n<\/p>\n<\/p>\n<\/p>\n<\/p>\n<\/p>\n<\/p>\n<li>Entrevistas a expertos.<\/li>\n<\/p>\n<\/p>\n<\/p>\n<\/p>\n<\/p>\n<\/p>\n<\/p>\n<li>Ejemplos.<\/li>\n<\/p>\n<\/p>\n<\/p>\n<\/p>\n<\/p>\n<\/p>\n<\/p>\n<li>Experimentos.<\/li>\n<\/p>\n<\/p>\n<\/p>\n<\/ul>\n<\/p>\n<\/p>\n<\/p>\n<p>\"}}\n]}<\/script><\/p>\n<h2>M\u00e1s informaci\u00f3n sobre Link Baiting<\/h2>\n<p>Sin dudas es una estrategia genial para posicionar, pero es indispensable seguirla de forma natural, as\u00ed se pueden <strong>generar resultados m\u00e1s efectivos y a largo plazo<\/strong>. Mira estos enlaces para m\u00e1s informaci\u00f3n.<\/p>\n<ul>\n<li><a href=\"https:\/\/www.appyweb.es\/10-ejemplos-linkbuilding-posicionar-web\/\">10 ejemplos de link building para posicionar tu web<\/a><\/li>\n<li><a href=\"https:\/\/www.iebschool.com\/blog\/linkbaiting-seo-sem\/\" rel=\"nofollow noopener\" target=\"_blank\">C\u00f3mo aplicar el linkbaiting a tu web<\/a><\/li>\n<\/ul>\n<p>&nbsp;<\/p>\n","protected":false},"excerpt":{"rendered":"<p>Se trata de una estrategia de marketing de contenidos que consiste en enviar usuarios hacia links externos, el link baiting puede ser beneficioso para el posicionamiento SEO, pero tambi\u00e9n puede ser negativo si se llega a exagerar demasiado la estrategia solo para obtener m\u00e1s clics. \u00bfQu\u00e9 es el link baiting? Originalmente, el link baiting tiene [&hellip;]<\/p>\n","protected":false},"author":1,"featured_media":15593,"parent":0,"menu_order":0,"comment_status":"closed","ping_status":"closed","template":"","meta":{"inline_featured_image":false,"footnotes":""},"class_list":["post-2621","page","type-page","status-publish","has-post-thumbnail","hentry"],"_links":{"self":[{"href":"https:\/\/www.appyweb.es\/diccionario\/wp-json\/wp\/v2\/pages\/2621","targetHints":{"allow":["GET"]}}],"collection":[{"href":"https:\/\/www.appyweb.es\/diccionario\/wp-json\/wp\/v2\/pages"}],"about":[{"href":"https:\/\/www.appyweb.es\/diccionario\/wp-json\/wp\/v2\/types\/page"}],"author":[{"embeddable":true,"href":"https:\/\/www.appyweb.es\/diccionario\/wp-json\/wp\/v2\/users\/1"}],"replies":[{"embeddable":true,"href":"https:\/\/www.appyweb.es\/diccionario\/wp-json\/wp\/v2\/comments?post=2621"}],"version-history":[{"count":8,"href":"https:\/\/www.appyweb.es\/diccionario\/wp-json\/wp\/v2\/pages\/2621\/revisions"}],"predecessor-version":[{"id":15598,"href":"https:\/\/www.appyweb.es\/diccionario\/wp-json\/wp\/v2\/pages\/2621\/revisions\/15598"}],"wp:featuredmedia":[{"embeddable":true,"href":"https:\/\/www.appyweb.es\/diccionario\/wp-json\/wp\/v2\/media\/15593"}],"wp:attachment":[{"href":"https:\/\/www.appyweb.es\/diccionario\/wp-json\/wp\/v2\/media?parent=2621"}],"curies":[{"name":"wp","href":"https:\/\/api.w.org\/{rel}","templated":true}]}}