{"id":2646,"date":"2023-06-22T09:48:31","date_gmt":"2023-06-22T09:48:31","guid":{"rendered":"https:\/\/www.appyweb.es\/diccionario\/?page_id=2646"},"modified":"2024-04-24T14:41:11","modified_gmt":"2024-04-24T14:41:11","slug":"link-juice","status":"publish","type":"page","link":"https:\/\/www.appyweb.es\/diccionario\/link-juice\/","title":{"rendered":"Link Juice"},"content":{"rendered":"<figure id=\"attachment_15630\" aria-describedby=\"caption-attachment-15630\" style=\"width: 1000px\" class=\"wp-caption alignnone\"><img loading=\"lazy\" decoding=\"async\" class=\"size-full wp-image-15630\" src=\"https:\/\/www.appyweb.es\/diccionario\/wp-content\/uploads\/2024\/04\/LinkJuice.jpg\" alt=\"Link Juice\" width=\"1000\" height=\"600\" srcset=\"https:\/\/www.appyweb.es\/diccionario\/wp-content\/uploads\/2024\/04\/LinkJuice.jpg 1000w, https:\/\/www.appyweb.es\/diccionario\/wp-content\/uploads\/2024\/04\/LinkJuice-300x180.jpg 300w, https:\/\/www.appyweb.es\/diccionario\/wp-content\/uploads\/2024\/04\/LinkJuice-768x461.jpg 768w\" sizes=\"auto, (max-width: 1000px) 100vw, 1000px\" \/><figcaption id=\"caption-attachment-15630\" class=\"wp-caption-text\">Cuatro personas mirando una navegador.<\/figcaption><\/figure>\n<p>Es un t\u00e9rmino que se utiliza para definir a la autoridad de un sitio web cuando es transferida o compartida. El <strong>link juice se genera cuando un sitio web enlaza a otro<\/strong>, entonces comparte parte de su autoridad, que permitir\u00e1 al otro mejorar su posicionamiento en los buscadores.<\/p>\n<h2>\u00bfQu\u00e9 es el link juice?<\/h2>\n<p>Es un t\u00e9rmino utilizando normalmente durante <a href=\"https:\/\/www.appyweb.es\/link-building\/\">estrategias de link building<\/a> para definir el nivel de <strong>autoridad que se genera a partir de la construcci\u00f3n de esos enlaces<\/strong>, literalmente significa \u00abzumo de enlaces\u00bb. Cuando un sitio web de alta autoridad enlaza a otro, \u00e9ste \u00faltimo recibe una transferencia de autoridad, mientras que, si se trata de un sitio de baja autoridad, entonces la transferencia ser\u00e1 absorbida.<\/p>\n<p>Es por eso que cuando se trata de construir enlaces es importante analizar a profundidad el sitio web donde se enlazar\u00e1 o a enlazar, <strong>ya que el nivel de autoridad debe ser mayor en cualquier caso<\/strong>. Aun as\u00ed, la autoridad es un concepto dif\u00edcil de determinar a simple vista, sin embargo, existen varias herramientas que permiten establecerlo, teniendo en cuenta los aspectos que eval\u00faa el algoritmo.<\/p>\n<h2>\u00bfC\u00f3mo funciona?<\/h2>\n<p>Cada sitio web en Internet cuenta con una clasificaci\u00f3n seg\u00fan el Page Rank, es una tabla de aspectos y caracter\u00edsticas de Google que <strong>indicar\u00e1 el nivel de autoridad y del posicionamiento web de una p\u00e1gina<\/strong> o sitio web en general. El link juice se genera a partir de esa clasificaci\u00f3n o viceversa, ya que existen factores que influyen seg\u00fan las condiciones de dicho sitio y el enlace como tal.<\/p>\n<p>En pocas palabras, si el sitio tiene un buen Page Rank, tendr\u00e1 un buen zumo de enlaces o viseversa. En este sentido, Google tiene una clasificaci\u00f3n del 1 al 10 en el page rank, mientras m\u00e1s cerca del 10, mejor. Aunque herramientas como Moz, que eval\u00faan el nivel de autoridad, indican niveles que van desde el 1 al 100.<\/p>\n<h2>\u00bfPara qu\u00e9 sirve?<\/h2>\n<p>La funci\u00f3n principal del <strong>link juice es hacer que el sitio web enlazado empiece a tener una mayor relevancia<\/strong> en su sector. Este objetivo es muy sencillo, las personas que visitan el sitio web donde se ha enlazado deben hacer clic en dicho enlace, mientras m\u00e1s clics y visitas se generen, mayores probabilidades hay de que la autoridad aumente.<\/p>\n<p>Durante este proceso tambi\u00e9n se puede notar que existir\u00e1 un incremento del tr\u00e1fico, ya que las personas visitar\u00e1n el enlace con frecuencia desde ese sitio web, pero al mismo tiempo, el contenido en el enlace <a href=\"https:\/\/www.appyweb.es\/posicionamiento-web\/\">generar\u00e1 un mejor posicionamiento web<\/a> en los resultados de los buscadores, debido al aumento de autoridad.<\/p>\n<h2>Tipos de link juice<\/h2>\n<p>Estos se clasifican en dos clases, los externos e internos, los primeros se dan cuando los enlaces utilizados son ajenos al sitio web que enlazar\u00e1, mientras que los segundos pertenecen a la misma p\u00e1gina en cuesti\u00f3n. \u00bfCu\u00e1l de los dos es mejor? Aunque los externos ayudan a aumentar la autoridad, los internos <strong>se utilizan para equilibrar la concentraci\u00f3n del zumo en el sitio web<\/strong>.<\/p>\n<p>De esta forma, no se trata de elegir entre los dos, sino utilizarlos en conjunto. Algunos expertos indican que emplear al menos 10 enlaces internos y 2 externos en una p\u00e1gina web es ideal para generar un buen zumo de enlaces.<\/p>\n<p><script type=\"application\/ld+json\">{\"@context\":\"https:\/\/schema.org\",\"@type\":\"FAQPage\",\"mainEntity\":[ \n{\"@type\":\"Question\",\"name\":\"\u00bfQu\u00e9 es el link juice?\",\"acceptedAnswer\":{\"@type\":\"Answer\",\"text\":\"<\/p>\n<p>Es un t\u00e9rmino utilizando normalmente durante <a href='https:\/\/www.appyweb.es\/link-building\/'>estrategias de link building<\/a> para definir el nivel de <strong>autoridad que se genera a partir de la construcci\u00f3n de esos enlaces<\/strong>, literalmente significa 'zumo de enlaces'. Cuando un sitio web de alta autoridad enlaza a otro, \u00e9ste \u00faltimo recibe una transferencia de autoridad, mientras que, si se trata de un sitio de baja autoridad, entonces la transferencia ser\u00e1 absorbida.<\/p>\n<p>Es por eso que cuando se trata de construir enlaces es importante analizar a profundidad el sitio web donde se enlazar\u00e1 o a enlazar, <strong>ya que el nivel de autoridad debe ser mayor en cualquier caso<\/strong>. Aun as\u00ed, la autoridad es un concepto dif\u00edcil de determinar a simple vista, sin embargo, existen varias herramientas que permiten establecerlo, teniendo en cuenta los aspectos que eval\u00faa el algoritmo.<\/p>\n<p>\"}},\n{\"@type\":\"Question\",\"name\":\"\u00bfC\u00f3mo funciona?\",\"acceptedAnswer\":{\"@type\":\"Answer\",\"text\":\"<\/p>\n<p>Cada sitio web en Internet cuenta con una clasificaci\u00f3n seg\u00fan el Page Rank, es una tabla de aspectos y caracter\u00edsticas de Google que <strong>indicar\u00e1 el nivel de autoridad y del posicionamiento web de una p\u00e1gina<\/strong> o sitio web en general. El link juice se genera a partir de esa clasificaci\u00f3n o viceversa, ya que existen factores que influyen seg\u00fan las condiciones de dicho sitio y el enlace como tal.<\/p>\n<p>En pocas palabras, si el sitio tiene un buen Page Rank, tendr\u00e1 un buen zumo de enlaces o viseversa. En este sentido, Google tiene una clasificaci\u00f3n del 1 al 10 en el page rank, mientras m\u00e1s cerca del 10, mejor. Aunque herramientas como Moz, que eval\u00faan el nivel de autoridad, indican niveles que van desde el 1 al 100.<\/p>\n<p>\"}},\n{\"@type\":\"Question\",\"name\":\"\u00bfPara qu\u00e9 sirve?\",\"acceptedAnswer\":{\"@type\":\"Answer\",\"text\":\"<\/p>\n<p>La funci\u00f3n principal del <strong>link juice es hacer que el sitio web enlazado empiece a tener una mayor relevancia<\/strong> en su sector. Este objetivo es muy sencillo, las personas que visitan el sitio web donde se ha enlazado deben hacer clic en dicho enlace, mientras m\u00e1s clics y visitas se generen, mayores probabilidades hay de que la autoridad aumente.<\/p>\n<p>Durante este proceso tambi\u00e9n se puede notar que existir\u00e1 un incremento del tr\u00e1fico, ya que las personas visitar\u00e1n el enlace con frecuencia desde ese sitio web, pero al mismo tiempo, el contenido en el enlace <a href='https:\/\/www.appyweb.es\/posicionamiento-web\/'>generar\u00e1 un mejor posicionamiento web<\/a> en los resultados de los buscadores, debido al aumento de autoridad.<\/p>\n<p>\"}},\n{\"@type\":\"Question\",\"name\":\"Tipos de link juice\",\"acceptedAnswer\":{\"@type\":\"Answer\",\"text\":\"<\/p>\n<p>Estos se clasifican en dos clases, los externos e internos, los primeros se dan cuando los enlaces utilizados son ajenos al sitio web que enlazar\u00e1, mientras que los segundos pertenecen a la misma p\u00e1gina en cuesti\u00f3n. \u00bfCu\u00e1l de los dos es mejor? Aunque los externos ayudan a aumentar la autoridad, los internos <strong>se utilizan para equilibrar la concentraci\u00f3n del zumo en el sitio web<\/strong>.<\/p>\n<p>De esta forma, no se trata de elegir entre los dos, sino utilizarlos en conjunto. Algunos expertos indican que emplear al menos 10 enlaces internos y 2 externos en una p\u00e1gina web es ideal para generar un buen zumo de enlaces.<\/p>\n<p>\"}}\n]}<\/script><\/p>\n<h2>M\u00e1s informaci\u00f3n sobre link juice<\/h2>\n<p>\u00bfNecesitas hacer un an\u00e1lisis de los enlaces que est\u00e1s utilizando para tus estrategias? No olvides utilizar las herramientas que te ofrece Internet, Moz, Ahrefs y Link Graph pueden ayudarte en el proceso. Aprende m\u00e1s sobre esto en los siguientes enlaces.<\/p>\n<ul>\n<li><a href=\"https:\/\/www.appyweb.es\/sube-posicones-google-ahrefs\/\">Sube posiciones en Google con la ayuda de Ahrefs<\/a><\/li>\n<li><a href=\"https:\/\/marketing4ecommerce.net\/link-graph-seo-visual-backlinks\/\" rel=\"nofollow noopener\" target=\"_blank\">As\u00ed es Link Graph, una herramienta SEO visual para comprender tu estructura de backlinks<\/a><\/li>\n<\/ul>\n<p>&nbsp;<\/p>\n","protected":false},"excerpt":{"rendered":"<p>Es un t\u00e9rmino que se utiliza para definir a la autoridad de un sitio web cuando es transferida o compartida. El link juice se genera cuando un sitio web enlaza a otro, entonces comparte parte de su autoridad, que permitir\u00e1 al otro mejorar su posicionamiento en los buscadores. \u00bfQu\u00e9 es el link juice? Es un [&hellip;]<\/p>\n","protected":false},"author":1,"featured_media":15630,"parent":0,"menu_order":0,"comment_status":"closed","ping_status":"closed","template":"","meta":{"inline_featured_image":false,"footnotes":""},"class_list":["post-2646","page","type-page","status-publish","has-post-thumbnail","hentry"],"_links":{"self":[{"href":"https:\/\/www.appyweb.es\/diccionario\/wp-json\/wp\/v2\/pages\/2646","targetHints":{"allow":["GET"]}}],"collection":[{"href":"https:\/\/www.appyweb.es\/diccionario\/wp-json\/wp\/v2\/pages"}],"about":[{"href":"https:\/\/www.appyweb.es\/diccionario\/wp-json\/wp\/v2\/types\/page"}],"author":[{"embeddable":true,"href":"https:\/\/www.appyweb.es\/diccionario\/wp-json\/wp\/v2\/users\/1"}],"replies":[{"embeddable":true,"href":"https:\/\/www.appyweb.es\/diccionario\/wp-json\/wp\/v2\/comments?post=2646"}],"version-history":[{"count":5,"href":"https:\/\/www.appyweb.es\/diccionario\/wp-json\/wp\/v2\/pages\/2646\/revisions"}],"predecessor-version":[{"id":15633,"href":"https:\/\/www.appyweb.es\/diccionario\/wp-json\/wp\/v2\/pages\/2646\/revisions\/15633"}],"wp:featuredmedia":[{"embeddable":true,"href":"https:\/\/www.appyweb.es\/diccionario\/wp-json\/wp\/v2\/media\/15630"}],"wp:attachment":[{"href":"https:\/\/www.appyweb.es\/diccionario\/wp-json\/wp\/v2\/media?parent=2646"}],"curies":[{"name":"wp","href":"https:\/\/api.w.org\/{rel}","templated":true}]}}