{"id":266,"date":"2023-06-19T14:22:36","date_gmt":"2023-06-19T14:22:36","guid":{"rendered":"https:\/\/www.appyweb.es\/diccionario\/?page_id=266"},"modified":"2024-03-11T18:34:03","modified_gmt":"2024-03-11T18:34:03","slug":"blended-marketing","status":"publish","type":"page","link":"https:\/\/www.appyweb.es\/diccionario\/blended-marketing\/","title":{"rendered":"Blended Marketing"},"content":{"rendered":"<h1 class=\"entry-title main_title\"><img loading=\"lazy\" decoding=\"async\" class=\" wp-image-10292 aligncenter\" src=\"https:\/\/www.appyweb.es\/diccionario\/wp-content\/uploads\/2023\/09\/que-es-blended-marketing-300x200.jpg\" alt=\"\" width=\"1070\" height=\"713\" srcset=\"https:\/\/www.appyweb.es\/diccionario\/wp-content\/uploads\/2023\/09\/que-es-blended-marketing-300x200.jpg 300w, https:\/\/www.appyweb.es\/diccionario\/wp-content\/uploads\/2023\/09\/que-es-blended-marketing-1024x683.jpg 1024w, https:\/\/www.appyweb.es\/diccionario\/wp-content\/uploads\/2023\/09\/que-es-blended-marketing-768x512.jpg 768w, https:\/\/www.appyweb.es\/diccionario\/wp-content\/uploads\/2023\/09\/que-es-blended-marketing.jpg 1080w\" sizes=\"auto, (max-width: 1070px) 100vw, 1070px\" \/><\/h1>\n<p>La publicidad digital le ha proporcionado una ventaja inigualable a muchos negocios en la actualidad, sin embargo, olvidarse de los m\u00e9todos tradicionales no es una buena idea.<br \/>\nUna de las mejores estrategias para adelantarse al competidor y aprovechar cada oportunidad para captar clientes\u00a0<strong>es utilizar el equilibrado Blended Marketing<\/strong>, una combinaci\u00f3n perfecta entre ambas pr\u00e1cticas promocionales.<\/p>\n<h2>\u00bfQu\u00e9 es Blended Marketing?<\/h2>\n<p>Consiste en la combinaci\u00f3n de <a href=\"https:\/\/diseno20.appyweb.es\/estrategia-marketing-360\/\" rel=\"nofollow noopener\" target=\"_blank\">marketing online y el offline<\/a>, esta integraci\u00f3n <strong>permite incorporar nuevas tecnolog\u00edas en estrategias de promoci\u00f3n m\u00e1s tradicionales<\/strong>.<br \/>\nEsto garantiza una mayor interacci\u00f3n con todo tipo de clientes, tanto dentro como fuera de Internet.<\/p>\n<h2>\u00bfPara qu\u00e9 sirve Blended Marketing?<\/h2>\n<p>Una de las tantas razones de porqu\u00e9 se origin\u00f3 esta estrategia es debido a que es una herramienta perfecta para <strong>hacer la transici\u00f3n entre un negocio tradicional y uno digital<\/strong>.<br \/>\nSin embargo, ha ganado cada vez m\u00e1s popularidad debido a que puede ofrecer sensaciones m\u00e1s realistas a los consumidores.<\/p>\n<p>De esta forma, es posible conectar con los clientes de forma m\u00e1s directa sin tener que utilizar una m\u00e1quina de por medio, pero al mismo tiempo, las empresas pueden garantizar una <a href=\"https:\/\/www.appyweb.es\/diccionario\/embudo\/\">presencia digital de su embudo de ventas<\/a>, para aprovechar sus ventajas de difusi\u00f3n y conexi\u00f3n a largo plazo.<\/p>\n<h2>Elementos del Blended Marketing<\/h2>\n<p>Al igual que cualquier otra estrategia de promoci\u00f3n, \u00e9sta cuenta con una serie de pautas que deben implementarse al momento de fijar los objetivos de campa\u00f1a, son los siguientes.<\/p>\n<ul>\n<li><strong>Establecer un nicho de mercado<\/strong>: Aunque fijar un nicho de mercado espec\u00edfico puede ser dif\u00edcil cuando se trata de publicidad tradicional, es necesario comprender cu\u00e1les son los canales m\u00e1s apropiados para tener una combinaci\u00f3n perfecta entre online y offline.<\/li>\n<li><strong>Constituir un perfil de consumidor<\/strong>: Tambi\u00e9n es importante identificar cu\u00e1les son esos consumidores m\u00e1s apropiados seg\u00fan la campa\u00f1a, de forma que se pueda dirigir la estrategia hacia \u00e9l sin tener que gastar m\u00e1s del presupuesto.<\/li>\n<li><strong>Tener en cuenta las previsiones de ventas<\/strong>: Aqu\u00ed es importante apoyarse en herramientas de predicci\u00f3n online, por ejemplo los an\u00e1lisis de Big Data.<\/li>\n<li><strong>Incluir personalizaci\u00f3n<\/strong>: Es el toque final para crear una estrategia m\u00e1s que efectiva, es indispensable en los canales digitales y algo muy innovador en los <a href=\"https:\/\/diseno20.appyweb.es\/notas-de-prensa\/\" rel=\"nofollow noopener\" target=\"_blank\">canales tradicionales<\/a>.<\/li>\n<\/ul>\n<h2>Ejemplo Blended Marketing<\/h2>\n<p>Un ejemplo muy interesante es el de la campa <em>Pull Your Look<\/em> de la famosa marca de ropa Pull&amp;Bear, consist\u00eda es crear un outfit combinando piezas de su \u00faltima colecci\u00f3n.<br \/>\nLa estrategia era <strong>garantizar que los clientes compartieran sus looks en redes sociales<\/strong>, etiquetando a la marca, con la finalidad de participar por 100 euros por el mejor outfit.<\/p>\n<p>Sin duda, fue una campa\u00f1a que impuls\u00f3 una estrategia viral en redes sociales, garantizando una difusi\u00f3n de gran alcance sin siquiera invertir demasiado en ello.<br \/>\nIgualmente, el toque offline se realiz\u00f3 dentro de la misma tienda, donde les ofrecieron a sus clientes la posibilidad de realizarse la foto dentro de las instalaciones.<\/p>\n<p><script type=\"application\/ld+json\">{\"@context\":\"https:\/\/schema.org\",\"@type\":\"FAQPage\",\"mainEntity\":[ \n{\"@type\":\"Question\",\"name\":\"\u00bfQu\u00e9 es Blended Marketing?\",\"acceptedAnswer\":{\"@type\":\"Answer\",\"text\":\"<\/p>\n<\/p>\n<\/p>\n<p>Consiste en la combinaci\u00f3n de <a href='https:\/\/diseno20.appyweb.es\/estrategia-marketing-360\/'>marketing online y el offline<\/a>, esta integraci\u00f3n <strong>permite incorporar nuevas tecnolog\u00edas en estrategias de promoci\u00f3n m\u00e1s tradicionales<\/strong>. <br \/>Esto garantiza una mayor interacci\u00f3n con todo tipo de clientes, tanto dentro como fuera de Internet.<\/p>\n<\/p>\n<\/p>\n<p>\"}},\n{\"@type\":\"Question\",\"name\":\"\u00bfPara qu\u00e9 sirve Blended Marketing?\",\"acceptedAnswer\":{\"@type\":\"Answer\",\"text\":\"<\/p>\n<\/p>\n<\/p>\n<p>Una de las tantas razones de porqu\u00e9 se origin\u00f3 esta estrategia es debido a que es una herramienta perfecta para <strong>hacer la transici\u00f3n entre un negocio tradicional y uno digital<\/strong>. <br \/>Sin embargo, ha ganado cada vez m\u00e1s popularidad debido a que puede ofrecer sensaciones m\u00e1s realistas a los consumidores.<\/p>\n<\/p>\n<\/p>\n<\/p>\n<\/p>\n<p>De esta forma, es posible conectar con los clientes de forma m\u00e1s directa sin tener que utilizar una m\u00e1quina de por medio, pero al mismo tiempo, las empresas pueden garantizar una <a href='https:\/\/www.appyweb.es\/diccionario\/embudo\/'>presencia digital de su embudo de ventas<\/a>, para aprovechar sus ventajas de difusi\u00f3n y conexi\u00f3n a largo plazo.<\/p>\n<\/p>\n<\/p>\n<p>\"}},\n{\"@type\":\"Question\",\"name\":\"Elementos del Blended Marketing\",\"acceptedAnswer\":{\"@type\":\"Answer\",\"text\":\"<\/p>\n<\/p>\n<\/p>\n<p>Al igual que cualquier otra estrategia de promoci\u00f3n, \u00e9sta cuenta con una serie de pautas que deben implementarse al momento de fijar los objetivos de campa\u00f1a, son los siguientes.<\/p>\n<\/p>\n<\/p>\n<\/p>\n<\/p>\n<ul>\n<\/p>\n<\/p>\n<li><strong>Establecer un nicho de mercado<\/strong>: Aunque fijar un nicho de mercado espec\u00edfico puede ser dif\u00edcil cuando se trata de publicidad tradicional, es necesario comprender cu\u00e1les son los canales m\u00e1s apropiados para tener una combinaci\u00f3n perfecta entre online y offline.<\/li>\n<\/p>\n<\/p>\n<\/p>\n<li><strong>Constituir un perfil de consumidor<\/strong>: Tambi\u00e9n es importante identificar cu\u00e1les son esos consumidores m\u00e1s apropiados seg\u00fan la campa\u00f1a, de forma que se pueda dirigir la estrategia hacia \u00e9l sin tener que gastar m\u00e1s del presupuesto.<\/li>\n<\/p>\n<\/p>\n<\/p>\n<li><strong>Tener en cuenta las previsiones de ventas<\/strong>: Aqu\u00ed es importante apoyarse en herramientas de predicci\u00f3n online, por ejemplo los an\u00e1lisis de Big Data.<\/li>\n<\/p>\n<\/p>\n<\/p>\n<li><strong>Incluir personalizaci\u00f3n<\/strong>: Es el toque final para crear una estrategia m\u00e1s que efectiva, es indispensable en los canales digitales y algo muy innovador en los <a href='https:\/\/diseno20.appyweb.es\/notas-de-prensa\/'>canales tradicionales<\/a>.<\/li>\n<\/p>\n<\/ul>\n<\/p>\n<p>\"}},\n{\"@type\":\"Question\",\"name\":\"Ejemplo Blended Marketing\",\"acceptedAnswer\":{\"@type\":\"Answer\",\"text\":\"<\/p>\n<\/p>\n<\/p>\n<p>Un ejemplo muy interesante es el de la campa <em>Pull Your Look<\/em> de la famosa marca de ropa Pull&Bear, consist\u00eda es crear un outfit combinando piezas de su \u00faltima colecci\u00f3n. <br \/>La estrategia era <strong>garantizar que los clientes compartieran sus looks en redes sociales<\/strong>, etiquetando a la marca, con la finalidad de participar por 100 euros por el mejor outfit.<\/p>\n<\/p>\n<\/p>\n<\/p>\n<\/p>\n<p>Sin duda, fue una campa\u00f1a que impuls\u00f3 una estrategia viral en redes sociales, garantizando una difusi\u00f3n de gran alcance sin siquiera invertir demasiado en ello. <br \/>Igualmente, el toque offline se realiz\u00f3 dentro de la misma tienda, donde les ofrecieron a sus clientes la posibilidad de realizarse la foto dentro de las instalaciones.<\/p>\n<\/p>\n<\/p>\n<p>\"}}\n]}<\/script><\/p>\n<h2><span id=\"%F0%9F%93%8C_Mas_informacion_sobre_Blended_Marketing\" class=\"ez-toc-section\"><\/span>M\u00e1s informaci\u00f3n sobre Blended Marketing<\/h2>\n<ul>\n<li><a href=\"https:\/\/www.melillahoy.es\/noticia\/122263\/tecnologia\/como-crear-una-estrategia-de-blended-marketing-exitosa.html\" rel=\"nofollow noopener\" target=\"_blank\">\u00bfC\u00f3mo crear una estrategia de blended marketing exitosa?<\/a><\/li>\n<\/ul>\n<p>&nbsp;<\/p>\n","protected":false},"excerpt":{"rendered":"<p>La publicidad digital le ha proporcionado una ventaja inigualable a muchos negocios en la actualidad, sin embargo, olvidarse de los m\u00e9todos tradicionales no es una buena idea. Una de las mejores estrategias para adelantarse al competidor y aprovechar cada oportunidad para captar clientes\u00a0es utilizar el equilibrado Blended Marketing, una combinaci\u00f3n perfecta entre ambas pr\u00e1cticas promocionales. [&hellip;]<\/p>\n","protected":false},"author":1,"featured_media":10292,"parent":0,"menu_order":0,"comment_status":"closed","ping_status":"closed","template":"","meta":{"inline_featured_image":false,"footnotes":""},"class_list":["post-266","page","type-page","status-publish","has-post-thumbnail","hentry"],"_links":{"self":[{"href":"https:\/\/www.appyweb.es\/diccionario\/wp-json\/wp\/v2\/pages\/266","targetHints":{"allow":["GET"]}}],"collection":[{"href":"https:\/\/www.appyweb.es\/diccionario\/wp-json\/wp\/v2\/pages"}],"about":[{"href":"https:\/\/www.appyweb.es\/diccionario\/wp-json\/wp\/v2\/types\/page"}],"author":[{"embeddable":true,"href":"https:\/\/www.appyweb.es\/diccionario\/wp-json\/wp\/v2\/users\/1"}],"replies":[{"embeddable":true,"href":"https:\/\/www.appyweb.es\/diccionario\/wp-json\/wp\/v2\/comments?post=266"}],"version-history":[{"count":9,"href":"https:\/\/www.appyweb.es\/diccionario\/wp-json\/wp\/v2\/pages\/266\/revisions"}],"predecessor-version":[{"id":11354,"href":"https:\/\/www.appyweb.es\/diccionario\/wp-json\/wp\/v2\/pages\/266\/revisions\/11354"}],"wp:featuredmedia":[{"embeddable":true,"href":"https:\/\/www.appyweb.es\/diccionario\/wp-json\/wp\/v2\/media\/10292"}],"wp:attachment":[{"href":"https:\/\/www.appyweb.es\/diccionario\/wp-json\/wp\/v2\/media?parent=266"}],"curies":[{"name":"wp","href":"https:\/\/api.w.org\/{rel}","templated":true}]}}