{"id":2666,"date":"2023-06-22T09:56:57","date_gmt":"2023-06-22T09:56:57","guid":{"rendered":"https:\/\/www.appyweb.es\/diccionario\/?page_id=2666"},"modified":"2024-04-25T07:35:10","modified_gmt":"2024-04-25T07:35:10","slug":"linkedin","status":"publish","type":"page","link":"https:\/\/www.appyweb.es\/diccionario\/linkedin\/","title":{"rendered":"LinkedIn"},"content":{"rendered":"<figure id=\"attachment_15655\" aria-describedby=\"caption-attachment-15655\" style=\"width: 1000px\" class=\"wp-caption alignnone\"><img loading=\"lazy\" decoding=\"async\" class=\"size-full wp-image-15655\" src=\"https:\/\/www.appyweb.es\/diccionario\/wp-content\/uploads\/2024\/04\/LinkedIn.jpg\" alt=\"LinkedIn\" width=\"1000\" height=\"600\" srcset=\"https:\/\/www.appyweb.es\/diccionario\/wp-content\/uploads\/2024\/04\/LinkedIn.jpg 1000w, https:\/\/www.appyweb.es\/diccionario\/wp-content\/uploads\/2024\/04\/LinkedIn-300x180.jpg 300w, https:\/\/www.appyweb.es\/diccionario\/wp-content\/uploads\/2024\/04\/LinkedIn-768x461.jpg 768w\" sizes=\"auto, (max-width: 1000px) 100vw, 1000px\" \/><figcaption id=\"caption-attachment-15655\" class=\"wp-caption-text\">Empresario escogiendo a los trabajadores.<\/figcaption><\/figure>\n<p>Es una red social para profesionales, LinkedIn es una de las mejores formas de conectar con personas que pertenecen al mismo sector laboral, hacer <strong>networking y hasta campa\u00f1as de marketing para profesionales<\/strong>. Igualmente, es una herramienta genial para encontrar trabajo.<\/p>\n<h2>\u00bfQu\u00e9 es LinkedIn?<\/h2>\n<p>Como se mencion\u00f3 arriba, funciona como una especie de red social para profesionales. Los perfiles permiten <strong>a\u00f1adir informaci\u00f3n sobre la carrera profesional de una persona<\/strong>, es muy similar a un curr\u00edculo digital, de hecho, es perfecto para las personas que est\u00e1n buscando trabajo o las empresas que buscan nuevos talentos.<\/p>\n<p>Aunque tambi\u00e9n es una excelente forma de hacer marketing, especialmente para las empresas que se dirigen a una audiencia m\u00e1s profesional, como agencias o consultor\u00edas. Incluye una herramienta para hacer anuncios, aunque tambi\u00e9n vale la pena utilizarlo para <a href=\"https:\/\/www.appyweb.es\/link-building\/\">estrategias de link building<\/a> y posicionamiento org\u00e1nico.<\/p>\n<h2>\u00bfPara qu\u00e9 sirve?<\/h2>\n<p>El objetivo principal de LinkedIn es conectar entre profesionales y llegar a crear relaciones corporativas que pueden ser provechosas para un futuro emprendimiento o proyecto comercial. Es por eso que <strong>es una de las herramientas m\u00e1s elegidas al momento de hacer networking<\/strong>, a parte, gracias al algoritmo de la plataforma es posible conectar con profesionales afines.<\/p>\n<p>Pero tambi\u00e9n es un ecosistema genial para llevar a cabo estrategias de marketing, como se mencion\u00f3 antes, se puede llevar a cabo una <strong>campa\u00f1a de contenidos con v\u00ednculos para construir enlaces externos<\/strong>. Ya que la plataforma tiene una alta autoridad es posible incluso llegar a <a href=\"https:\/\/www.appyweb.es\/posicionamiento-web\/\">tener un posicionamiento web m\u00e1s alto<\/a> por resultados org\u00e1nicos.<\/p>\n<h2>Soluciones de LinkedIn Marketing<\/h2>\n<p>La plataforma ofrece muchas oportunidades para planificar, gestionar y segmentar campa\u00f1as de marketing. A estas herramientas se les conoce como soluciones de LinkedIn Marketing, un servicio dirigido especialmente para <strong>empresas que necesiten promocionar sus servicios o productos entre profesionales<\/strong>. Los m\u00e1s populares son los siguientes.<\/p>\n<ul>\n<li><strong>P\u00e1gina de empresa<\/strong>: Es un perfil que permite incluir informaci\u00f3n para vender, m\u00e1s que para contratar nuevos empleados. Es ideal para mostrar promociones, hacer marketing de contenidos y emplear otras estrategias org\u00e1nicas.<\/li>\n<li><strong>Generaci\u00f3n de leads<\/strong>: Se trata de un servicio que permite seguir una serie de pr\u00e1cticas que pueden generar m\u00e1s leads, es decir, usuarios cualificados para ser clientes, es la red social que m\u00e1s prospectos genera actualmente.<\/li>\n<li><strong>Visualizaciones de v\u00eddeos<\/strong>: Los v\u00eddeos son una excelente forma de hacer marketing en la plataforma, son anuncios que se cobran por visualizaci\u00f3n, as\u00ed que es ideal para invertir en conseguir una buena tasa de conversiones de leads.<\/li>\n<li><strong>Ads<\/strong>: Son los cl\u00e1sicos anuncios en el feed del usuario, tambi\u00e9n son efectivos por que permiten la segmentaci\u00f3n, solo ser\u00e1n mostrados a usuarios dentro de un sector en espec\u00edfico.<\/li>\n<\/ul>\n<h2>Pasos para crear un anuncio en LinkedIn<\/h2>\n<p>Si ya has utilizado herramientas de anuncios de otras redes sociales, notar\u00e1s que la forma en c\u00f3mo <strong>se hacen las campa\u00f1as de anuncios aqu\u00ed es muy similar<\/strong>, los pasos son los siguientes.<\/p>\n<ol>\n<li>Lo primero es crear una cuenta en la p\u00e1gina de administrador de campa\u00f1a.<\/li>\n<li>Despu\u00e9s, se elige el objetivo, puede ser generar conversiones, ventas, visualizaciones, etc.<\/li>\n<li>Lo siguiente es <strong>seleccionar la audiencia a la que se quiere llegar<\/strong>.<\/li>\n<li>De inmediato, se elige un formato de anuncio, v\u00eddeo, banner, etc.<\/li>\n<li>Se selecciona el presupuesto y la programaci\u00f3n de la campa\u00f1a.<\/li>\n<li>Finalmente, se hacen las configuraciones para publicar y listo, se crea el anuncio.<\/li>\n<\/ol>\n<p><script type=\"application\/ld+json\">{\"@context\":\"https:\/\/schema.org\",\"@type\":\"FAQPage\",\"mainEntity\":[ \n{\"@type\":\"Question\",\"name\":\"\u00bfQu\u00e9 es LinkedIn?\",\"acceptedAnswer\":{\"@type\":\"Answer\",\"text\":\"<\/p>\n<p>Como se mencion\u00f3 arriba, funciona como una especie de red social para profesionales. Los perfiles permiten <strong>a\u00f1adir informaci\u00f3n sobre la carrera profesional de una persona<\/strong>, es muy similar a un curr\u00edculo digital, de hecho, es perfecto para las personas que est\u00e1n buscando trabajo o las empresas que buscan nuevos talentos. <\/p>\n<p>Aunque tambi\u00e9n es una excelente forma de hacer marketing, especialmente para las empresas que se dirigen a una audiencia m\u00e1s profesional, como agencias o consultor\u00edas. Incluye una herramienta para hacer anuncios, aunque tambi\u00e9n vale la pena utilizarlo para <a href='https:\/\/www.appyweb.es\/link-building\/'>estrategias de link building<\/a> y posicionamiento org\u00e1nico.<\/p>\n<p>\"}},\n{\"@type\":\"Question\",\"name\":\"\u00bfPara qu\u00e9 sirve?\",\"acceptedAnswer\":{\"@type\":\"Answer\",\"text\":\"<\/p>\n<p>El objetivo principal de LinkedIn es conectar entre profesionales y llegar a crear relaciones corporativas que pueden ser provechosas para un futuro emprendimiento o proyecto comercial. Es por eso que <strong>es una de las herramientas m\u00e1s elegidas al momento de hacer networking<\/strong>, a parte, gracias al algoritmo de la plataforma es posible conectar con profesionales afines.<\/p>\n<p>Pero tambi\u00e9n es un ecosistema genial para llevar a cabo estrategias de marketing, como se mencion\u00f3 antes, se puede llevar a cabo una <strong>campa\u00f1a de contenidos con v\u00ednculos para construir enlaces externos<\/strong>. Ya que la plataforma tiene una alta autoridad es posible incluso llegar a <a href='https:\/\/www.appyweb.es\/posicionamiento-web\/'>tener un posicionamiento web m\u00e1s alto<\/a> por resultados org\u00e1nicos.<\/p>\n<p>\"}},\n{\"@type\":\"Question\",\"name\":\"Soluciones de LinkedIn Marketing\",\"acceptedAnswer\":{\"@type\":\"Answer\",\"text\":\"<\/p>\n<p>La plataforma ofrece muchas oportunidades para planificar, gestionar y segmentar campa\u00f1as de marketing. A estas herramientas se les conoce como soluciones de LinkedIn Marketing, un servicio dirigido especialmente para <strong>empresas que necesiten promocionar sus servicios o productos entre profesionales<\/strong>. Los m\u00e1s populares son los siguientes.<\/p>\n<\/p>\n<ul>\n<\/p>\n<li><strong>P\u00e1gina de empresa<\/strong>: Es un perfil que permite incluir informaci\u00f3n para vender, m\u00e1s que para contratar nuevos empleados. Es ideal para mostrar promociones, hacer marketing de contenidos y emplear otras estrategias org\u00e1nicas.<\/li>\n<\/p>\n<li><strong>Generaci\u00f3n de leads<\/strong>: Se trata de un servicio que permite seguir una serie de pr\u00e1cticas que pueden generar m\u00e1s leads, es decir, usuarios cualificados para ser clientes, es la red social que m\u00e1s prospectos genera actualmente.<\/li>\n<\/p>\n<li><strong>Visualizaciones de v\u00eddeos<\/strong>: Los v\u00eddeos son una excelente forma de hacer marketing en la plataforma, son anuncios que se cobran por visualizaci\u00f3n, as\u00ed que es ideal para invertir en conseguir una buena tasa de conversiones de leads.<\/li>\n<\/p>\n<li><strong>Ads<\/strong>: Son los cl\u00e1sicos anuncios en el feed del usuario, tambi\u00e9n son efectivos por que permiten la segmentaci\u00f3n, solo ser\u00e1n mostrados a usuarios dentro de un sector en espec\u00edfico.<\/li>\n<\/ul>\n<p>\"}},\n{\"@type\":\"Question\",\"name\":\"Pasos para crear un anuncio en LinkedIn\",\"acceptedAnswer\":{\"@type\":\"Answer\",\"text\":\"<\/p>\n<p>Si ya has utilizado herramientas de anuncios de otras redes sociales, notar\u00e1s que la forma en c\u00f3mo <strong>se hacen las campa\u00f1as de anuncios aqu\u00ed es muy similar<\/strong>, los pasos son los siguientes.<\/p>\n<\/p>\n<ol>\n<\/p>\n<li>Lo primero es crear una cuenta en la p\u00e1gina de administrador de campa\u00f1a.<\/li>\n<\/p>\n<li>Despu\u00e9s, se elige el objetivo, puede ser generar conversiones, ventas, visualizaciones, etc.<\/li>\n<\/p>\n<li>Lo siguiente es <strong>seleccionar la audiencia a la que se quiere llegar<\/strong>.<\/li>\n<\/p>\n<li>De inmediato, se elige un formato de anuncio, v\u00eddeo, banner, etc.<\/li>\n<\/p>\n<li>Se selecciona el presupuesto y la programaci\u00f3n de la campa\u00f1a.<\/li>\n<\/p>\n<li>Finalmente, se hacen las configuraciones para publicar y listo, se crea el anuncio.<\/li>\n<\/ol>\n<p>\"}}\n]}<\/script><\/p>\n<h2>M\u00e1s informaci\u00f3n sobre LinkedIn<\/h2>\n<p>Es una herramienta perfecta para todo lo que tenga que ver con profesionales, para contratarlos o hacer campa\u00f1as de marketing \u00bfquieres saber un poco m\u00e1s sobre ella? mira estos enlaces a continuaci\u00f3n.<\/p>\n<ul>\n<li><a href=\"https:\/\/www.appyweb.es\/conseguir-contactos-valiosos-linkedin\/\">C\u00f3mo conseguir contactos mediante LinkedIn<\/a><\/li>\n<li><a href=\"https:\/\/www.trecebits.com\/2021\/01\/14\/linkedin-lanza-cursos-gratis-de-marketing-online\/\" rel=\"nofollow noopener\" target=\"_blank\">LinkedIn lanza cursos gratis de marketing online<\/a><\/li>\n<\/ul>\n<p>&nbsp;<\/p>\n","protected":false},"excerpt":{"rendered":"<p>Es una red social para profesionales, LinkedIn es una de las mejores formas de conectar con personas que pertenecen al mismo sector laboral, hacer networking y hasta campa\u00f1as de marketing para profesionales. Igualmente, es una herramienta genial para encontrar trabajo. \u00bfQu\u00e9 es LinkedIn? Como se mencion\u00f3 arriba, funciona como una especie de red social para [&hellip;]<\/p>\n","protected":false},"author":1,"featured_media":15655,"parent":0,"menu_order":0,"comment_status":"closed","ping_status":"closed","template":"","meta":{"inline_featured_image":false,"footnotes":""},"class_list":["post-2666","page","type-page","status-publish","has-post-thumbnail","hentry"],"_links":{"self":[{"href":"https:\/\/www.appyweb.es\/diccionario\/wp-json\/wp\/v2\/pages\/2666","targetHints":{"allow":["GET"]}}],"collection":[{"href":"https:\/\/www.appyweb.es\/diccionario\/wp-json\/wp\/v2\/pages"}],"about":[{"href":"https:\/\/www.appyweb.es\/diccionario\/wp-json\/wp\/v2\/types\/page"}],"author":[{"embeddable":true,"href":"https:\/\/www.appyweb.es\/diccionario\/wp-json\/wp\/v2\/users\/1"}],"replies":[{"embeddable":true,"href":"https:\/\/www.appyweb.es\/diccionario\/wp-json\/wp\/v2\/comments?post=2666"}],"version-history":[{"count":5,"href":"https:\/\/www.appyweb.es\/diccionario\/wp-json\/wp\/v2\/pages\/2666\/revisions"}],"predecessor-version":[{"id":15658,"href":"https:\/\/www.appyweb.es\/diccionario\/wp-json\/wp\/v2\/pages\/2666\/revisions\/15658"}],"wp:featuredmedia":[{"embeddable":true,"href":"https:\/\/www.appyweb.es\/diccionario\/wp-json\/wp\/v2\/media\/15655"}],"wp:attachment":[{"href":"https:\/\/www.appyweb.es\/diccionario\/wp-json\/wp\/v2\/media?parent=2666"}],"curies":[{"name":"wp","href":"https:\/\/api.w.org\/{rel}","templated":true}]}}