{"id":2682,"date":"2023-06-22T10:02:26","date_gmt":"2023-06-22T10:02:26","guid":{"rendered":"https:\/\/www.appyweb.es\/diccionario\/?page_id=2682"},"modified":"2024-04-25T08:51:09","modified_gmt":"2024-04-25T08:51:09","slug":"linkedin-open-networker","status":"publish","type":"page","link":"https:\/\/www.appyweb.es\/diccionario\/linkedin-open-networker\/","title":{"rendered":"LinkedIn Open Networker"},"content":{"rendered":"<figure id=\"attachment_15675\" aria-describedby=\"caption-attachment-15675\" style=\"width: 1000px\" class=\"wp-caption alignnone\"><img loading=\"lazy\" decoding=\"async\" class=\"size-full wp-image-15675\" src=\"https:\/\/www.appyweb.es\/diccionario\/wp-content\/uploads\/2024\/04\/LinkedInOpenNetworker.jpg\" alt=\"LinkedIn Open Networker\" width=\"1000\" height=\"600\" srcset=\"https:\/\/www.appyweb.es\/diccionario\/wp-content\/uploads\/2024\/04\/LinkedInOpenNetworker.jpg 1000w, https:\/\/www.appyweb.es\/diccionario\/wp-content\/uploads\/2024\/04\/LinkedInOpenNetworker-300x180.jpg 300w, https:\/\/www.appyweb.es\/diccionario\/wp-content\/uploads\/2024\/04\/LinkedInOpenNetworker-768x461.jpg 768w\" sizes=\"auto, (max-width: 1000px) 100vw, 1000px\" \/><figcaption id=\"caption-attachment-15675\" class=\"wp-caption-text\">Chica con logo de LinkedIn en la cabeza.<\/figcaption><\/figure>\n<p>Es el nombre que se le da un usuario que est\u00e1 dispuesto a ampliar su lista de conexiones, m\u00e1s espec\u00edficamente, un <strong>LinkedIn Open Networker (LION) es alguien que acepta todas las solicitudes de conexi\u00f3n<\/strong> que se le env\u00eden, al mismo tiempo que permite la conexi\u00f3n entre otros usuarios, llegando a crear grandes redes de networking.<\/p>\n<h2>\u00bfQu\u00e9 es un LinkedIn Open Networker o LION?<\/h2>\n<p>Es el nombre que se le da a ciertas personas que suelen hacer conexiones variadas en su cuenta, <strong>un LION puede ser capaz de impulsar a que un par de profesionales conecten<\/strong> y se relacionen para futuros proyectos. Normalmente, es f\u00e1cil conectar con estos usuarios, ya que suelen aceptar las solicitudes de todos, pero es necesario tener en cuenta que estos profesionales deben estar relacionados por el mismo sector.<\/p>\n<p>Esto tambi\u00e9n se ve influenciado por el algoritmo de LinkedIn, ya que estos suelen hacer sugerencias de conexi\u00f3n que correspondan a lo que le interesa al usuario, sin embargo, es posible llegar a tener sugerencias de otros contactos a trav\u00e9s de ese usuario especial. Las sugerencias ser\u00e1n m\u00e1s precisas y tambi\u00e9n pueden utilizarse para hacer <a href=\"https:\/\/www.appyweb.es\/link-building\/\">una buena estrategia de link building<\/a> con contenidos.<\/p>\n<h2>\u00bfPara qu\u00e9 sirve?<\/h2>\n<p>Su principal funci\u00f3n es darle la oportunidad a cientos de usuarios de conectar entre s\u00ed, as\u00ed que su tarea es ser un intermediario, lo que <strong>facilitar\u00e1 la conexi\u00f3n entre personas que est\u00e1n buscando una relaci\u00f3n laboral o comercial<\/strong>. Son muy \u00fatiles para las personas que apenas est\u00e1n conociendo la plataforma y que no saben por d\u00f3nde empezar o con qui\u00e9n conectar.<\/p>\n<p>Los LinkedIn Open Network <strong>se identifican f\u00e1cilmente porque suelen tener las iniciales LION en su nombre<\/strong> o descripci\u00f3n de perfil, aparte, es muy f\u00e1cil saber que son intermediarios porque tienen una larga lista de conexiones de usuarios.<\/p>\n<h2>\u00bfC\u00f3mo se consiguen?<\/h2>\n<p>Solo basta con <strong>hacer una b\u00fasqueda de la palabra clave LION en el buscador<\/strong>, se ver\u00e1n varias opciones, es posible que algunos est\u00e9n conectados entre sectores, aparte, el algoritmo se encargar\u00e1 de mostrar primero aquellos perfiles que est\u00e9n relacionados con las caracter\u00edsticas del usuario.<\/p>\n<p>Asimismo, existe la posibilidad de encontrarlos en grupos, iniciando una conexi\u00f3n con miembros de esos grupos destacados, as\u00ed se pueden encontrar en la lista de sugerencias. Igualmente, estos pueden segmentarse por pa\u00eds, en Internet hay algunas listas que permiten conocer los nombres m\u00e1s destacados seg\u00fan su localizaci\u00f3n.<\/p>\n<h2>M\u00e1s informaci\u00f3n sobre LinkedIn Open Networker<\/h2>\n<p>Sin dudas estar entre los contactos de estos usuarios puede ser una gran idea para conseguir trabajo o hacer nuevas relaciones con otros que lleguen a tener una oportunidad laboral, aqu\u00ed tienes un par de enlaces para conocer otras funcionalidades geniales de LinkedIn.<\/p>\n<ul>\n<li><a href=\"https:\/\/www.appyweb.es\/conseguir-contactos-valiosos-linkedin\/\">C\u00f3mo conseguir contactos mediante LinkedIn<\/a><\/li>\n<li><a href=\"https:\/\/www.businessinsider.es\/trucos-poco-conocidos-utilizar-linkedin-como-experto-689863\" rel=\"nofollow noopener\" target=\"_blank\">Trucos poco conocidos para utilizar LinkedIn como un experto<\/a><\/li>\n<\/ul>\n<p>&nbsp;<\/p>\n","protected":false},"excerpt":{"rendered":"<p>Es el nombre que se le da un usuario que est\u00e1 dispuesto a ampliar su lista de conexiones, m\u00e1s espec\u00edficamente, un LinkedIn Open Networker (LION) es alguien que acepta todas las solicitudes de conexi\u00f3n que se le env\u00eden, al mismo tiempo que permite la conexi\u00f3n entre otros usuarios, llegando a crear grandes redes de networking. [&hellip;]<\/p>\n","protected":false},"author":1,"featured_media":15675,"parent":0,"menu_order":0,"comment_status":"closed","ping_status":"closed","template":"","meta":{"inline_featured_image":false,"footnotes":""},"class_list":["post-2682","page","type-page","status-publish","has-post-thumbnail","hentry"],"_links":{"self":[{"href":"https:\/\/www.appyweb.es\/diccionario\/wp-json\/wp\/v2\/pages\/2682","targetHints":{"allow":["GET"]}}],"collection":[{"href":"https:\/\/www.appyweb.es\/diccionario\/wp-json\/wp\/v2\/pages"}],"about":[{"href":"https:\/\/www.appyweb.es\/diccionario\/wp-json\/wp\/v2\/types\/page"}],"author":[{"embeddable":true,"href":"https:\/\/www.appyweb.es\/diccionario\/wp-json\/wp\/v2\/users\/1"}],"replies":[{"embeddable":true,"href":"https:\/\/www.appyweb.es\/diccionario\/wp-json\/wp\/v2\/comments?post=2682"}],"version-history":[{"count":6,"href":"https:\/\/www.appyweb.es\/diccionario\/wp-json\/wp\/v2\/pages\/2682\/revisions"}],"predecessor-version":[{"id":15680,"href":"https:\/\/www.appyweb.es\/diccionario\/wp-json\/wp\/v2\/pages\/2682\/revisions\/15680"}],"wp:featuredmedia":[{"embeddable":true,"href":"https:\/\/www.appyweb.es\/diccionario\/wp-json\/wp\/v2\/media\/15675"}],"wp:attachment":[{"href":"https:\/\/www.appyweb.es\/diccionario\/wp-json\/wp\/v2\/media?parent=2682"}],"curies":[{"name":"wp","href":"https:\/\/api.w.org\/{rel}","templated":true}]}}