{"id":2691,"date":"2023-06-22T10:05:31","date_gmt":"2023-06-22T10:05:31","guid":{"rendered":"https:\/\/www.appyweb.es\/diccionario\/?page_id=2691"},"modified":"2024-04-25T09:09:17","modified_gmt":"2024-04-25T09:09:17","slug":"logotipo","status":"publish","type":"page","link":"https:\/\/www.appyweb.es\/diccionario\/logotipo\/","title":{"rendered":"Logotipo"},"content":{"rendered":"<figure id=\"attachment_15685\" aria-describedby=\"caption-attachment-15685\" style=\"width: 1000px\" class=\"wp-caption alignnone\"><img loading=\"lazy\" decoding=\"async\" class=\"size-full wp-image-15685\" src=\"https:\/\/www.appyweb.es\/diccionario\/wp-content\/uploads\/2024\/04\/Logotipo.jpg\" alt=\"Logotipo\" width=\"1000\" height=\"600\" srcset=\"https:\/\/www.appyweb.es\/diccionario\/wp-content\/uploads\/2024\/04\/Logotipo.jpg 1000w, https:\/\/www.appyweb.es\/diccionario\/wp-content\/uploads\/2024\/04\/Logotipo-300x180.jpg 300w, https:\/\/www.appyweb.es\/diccionario\/wp-content\/uploads\/2024\/04\/Logotipo-768x461.jpg 768w\" sizes=\"auto, (max-width: 1000px) 100vw, 1000px\" \/><figcaption id=\"caption-attachment-15685\" class=\"wp-caption-text\">Ejemplo de logotipo.<\/figcaption><\/figure>\n<p>Es el nombre que se le da al s\u00edmbolo que constituye a <strong>una imagen acompa\u00f1ada del nombre de una marca<\/strong>, b\u00e1sicamente el <em>Logotipo<\/em> es la se\u00f1al propia de una empresa para identificarse en el mercado, identificar sus productos y cualquier otra relaci\u00f3n en el sector.<\/p>\n<h2>\u00bfQu\u00e9 es un logotipo?<\/h2>\n<p>Es un t\u00e9rmino que <a href=\"https:\/\/www.appyweb.es\/diseno-grafico\/\">se utiliza en el dise\u00f1o gr\u00e1fico<\/a> para definir a un s\u00edmbolo que identifica a una empresa o instituci\u00f3n, en su mayor\u00eda est\u00e1 compuesto por una imagen y el nombre de la marca, suele tener la capacidad de <strong>hacer que las personas la reconozcan f\u00e1cilmente en el mercado<\/strong>. Sin embargo, tambi\u00e9n existen variantes del logotipo que muestran solo una imagen y en ocasiones no hace falta indicar el nombre de dicha empresa para que sea reconocida.<\/p>\n<p>Se origin\u00f3 gracias a la iniciativa de los artesanos y artistas en la historia, que utilizaban una se\u00f1al propia o firma para identificar sus obras, algunas de las ocupaciones que popularizaron esto fueron los artesanos de barro, hierro, cristal, piedras o espadas. Utilizaban artilugios, en su mayor\u00eda de metal, para hacer la marca en el producto.<\/p>\n<h2>\u00bfCu\u00e1les son las caracter\u00edsticas de los logotipos?<\/h2>\n<p>En primer lugar, <strong>debe ser legible, f\u00e1cil de entender e interpretar por la audiencia<\/strong>, que se conecte con la historia o los valores de la marca. Igualmente, debe ser capaz de adaptarse a diferentes formatos, tanto para uso de marketing, como en los productos o en <a href=\"https:\/\/www.appyweb.es\/diseno-web\/\">el dise\u00f1o web de una p\u00e1gina<\/a>, como en las redes sociales y papeler\u00eda dentro de la empresa. Entre otros aspectos se encuentran los siguientes.<\/p>\n<ul>\n<li>Lograr generar impacto visual, el cual es muy importante para lograr captar la atenci\u00f3n del cliente.<\/li>\n<li>Debe ser \u00fanico, original y f\u00e1cil de identificar entre la competencia.<\/li>\n<li>Tiene que contener una estrategia neurol\u00f3gica, jugando con los colores y las formas.<\/li>\n<\/ul>\n<h2>\u00bfC\u00f3mo se clasifican los logotipos?<\/h2>\n<p>No existe una clasificaci\u00f3n que se deriva de los logotipos, sin embargo, existe una serie de t\u00e9rminos que se relacionan con la identidad de las marcas corporativas, son los siguientes.<\/p>\n<ul>\n<li><strong>Isotipo<\/strong>: Es la representaci\u00f3n gr\u00e1fica netamente, no incluye letras ni nombres, puede ser una imagen o fotograf\u00eda, como la manzana de Apple.<\/li>\n<li><strong>Is\u00f3logo<\/strong>: Es un s\u00edmbolo que incluye el nombre de la empresa, pero no necesariamente cuenta con un signo gr\u00e1fico, como Coca-Cola o Google.<\/li>\n<li><strong>Imagotipo<\/strong>: Es la combinaci\u00f3n de los dos anteriores, incluye en nombre de la marca y un gr\u00e1fico que la identifica como Adidas, Puma, etc.<\/li>\n<\/ul>\n<h2>M\u00e1s informaci\u00f3n sobre logotipo<\/h2>\n<p>Lanzar una marca al mercado requiere de m\u00e1s que solo la idea, un logotipo es el arte que la har\u00e1 destacar en el mundo comercial, mira estos enlaces para conocer m\u00e1s al respecto.<\/p>\n<ul>\n<li><a href=\"https:\/\/www.appyweb.es\/disenar-logo-calidad-negocio\/\">\u00bfC\u00f3mo dise\u00f1ar un logo de calidad para nuestro negocio?<\/a><\/li>\n<li><a href=\"https:\/\/www.nacarprint.es\/blog\/tipos-de-logos\" rel=\"nofollow noopener\" target=\"_blank\">\u00bfC\u00f3mo son las tipolog\u00edas de los logotipos?<\/a><\/li>\n<\/ul>\n<p>&nbsp;<\/p>\n","protected":false},"excerpt":{"rendered":"<p>Es el nombre que se le da al s\u00edmbolo que constituye a una imagen acompa\u00f1ada del nombre de una marca, b\u00e1sicamente el Logotipo es la se\u00f1al propia de una empresa para identificarse en el mercado, identificar sus productos y cualquier otra relaci\u00f3n en el sector. \u00bfQu\u00e9 es un logotipo? Es un t\u00e9rmino que se utiliza [&hellip;]<\/p>\n","protected":false},"author":1,"featured_media":15685,"parent":0,"menu_order":0,"comment_status":"closed","ping_status":"closed","template":"","meta":{"inline_featured_image":false,"footnotes":""},"class_list":["post-2691","page","type-page","status-publish","has-post-thumbnail","hentry"],"_links":{"self":[{"href":"https:\/\/www.appyweb.es\/diccionario\/wp-json\/wp\/v2\/pages\/2691","targetHints":{"allow":["GET"]}}],"collection":[{"href":"https:\/\/www.appyweb.es\/diccionario\/wp-json\/wp\/v2\/pages"}],"about":[{"href":"https:\/\/www.appyweb.es\/diccionario\/wp-json\/wp\/v2\/types\/page"}],"author":[{"embeddable":true,"href":"https:\/\/www.appyweb.es\/diccionario\/wp-json\/wp\/v2\/users\/1"}],"replies":[{"embeddable":true,"href":"https:\/\/www.appyweb.es\/diccionario\/wp-json\/wp\/v2\/comments?post=2691"}],"version-history":[{"count":6,"href":"https:\/\/www.appyweb.es\/diccionario\/wp-json\/wp\/v2\/pages\/2691\/revisions"}],"predecessor-version":[{"id":15687,"href":"https:\/\/www.appyweb.es\/diccionario\/wp-json\/wp\/v2\/pages\/2691\/revisions\/15687"}],"wp:featuredmedia":[{"embeddable":true,"href":"https:\/\/www.appyweb.es\/diccionario\/wp-json\/wp\/v2\/media\/15685"}],"wp:attachment":[{"href":"https:\/\/www.appyweb.es\/diccionario\/wp-json\/wp\/v2\/media?parent=2691"}],"curies":[{"name":"wp","href":"https:\/\/api.w.org\/{rel}","templated":true}]}}