{"id":2701,"date":"2023-06-22T10:13:30","date_gmt":"2023-06-22T10:13:30","guid":{"rendered":"https:\/\/www.appyweb.es\/diccionario\/?page_id=2701"},"modified":"2024-04-25T09:29:01","modified_gmt":"2024-04-25T09:29:01","slug":"long-tail-seo","status":"publish","type":"page","link":"https:\/\/www.appyweb.es\/diccionario\/long-tail-seo\/","title":{"rendered":"Long Tail SEO"},"content":{"rendered":"<figure id=\"attachment_15690\" aria-describedby=\"caption-attachment-15690\" style=\"width: 1000px\" class=\"wp-caption alignnone\"><img loading=\"lazy\" decoding=\"async\" class=\"size-full wp-image-15690\" src=\"https:\/\/www.appyweb.es\/diccionario\/wp-content\/uploads\/2024\/04\/LongTailSEO.jpg\" alt=\"Long Tail SEO\" width=\"1000\" height=\"600\" srcset=\"https:\/\/www.appyweb.es\/diccionario\/wp-content\/uploads\/2024\/04\/LongTailSEO.jpg 1000w, https:\/\/www.appyweb.es\/diccionario\/wp-content\/uploads\/2024\/04\/LongTailSEO-300x180.jpg 300w, https:\/\/www.appyweb.es\/diccionario\/wp-content\/uploads\/2024\/04\/LongTailSEO-768x461.jpg 768w\" sizes=\"auto, (max-width: 1000px) 100vw, 1000px\" \/><figcaption id=\"caption-attachment-15690\" class=\"wp-caption-text\">Persona mirando un una llave haciendo referencia a una keyword.<\/figcaption><\/figure>\n<p>Es el nombre que se le da a las estrategias de optimizaci\u00f3n para motores de b\u00fasquedas basadas en palabras de cola larga, el Long Tail SEO, se refiere a <strong>optimizar el contenido de un sitio web utilizando longtail keywords<\/strong>, es decir, palabras claves m\u00e1s espec\u00edficas. Con esta estrategia es m\u00e1s f\u00e1cil posicionar para b\u00fasquedas de menor volumen, pero con mayor probabilidad de conversi\u00f3n.<\/p>\n<h2>\u00bfQu\u00e9 es?<\/h2>\n<p>Es una estrategia que consiste en estudiar las palabras claves que est\u00e1 utilizando un sitio <a href=\"https:\/\/www.appyweb.es\/posicionamiento-web\/\">para su posicionamiento web<\/a>, de forma que se modifiquen para introducir palabras clave de cola larga. <strong>El long tail SEO consiste en introducir keywords que no tengan tanto volumen<\/strong> de b\u00fasqueda, pero que ofrezcan m\u00e1s probabilidades para conseguir conversiones.<\/p>\n<p>Aparte, es una estrategia muy apropiada para los sitios web que apenas est\u00e1n iniciando, ya que pueden utilizar palabras clave con las que se puedan posicionar m\u00e1s f\u00e1cilmente, sin tener que competir con marcas de larga trayectoria y dif\u00edciles de desbancar en las SERP\\&#8217;s o p\u00e1ginas de resultados de b\u00fasqueda.<\/p>\n<h2>\u00bfPara qu\u00e9 sirve?<\/h2>\n<p>Su funci\u00f3n principal es <strong>hacer que las estrategias de posicionamiento est\u00e9n dirigidas por long tail keywords<\/strong>, estas son palabras claves con una extensi\u00f3n, de hecho, se traducen como \u00abcola larga\u00bb, pero tiene que ver m\u00e1s con el gr\u00e1fico de conversiones y clics. Por ejemplo, una palabra general como \u00abchocolate\u00bb tendr\u00e1 un promedio de tr\u00e1fico de b\u00fasqueda de 5 mil mensuales, pero su nivel de conversi\u00f3n puede ser de solo el 5%.<\/p>\n<p>Mientras que la cola larga \u00abchocolate para pasteles de navidad\u00bb puede generar solo 500 b\u00fasquedas mensuales, pero con una conversi\u00f3n de hasta 20%. Este es solo un ejemplo hipot\u00e9tico, pero se acerca mucho a la realidad de las b\u00fasquedas actualmente. Aparte, ofrece <strong>la oportunidad de posicionarse en los primeros lugares<\/strong> con mayores probabilidades que en las palabras m\u00e1s generales.<\/p>\n<h2>\u00bfC\u00f3mo se puede usar?<\/h2>\n<p>Lo primero es hacer un <a href=\"https:\/\/www.appyweb.es\/auditoria-seo\/\">estudio de palabras clave o auditor\u00eda SEO<\/a>, para eso es necesario utilizar una herramienta como Google Keyword Planner, all\u00ed es necesario <strong>buscar cu\u00e1les son las palabras de cola larga que se pueden utilizar<\/strong>. La herramienta necesitar\u00e1 una referencia, as\u00ed que lo m\u00e1s apropiado es introducir el enlace de un sitio web de la competencia, uno que ya est\u00e9 posicionado utilizando palabras clave de cola larga.<\/p>\n<p>Una vez que la herramienta haga un an\u00e1lisis aparecer\u00e1n varias opciones, lo natural es escoger las alternativas que tengan un nivel de tr\u00e1fico razonable y que est\u00e9 relacionado con lo que el sitio va a vender. Algunas estrategias SEO para utilizar estas nuevas keywords son las siguientes.<\/p>\n<ul>\n<li><strong>P\u00e1gina de preguntas frecuentes<\/strong>: Se incluyen en las preguntas o t\u00edtulos de las mismas para posicionar.<\/li>\n<li><strong>Contenidos<\/strong>: Se pueden resaltar dentro del contenido para ayudar al SEO.<\/li>\n<li><strong>Anuncios<\/strong>: Tambi\u00e9n se pueden utilizar en las meta-etiquetas de los anuncios para tener mejores conversiones.<\/li>\n<\/ul>\n<h2>Ejemplo de Long Tail Keyword<\/h2>\n<p>Como ya se mencion\u00f3, es importante hacer un estudio de las diferentes palabras claves m\u00e1s oportunas para posicionar, por ejemplo, una empresa de zapatillas querr\u00e1 posicionar para las b\u00fasquedas de \u00abzapatillas\u00bb en Google. Pero, esta tiene un total de 86 millones de p\u00e1ginas, por lo que es m\u00e1s dif\u00edcil posicionarse o estar a la vista del usuario. Pero, al utilizar palabras clave de cola larga, como \u00abzapatillas running\u00bb las p\u00e1ginas se reducen hasta 550 mil.<\/p>\n<p>En el segundo caso, la tienda de zapatillas tendr\u00e1 m\u00e1s oportunidades de posicionarse, <strong>porque tiene que competir con menos sitios<\/strong> y con una buena estrategia SEO podr\u00e1 llegar a los primeros lugares.<\/p>\n<p><script type=\"application\/ld+json\">{\"@context\":\"https:\/\/schema.org\",\"@type\":\"FAQPage\",\"mainEntity\":[ \n{\"@type\":\"Question\",\"name\":\"\u00bfQu\u00e9 es?\",\"acceptedAnswer\":{\"@type\":\"Answer\",\"text\":\"<\/p>\n<p>Es una estrategia que consiste en estudiar las palabras claves que est\u00e1 utilizando un sitio <a href='https:\/\/www.appyweb.es\/posicionamiento-web\/'>para su posicionamiento web<\/a>, de forma que se modifiquen para introducir palabras clave de cola larga. <strong>El long tail SEO consiste en introducir keywords que no tengan tanto volumen<\/strong> de b\u00fasqueda, pero que ofrezcan m\u00e1s probabilidades para conseguir conversiones.<\/p>\n<p>Aparte, es una estrategia muy apropiada para los sitios web que apenas est\u00e1n iniciando, ya que pueden utilizar palabras clave con las que se puedan posicionar m\u00e1s f\u00e1cilmente, sin tener que competir con marcas de larga trayectoria y dif\u00edciles de desbancar en las SERP\\'s o p\u00e1ginas de resultados de b\u00fasqueda.<\/p>\n<p>\"}},\n{\"@type\":\"Question\",\"name\":\"\u00bfPara qu\u00e9 sirve?\",\"acceptedAnswer\":{\"@type\":\"Answer\",\"text\":\"<\/p>\n<p>Su funci\u00f3n principal es <strong>hacer que las estrategias de posicionamiento est\u00e9n dirigidas por long tail keywords<\/strong>, estas son palabras claves con una extensi\u00f3n, de hecho, se traducen como 'cola larga', pero tiene que ver m\u00e1s con el gr\u00e1fico de conversiones y clics. Por ejemplo, una palabra general como 'chocolate' tendr\u00e1 un promedio de tr\u00e1fico de b\u00fasqueda de 5 mil mensuales, pero su nivel de conversi\u00f3n puede ser de solo el 5%. <\/p>\n<p>Mientras que la cola larga 'chocolate para pasteles de navidad' puede generar solo 500 b\u00fasquedas mensuales, pero con una conversi\u00f3n de hasta 20%. Este es solo un ejemplo hipot\u00e9tico, pero se acerca mucho a la realidad de las b\u00fasquedas actualmente. Aparte, ofrece <strong>la oportunidad de posicionarse en los primeros lugares<\/strong> con mayores probabilidades que en las palabras m\u00e1s generales.<\/p>\n<p>\"}},\n{\"@type\":\"Question\",\"name\":\"\u00bfC\u00f3mo se puede usar?\",\"acceptedAnswer\":{\"@type\":\"Answer\",\"text\":\"<\/p>\n<p>Lo primero es hacer un <a href='https:\/\/www.appyweb.es\/auditoria-seo\/'>estudio de palabras clave o auditor\u00eda SEO<\/a>, para eso es necesario utilizar una herramienta como Google Keyword Planner, all\u00ed es necesario <strong>buscar cu\u00e1les son las palabras de cola larga que se pueden utilizar<\/strong>. La herramienta necesitar\u00e1 una referencia, as\u00ed que lo m\u00e1s apropiado es introducir el enlace de un sitio web de la competencia, uno que ya est\u00e9 posicionado utilizando palabras clave de cola larga.<\/p>\n<p>Una vez que la herramienta haga un an\u00e1lisis aparecer\u00e1n varias opciones, lo natural es escoger las alternativas que tengan un nivel de tr\u00e1fico razonable y que est\u00e9 relacionado con lo que el sitio va a vender. Algunas estrategias SEO para utilizar estas nuevas keywords son las siguientes.<\/p>\n<\/p>\n<\/p>\n<ul>\n<\/p>\n<\/p>\n<li><strong>P\u00e1gina de preguntas frecuentes<\/strong>: Se incluyen en las preguntas o t\u00edtulos de las mismas para posicionar.<\/li>\n<\/p>\n<\/p>\n<\/p>\n<li><strong>Contenidos<\/strong>: Se pueden resaltar dentro del contenido para ayudar al SEO.<\/li>\n<\/p>\n<\/p>\n<\/p>\n<li><strong>Anuncios<\/strong>: Tambi\u00e9n se pueden utilizar en las meta-etiquetas de los anuncios para tener mejores conversiones.<\/li>\n<\/p>\n<\/ul>\n<\/p>\n<p>\"}},\n{\"@type\":\"Question\",\"name\":\"Ejemplo de Long Tail Keyword\",\"acceptedAnswer\":{\"@type\":\"Answer\",\"text\":\"<\/p>\n<p>Como ya se mencion\u00f3, es importante hacer un estudio de las diferentes palabras claves m\u00e1s oportunas para posicionar, por ejemplo, una empresa de zapatillas querr\u00e1 posicionar para las b\u00fasquedas de 'zapatillas' en Google. Pero, esta tiene un total de 86 millones de p\u00e1ginas, por lo que es m\u00e1s dif\u00edcil posicionarse o estar a la vista del usuario. Pero, al utilizar palabras clave de cola larga, como 'zapatillas running' las p\u00e1ginas se reducen hasta 550 mil.<\/p>\n<p>En el segundo caso, la tienda de zapatillas tendr\u00e1 m\u00e1s oportunidades de posicionarse, <strong>porque tiene que competir con menos sitios<\/strong> y con una buena estrategia SEO podr\u00e1 llegar a los primeros lugares.<\/p>\n<p>\"}}\n]}<\/script><\/p>\n<h2>M\u00e1s informaci\u00f3n sobre Long Tail SEO<\/h2>\n<p>Esta estrategia es una de las m\u00e1s interesantes, sobre todo cuando las tendencias apuntan a que los usuarios ahora hacen b\u00fasquedas m\u00e1s largas, incluso en m\u00f3viles, mira m\u00e1s en estos enlaces.<\/p>\n<ul>\n<li><a href=\"https:\/\/www.appyweb.es\/diccionario\/headtail-seo\/\">\u00bfQu\u00e9 es Headtail SEO y para qu\u00e9 sirve?<\/a><\/li>\n<li><a href=\"https:\/\/tecnohotelnews.com\/2020\/12\/23\/palabras-clave-posicionamiento-seo\/\" rel=\"nofollow noopener\" target=\"_blank\">C\u00f3mo escoger las palabras clave para mejorar el posicionamiento SEO<\/a><\/li>\n<\/ul>\n<p>&nbsp;<\/p>\n","protected":false},"excerpt":{"rendered":"<p>Es el nombre que se le da a las estrategias de optimizaci\u00f3n para motores de b\u00fasquedas basadas en palabras de cola larga, el Long Tail SEO, se refiere a optimizar el contenido de un sitio web utilizando longtail keywords, es decir, palabras claves m\u00e1s espec\u00edficas. Con esta estrategia es m\u00e1s f\u00e1cil posicionar para b\u00fasquedas de [&hellip;]<\/p>\n","protected":false},"author":1,"featured_media":15690,"parent":0,"menu_order":0,"comment_status":"closed","ping_status":"closed","template":"","meta":{"inline_featured_image":false,"footnotes":""},"class_list":["post-2701","page","type-page","status-publish","has-post-thumbnail","hentry"],"_links":{"self":[{"href":"https:\/\/www.appyweb.es\/diccionario\/wp-json\/wp\/v2\/pages\/2701","targetHints":{"allow":["GET"]}}],"collection":[{"href":"https:\/\/www.appyweb.es\/diccionario\/wp-json\/wp\/v2\/pages"}],"about":[{"href":"https:\/\/www.appyweb.es\/diccionario\/wp-json\/wp\/v2\/types\/page"}],"author":[{"embeddable":true,"href":"https:\/\/www.appyweb.es\/diccionario\/wp-json\/wp\/v2\/users\/1"}],"replies":[{"embeddable":true,"href":"https:\/\/www.appyweb.es\/diccionario\/wp-json\/wp\/v2\/comments?post=2701"}],"version-history":[{"count":6,"href":"https:\/\/www.appyweb.es\/diccionario\/wp-json\/wp\/v2\/pages\/2701\/revisions"}],"predecessor-version":[{"id":15696,"href":"https:\/\/www.appyweb.es\/diccionario\/wp-json\/wp\/v2\/pages\/2701\/revisions\/15696"}],"wp:featuredmedia":[{"embeddable":true,"href":"https:\/\/www.appyweb.es\/diccionario\/wp-json\/wp\/v2\/media\/15690"}],"wp:attachment":[{"href":"https:\/\/www.appyweb.es\/diccionario\/wp-json\/wp\/v2\/media?parent=2701"}],"curies":[{"name":"wp","href":"https:\/\/api.w.org\/{rel}","templated":true}]}}