{"id":2713,"date":"2023-06-22T10:17:54","date_gmt":"2023-06-22T10:17:54","guid":{"rendered":"https:\/\/www.appyweb.es\/diccionario\/?page_id=2713"},"modified":"2024-04-09T15:41:56","modified_gmt":"2024-04-09T15:41:56","slug":"gravatar","status":"publish","type":"page","link":"https:\/\/www.appyweb.es\/diccionario\/gravatar\/","title":{"rendered":"Gravatar"},"content":{"rendered":"<figure id=\"attachment_14146\" aria-describedby=\"caption-attachment-14146\" style=\"width: 1000px\" class=\"wp-caption alignnone\"><img loading=\"lazy\" decoding=\"async\" class=\"size-full wp-image-14146\" src=\"https:\/\/www.appyweb.es\/diccionario\/wp-content\/uploads\/2024\/04\/Gravatar.jpg\" alt=\"Gravatar\" width=\"1000\" height=\"600\" srcset=\"https:\/\/www.appyweb.es\/diccionario\/wp-content\/uploads\/2024\/04\/Gravatar.jpg 1000w, https:\/\/www.appyweb.es\/diccionario\/wp-content\/uploads\/2024\/04\/Gravatar-300x180.jpg 300w, https:\/\/www.appyweb.es\/diccionario\/wp-content\/uploads\/2024\/04\/Gravatar-768x461.jpg 768w\" sizes=\"auto, (max-width: 1000px) 100vw, 1000px\" \/><figcaption id=\"caption-attachment-14146\" class=\"wp-caption-text\">Avatares de personas.<\/figcaption><\/figure>\n<p>Gravatar, que significa \u00abGlobally Recognized Avatar\u00bb (Avatar Reconocido Globalmente), es un servicio de avatar en l\u00ednea propiedad de Automattic, la empresa detr\u00e1s de WordPress.com. Un avatar es una imagen o representaci\u00f3n visual que se asocia a un perfil en l\u00ednea.<\/p>\n<h2>\u00bfQu\u00e9 es Gravatar?<\/h2>\n<p>Gravatar es un servicio que permite a los usuarios asociar una imagen o avatar a su direcci\u00f3n de correo electr\u00f3nico. Cuando un usuario deja un comentario en un sitio web compatible con Gravatar utilizando la misma direcci\u00f3n de correo electr\u00f3nico, el avatar asociado a esa direcci\u00f3n se muestra junto al comentario.<\/p>\n<h2>\u00bfC\u00f3mo funciona Gravatar?<\/h2>\n<p>Cuando un usuario se registra en Gravatar y asocia una imagen a su direcci\u00f3n de correo electr\u00f3nico, Gravatar genera un identificador \u00fanico llamado \u00abhash\u00bb para esa direcci\u00f3n de correo. Cuando el usuario deja un comentario en un sitio web compatible con Gravatar, el sitio web env\u00eda ese hash a los servidores de Gravatar. Luego, Gravatar busca la imagen asociada al hash y la devuelve al sitio web, que la muestra junto al comentario.<\/p>\n<h2>\u00bfCu\u00e1les son los beneficios de usar Gravatar?<\/h2>\n<p>Algunos beneficios de usar Gravatar son:<\/p>\n<ul>\n<li>Consistencia en l\u00ednea: Gravatar permite que tu avatar se muestre autom\u00e1ticamente en m\u00faltiples sitios web y plataformas en l\u00ednea. Esto ayuda a construir una imagen de marca personal coherente y reconocible.<\/li>\n<li>Ahorro de tiempo: Al asociar una imagen a tu direcci\u00f3n de correo electr\u00f3nico en Gravatar, no es necesario cargar manualmente tu avatar en cada sitio web. Gravatar se encarga de mostrarlo autom\u00e1ticamente.<\/li>\n<li>Identificaci\u00f3n r\u00e1pida: Los avatares de Gravatar pueden ayudar a los usuarios a identificar y recordar f\u00e1cilmente tus comentarios en diversos sitios web, lo que fomenta la participaci\u00f3n y la interacci\u00f3n en l\u00ednea.<\/li>\n<\/ul>\n<h2>\u00bfC\u00f3mo se puede usar Gravatar en un sitio web?<\/h2>\n<p>Para utilizar Gravatar en un sitio web, el sitio debe estar configurado para admitir Gravatar. Esto generalmente implica el uso de un complemento o integraci\u00f3n espec\u00edfica de Gravatar. Los usuarios que deseen mostrar su avatar en el sitio web solo necesitan asegurarse de usar la misma direcci\u00f3n de correo electr\u00f3nico asociada a su avatar de Gravatar al dejar comentarios.<\/p>\n<p><script type=\"application\/ld+json\">{\"@context\":\"https:\/\/schema.org\",\"@type\":\"FAQPage\",\"mainEntity\":[ \n{\"@type\":\"Question\",\"name\":\" \u00bfQu\u00e9 es Gravatar?\",\"acceptedAnswer\":{\"@type\":\"Answer\",\"text\":\"\nGravatar es un servicio que permite a los usuarios asociar una imagen o avatar a su direcci\u00f3n de correo electr\u00f3nico. Cuando un usuario deja un comentario en un sitio web compatible con Gravatar utilizando la misma direcci\u00f3n de correo electr\u00f3nico, el avatar asociado a esa direcci\u00f3n se muestra junto al comentario.\n\"}},\n{\"@type\":\"Question\",\"name\":\"\u00bfC\u00f3mo funciona Gravatar?\",\"acceptedAnswer\":{\"@type\":\"Answer\",\"text\":\"\nCuando un usuario se registra en Gravatar y asocia una imagen a su direcci\u00f3n de correo electr\u00f3nico, Gravatar genera un identificador \u00fanico llamado 'hash' para esa direcci\u00f3n de correo. Cuando el usuario deja un comentario en un sitio web compatible con Gravatar, el sitio web env\u00eda ese hash a los servidores de Gravatar. Luego, Gravatar busca la imagen asociada al hash y la devuelve al sitio web, que la muestra junto al comentario.\n\"}},\n{\"@type\":\"Question\",\"name\":\" \u00bfCu\u00e1les son los beneficios de usar Gravatar?\",\"acceptedAnswer\":{\"@type\":\"Answer\",\"text\":\"\nAlgunos beneficios de usar Gravatar son:<\/p>\n<p>&nbsp;<\/p>\n<p>Consistencia en l\u00ednea: Gravatar permite que tu avatar se muestre autom\u00e1ticamente en m\u00faltiples sitios web y plataformas en l\u00ednea. Esto ayuda a construir una imagen de marca personal coherente y reconocible.<\/p>\n<p>&nbsp;<\/p>\n<p>Ahorro de tiempo: Al asociar una imagen a tu direcci\u00f3n de correo electr\u00f3nico en Gravatar, no es necesario cargar manualmente tu avatar en cada sitio web. Gravatar se encarga de mostrarlo autom\u00e1ticamente.<\/p>\n<p>&nbsp;<\/p>\n<p>Identificaci\u00f3n r\u00e1pida: Los avatares de Gravatar pueden ayudar a los usuarios a identificar y recordar f\u00e1cilmente tus comentarios en diversos sitios web, lo que fomenta la participaci\u00f3n y la interacci\u00f3n en l\u00ednea.\n\"}},\n{\"@type\":\"Question\",\"name\":\"\u00bfC\u00f3mo se puede usar Gravatar en un sitio web?\",\"acceptedAnswer\":{\"@type\":\"Answer\",\"text\":\"\nPara utilizar Gravatar en un sitio web, el sitio debe estar configurado para admitir Gravatar. Esto generalmente implica el uso de un complemento o integraci\u00f3n espec\u00edfica de Gravatar. Los usuarios que deseen mostrar su avatar en el sitio web solo necesitan asegurarse de usar la misma direcci\u00f3n de correo electr\u00f3nico asociada a su avatar de Gravatar al dejar comentarios.\n\"}}\n]}<\/script><\/p>\n<p>En resumen, Gravatar es un servicio que permite a los usuarios asociar una imagen o avatar a su direcci\u00f3n de correo electr\u00f3nico. Al dejar comentarios en sitios web compatibles con Gravatar, la imagen asociada a la direcci\u00f3n de correo electr\u00f3nico se muestra autom\u00e1ticamente. Esto proporciona consistencia en l\u00ednea, ahorro de tiempo y una identificaci\u00f3n r\u00e1pida en m\u00faltiples plataformas en l\u00ednea.<\/p>\n<p>&nbsp;<\/p>\n","protected":false},"excerpt":{"rendered":"<p>Gravatar, que significa \u00abGlobally Recognized Avatar\u00bb (Avatar Reconocido Globalmente), es un servicio de avatar en l\u00ednea propiedad de Automattic, la empresa detr\u00e1s de WordPress.com. Un avatar es una imagen o representaci\u00f3n visual que se asocia a un perfil en l\u00ednea. \u00bfQu\u00e9 es Gravatar? Gravatar es un servicio que permite a los usuarios asociar una imagen [&hellip;]<\/p>\n","protected":false},"author":1,"featured_media":14146,"parent":0,"menu_order":0,"comment_status":"closed","ping_status":"closed","template":"","meta":{"inline_featured_image":false,"footnotes":""},"class_list":["post-2713","page","type-page","status-publish","has-post-thumbnail","hentry"],"_links":{"self":[{"href":"https:\/\/www.appyweb.es\/diccionario\/wp-json\/wp\/v2\/pages\/2713","targetHints":{"allow":["GET"]}}],"collection":[{"href":"https:\/\/www.appyweb.es\/diccionario\/wp-json\/wp\/v2\/pages"}],"about":[{"href":"https:\/\/www.appyweb.es\/diccionario\/wp-json\/wp\/v2\/types\/page"}],"author":[{"embeddable":true,"href":"https:\/\/www.appyweb.es\/diccionario\/wp-json\/wp\/v2\/users\/1"}],"replies":[{"embeddable":true,"href":"https:\/\/www.appyweb.es\/diccionario\/wp-json\/wp\/v2\/comments?post=2713"}],"version-history":[{"count":7,"href":"https:\/\/www.appyweb.es\/diccionario\/wp-json\/wp\/v2\/pages\/2713\/revisions"}],"predecessor-version":[{"id":14149,"href":"https:\/\/www.appyweb.es\/diccionario\/wp-json\/wp\/v2\/pages\/2713\/revisions\/14149"}],"wp:featuredmedia":[{"embeddable":true,"href":"https:\/\/www.appyweb.es\/diccionario\/wp-json\/wp\/v2\/media\/14146"}],"wp:attachment":[{"href":"https:\/\/www.appyweb.es\/diccionario\/wp-json\/wp\/v2\/media?parent=2713"}],"curies":[{"name":"wp","href":"https:\/\/api.w.org\/{rel}","templated":true}]}}