{"id":273,"date":"2023-06-19T14:25:33","date_gmt":"2023-06-19T14:25:33","guid":{"rendered":"https:\/\/www.appyweb.es\/diccionario\/?page_id=273"},"modified":"2024-03-11T18:50:24","modified_gmt":"2024-03-11T18:50:24","slug":"blog","status":"publish","type":"page","link":"https:\/\/www.appyweb.es\/diccionario\/blog\/","title":{"rendered":"Blog"},"content":{"rendered":"<h1 class=\"entry-title main_title\"><img loading=\"lazy\" decoding=\"async\" class=\" wp-image-10298 aligncenter\" src=\"https:\/\/www.appyweb.es\/diccionario\/wp-content\/uploads\/2023\/09\/blog-significado-300x300.jpg\" alt=\"\" width=\"852\" height=\"852\" srcset=\"https:\/\/www.appyweb.es\/diccionario\/wp-content\/uploads\/2023\/09\/blog-significado-300x300.jpg 300w, https:\/\/www.appyweb.es\/diccionario\/wp-content\/uploads\/2023\/09\/blog-significado-1024x1024.jpg 1024w, https:\/\/www.appyweb.es\/diccionario\/wp-content\/uploads\/2023\/09\/blog-significado-150x150.jpg 150w, https:\/\/www.appyweb.es\/diccionario\/wp-content\/uploads\/2023\/09\/blog-significado-768x768.jpg 768w, https:\/\/www.appyweb.es\/diccionario\/wp-content\/uploads\/2023\/09\/blog-significado.jpg 1080w\" sizes=\"auto, (max-width: 852px) 100vw, 852px\" \/><\/h1>\n<p>Durante los primeros a\u00f1os del Internet,\u00a0los blogs se convirtieron en una excelente herramienta o v\u00eda<strong>, para llegar a personas que comparten gustos y necesidades similares.<\/strong>\u00a0Muchos se convirtieron en comunidades\u00a0enormes y en algunos casos se volvieron muy rentables.<\/p>\n<h2>\u00bfQu\u00e9 es un Blog?<\/h2>\n<p>Es un sitio online que <strong>se dedica especialmente a la publicaci\u00f3n de contenidos<\/strong>, bien sea como m\u00e9todo para entretener, informar o vender.<br \/>\nCuando hablamos de marketing digital, <a href=\"https:\/\/diseno20.appyweb.es\/redaccion-textos-seo\/\" rel=\"nofollow noopener\" target=\"_blank\">la gesti\u00f3n de un blog empresarial<\/a> puede ser una gran herramienta para alcanzar objetivos comerciales, como la atracci\u00f3n de consumidores e impulsar la imagen de marca.<\/p>\n<p>B\u00e1sicamente, el contenido puede ser de cualquier \u00edndole, puede ser de fotograf\u00eda, literatura, deportes, entre otros, sus objetivos solo dependen de la creatividad y la necesidad del creador.<\/p>\n<h2>Origen del blog<\/h2>\n<p>Por los a\u00f1os 90 la din\u00e1mica de la comunicaci\u00f3n en Internet fue creando el ambiente necesario para el surgimiento de lo que ser\u00eda uno de los grandes \u00e9xitos en la red, la creaci\u00f3n de los blogs.<br \/>\nEmpez\u00f3 <strong>con lo que se conoc\u00eda como comunidades digitales<\/strong>, una de las m\u00e1s utilizadas en ese entonces era USENET, tambi\u00e9n se utilizaban las famosas listas de correos para crear \u201chilos\u201d de informaci\u00f3n.<\/p>\n<p>Estas plataformas surgieron como una forma de <strong>compartir contenido con esa comunidad m\u00e1s p\u00fablicamente<\/strong>, con la posibilidad de hacer comentarios, compartir y enriquecer las relaciones entre participantes de todas partes del mundo.<\/p>\n<h2>\u00bfPara qu\u00e9 sirve el Blog?<\/h2>\n<p>Sirven para muchas cosas, <strong>todo depender\u00e1 del objetivo que persiga el creador<\/strong>.<br \/>\nLos objetivos pasan por: generar tr\u00e1fico para portales digitales corporativos, para ganar dinero, para compartir informaci\u00f3n especializada, para ocio, para crear una marca personal, etc.<\/p>\n<h2>Ejemplo<\/h2>\n<p>Un ejemplo directo es el blog de Appyweb, aqu\u00ed se recopila informaci\u00f3n que tenga que ver con <a href=\"https:\/\/diseno20.appyweb.es\/estrategia-marketing-360\/\" rel=\"nofollow noopener\" target=\"_blank\">diferentes \u00e1mbitos del marketing digital<\/a>, especialmente dirigido a empresas. Sin embargo, tambi\u00e9n pueden existir <strong>ejemplos que se utilizan como una especie de diario personal<\/strong>, una de las m\u00e1s famosas en Espa\u00f1a es el de mujeresconsejeras.com.<\/p>\n<p>Igualmente, es muy sencillo en la actualidad crear una de estas plataformas, esto es posible gracias a proyectos como Blogger o <a href=\"https:\/\/es.wordpress.org\/\" rel=\"nofollow noopener\" target=\"_blank\">WordPress<\/a> que permiten la utilizaci\u00f3n de plantillas y la posibilidad de gestionar un sitio web m\u00e1s f\u00e1cilmente.<\/p>\n<p><script type=\"application\/ld+json\">{\"@context\":\"https:\/\/schema.org\",\"@type\":\"FAQPage\",\"mainEntity\":[ \n{\"@type\":\"Question\",\"name\":\"\u00bfQu\u00e9 es un Blog?\",\"acceptedAnswer\":{\"@type\":\"Answer\",\"text\":\"<\/p>\n<\/p>\n<\/p>\n<p>Es un sitio online que <strong>se dedica especialmente a la publicaci\u00f3n de contenidos<\/strong>, bien sea como m\u00e9todo para entretener, informar o vender. <br \/>Cuando hablamos de marketing digital, <a href='https:\/\/diseno20.appyweb.es\/redaccion-textos-seo\/'>la gesti\u00f3n de un blog empresarial<\/a> puede ser una gran herramienta para alcanzar objetivos comerciales, como la atracci\u00f3n de consumidores e impulsar la imagen de marca.<\/p>\n<\/p>\n<\/p>\n<\/p>\n<\/p>\n<p>B\u00e1sicamente, el contenido puede ser de cualquier \u00edndole, puede ser de fotograf\u00eda, literatura, deportes, entre otros, sus objetivos solo dependen de la creatividad y la necesidad del creador.<\/p>\n<\/p>\n<\/p>\n<p>\"}},\n{\"@type\":\"Question\",\"name\":\"Origen del blog\",\"acceptedAnswer\":{\"@type\":\"Answer\",\"text\":\"<\/p>\n<\/p>\n<\/p>\n<p>Por los a\u00f1os 90 la din\u00e1mica de la comunicaci\u00f3n en Internet fue creando el ambiente necesario para el surgimiento de lo que ser\u00eda uno de los grandes \u00e9xitos en la red, la creaci\u00f3n de los blogs. <br \/>Empez\u00f3 <strong>con lo que se conoc\u00eda como comunidades digitales<\/strong>, una de las m\u00e1s utilizadas en ese entonces era USENET, tambi\u00e9n se utilizaban las famosas listas de correos para crear \u201chilos\u201d de informaci\u00f3n.<\/p>\n<\/p>\n<\/p>\n<\/p>\n<\/p>\n<p>Estas plataformas surgieron como una forma de <strong>compartir contenido con esa comunidad m\u00e1s p\u00fablicamente<\/strong>, con la posibilidad de hacer comentarios, compartir y enriquecer las relaciones entre participantes de todas partes del mundo.<\/p>\n<\/p>\n<\/p>\n<p>\"}},\n{\"@type\":\"Question\",\"name\":\"\u00bfPara qu\u00e9 sirve el Blog?\",\"acceptedAnswer\":{\"@type\":\"Answer\",\"text\":\"<\/p>\n<\/p>\n<\/p>\n<p>Sirven para muchas cosas, <strong>todo depender\u00e1 del objetivo que persiga el creador<\/strong>. <br \/>Los objetivos pasan por: generar tr\u00e1fico para portales digitales corporativos, para ganar dinero, para compartir informaci\u00f3n especializada, para ocio, para crear una marca personal, etc.<\/p>\n<\/p>\n<\/p>\n<p>\"}},\n{\"@type\":\"Question\",\"name\":\"Ejemplo\",\"acceptedAnswer\":{\"@type\":\"Answer\",\"text\":\"<\/p>\n<\/p>\n<\/p>\n<p>Un ejemplo directo es el blog de Appyweb, aqu\u00ed se recopila informaci\u00f3n que tenga que ver con <a href='https:\/\/diseno20.appyweb.es\/estrategia-marketing-360\/'>diferentes \u00e1mbitos del marketing digital<\/a>, especialmente dirigido a empresas. Sin embargo, tambi\u00e9n pueden existir <strong>ejemplos que se utilizan como una especie de diario personal<\/strong>, una de las m\u00e1s famosas en Espa\u00f1a es el de mujeresconsejeras.com.<\/p>\n<\/p>\n<\/p>\n<\/p>\n<\/p>\n<p>Igualmente, es muy sencillo en la actualidad crear una de estas plataformas, esto es posible gracias a proyectos como Blogger o <a href='https:\/\/es.wordpress.org\/'>WordPress<\/a> que permiten la utilizaci\u00f3n de plantillas y la posibilidad de gestionar un sitio web m\u00e1s f\u00e1cilmente.<\/p>\n<\/p>\n<\/p>\n<p>\"}}\n]}<\/script><\/p>\n<h2><span id=\"%F0%9F%93%8C_Mas_informacion_sobre_blog\" class=\"ez-toc-section\"><\/span>M\u00e1s informaci\u00f3n sobre blog<\/h2>\n<ul>\n<li><a href=\"https:\/\/es.wikipedia.org\/wiki\/Blog#Enemigos_del_correcto_funcionamiento_de_un_blog\" rel=\"nofollow noopener\" target=\"_blank\">Enemigos del correcto funcionamiento de un blog<\/a>.<\/li>\n<\/ul>\n<p>&nbsp;<\/p>\n","protected":false},"excerpt":{"rendered":"<p>Durante los primeros a\u00f1os del Internet,\u00a0los blogs se convirtieron en una excelente herramienta o v\u00eda, para llegar a personas que comparten gustos y necesidades similares.\u00a0Muchos se convirtieron en comunidades\u00a0enormes y en algunos casos se volvieron muy rentables. \u00bfQu\u00e9 es un Blog? Es un sitio online que se dedica especialmente a la publicaci\u00f3n de contenidos, bien [&hellip;]<\/p>\n","protected":false},"author":1,"featured_media":10298,"parent":0,"menu_order":0,"comment_status":"closed","ping_status":"closed","template":"","meta":{"inline_featured_image":false,"footnotes":""},"class_list":["post-273","page","type-page","status-publish","has-post-thumbnail","hentry"],"_links":{"self":[{"href":"https:\/\/www.appyweb.es\/diccionario\/wp-json\/wp\/v2\/pages\/273","targetHints":{"allow":["GET"]}}],"collection":[{"href":"https:\/\/www.appyweb.es\/diccionario\/wp-json\/wp\/v2\/pages"}],"about":[{"href":"https:\/\/www.appyweb.es\/diccionario\/wp-json\/wp\/v2\/types\/page"}],"author":[{"embeddable":true,"href":"https:\/\/www.appyweb.es\/diccionario\/wp-json\/wp\/v2\/users\/1"}],"replies":[{"embeddable":true,"href":"https:\/\/www.appyweb.es\/diccionario\/wp-json\/wp\/v2\/comments?post=273"}],"version-history":[{"count":9,"href":"https:\/\/www.appyweb.es\/diccionario\/wp-json\/wp\/v2\/pages\/273\/revisions"}],"predecessor-version":[{"id":11359,"href":"https:\/\/www.appyweb.es\/diccionario\/wp-json\/wp\/v2\/pages\/273\/revisions\/11359"}],"wp:featuredmedia":[{"embeddable":true,"href":"https:\/\/www.appyweb.es\/diccionario\/wp-json\/wp\/v2\/media\/10298"}],"wp:attachment":[{"href":"https:\/\/www.appyweb.es\/diccionario\/wp-json\/wp\/v2\/media?parent=273"}],"curies":[{"name":"wp","href":"https:\/\/api.w.org\/{rel}","templated":true}]}}