{"id":2737,"date":"2023-06-22T10:25:52","date_gmt":"2023-06-22T10:25:52","guid":{"rendered":"https:\/\/www.appyweb.es\/diccionario\/?page_id=2737"},"modified":"2024-04-25T10:11:37","modified_gmt":"2024-04-25T10:11:37","slug":"lpo","status":"publish","type":"page","link":"https:\/\/www.appyweb.es\/diccionario\/lpo\/","title":{"rendered":"LPO"},"content":{"rendered":"<figure id=\"attachment_15716\" aria-describedby=\"caption-attachment-15716\" style=\"width: 1000px\" class=\"wp-caption alignnone\"><img loading=\"lazy\" decoding=\"async\" class=\"size-full wp-image-15716\" src=\"https:\/\/www.appyweb.es\/diccionario\/wp-content\/uploads\/2024\/04\/LPO.jpg\" alt=\"LPO\" width=\"1000\" height=\"600\" srcset=\"https:\/\/www.appyweb.es\/diccionario\/wp-content\/uploads\/2024\/04\/LPO.jpg 1000w, https:\/\/www.appyweb.es\/diccionario\/wp-content\/uploads\/2024\/04\/LPO-300x180.jpg 300w, https:\/\/www.appyweb.es\/diccionario\/wp-content\/uploads\/2024\/04\/LPO-768x461.jpg 768w\" sizes=\"auto, (max-width: 1000px) 100vw, 1000px\" \/><figcaption id=\"caption-attachment-15716\" class=\"wp-caption-text\">Pantalla de ordenador con una pagina web y un cohete.<\/figcaption><\/figure>\n<p>Son las siglas que se utilizan para abreviar <strong>Landing Page Optimization (LPO) u optimizaci\u00f3n de p\u00e1ginas de aterrizaje<\/strong>. Consiste en una serie de estrategias SEO para mejorar el rendimiento de estos recursos para la conversi\u00f3n.<\/p>\n<h2>\u00bfQu\u00e9 es LPO?<\/h2>\n<p>Son una serie de t\u00e9cnicas que buscan mejorar diferentes factores del <a href=\"https:\/\/www.appyweb.es\/diseno-landing-page\/\">dise\u00f1o de una Landing Page<\/a> o p\u00e1gina de aterrizaje, son recursos que permiten facilitar la conversi\u00f3n de usuarios en leads o en clientes. <strong>El LPO busca optimizar la experiencia de conversi\u00f3n<\/strong>, el posicionamiento de la p\u00e1gina y otras caracter\u00edsticas importantes de marketing para la efectividad de la misma.<\/p>\n<p>El objetivo final de aplicar estas estrategias de SEO es lograr que existan m\u00e1s conversiones, esto es necesario para las p\u00e1ginas que registran una alta tasa de tr\u00e1fico y visitas web pero que no logran crecer la tasa de conversiones.<\/p>\n<h2>\u00bfPara qu\u00e9 sirve?<\/h2>\n<p>Tiene varios objetivos, el primero es lograr que existan <a href=\"https:\/\/www.appyweb.es\/conversion-web\/\">m\u00e1s conversiones web para la empresa<\/a>. Para esto se establecen varias optimizaciones, como mejorar la experiencia de navegaci\u00f3n del cliente, esto permite que tenga que hacer menos clics y tenga a la mano la informaci\u00f3n que m\u00e1s le interesa.<\/p>\n<p>Tambi\u00e9n se pueden hacer cambios en el formulario de conversi\u00f3n, hacerlo m\u00e1s simple, como solicitar solo la direcci\u00f3n de email, <strong>puede ser positivo para incrementar las conversiones<\/strong>. Igualmente, el posicionamiento tambi\u00e9n es un objetivo a alcanzar, mientras mejor sea el LPO, mejor posicionada estar\u00e1 la p\u00e1gina en buscadores.<\/p>\n<h2>Beneficios de hacer LPO<\/h2>\n<p>Son muchas las ventajas que ofrece el SEO o la optimizaci\u00f3n para motores de b\u00fasqueda, pero si se combina con la <strong>optimizaci\u00f3n de landing pages existen m\u00e1s probabilidades de lograr el \u00e9xito en Internet<\/strong>. Algunos de los beneficios de utilizar esta estrategia son los siguientes.<\/p>\n<ul>\n<li>Atrae m\u00e1s personas interesadas.<\/li>\n<li>Permite que el buscador lleve tr\u00e1fico cualificado y listo para convertirse.<\/li>\n<li>Ayuda a que el usuario tenga todo lo que necesita a la vista.<\/li>\n<li><strong>Se aprovechan mejor los recursos como el CTA<\/strong>.<\/li>\n<li>Ofrece la oportunidad de generar m\u00e1s leads en congruencia con el nivel de tr\u00e1fico.<\/li>\n<li>Se permiten conocer cu\u00e1les son las preferencias de los usuarios.<\/li>\n<\/ul>\n<h2>\u00bfCu\u00e1les son las mejores estrategias de LPO?<\/h2>\n<p>Algunas de ellas son b\u00e1sicas para el SEO, pero sin duda, indispensables <strong>para el posicionamiento de la landing page y su efectividad para las conversiones<\/strong>. Las m\u00e1s utilizadas son las siguientes.<\/p>\n<ul>\n<li><strong>Palabras clave de cola larga<\/strong>: Se incluyen en preguntas frecuentes o secciones de inter\u00e9s para los usuarios, permiten un mejor posicionamiento.<\/li>\n<li><strong>Mejorar las meta-etiquetas<\/strong>: Deben contener las long-tail keywords, pero tambi\u00e9n estrategias de copywriting para atraer a los usuarios en el buscador.<\/li>\n<li><strong>Plantillas responsivas<\/strong>: Es importante que las p\u00e1ginas se adapten a diferentes dispositivos, as\u00ed que se deben utilizar plantillas responsivas al momento de dise\u00f1arlas.<\/li>\n<\/ul>\n<p><script type=\"application\/ld+json\">{\"@context\":\"https:\/\/schema.org\",\"@type\":\"FAQPage\",\"mainEntity\":[ \n{\"@type\":\"Question\",\"name\":\"\u00bfQu\u00e9 es LPO?\",\"acceptedAnswer\":{\"@type\":\"Answer\",\"text\":\"<\/p>\n<p>Son una serie de t\u00e9cnicas que buscan mejorar diferentes factores del <a href='https:\/\/www.appyweb.es\/diseno-landing-page\/'>dise\u00f1o de una Landing Page<\/a> o p\u00e1gina de aterrizaje, son recursos que permiten facilitar la conversi\u00f3n de usuarios en leads o en clientes. <strong>El LPO busca optimizar la experiencia de conversi\u00f3n<\/strong>, el posicionamiento de la p\u00e1gina y otras caracter\u00edsticas importantes de marketing para la efectividad de la misma.<\/p>\n<p>El objetivo final de aplicar estas estrategias de SEO es lograr que existan m\u00e1s conversiones, esto es necesario para las p\u00e1ginas que registran una alta tasa de tr\u00e1fico y visitas web pero que no logran crecer la tasa de conversiones.<\/p>\n<p>\"}},\n{\"@type\":\"Question\",\"name\":\"\u00bfPara qu\u00e9 sirve?\",\"acceptedAnswer\":{\"@type\":\"Answer\",\"text\":\"<\/p>\n<p>Tiene varios objetivos, el primero es lograr que existan <a href='https:\/\/www.appyweb.es\/conversion-web\/'>m\u00e1s conversiones web para la empresa<\/a>. Para esto se establecen varias optimizaciones, como mejorar la experiencia de navegaci\u00f3n del cliente, esto permite que tenga que hacer menos clics y tenga a la mano la informaci\u00f3n que m\u00e1s le interesa.<\/p>\n<p>Tambi\u00e9n se pueden hacer cambios en el formulario de conversi\u00f3n, hacerlo m\u00e1s simple, como solicitar solo la direcci\u00f3n de email, <strong>puede ser positivo para incrementar las conversiones<\/strong>. Igualmente, el posicionamiento tambi\u00e9n es un objetivo a alcanzar, mientras mejor sea el LPO, mejor posicionada estar\u00e1 la p\u00e1gina en buscadores.<\/p>\n<p>\"}},\n{\"@type\":\"Question\",\"name\":\"Beneficios de hacer LPO\",\"acceptedAnswer\":{\"@type\":\"Answer\",\"text\":\"<\/p>\n<p>Son muchas las ventajas que ofrece el SEO o la optimizaci\u00f3n para motores de b\u00fasqueda, pero si se combina con la <strong>optimizaci\u00f3n de landing pages existen m\u00e1s probabilidades de lograr el \u00e9xito en Internet<\/strong>. Algunos de los beneficios de utilizar esta estrategia son los siguientes.<\/p>\n<\/p>\n<\/p>\n<ul>\n<\/p>\n<\/p>\n<li>Atrae m\u00e1s personas interesadas.<\/li>\n<\/p>\n<\/p>\n<\/p>\n<li>Permite que el buscador lleve tr\u00e1fico cualificado y listo para convertirse.<\/li>\n<\/p>\n<\/p>\n<\/p>\n<li>Ayuda a que el usuario tenga todo lo que necesita a la vista.<\/li>\n<\/p>\n<\/p>\n<\/p>\n<li><strong>Se aprovechan mejor los recursos como el CTA<\/strong>.<\/li>\n<\/p>\n<\/p>\n<\/p>\n<li>Ofrece la oportunidad de generar m\u00e1s leads en congruencia con el nivel de tr\u00e1fico.<\/li>\n<\/p>\n<\/p>\n<\/p>\n<li>Se permiten conocer cu\u00e1les son las preferencias de los usuarios.<\/li>\n<\/p>\n<\/ul>\n<\/p>\n<p>\"}},\n{\"@type\":\"Question\",\"name\":\"\u00bfCu\u00e1les son las mejores estrategias de LPO?\",\"acceptedAnswer\":{\"@type\":\"Answer\",\"text\":\"<\/p>\n<p>Algunas de ellas son b\u00e1sicas para el SEO, pero sin duda, indispensables <strong>para el posicionamiento de la landing page y su efectividad para las conversiones<\/strong>. Las m\u00e1s utilizadas son las siguientes.<\/p>\n<\/p>\n<\/p>\n<ul>\n<\/p>\n<\/p>\n<li><strong>Palabras clave de cola larga<\/strong>: Se incluyen en preguntas frecuentes o secciones de inter\u00e9s para los usuarios, permiten un mejor posicionamiento.<\/li>\n<\/p>\n<\/p>\n<\/p>\n<li><strong>Mejorar las meta-etiquetas<\/strong>: Deben contener las long-tail keywords, pero tambi\u00e9n estrategias de copywriting para atraer a los usuarios en el buscador.<\/li>\n<\/p>\n<\/p>\n<\/p>\n<li><strong>Plantillas responsivas<\/strong>: Es importante que las p\u00e1ginas se adapten a diferentes dispositivos, as\u00ed que se deben utilizar plantillas responsivas al momento de dise\u00f1arlas.<\/li>\n<\/p>\n<\/ul>\n<\/p>\n<p>\"}}\n]}<\/script><\/p>\n<h2>M\u00e1s informaci\u00f3n sobre LPO<\/h2>\n<p>Tambi\u00e9n es importante mencionar que Landing Page Optimization es un libro muy famoso sobre el testeo A\/B, una forma de medir la efectividad de las p\u00e1ginas de aterrizaje, ten m\u00e1s informaci\u00f3n en los siguientes enlaces.<\/p>\n<ul>\n<li><a href=\"https:\/\/www.appyweb.es\/consejos-landing-page-perfecta\/\">12 consejos para crear una Landing Page perfecta<\/a><\/li>\n<li><a href=\"https:\/\/www.amazon.com\/-\/es\/Tim-Ash\/dp\/0470610123\" rel=\"nofollow noopener\" target=\"_blank\">Landing Page Optimization: La gu\u00eda definitiva para probar y mejorar las conversiones<\/a><\/li>\n<\/ul>\n<p>&nbsp;<\/p>\n","protected":false},"excerpt":{"rendered":"<p>Son las siglas que se utilizan para abreviar Landing Page Optimization (LPO) u optimizaci\u00f3n de p\u00e1ginas de aterrizaje. Consiste en una serie de estrategias SEO para mejorar el rendimiento de estos recursos para la conversi\u00f3n. \u00bfQu\u00e9 es LPO? Son una serie de t\u00e9cnicas que buscan mejorar diferentes factores del dise\u00f1o de una Landing Page o [&hellip;]<\/p>\n","protected":false},"author":1,"featured_media":15716,"parent":0,"menu_order":0,"comment_status":"closed","ping_status":"closed","template":"","meta":{"inline_featured_image":false,"footnotes":""},"class_list":["post-2737","page","type-page","status-publish","has-post-thumbnail","hentry"],"_links":{"self":[{"href":"https:\/\/www.appyweb.es\/diccionario\/wp-json\/wp\/v2\/pages\/2737","targetHints":{"allow":["GET"]}}],"collection":[{"href":"https:\/\/www.appyweb.es\/diccionario\/wp-json\/wp\/v2\/pages"}],"about":[{"href":"https:\/\/www.appyweb.es\/diccionario\/wp-json\/wp\/v2\/types\/page"}],"author":[{"embeddable":true,"href":"https:\/\/www.appyweb.es\/diccionario\/wp-json\/wp\/v2\/users\/1"}],"replies":[{"embeddable":true,"href":"https:\/\/www.appyweb.es\/diccionario\/wp-json\/wp\/v2\/comments?post=2737"}],"version-history":[{"count":6,"href":"https:\/\/www.appyweb.es\/diccionario\/wp-json\/wp\/v2\/pages\/2737\/revisions"}],"predecessor-version":[{"id":15719,"href":"https:\/\/www.appyweb.es\/diccionario\/wp-json\/wp\/v2\/pages\/2737\/revisions\/15719"}],"wp:featuredmedia":[{"embeddable":true,"href":"https:\/\/www.appyweb.es\/diccionario\/wp-json\/wp\/v2\/media\/15716"}],"wp:attachment":[{"href":"https:\/\/www.appyweb.es\/diccionario\/wp-json\/wp\/v2\/media?parent=2737"}],"curies":[{"name":"wp","href":"https:\/\/api.w.org\/{rel}","templated":true}]}}