{"id":2754,"date":"2023-06-22T10:31:46","date_gmt":"2023-06-22T10:31:46","guid":{"rendered":"https:\/\/www.appyweb.es\/diccionario\/?page_id=2754"},"modified":"2024-04-25T11:09:23","modified_gmt":"2024-04-25T11:09:23","slug":"m-marketing","status":"publish","type":"page","link":"https:\/\/www.appyweb.es\/diccionario\/m-marketing\/","title":{"rendered":"M-marketing"},"content":{"rendered":"<figure id=\"attachment_15725\" aria-describedby=\"caption-attachment-15725\" style=\"width: 1000px\" class=\"wp-caption alignnone\"><img loading=\"lazy\" decoding=\"async\" class=\"size-full wp-image-15725\" src=\"https:\/\/www.appyweb.es\/diccionario\/wp-content\/uploads\/2024\/04\/M-marketing.jpg\" alt=\"M-marketing\" width=\"1000\" height=\"600\" srcset=\"https:\/\/www.appyweb.es\/diccionario\/wp-content\/uploads\/2024\/04\/M-marketing.jpg 1000w, https:\/\/www.appyweb.es\/diccionario\/wp-content\/uploads\/2024\/04\/M-marketing-300x180.jpg 300w, https:\/\/www.appyweb.es\/diccionario\/wp-content\/uploads\/2024\/04\/M-marketing-768x461.jpg 768w\" sizes=\"auto, (max-width: 1000px) 100vw, 1000px\" \/><figcaption id=\"caption-attachment-15725\" class=\"wp-caption-text\">Dos personas mirando un m\u00f3vil con un panel de control.<\/figcaption><\/figure>\n<p>Es el nombre que se le da a <strong>las estrategias de marketing dirigidas a dispositivos m\u00f3viles<\/strong>, M-marketing incluye anuncios, optimizaci\u00f3n para buscadores y SMS, todo centrado en usuarios con smatphones, tablets, entre otros.<\/p>\n<h2>\u00bfQu\u00e9 es M-marketing?<\/h2>\n<p>Este concepto hace referencia directamente al uso de smartphones, con la finalidad que los mismos sirvan como un medio publicitario. El <strong>M-marketing es una estrategia indispensable en la actualidad<\/strong>, pues al menos el 52% de los usuarios en Internet navegan desde un dispositivo m\u00f3vil. Actualmente, las empresas centran sus esfuerzos de <a href=\"https:\/\/www.appyweb.es\/posicionamiento-web\/\">posicionamiento web y publicidad<\/a> en estos dispositivos, ya que son m\u00e1s personales.<\/p>\n<p>Usualmente, los usuarios que utilizan Internet m\u00f3vil tienen la tendencia de <strong>revisar sus redes sociales e email con mayor frecuencia<\/strong>, esto permite que las estrategias de publicidad incluso puedan tener efectos en tiempo real.<\/p>\n<h2>\u00bfPara qu\u00e9 sirve?<\/h2>\n<p>Se emplea b\u00e1sicamente para establecer relaciones m\u00e1s cercanas con los clientes, aparte, es una forma de garantizar que la informaci\u00f3n llegue r\u00e1pidamente. Tambi\u00e9n permite acceder a un <strong>gran repertorio de nuevas estrategias de promoci\u00f3n m\u00f3vil<\/strong>, como puede ser <a href=\"https:\/\/www.appyweb.es\/desarrollo-app\/\">el desarrollo de apps<\/a>, atenci\u00f3n al cliente por aplicaciones de mensajer\u00eda, bots de respuestas autom\u00e1ticas, etc.<\/p>\n<p>Entre otras de las <strong>estrategias para poner en pr\u00e1ctica en M-marketing<\/strong> son las promociones exclusivas para usuarios m\u00f3viles, si est\u00e1 dispuesto a realizar compras por una app puede obtener descuentos o ventajas adicionales. Los SMS tambi\u00e9n tienen un gran potencial, ya que son m\u00e1s directos y suelen tener una respuesta casi m\u00e1s r\u00e1pida que los emails, igualmente, las campa\u00f1as que se realizan por SMS, pueden alcanzar hasta el 95% de recepci\u00f3n.<\/p>\n<h2>M-marketing caracter\u00edsticas principales<\/h2>\n<p>Lo principal es que son estrategias que se llevan a cabo de forma personal, no colectiva. Esto permite llevar a cabo <strong>t\u00e9cnicas m\u00e1s dirigidas a las necesidades reales de los usuarios<\/strong>. Aparte, los m\u00f3viles siempre se transportan, as\u00ed que los resultados se presentan de forma inmediata, lo que permite realizar un an\u00e1lisis en poco tiempo.<\/p>\n<p>Otra de las caracter\u00edsticas m\u00e1s notables es que permite el pago directo, los usuarios suelen tener sus sistemas de pago incorporados y listos para utilizar, por lo que el proceso de compra es m\u00e1s r\u00e1pido, preciso y seguro.<\/p>\n<h2>Cu\u00e1les son las ventajas del M-marketing<\/h2>\n<ul>\n<li>Permiten ampliar los canales disponibles para conectar con el cliente, sobre todo de una forma m\u00e1s directa.<\/li>\n<li>La variedad de opciones para publicitar es muy amplia, se pueden utilizar Ads en buscadores, redes sociales, SMS, emails&#8230;<\/li>\n<li>Permite <strong>fidelizar clientes con mayor facilidad<\/strong>, ya que conexi\u00f3n es m\u00e1s directa, sobre todo con las campa\u00f1as de env\u00edo de mensajes.<\/li>\n<li>Normalmente, los mensajes directos tienen mayor recepci\u00f3n y efectividad que cualquier otra estrategia de publicidad.<\/li>\n<li>Es un sistema ideal para llevar a cabo estrategias de segmentaci\u00f3n y personalizaci\u00f3n, de esta forma, los usuarios se sienten m\u00e1s atra\u00eddos.<\/li>\n<\/ul>\n<p><script type=\"application\/ld+json\">{\"@context\":\"https:\/\/schema.org\",\"@type\":\"FAQPage\",\"mainEntity\":[ \n{\"@type\":\"Question\",\"name\":\"\u00bfQu\u00e9 es M-marketing?\",\"acceptedAnswer\":{\"@type\":\"Answer\",\"text\":\"<\/p>\n<p>Este concepto hace referencia directamente al uso de smartphones, con la finalidad que los mismos sirvan como un medio publicitario. El <strong>M-marketing es una estrategia indispensable en la actualidad<\/strong>, pues al menos el 52% de los usuarios en Internet navegan desde un dispositivo m\u00f3vil. Actualmente, las empresas centran sus esfuerzos de <a href='https:\/\/www.appyweb.es\/posicionamiento-web\/'>posicionamiento web y publicidad<\/a> en estos dispositivos, ya que son m\u00e1s personales.<\/p>\n<p>Usualmente, los usuarios que utilizan Internet m\u00f3vil tienen la tendencia de <strong>revisar sus redes sociales e email con mayor frecuencia<\/strong>, esto permite que las estrategias de publicidad incluso puedan tener efectos en tiempo real.<\/p>\n<p>\"}},\n{\"@type\":\"Question\",\"name\":\"\u00bfPara qu\u00e9 sirve?\",\"acceptedAnswer\":{\"@type\":\"Answer\",\"text\":\"<\/p>\n<p>Se emplea b\u00e1sicamente para establecer relaciones m\u00e1s cercanas con los clientes, aparte, es una forma de garantizar que la informaci\u00f3n llegue r\u00e1pidamente. Tambi\u00e9n permite acceder a un <strong>gran repertorio de nuevas estrategias de promoci\u00f3n m\u00f3vil<\/strong>, como puede ser <a href='https:\/\/www.appyweb.es\/desarrollo-app\/'>el desarrollo de apps<\/a>, atenci\u00f3n al cliente por aplicaciones de mensajer\u00eda, bots de respuestas autom\u00e1ticas, etc.<\/p>\n<p>Entre otras de las <strong>estrategias para poner en pr\u00e1ctica en M-marketing<\/strong> son las promociones exclusivas para usuarios m\u00f3viles, si est\u00e1 dispuesto a realizar compras por una app puede obtener descuentos o ventajas adicionales. Los SMS tambi\u00e9n tienen un gran potencial, ya que son m\u00e1s directos y suelen tener una respuesta casi m\u00e1s r\u00e1pida que los emails, igualmente, las campa\u00f1as que se realizan por SMS, pueden alcanzar hasta el 95% de recepci\u00f3n.<\/p>\n<p>\"}},\n{\"@type\":\"Question\",\"name\":\"M-marketing caracter\u00edsticas principales\",\"acceptedAnswer\":{\"@type\":\"Answer\",\"text\":\"<\/p>\n<p>Lo principal es que son estrategias que se llevan a cabo de forma personal, no colectiva. Esto permite llevar a cabo <strong>t\u00e9cnicas m\u00e1s dirigidas a las necesidades reales de los usuarios<\/strong>. Aparte, los m\u00f3viles siempre se transportan, as\u00ed que los resultados se presentan de forma inmediata, lo que permite realizar un an\u00e1lisis en poco tiempo.<\/p>\n<p>Otra de las caracter\u00edsticas m\u00e1s notables es que permite el pago directo, los usuarios suelen tener sus sistemas de pago incorporados y listos para utilizar, por lo que el proceso de compra es m\u00e1s r\u00e1pido, preciso y seguro.<\/p>\n<p>\"}},\n{\"@type\":\"Question\",\"name\":\"Cu\u00e1les son las ventajas del M-marketing\",\"acceptedAnswer\":{\"@type\":\"Answer\",\"text\":\"<\/p>\n<\/p>\n<\/p>\n<\/p>\n<\/p>\n<ul>\n<\/p>\n<\/p>\n<\/p>\n<\/p>\n<li>Permiten ampliar los canales disponibles para conectar con el cliente, sobre todo de una forma m\u00e1s directa.<\/li>\n<\/p>\n<\/p>\n<\/p>\n<\/p>\n<\/p>\n<\/p>\n<\/p>\n<li>La variedad de opciones para publicitar es muy amplia, se pueden utilizar Ads en buscadores, redes sociales, SMS, emails...<\/li>\n<\/p>\n<\/p>\n<\/p>\n<\/p>\n<\/p>\n<\/p>\n<\/p>\n<li>Permite <strong>fidelizar clientes con mayor facilidad<\/strong>, ya que conexi\u00f3n es m\u00e1s directa, sobre todo con las campa\u00f1as de env\u00edo de mensajes.<\/li>\n<\/p>\n<\/p>\n<\/p>\n<\/p>\n<\/p>\n<\/p>\n<\/p>\n<li>Normalmente, los mensajes directos tienen mayor recepci\u00f3n y efectividad que cualquier otra estrategia de publicidad.<\/li>\n<\/p>\n<\/p>\n<\/p>\n<\/p>\n<\/p>\n<\/p>\n<\/p>\n<li>Es un sistema ideal para llevar a cabo estrategias de segmentaci\u00f3n y personalizaci\u00f3n, de esta forma, los usuarios se sienten m\u00e1s atra\u00eddos.<\/li>\n<\/p>\n<\/p>\n<\/p>\n<\/ul>\n<\/p>\n<\/p>\n<\/p>\n<p>\"}}\n]}<\/script><\/p>\n<h2>M\u00e1s informaci\u00f3n sobre M-marketing<\/h2>\n<p>En la actualidad, la publicidad para dispositivos m\u00f3viles evoluciona con cada tendencia y nuevo dispositivo, as\u00ed que es importante estar al tanto de estos cambios. En estos enlaces hay m\u00e1s informaci\u00f3n al respecto.<\/p>\n<ul>\n<li><a href=\"https:\/\/www.appyweb.es\/empresa-crear-una-app\/\">\u00bfPor qu\u00e9 tu empresa debe crear una APP?<\/a><\/li>\n<li><a href=\"http:\/\/gammaboxtech.com\/mercado-de-transaccion-de-pago-movil-nuevas-tendencias-de-inversion-y-pronostico-2021-2030\/\" rel=\"nofollow noopener\" target=\"_blank\">Mercado de transacci\u00f3n de pago m\u00f3vil: nuevas tendencias<\/a><\/li>\n<\/ul>\n<p>&nbsp;<\/p>\n","protected":false},"excerpt":{"rendered":"<p>Es el nombre que se le da a las estrategias de marketing dirigidas a dispositivos m\u00f3viles, M-marketing incluye anuncios, optimizaci\u00f3n para buscadores y SMS, todo centrado en usuarios con smatphones, tablets, entre otros. \u00bfQu\u00e9 es M-marketing? Este concepto hace referencia directamente al uso de smartphones, con la finalidad que los mismos sirvan como un medio [&hellip;]<\/p>\n","protected":false},"author":1,"featured_media":15725,"parent":0,"menu_order":0,"comment_status":"closed","ping_status":"closed","template":"","meta":{"inline_featured_image":false,"footnotes":""},"class_list":["post-2754","page","type-page","status-publish","has-post-thumbnail","hentry"],"_links":{"self":[{"href":"https:\/\/www.appyweb.es\/diccionario\/wp-json\/wp\/v2\/pages\/2754","targetHints":{"allow":["GET"]}}],"collection":[{"href":"https:\/\/www.appyweb.es\/diccionario\/wp-json\/wp\/v2\/pages"}],"about":[{"href":"https:\/\/www.appyweb.es\/diccionario\/wp-json\/wp\/v2\/types\/page"}],"author":[{"embeddable":true,"href":"https:\/\/www.appyweb.es\/diccionario\/wp-json\/wp\/v2\/users\/1"}],"replies":[{"embeddable":true,"href":"https:\/\/www.appyweb.es\/diccionario\/wp-json\/wp\/v2\/comments?post=2754"}],"version-history":[{"count":7,"href":"https:\/\/www.appyweb.es\/diccionario\/wp-json\/wp\/v2\/pages\/2754\/revisions"}],"predecessor-version":[{"id":15738,"href":"https:\/\/www.appyweb.es\/diccionario\/wp-json\/wp\/v2\/pages\/2754\/revisions\/15738"}],"wp:featuredmedia":[{"embeddable":true,"href":"https:\/\/www.appyweb.es\/diccionario\/wp-json\/wp\/v2\/media\/15725"}],"wp:attachment":[{"href":"https:\/\/www.appyweb.es\/diccionario\/wp-json\/wp\/v2\/media?parent=2754"}],"curies":[{"name":"wp","href":"https:\/\/api.w.org\/{rel}","templated":true}]}}