{"id":2759,"date":"2023-06-22T10:34:34","date_gmt":"2023-06-22T10:34:34","guid":{"rendered":"https:\/\/www.appyweb.es\/diccionario\/?page_id=2759"},"modified":"2024-04-25T11:47:32","modified_gmt":"2024-04-25T11:47:32","slug":"magento","status":"publish","type":"page","link":"https:\/\/www.appyweb.es\/diccionario\/magento\/","title":{"rendered":"Magento"},"content":{"rendered":"<figure id=\"attachment_15747\" aria-describedby=\"caption-attachment-15747\" style=\"width: 1000px\" class=\"wp-caption alignnone\"><img loading=\"lazy\" decoding=\"async\" class=\"size-full wp-image-15747\" src=\"https:\/\/www.appyweb.es\/diccionario\/wp-content\/uploads\/2024\/04\/Magento.jpg\" alt=\"Magento\" width=\"1000\" height=\"600\" srcset=\"https:\/\/www.appyweb.es\/diccionario\/wp-content\/uploads\/2024\/04\/Magento.jpg 1000w, https:\/\/www.appyweb.es\/diccionario\/wp-content\/uploads\/2024\/04\/Magento-300x180.jpg 300w, https:\/\/www.appyweb.es\/diccionario\/wp-content\/uploads\/2024\/04\/Magento-768x461.jpg 768w\" sizes=\"auto, (max-width: 1000px) 100vw, 1000px\" \/><figcaption id=\"caption-attachment-15747\" class=\"wp-caption-text\">Cesta de la compra y un paquete alado.<\/figcaption><\/figure>\n<p>Se trata de un software que se puede implementar en tiendas online o e-commerce para realizar compras. De hecho, <strong>Magento incluye un sistema de carrito de compras<\/strong> que gestiona las transacciones de los clientes, as\u00ed como alimenta una base de datos para futuras estrategias de marketing.<\/p>\n<h2>\u00bfQu\u00e9 es?<\/h2>\n<p>Se trata de un software de c\u00f3digo abierto que permite crear, <a href=\"https:\/\/www.appyweb.es\/diseno-tienda-online\/\">gestionar y dise\u00f1ar tiendas online<\/a> tambi\u00e9n conocidas como e-commerces. Fue creado por la empresa Varien Inc., que luego de que se popularizara en el mundo del comercio digital cambi\u00f3 su nombre Magento Inc.<\/p>\n<p>Este software fue adquirido por e-Bay en el 2008, pero sigue teniendo las mismas caracter\u00edsticas de un programa de c\u00f3digo abierto. Actualmente, <strong>cuenta con varias versiones que se pueden implementar<\/strong> para acceder a funciones avanzadas para gestionar todo un sitio web de compras.<\/p>\n<h2>\u00bfPara qu\u00e9 sirve?<\/h2>\n<p>Cuenta con muchas funcionalidades, dependiendo de la versi\u00f3n utilizada, sin embargo, su utilidad est\u00e1 dirigida a la gesti\u00f3n del e-commerce. Es decir, los propietarios de un sitio web <strong>pueden utilizar el software para personalizar el dise\u00f1o<\/strong>, llevar acabo ajustes de alimentaci\u00f3n de la base de datos, a\u00f1adir configuraciones en el sistema de carrito de compras, todo lo relacionado con las <a href=\"https:\/\/www.appyweb.es\/embudo-ventas-e-commerce\/\">estrategias de embudo de ventas<\/a>, etc.<\/p>\n<p>Asimismo, sirve como apoyo a los propietarios de sitios web que requieren de una plataforma amigable y f\u00e1cil de utilizar. <strong>La primera versi\u00f3n de Magento Open Source es una plataforma b\u00e1sica<\/strong>, muy f\u00e1cil de personalizar, as\u00ed que es ideal para usuarios que est\u00e1n migrando a lo digital por primera vez.<\/p>\n<h2>\u00bfCu\u00e1les son las ventajas de Magento?<\/h2>\n<ul>\n<li>Una de las ventajas m\u00e1s populares es que ofrece una gran cantidad de temas y plantillas para elegir, lo que permite que el sitio sea m\u00e1s original, aparte, sus configuraciones para personalizar mejoran la experiencia.<\/li>\n<li>Igualmente, <strong>la herramienta incluye m\u00f3dulos o plugins que se pueden implementar<\/strong> de forma adicional, para mejorar el funcionamiento del e-commerce.<\/li>\n<li>Tiene un gran nivel de integraci\u00f3n, puede conectarse con PayPal, Shopify y otras plataformas reconocidas.<\/li>\n<li>Las opciones de personalizaci\u00f3n permiten hacer cambios del c\u00f3digo en PHP, HTML y CSS.<\/li>\n<\/ul>\n<h2>\u00bfCu\u00e1nto cuesta Magento?<\/h2>\n<p>Aparte de la versi\u00f3n Open Source, <strong>la empresa tambi\u00e9n ofrece versiones de pago para las empresas<\/strong> que quieran implementar funcionalidades avanzadas e incluso obtener la ayuda de sistemas inteligentes. Pr\u00e1cticamente, permiten gestionar el sitio casi sin intervenci\u00f3n humana. El plan de pago lleva el nombre de <em>Magento Enterprise<\/em> y cuesta 26.000 USD anuales.<\/p>\n<p>Para la construcci\u00f3n del sitio web solicitan un pago de 25 mil USD, a esto se le a\u00f1aden 12.000 $ para mantenimiento y 22.000 $ por la licencia del sitio web de forma anual.<\/p>\n<p><script type=\"application\/ld+json\">{\"@context\":\"https:\/\/schema.org\",\"@type\":\"FAQPage\",\"mainEntity\":[ \n{\"@type\":\"Question\",\"name\":\"\u00bfQu\u00e9 es?\",\"acceptedAnswer\":{\"@type\":\"Answer\",\"text\":\"<\/p>\n<p>Se trata de un software de c\u00f3digo abierto que permite crear, <a href='https:\/\/www.appyweb.es\/diseno-tienda-online\/'>gestionar y dise\u00f1ar tiendas online<\/a> tambi\u00e9n conocidas como e-commerces. Fue creado por la empresa Varien Inc., que luego de que se popularizara en el mundo del comercio digital cambi\u00f3 su nombre Magento Inc.<\/p>\n<p>Este software fue adquirido por e-Bay en el 2008, pero sigue teniendo las mismas caracter\u00edsticas de un programa de c\u00f3digo abierto. Actualmente, <strong>cuenta con varias versiones que se pueden implementar<\/strong> para acceder a funciones avanzadas para gestionar todo un sitio web de compras.<\/p>\n<p>\"}},\n{\"@type\":\"Question\",\"name\":\"\u00bfPara qu\u00e9 sirve?\",\"acceptedAnswer\":{\"@type\":\"Answer\",\"text\":\"<\/p>\n<p>Cuenta con muchas funcionalidades, dependiendo de la versi\u00f3n utilizada, sin embargo, su utilidad est\u00e1 dirigida a la gesti\u00f3n del e-commerce. Es decir, los propietarios de un sitio web <strong>pueden utilizar el software para personalizar el dise\u00f1o<\/strong>, llevar acabo ajustes de alimentaci\u00f3n de la base de datos, a\u00f1adir configuraciones en el sistema de carrito de compras, todo lo relacionado con las <a href='https:\/\/www.appyweb.es\/embudo-ventas-e-commerce\/'>estrategias de embudo de ventas<\/a>, etc.<\/p>\n<p>Asimismo, sirve como apoyo a los propietarios de sitios web que requieren de una plataforma amigable y f\u00e1cil de utilizar. <strong>La primera versi\u00f3n de Magento Open Source es una plataforma b\u00e1sica<\/strong>, muy f\u00e1cil de personalizar, as\u00ed que es ideal para usuarios que est\u00e1n migrando a lo digital por primera vez.<\/p>\n<p>\"}},\n{\"@type\":\"Question\",\"name\":\"\u00bfCu\u00e1les son las ventajas de Magento?\",\"acceptedAnswer\":{\"@type\":\"Answer\",\"text\":\"<\/p>\n<\/p>\n<\/p>\n<ul>\n<\/p>\n<\/p>\n<li>Una de las ventajas m\u00e1s populares es que ofrece una gran cantidad de temas y plantillas para elegir, lo que permite que el sitio sea m\u00e1s original, aparte, sus configuraciones para personalizar mejoran la experiencia.<\/li>\n<\/p>\n<\/p>\n<\/p>\n<li>Igualmente, <strong>la herramienta incluye m\u00f3dulos o plugins que se pueden implementar<\/strong> de forma adicional, para mejorar el funcionamiento del e-commerce.<\/li>\n<\/p>\n<\/p>\n<\/p>\n<li>Tiene un gran nivel de integraci\u00f3n, puede conectarse con PayPal, Shopify y otras plataformas reconocidas.<\/li>\n<\/p>\n<\/p>\n<\/p>\n<li>Las opciones de personalizaci\u00f3n permiten hacer cambios del c\u00f3digo en PHP, HTML y CSS.<\/li>\n<\/p>\n<\/ul>\n<\/p>\n<p>\"}},\n{\"@type\":\"Question\",\"name\":\"\u00bfCu\u00e1nto cuesta Magento?\",\"acceptedAnswer\":{\"@type\":\"Answer\",\"text\":\"<\/p>\n<p>Aparte de la versi\u00f3n Open Source, <strong>la empresa tambi\u00e9n ofrece versiones de pago para las empresas<\/strong> que quieran implementar funcionalidades avanzadas e incluso obtener la ayuda de sistemas inteligentes. Pr\u00e1cticamente, permiten gestionar el sitio casi sin intervenci\u00f3n humana. El plan de pago lleva el nombre de <em>Magento Enterprise<\/em> y cuesta 26.000 USD anuales.<\/p>\n<p>Para la construcci\u00f3n del sitio web solicitan un pago de 25 mil USD, a esto se le a\u00f1aden 12.000 $ para mantenimiento y 22.000 $ por la licencia del sitio web de forma anual.<\/p>\n<p>\"}}\n]}<\/script><\/p>\n<h2>M\u00e1s informaci\u00f3n sobre Magento<\/h2>\n<p>Sin dudas, es una herramienta de primera, que aunque no es recomendado para peque\u00f1as y medianas empresas, s\u00ed tiene gran potencial para los que cuentan con una mayor posibilidad de inversi\u00f3n. En estos enlaces hay m\u00e1s informaci\u00f3n sobre Magento.<\/p>\n<ul>\n<li><a href=\"https:\/\/www.appyweb.es\/7-consejos-para-mejorar-en-tu-estrategia-ecommerce\/\">7 consejos para mejorar tu estrategia eCommerce<\/a><\/li>\n<li><a href=\"https:\/\/es.wikipedia.org\/wiki\/Magento#Principales_funcionalidades\" rel=\"nofollow noopener\" target=\"_blank\">Principales funcionalidades de Magento<\/a><\/li>\n<\/ul>\n<p>&nbsp;<\/p>\n","protected":false},"excerpt":{"rendered":"<p>Se trata de un software que se puede implementar en tiendas online o e-commerce para realizar compras. De hecho, Magento incluye un sistema de carrito de compras que gestiona las transacciones de los clientes, as\u00ed como alimenta una base de datos para futuras estrategias de marketing. \u00bfQu\u00e9 es? Se trata de un software de c\u00f3digo [&hellip;]<\/p>\n","protected":false},"author":1,"featured_media":15747,"parent":0,"menu_order":0,"comment_status":"closed","ping_status":"closed","template":"","meta":{"inline_featured_image":false,"footnotes":""},"class_list":["post-2759","page","type-page","status-publish","has-post-thumbnail","hentry"],"_links":{"self":[{"href":"https:\/\/www.appyweb.es\/diccionario\/wp-json\/wp\/v2\/pages\/2759","targetHints":{"allow":["GET"]}}],"collection":[{"href":"https:\/\/www.appyweb.es\/diccionario\/wp-json\/wp\/v2\/pages"}],"about":[{"href":"https:\/\/www.appyweb.es\/diccionario\/wp-json\/wp\/v2\/types\/page"}],"author":[{"embeddable":true,"href":"https:\/\/www.appyweb.es\/diccionario\/wp-json\/wp\/v2\/users\/1"}],"replies":[{"embeddable":true,"href":"https:\/\/www.appyweb.es\/diccionario\/wp-json\/wp\/v2\/comments?post=2759"}],"version-history":[{"count":6,"href":"https:\/\/www.appyweb.es\/diccionario\/wp-json\/wp\/v2\/pages\/2759\/revisions"}],"predecessor-version":[{"id":15751,"href":"https:\/\/www.appyweb.es\/diccionario\/wp-json\/wp\/v2\/pages\/2759\/revisions\/15751"}],"wp:featuredmedia":[{"embeddable":true,"href":"https:\/\/www.appyweb.es\/diccionario\/wp-json\/wp\/v2\/media\/15747"}],"wp:attachment":[{"href":"https:\/\/www.appyweb.es\/diccionario\/wp-json\/wp\/v2\/media?parent=2759"}],"curies":[{"name":"wp","href":"https:\/\/api.w.org\/{rel}","templated":true}]}}