{"id":2767,"date":"2023-06-22T10:36:50","date_gmt":"2023-06-22T10:36:50","guid":{"rendered":"https:\/\/www.appyweb.es\/diccionario\/?page_id=2767"},"modified":"2024-04-25T14:18:13","modified_gmt":"2024-04-25T14:18:13","slug":"mailing","status":"publish","type":"page","link":"https:\/\/www.appyweb.es\/diccionario\/mailing\/","title":{"rendered":"Mailing"},"content":{"rendered":"<figure id=\"attachment_15756\" aria-describedby=\"caption-attachment-15756\" style=\"width: 1000px\" class=\"wp-caption alignnone\"><img loading=\"lazy\" decoding=\"async\" class=\"size-full wp-image-15756\" src=\"https:\/\/www.appyweb.es\/diccionario\/wp-content\/uploads\/2024\/04\/Mailing.jpg\" alt=\"Mailing\" width=\"1000\" height=\"600\" srcset=\"https:\/\/www.appyweb.es\/diccionario\/wp-content\/uploads\/2024\/04\/Mailing.jpg 1000w, https:\/\/www.appyweb.es\/diccionario\/wp-content\/uploads\/2024\/04\/Mailing-300x180.jpg 300w, https:\/\/www.appyweb.es\/diccionario\/wp-content\/uploads\/2024\/04\/Mailing-768x461.jpg 768w\" sizes=\"auto, (max-width: 1000px) 100vw, 1000px\" \/><figcaption id=\"caption-attachment-15756\" class=\"wp-caption-text\">Portatil con muchos correos.<\/figcaption><\/figure>\n<p>Es el nombre que se le da a los env\u00edos de emails masivos, <strong>el Mailing consiste en hacer campa\u00f1as de publicidad m\u00e1s directas y personalizadas<\/strong>. Su diferencia con el email-marketing es que la base de datos no proviene estrictamente de un formulario de suscripci\u00f3n.<\/p>\n<h2>\u00bfQu\u00e9 es?<\/h2>\n<p>Esta es una estrategia que consiste b\u00e1sicamente <strong>en el env\u00edo de emails corporativos de forma masiva<\/strong>. Se diferencia de las <a href=\"https:\/\/www.appyweb.es\/email-marketing-para-empresas\/\">estrategias de email marketing<\/a> porque \u00e9ste no utiliza herramientas de conversi\u00f3n muy espec\u00edficas o estrictamente dirigidas a estrategias de inbound marketing.<\/p>\n<p>Las <strong>bases de datos para el mailing pueden provenir desde cualquier fuente<\/strong>, como un formulario de suscripci\u00f3n, un formulario para la descarga de un e-book, fans en redes sociales, interacciones en el sitio web, etc. Tambi\u00e9n puede darse el caso de la compra de base de datos, pero es una pr\u00e1ctica ilegal, ya que se requiere del permiso de los usuarios antes de hacer env\u00edos corporativos.<\/p>\n<h2>\u00bfPara qu\u00e9 sirve?<\/h2>\n<p>En primer lugar, es una t\u00e9cnica muy eficiente porque actualmente apunta a la personalizaci\u00f3n, no importa de qu\u00e9 canal provengan, los usuarios se pueden segmentar para las campa\u00f1as de env\u00edo seg\u00fan sus intereses, necesidades, gustos, etc. Aunque no tenga una efectividad tan alta y estrat\u00e9gica <a href=\"https:\/\/www.appyweb.es\/gestion-newsletters\/\">como la gesti\u00f3n de newsletters<\/a>, es una t\u00e9cnica que permite separar los usuarios verdaderamente interesados de los que no en unos pocos env\u00edos.<\/p>\n<p>Asimismo, <strong>su funcionalidad se centra en conseguir ventas o conversiones web<\/strong>, los env\u00edos son en su mayor\u00eda publicitarios, lo que apunta directamente a la tasa de ventas. Sin embargo, tambi\u00e9n se puede utilizar el mailing para atraer mayor tr\u00e1fico hacia una tienda online.<\/p>\n<h2>\u00bfC\u00f3mo se hace una campa\u00f1a de mailing?<\/h2>\n<p>Para empezar, es necesario un sistema de env\u00edos, algunos ofrecen planes de campa\u00f1as a partir de 5000 env\u00edos mensuales, lo importante es que la empresa analice <strong>cu\u00e1l es el plan que necesita seg\u00fan la cantidad de usuarios en la base de datos<\/strong>. Por ejemplo, si la base cuenta con 2500 contactos solo podr\u00e1 hacer dos campa\u00f1as al mes. Despu\u00e9s, se siguen estos pasos.<\/p>\n<ol>\n<li>Se realiza el dise\u00f1o del email, usualmente, los sistemas de env\u00edos tienen un editor que permite personalizar la campa\u00f1a al m\u00e1ximo.<\/li>\n<li>Lo siguiente es <strong>segmentar los grupos de env\u00edos<\/strong>, seg\u00fan cada grupo se modifica la campa\u00f1a centrada en sus intereses.<\/li>\n<li>Despu\u00e9s, se realiza el env\u00edo, algunos sistemas garantizan resultados en tiempo real.<\/li>\n<li>Por \u00faltimo, se analizan los resultados, cu\u00e1ntos env\u00edos fueron recibidos, cu\u00e1ntos aperturados y usuarios convertidos.<\/li>\n<\/ol>\n<h2>M\u00e1s informaci\u00f3n sobre Mailing<\/h2>\n<p>Sin dudas, es una estrategia importante en el mundo del marketing digital, pero es necesario estar al tanto de algunos trucos, mira estos enlaces y conoce m\u00e1s sobre esta t\u00e9cnica.<\/p>\n<ul>\n<li><a href=\"https:\/\/www.appyweb.es\/consigue-tus-clientes-reaccionen-tus-campanas-email-marketing\/\">Consigue que tus clientes reaccionen a tus campa\u00f1as de email marketing<\/a><\/li>\n<li><a href=\"https:\/\/digitalsevilla.com\/2021\/01\/12\/como-hacer-una-campana-de-mailing-exitosa-para-tu-negocio\/\" rel=\"nofollow noopener\" target=\"_blank\">\u00bfC\u00f3mo hacer una campa\u00f1a de mailing exitosa para tu negocio?<\/a><\/li>\n<\/ul>\n<p>&nbsp;<\/p>\n","protected":false},"excerpt":{"rendered":"<p>Es el nombre que se le da a los env\u00edos de emails masivos, el Mailing consiste en hacer campa\u00f1as de publicidad m\u00e1s directas y personalizadas. Su diferencia con el email-marketing es que la base de datos no proviene estrictamente de un formulario de suscripci\u00f3n. \u00bfQu\u00e9 es? Esta es una estrategia que consiste b\u00e1sicamente en el [&hellip;]<\/p>\n","protected":false},"author":1,"featured_media":15756,"parent":0,"menu_order":0,"comment_status":"closed","ping_status":"closed","template":"","meta":{"inline_featured_image":false,"footnotes":""},"class_list":["post-2767","page","type-page","status-publish","has-post-thumbnail","hentry"],"_links":{"self":[{"href":"https:\/\/www.appyweb.es\/diccionario\/wp-json\/wp\/v2\/pages\/2767","targetHints":{"allow":["GET"]}}],"collection":[{"href":"https:\/\/www.appyweb.es\/diccionario\/wp-json\/wp\/v2\/pages"}],"about":[{"href":"https:\/\/www.appyweb.es\/diccionario\/wp-json\/wp\/v2\/types\/page"}],"author":[{"embeddable":true,"href":"https:\/\/www.appyweb.es\/diccionario\/wp-json\/wp\/v2\/users\/1"}],"replies":[{"embeddable":true,"href":"https:\/\/www.appyweb.es\/diccionario\/wp-json\/wp\/v2\/comments?post=2767"}],"version-history":[{"count":6,"href":"https:\/\/www.appyweb.es\/diccionario\/wp-json\/wp\/v2\/pages\/2767\/revisions"}],"predecessor-version":[{"id":15758,"href":"https:\/\/www.appyweb.es\/diccionario\/wp-json\/wp\/v2\/pages\/2767\/revisions\/15758"}],"wp:featuredmedia":[{"embeddable":true,"href":"https:\/\/www.appyweb.es\/diccionario\/wp-json\/wp\/v2\/media\/15756"}],"wp:attachment":[{"href":"https:\/\/www.appyweb.es\/diccionario\/wp-json\/wp\/v2\/media?parent=2767"}],"curies":[{"name":"wp","href":"https:\/\/api.w.org\/{rel}","templated":true}]}}