{"id":2788,"date":"2023-06-22T10:45:54","date_gmt":"2023-06-22T10:45:54","guid":{"rendered":"https:\/\/www.appyweb.es\/diccionario\/?page_id=2788"},"modified":"2024-04-26T08:33:14","modified_gmt":"2024-04-26T08:33:14","slug":"malware","status":"publish","type":"page","link":"https:\/\/www.appyweb.es\/diccionario\/malware\/","title":{"rendered":"Malware"},"content":{"rendered":"<figure id=\"attachment_15773\" aria-describedby=\"caption-attachment-15773\" style=\"width: 1000px\" class=\"wp-caption alignnone\"><img loading=\"lazy\" decoding=\"async\" class=\"size-full wp-image-15773\" src=\"https:\/\/www.appyweb.es\/diccionario\/wp-content\/uploads\/2024\/04\/Malware.jpg\" alt=\"Malware\" width=\"1000\" height=\"600\" srcset=\"https:\/\/www.appyweb.es\/diccionario\/wp-content\/uploads\/2024\/04\/Malware.jpg 1000w, https:\/\/www.appyweb.es\/diccionario\/wp-content\/uploads\/2024\/04\/Malware-300x180.jpg 300w, https:\/\/www.appyweb.es\/diccionario\/wp-content\/uploads\/2024\/04\/Malware-768x461.jpg 768w\" sizes=\"auto, (max-width: 1000px) 100vw, 1000px\" \/><figcaption id=\"caption-attachment-15773\" class=\"wp-caption-text\">Pantalla de portatil con codigo malicioso.<\/figcaption><\/figure>\n<p>Al igual que los virus atacan a los humanos, existen sistemas que son capaces de atacar a los ordenadores.\u00a0 Usualmente, son conocidos como <strong>malware, un tipo de software malintencionado<\/strong> capaz de causar mal funcionamiento en los ordenadores y sistemas inform\u00e1ticos en general.<\/p>\n<h2>\u00bfQu\u00e9 es?<\/h2>\n<p>Este t\u00e9rmino hace referencia el software maliciosos, que pueden ser cualquier c\u00f3digo, error o <strong>hasta virus capaces de acceder a alg\u00fan equipo y causar da\u00f1os<\/strong>. Pueden desde afectar su funcionamiento, hasta causar p\u00e9rdidas de informaci\u00f3n. Durante el <a href=\"https:\/\/www.appyweb.es\/diseno-web\/\">dise\u00f1o web de sitios<\/a> para empresas es importante utilizar firewalls y otras herramientas para evitar el acceso de este tipo de virus.<\/p>\n<p>A pesar de que estos no pueden causar da\u00f1os en el hardware, son capaces de robar informaci\u00f3n de los usuarios, por ejemplo, los datos de pago. Los malware tambi\u00e9n pueden acceder a trav\u00e9s de otras herramientas como el correo electr\u00f3nico.<\/p>\n<h2>Tipos de malware<\/h2>\n<p>Durante el <a href=\"https:\/\/www.appyweb.es\/desarrollo-app\/\">desarrollo de sitios web y aplicaciones<\/a> es importante utilizar una <strong>serie de protecciones hacia distintos tipos de virus<\/strong>, no todos son iguales ni tampoco todos tienen los mismos objetivos, por eso es importante reconocerlos antes de estar en contacto con ellos. Los m\u00e1s conocidos son los siguientes.<\/p>\n<ul>\n<li><strong>Virus<\/strong>: Son los que suelen estar incrustados en programas que han sido descargados por los usuarios de Internet.<\/li>\n<li><strong>Troyanos<\/strong>: Son los que est\u00e1n escondidos en documentos o recursos que son descargados desde Internet.<\/li>\n<li><strong>Spyware<\/strong>: son atacantes que solamente esp\u00edan los movimientos del usuario una vez que es son incorporados en el ordenador.<\/li>\n<\/ul>\n<h2>\u00bfC\u00f3mo se puede saber si el equipo est\u00e1 infectado?<\/h2>\n<p>Puede presentarse de muchas formas, en todos los casos no es tarea sencilla, pero es posible detectarlos simplemente viendo el funcionamiento del equipo. Uno de los principales errores que suele presentar, es que <strong>los programas del ordenador o dispositivo suelen trabajar con mayor lentitud<\/strong>. El sistema operativo se encuentra comprometido, por lo cual su velocidad estar\u00e1 disminuida.<\/p>\n<p>Tambi\u00e9n es com\u00fan la aparici\u00f3n de publicidad o el acceso hacia un navegador sin haberlo seleccionado primero, que es un signo inequ\u00edvoco de la presencia de una malware. <strong>Tambi\u00e9n se puede presentar una p\u00e9rdida de espacio en el disco de forma inexplicable<\/strong>, este tipo de programas se pueden ocultar all\u00ed.<\/p>\n<h2>\u00bfC\u00f3mo se pueden eliminar?<\/h2>\n<p>Si se presentan sospechas de que el dispositivo pueda encontrar contaminado, <strong>lo recomendable es descargar alg\u00fan antimalware<\/strong>. Este ayuda a detectarlos y eliminarlos. Pero uno de los m\u00e9todos m\u00e1s importantes para evitar el ataque de este tipo de virus es utilizar sistemas de prevenci\u00f3n, un antivirus o firewall cuentan con las configuraciones necesarias para tratar de evitar el paso de virus a trav\u00e9s de Internet.<\/p>\n<p>Tambi\u00e9n es importante utilizar contrase\u00f1as de alta seguridad y evitar descargar software o programas que sean de dudosa procedencia.<\/p>\n<p><script type=\"application\/ld+json\">{\"@context\":\"https:\/\/schema.org\",\"@type\":\"FAQPage\",\"mainEntity\":[ \n{\"@type\":\"Question\",\"name\":\"\u00bfQu\u00e9 es?\",\"acceptedAnswer\":{\"@type\":\"Answer\",\"text\":\"<\/p>\n<p>Este t\u00e9rmino hace referencia el software maliciosos, que pueden ser cualquier c\u00f3digo, error o <strong>hasta virus capaces de acceder a alg\u00fan equipo y causar da\u00f1os<\/strong>. Pueden desde afectar su funcionamiento, hasta causar p\u00e9rdidas de informaci\u00f3n. Durante el <a href='https:\/\/www.appyweb.es\/diseno-web\/'>dise\u00f1o web de sitios<\/a> para empresas es importante utilizar firewalls y otras herramientas para evitar el acceso de este tipo de virus.<\/p>\n<p>A pesar de que estos no pueden causar da\u00f1os en el hardware, son capaces de robar informaci\u00f3n de los usuarios, por ejemplo, los datos de pago. Los malware tambi\u00e9n pueden acceder a trav\u00e9s de otras herramientas como el correo electr\u00f3nico.<\/p>\n<p>\"}},\n{\"@type\":\"Question\",\"name\":\"Tipos de malware\",\"acceptedAnswer\":{\"@type\":\"Answer\",\"text\":\"<\/p>\n<p>Durante el <a href='https:\/\/www.appyweb.es\/desarrollo-app\/'>desarrollo de sitios web y aplicaciones<\/a> es importante utilizar una <strong>serie de protecciones hacia distintos tipos de virus<\/strong>, no todos son iguales ni tampoco todos tienen los mismos objetivos, por eso es importante reconocerlos antes de estar en contacto con ellos. Los m\u00e1s conocidos son los siguientes.<\/p>\n<\/p>\n<\/p>\n<ul>\n<\/p>\n<\/p>\n<li><strong>Virus<\/strong>: Son los que suelen estar incrustados en programas que han sido descargados por los usuarios de Internet.<\/li>\n<\/p>\n<\/p>\n<\/p>\n<li><strong>Troyanos<\/strong>: Son los que est\u00e1n escondidos en documentos o recursos que son descargados desde Internet.<\/li>\n<\/p>\n<\/p>\n<\/p>\n<li><strong>Spyware<\/strong>: son atacantes que solamente esp\u00edan los movimientos del usuario una vez que es son incorporados en el ordenador.<\/li>\n<\/p>\n<\/ul>\n<\/p>\n<p>\"}},\n{\"@type\":\"Question\",\"name\":\"\u00bfC\u00f3mo se puede saber si el equipo est\u00e1 infectado?\",\"acceptedAnswer\":{\"@type\":\"Answer\",\"text\":\"<\/p>\n<p>Puede presentarse de muchas formas, en todos los casos no es tarea sencilla, pero es posible detectarlos simplemente viendo el funcionamiento del equipo. Uno de los principales errores que suele presentar, es que <strong>los programas del ordenador o dispositivo suelen trabajar con mayor lentitud<\/strong>. El sistema operativo se encuentra comprometido, por lo cual su velocidad estar\u00e1 disminuida.<\/p>\n<p>Tambi\u00e9n es com\u00fan la aparici\u00f3n de publicidad o el acceso hacia un navegador sin haberlo seleccionado primero, que es un signo inequ\u00edvoco de la presencia de una malware. <strong>Tambi\u00e9n se puede presentar una p\u00e9rdida de espacio en el disco de forma inexplicable<\/strong>, este tipo de programas se pueden ocultar all\u00ed.<\/p>\n<p>\"}},\n{\"@type\":\"Question\",\"name\":\"\u00bfC\u00f3mo se pueden eliminar?\",\"acceptedAnswer\":{\"@type\":\"Answer\",\"text\":\"<\/p>\n<p>Si se presentan sospechas de que el dispositivo pueda encontrar contaminado, <strong>lo recomendable es descargar alg\u00fan antimalware<\/strong>. Este ayuda a detectarlos y eliminarlos. Pero uno de los m\u00e9todos m\u00e1s importantes para evitar el ataque de este tipo de virus es utilizar sistemas de prevenci\u00f3n, un antivirus o firewall cuentan con las configuraciones necesarias para tratar de evitar el paso de virus a trav\u00e9s de Internet.<\/p>\n<p>Tambi\u00e9n es importante utilizar contrase\u00f1as de alta seguridad y evitar descargar software o programas que sean de dudosa procedencia.<\/p>\n<p>\"}}\n]}<\/script><\/p>\n<h2>M\u00e1s informaci\u00f3n sobre Malware<\/h2>\n<p>Todos los usuarios de Internet, sean empresas o visitantes ordinarios, deben estar al tanto de qu\u00e9 son y c\u00f3mo funcionan los malware aqu\u00ed tiene un par de enlaces con m\u00e1s informaci\u00f3n.<\/p>\n<ul>\n<li><a href=\"https:\/\/www.appyweb.es\/diccionario\/firewall\/\">\u00bfQu\u00e9 es el Firewall y para qu\u00e9 sirve?<\/a><\/li>\n<li><a href=\"https:\/\/www.welivesecurity.com\/la-es\/2021\/01\/05\/formas-comunes-dispositivos-pueden-infectarse-con-malware\/\" rel=\"nofollow noopener\" target=\"_blank\">7 formas en las que tus dispositivos se pueden infectar con malware<\/a><\/li>\n<\/ul>\n<p>&nbsp;<\/p>\n","protected":false},"excerpt":{"rendered":"<p>Al igual que los virus atacan a los humanos, existen sistemas que son capaces de atacar a los ordenadores.\u00a0 Usualmente, son conocidos como malware, un tipo de software malintencionado capaz de causar mal funcionamiento en los ordenadores y sistemas inform\u00e1ticos en general. \u00bfQu\u00e9 es? Este t\u00e9rmino hace referencia el software maliciosos, que pueden ser cualquier [&hellip;]<\/p>\n","protected":false},"author":1,"featured_media":15773,"parent":0,"menu_order":0,"comment_status":"closed","ping_status":"closed","template":"","meta":{"inline_featured_image":false,"footnotes":""},"class_list":["post-2788","page","type-page","status-publish","has-post-thumbnail","hentry"],"_links":{"self":[{"href":"https:\/\/www.appyweb.es\/diccionario\/wp-json\/wp\/v2\/pages\/2788","targetHints":{"allow":["GET"]}}],"collection":[{"href":"https:\/\/www.appyweb.es\/diccionario\/wp-json\/wp\/v2\/pages"}],"about":[{"href":"https:\/\/www.appyweb.es\/diccionario\/wp-json\/wp\/v2\/types\/page"}],"author":[{"embeddable":true,"href":"https:\/\/www.appyweb.es\/diccionario\/wp-json\/wp\/v2\/users\/1"}],"replies":[{"embeddable":true,"href":"https:\/\/www.appyweb.es\/diccionario\/wp-json\/wp\/v2\/comments?post=2788"}],"version-history":[{"count":6,"href":"https:\/\/www.appyweb.es\/diccionario\/wp-json\/wp\/v2\/pages\/2788\/revisions"}],"predecessor-version":[{"id":15782,"href":"https:\/\/www.appyweb.es\/diccionario\/wp-json\/wp\/v2\/pages\/2788\/revisions\/15782"}],"wp:featuredmedia":[{"embeddable":true,"href":"https:\/\/www.appyweb.es\/diccionario\/wp-json\/wp\/v2\/media\/15773"}],"wp:attachment":[{"href":"https:\/\/www.appyweb.es\/diccionario\/wp-json\/wp\/v2\/media?parent=2788"}],"curies":[{"name":"wp","href":"https:\/\/api.w.org\/{rel}","templated":true}]}}