{"id":2797,"date":"2023-06-22T10:49:24","date_gmt":"2023-06-22T10:49:24","guid":{"rendered":"https:\/\/www.appyweb.es\/diccionario\/?page_id=2797"},"modified":"2024-04-26T08:59:30","modified_gmt":"2024-04-26T08:59:30","slug":"manager","status":"publish","type":"page","link":"https:\/\/www.appyweb.es\/diccionario\/manager\/","title":{"rendered":"M\u00e1nager"},"content":{"rendered":"<figure id=\"attachment_15784\" aria-describedby=\"caption-attachment-15784\" style=\"width: 1000px\" class=\"wp-caption alignnone\"><img loading=\"lazy\" decoding=\"async\" class=\"size-full wp-image-15784\" src=\"https:\/\/www.appyweb.es\/diccionario\/wp-content\/uploads\/2024\/04\/Manager.jpg\" alt=\"M\u00e1nager\" width=\"1000\" height=\"600\" srcset=\"https:\/\/www.appyweb.es\/diccionario\/wp-content\/uploads\/2024\/04\/Manager.jpg 1000w, https:\/\/www.appyweb.es\/diccionario\/wp-content\/uploads\/2024\/04\/Manager-300x180.jpg 300w, https:\/\/www.appyweb.es\/diccionario\/wp-content\/uploads\/2024\/04\/Manager-768x461.jpg 768w\" sizes=\"auto, (max-width: 1000px) 100vw, 1000px\" \/><figcaption id=\"caption-attachment-15784\" class=\"wp-caption-text\">Persona mirando a quien contratar mientras habla con un cliente.<\/figcaption><\/figure>\n<p>Es el nombre que se le da al directivo de una empresa que usualmente est\u00e1 encargado de un grupo o departamento. <strong>M\u00e1nager significa \u201cgerente\u201d en espa\u00f1ol, <\/strong>por lo que es el responsable de las actividades de un grupo, as\u00ed como llevar a cabo otras tareas propias de la direcci\u00f3n.<\/p>\n<h2>\u00bfQu\u00e9 es un m\u00e1nager?<\/h2>\n<p>En el mundo de los negocios, <strong>un m\u00e1nager es un director ejecutivo que se centra en la gesti\u00f3n y administraci\u00f3n<\/strong> de un departamento. Son los que se encargan de desarrollar estrategias, coordinar la inversi\u00f3n, entre otras tareas principales para llevar a cabo proyectos que beneficiar\u00e1n a la empresa. Por ejemplo, un <em>content manager<\/em> es el encargado de la <a href=\"https:\/\/www.appyweb.es\/marketing-de-contenidos\/\">estrategia de marketing de contenidos<\/a>, es decir, coordina a los escritores y editores del Blog, entre otros aspectos.<\/p>\n<p>Tambi\u00e9n es necesario mencionar que se debe hacer una diferencia entre los gerentes que se refieren a los directivos dentro de las empresas y los que tienen la ocupaci\u00f3n de representar a un personaje frente a actividades comerciales. Por ejemplo, el agente o promotor de un atleta o celebridad.<\/p>\n<h2>\u00bfPara qu\u00e9 sirve?<\/h2>\n<p>La principal funci\u00f3n de un gerente es coordinar los equipos de trabajo seg\u00fan los objetivos propuestos, normalmente son los que <strong>toman las decisiones en conjunto con otros directores<\/strong> para llevar a cabo proyectos para el crecimiento de la empresa. Igualmente, tambi\u00e9n es el responsable de dar respuesta a los objetivos propuestos.<\/p>\n<p>Algunos ejemplos de estos trabajadores en el mundo del marketing digital <a href=\"https:\/\/www.appyweb.es\/social-media-manager\/\">son los social media manager<\/a>, son los relacionados con la coordinaci\u00f3n todas las estrategias que tengan que ver con las redes sociales y la identidad corporativa de una empresa en Internet.<\/p>\n<h2>\u00bfCu\u00e1les son las funciones de un m\u00e1nager en marketing?<\/h2>\n<ul>\n<li>Deben investigar las ventajas y desventajas de los objetivos propuestos para el proyecto.<\/li>\n<li>Determinar <strong>cu\u00e1les eran las herramientas y el presupuesto a utilizar<\/strong> durante el mismo.<\/li>\n<li>Analizan y eval\u00faan la demanda del producto para dirigirlo hacia p\u00fablicos m\u00e1s acertados.<\/li>\n<li>Desarrollan campa\u00f1as y estrategias de publicidad de gran nivel.<\/li>\n<li>Desarrollar una imagen de la empresa qu\u00e9 ser\u00e1 distribuida a trav\u00e9s de distintos canales de publicidad.<\/li>\n<\/ul>\n<h2>\u00bfCu\u00e1nto cobra un m\u00e1nager?<\/h2>\n<p>Es importante considerar que para establecer el sueldo de alg\u00fan directivo en una empresa <strong>se deben tener en cuenta las tareas que realizar\u00e1<\/strong>, el nivel de proyecto que deber\u00e1 llevar a cabo y su experiencia en el sector. Esto tambi\u00e9n depender\u00e1 del departamento que vaya a representar. Para los gerentes dirigidos al marketing pueden tener un sueldo base de 47000 \u20ac al a\u00f1o.<\/p>\n<p><script type=\"application\/ld+json\">{\"@context\":\"https:\/\/schema.org\",\"@type\":\"FAQPage\",\"mainEntity\":[ \n{\"@type\":\"Question\",\"name\":\"\u00bfQu\u00e9 es un m\u00e1nager?\",\"acceptedAnswer\":{\"@type\":\"Answer\",\"text\":\"<\/p>\n<p>En el mundo de los negocios, <strong>un m\u00e1nager es un director ejecutivo que se centra en la gesti\u00f3n y administraci\u00f3n<\/strong> de un departamento. Son los que se encargan de desarrollar estrategias, coordinar la inversi\u00f3n, entre otras tareas principales para llevar a cabo proyectos que beneficiar\u00e1n a la empresa. Por ejemplo, un <em>content manager<\/em> es el encargado de la <a href='https:\/\/www.appyweb.es\/marketing-de-contenidos\/'>estrategia de marketing de contenidos<\/a>, es decir, coordina a los escritores y editores del Blog, entre otros aspectos.<\/p>\n<p>Tambi\u00e9n es necesario mencionar que se debe hacer una diferencia entre los gerentes que se refieren a los directivos dentro de las empresas y los que tienen la ocupaci\u00f3n de representar a un personaje frente a actividades comerciales. Por ejemplo, el agente o promotor de un atleta o celebridad.<\/p>\n<p>\"}},\n{\"@type\":\"Question\",\"name\":\"\u00bfPara qu\u00e9 sirve?\",\"acceptedAnswer\":{\"@type\":\"Answer\",\"text\":\"<\/p>\n<p>La principal funci\u00f3n de un gerente es coordinar los equipos de trabajo seg\u00fan los objetivos propuestos, normalmente son los que <strong>toman las decisiones en conjunto con otros directores<\/strong> para llevar a cabo proyectos para el crecimiento de la empresa. Igualmente, tambi\u00e9n es el responsable de dar respuesta a los objetivos propuestos.<\/p>\n<p>Algunos ejemplos de estos trabajadores en el mundo del marketing digital <a href='https:\/\/www.appyweb.es\/social-media-manager\/'>son los social media manager<\/a>, son los relacionados con la coordinaci\u00f3n todas las estrategias que tengan que ver con las redes sociales y la identidad corporativa de una empresa en Internet.<\/p>\n<p>\"}},\n{\"@type\":\"Question\",\"name\":\"\u00bfCu\u00e1les son las funciones de un manager en marketing?\",\"acceptedAnswer\":{\"@type\":\"Answer\",\"text\":\"<\/p>\n<\/p>\n<\/p>\n<ul>\n<\/p>\n<\/p>\n<li>Deben investigar las ventajas y desventajas de los objetivos propuestos para el proyecto.<\/li>\n<\/p>\n<\/p>\n<\/p>\n<li>Determinar <strong>cu\u00e1les eran las herramientas y el presupuesto a utilizar<\/strong> durante el mismo.<\/li>\n<\/p>\n<\/p>\n<\/p>\n<li>Analizan y eval\u00faan la demanda del producto para dirigirlo hacia p\u00fablicos m\u00e1s acertados.<\/li>\n<\/p>\n<\/p>\n<\/p>\n<li>Desarrollan campa\u00f1as y estrategias de publicidad de gran nivel.<\/li>\n<\/p>\n<\/p>\n<\/p>\n<li>Desarrollar una imagen de la empresa qu\u00e9 ser\u00e1 distribuida a trav\u00e9s de distintos canales de publicidad.<\/li>\n<\/p>\n<\/ul>\n<\/p>\n<p>\"}},\n{\"@type\":\"Question\",\"name\":\"\u00bfCu\u00e1nto cobra un manager?\",\"acceptedAnswer\":{\"@type\":\"Answer\",\"text\":\"<\/p>\n<p>Es importante considerar que para establecer el sueldo de alg\u00fan directivo en una empresa <strong>se deben tener en cuenta las tareas que realizar\u00e1<\/strong>, el nivel de proyecto que deber\u00e1 llevar a cabo y su experiencia en el sector. Esto tambi\u00e9n depender\u00e1 del departamento que vaya a representar. Para los managers dirigidos al marketing pueden tener un sueldo base de 47000 \u20ac al a\u00f1o.<\/p>\n<p>\"}}\n]}<\/script><\/p>\n<h2>M\u00e1s informaci\u00f3n sobre M\u00e1nager<\/h2>\n<p>Sin dudas, tener el t\u00edtulo de gerente dentro de una empresa requiere de mucha responsabilidad, pero tambi\u00e9n una buena actitud. Conoce m\u00e1s sobre este profesional en los siguientes enlaces.<\/p>\n<ul>\n<li><a href=\"https:\/\/www.appyweb.es\/tan-importante-community-manager\/\">\u00bfPor qu\u00e9 es tan Importante tener un Community Manager?<\/a><\/li>\n<li><a href=\"https:\/\/www.abc.es\/economia\/abci-estos-perfiles-digitales-mas-solicitados-empresas-202101250133_noticia.html\" rel=\"nofollow noopener\" target=\"_blank\">Estos son los perfiles digitales m\u00e1s solicitados por las empresas<\/a><\/li>\n<\/ul>\n<p>&nbsp;<\/p>\n","protected":false},"excerpt":{"rendered":"<p>Es el nombre que se le da al directivo de una empresa que usualmente est\u00e1 encargado de un grupo o departamento. M\u00e1nager significa \u201cgerente\u201d en espa\u00f1ol, por lo que es el responsable de las actividades de un grupo, as\u00ed como llevar a cabo otras tareas propias de la direcci\u00f3n. \u00bfQu\u00e9 es un m\u00e1nager? En el [&hellip;]<\/p>\n","protected":false},"author":1,"featured_media":15784,"parent":0,"menu_order":0,"comment_status":"closed","ping_status":"closed","template":"","meta":{"inline_featured_image":false,"footnotes":""},"class_list":["post-2797","page","type-page","status-publish","has-post-thumbnail","hentry"],"_links":{"self":[{"href":"https:\/\/www.appyweb.es\/diccionario\/wp-json\/wp\/v2\/pages\/2797","targetHints":{"allow":["GET"]}}],"collection":[{"href":"https:\/\/www.appyweb.es\/diccionario\/wp-json\/wp\/v2\/pages"}],"about":[{"href":"https:\/\/www.appyweb.es\/diccionario\/wp-json\/wp\/v2\/types\/page"}],"author":[{"embeddable":true,"href":"https:\/\/www.appyweb.es\/diccionario\/wp-json\/wp\/v2\/users\/1"}],"replies":[{"embeddable":true,"href":"https:\/\/www.appyweb.es\/diccionario\/wp-json\/wp\/v2\/comments?post=2797"}],"version-history":[{"count":6,"href":"https:\/\/www.appyweb.es\/diccionario\/wp-json\/wp\/v2\/pages\/2797\/revisions"}],"predecessor-version":[{"id":15790,"href":"https:\/\/www.appyweb.es\/diccionario\/wp-json\/wp\/v2\/pages\/2797\/revisions\/15790"}],"wp:featuredmedia":[{"embeddable":true,"href":"https:\/\/www.appyweb.es\/diccionario\/wp-json\/wp\/v2\/media\/15784"}],"wp:attachment":[{"href":"https:\/\/www.appyweb.es\/diccionario\/wp-json\/wp\/v2\/media?parent=2797"}],"curies":[{"name":"wp","href":"https:\/\/api.w.org\/{rel}","templated":true}]}}